{"id":5165,"date":"2022-05-09T16:16:27","date_gmt":"2022-05-09T16:16:27","guid":{"rendered":"http:\/\/blogsaverroes.juntadeandalucia.es\/ceiplomastodomingo\/?page_id=5165"},"modified":"2022-05-09T16:19:33","modified_gmt":"2022-05-09T16:19:33","slug":"dia-de-la-mujer","status":"publish","type":"page","link":"https:\/\/blogsaverroes.juntadeandalucia.es\/ceiplomastodomingo\/dia-de-la-mujer\/","title":{"rendered":"D\u00eda de la Mujer"},"content":{"rendered":"<p>Desde nuestro centro se ha trabajado el dia de la mujer junto la ni\u00f1a en la ciencia. La elaboraci\u00f3n de actividades es variada y diversa a nivel de aula, nivel de centro. Nuestro centro ha participado en la mesa sectorial del barrio de Santo Domingo con la elaboraci\u00f3n de unos carteles y murales elaborados por el tercer ciclo de primaria sobre las mujeres. La exposici\u00f3n se realiz\u00f3 en el mercado de abastos del barrio junto a la colaboraci\u00f3n de entidades de la comunidad. La experiencia ha sido muy enriquecedora ,la participaci\u00f3n plena por parte de la comunidad y la implicaci\u00f3n de los ni\u00f1os.<\/p>\n<p>Os dejo algunas de las fotos m\u00e1s relevantes sobre las actividades realizadas para la celebraci\u00f3n del D\u00eda Internacional de la Mujer en nuestro centro.<\/p>\n<p><a href=\"https:\/\/blogsaverroes.juntadeandalucia.es\/ceiplomastodomingo\/files\/2022\/05\/Copia-de-womens-day-Hecho-con-PosterMyWall.jpg\"><img fetchpriority=\"high\" decoding=\"async\" class=\"alignnone size-medium wp-image-5112\" src=\"https:\/\/blogsaverroes.juntadeandalucia.es\/ceiplomastodomingo\/files\/2022\/05\/Copia-de-womens-day-Hecho-con-PosterMyWall-220x300.jpg\" alt=\"\" width=\"220\" height=\"300\" srcset=\"https:\/\/blogsaverroes.juntadeandalucia.es\/ceiplomastodomingo\/files\/2022\/05\/Copia-de-womens-day-Hecho-con-PosterMyWall-220x300.jpg 220w, https:\/\/blogsaverroes.juntadeandalucia.es\/ceiplomastodomingo\/files\/2022\/05\/Copia-de-womens-day-Hecho-con-PosterMyWall.jpg 636w\" sizes=\"(max-width: 220px) 100vw, 220px\" \/>&nbsp;<\/a><a href=\"https:\/\/blogsaverroes.juntadeandalucia.es\/ceiplomastodomingo\/files\/2022\/05\/1652042094397.jpg\"><img decoding=\"async\" class=\"alignnone size-medium wp-image-5120\" src=\"https:\/\/blogsaverroes.juntadeandalucia.es\/ceiplomastodomingo\/files\/2022\/05\/1652042094397-224x300.jpg\" alt=\"\" width=\"224\" height=\"300\" srcset=\"https:\/\/blogsaverroes.juntadeandalucia.es\/ceiplomastodomingo\/files\/2022\/05\/1652042094397-224x300.jpg 224w, https:\/\/blogsaverroes.juntadeandalucia.es\/ceiplomastodomingo\/files\/2022\/05\/1652042094397-766x1024.jpg 766w, https:\/\/blogsaverroes.juntadeandalucia.es\/ceiplomastodomingo\/files\/2022\/05\/1652042094397-768x1027.jpg 768w, https:\/\/blogsaverroes.juntadeandalucia.es\/ceiplomastodomingo\/files\/2022\/05\/1652042094397-1149x1536.jpg 1149w, https:\/\/blogsaverroes.juntadeandalucia.es\/ceiplomastodomingo\/files\/2022\/05\/1652042094397.jpg 1197w\" sizes=\"(max-width: 224px) 100vw, 224px\" \/><\/a><a href=\"https:\/\/blogsaverroes.juntadeandalucia.es\/ceiplomastodomingo\/files\/2022\/05\/1652042094433.jpg\"><img decoding=\"async\" class=\"alignnone size-medium wp-image-5121\" src=\"https:\/\/blogsaverroes.juntadeandalucia.es\/ceiplomastodomingo\/files\/2022\/05\/1652042094433-224x300.jpg\" alt=\"\" width=\"224\" height=\"300\" srcset=\"https:\/\/blogsaverroes.juntadeandalucia.es\/ceiplomastodomingo\/files\/2022\/05\/1652042094433-224x300.jpg 224w, https:\/\/blogsaverroes.juntadeandalucia.es\/ceiplomastodomingo\/files\/2022\/05\/1652042094433-766x1024.jpg 766w, https:\/\/blogsaverroes.juntadeandalucia.es\/ceiplomastodomingo\/files\/2022\/05\/1652042094433-768x1027.jpg 768w, https:\/\/blogsaverroes.juntadeandalucia.es\/ceiplomastodomingo\/files\/2022\/05\/1652042094433-1149x1536.jpg 1149w, https:\/\/blogsaverroes.juntadeandalucia.es\/ceiplomastodomingo\/files\/2022\/05\/1652042094433.jpg 1197w\" sizes=\"(max-width: 224px) 100vw, 224px\" \/><\/a><a href=\"https:\/\/blogsaverroes.juntadeandalucia.es\/ceiplomastodomingo\/files\/2022\/05\/1652042094470.jpg\"><img loading=\"lazy\" decoding=\"async\" class=\"alignnone size-medium wp-image-5122\" src=\"https:\/\/blogsaverroes.juntadeandalucia.es\/ceiplomastodomingo\/files\/2022\/05\/1652042094470-224x300.jpg\" alt=\"\" width=\"224\" height=\"300\" srcset=\"https:\/\/blogsaverroes.juntadeandalucia.es\/ceiplomastodomingo\/files\/2022\/05\/1652042094470-224x300.jpg 224w, https:\/\/blogsaverroes.juntadeandalucia.es\/ceiplomastodomingo\/files\/2022\/05\/1652042094470-766x1024.jpg 766w, https:\/\/blogsaverroes.juntadeandalucia.es\/ceiplomastodomingo\/files\/2022\/05\/1652042094470-768x1027.jpg 768w, https:\/\/blogsaverroes.juntadeandalucia.es\/ceiplomastodomingo\/files\/2022\/05\/1652042094470-1149x1536.jpg 1149w, https:\/\/blogsaverroes.juntadeandalucia.es\/ceiplomastodomingo\/files\/2022\/05\/1652042094470.jpg 1197w\" sizes=\"(max-width: 224px) 100vw, 224px\" \/><\/a><a href=\"https:\/\/blogsaverroes.juntadeandalucia.es\/ceiplomastodomingo\/files\/2022\/05\/1652042094504.jpg\"><img loading=\"lazy\" decoding=\"async\" class=\"alignnone size-medium wp-image-5123\" src=\"https:\/\/blogsaverroes.juntadeandalucia.es\/ceiplomastodomingo\/files\/2022\/05\/1652042094504-224x300.jpg\" alt=\"\" width=\"224\" height=\"300\" srcset=\"https:\/\/blogsaverroes.juntadeandalucia.es\/ceiplomastodomingo\/files\/2022\/05\/1652042094504-224x300.jpg 224w, https:\/\/blogsaverroes.juntadeandalucia.es\/ceiplomastodomingo\/files\/2022\/05\/1652042094504-766x1024.jpg 766w, https:\/\/blogsaverroes.juntadeandalucia.es\/ceiplomastodomingo\/files\/2022\/05\/1652042094504-768x1027.jpg 768w, https:\/\/blogsaverroes.juntadeandalucia.es\/ceiplomastodomingo\/files\/2022\/05\/1652042094504-1149x1536.jpg 1149w, https:\/\/blogsaverroes.juntadeandalucia.es\/ceiplomastodomingo\/files\/2022\/05\/1652042094504.jpg 1197w\" sizes=\"(max-width: 224px) 100vw, 224px\" \/><\/a><a href=\"https:\/\/blogsaverroes.juntadeandalucia.es\/ceiplomastodomingo\/files\/2022\/05\/1652042094537.jpg\"><img loading=\"lazy\" decoding=\"async\" class=\"alignnone size-medium wp-image-5124\" src=\"https:\/\/blogsaverroes.juntadeandalucia.es\/ceiplomastodomingo\/files\/2022\/05\/1652042094537-224x300.jpg\" alt=\"\" width=\"224\" height=\"300\" srcset=\"https:\/\/blogsaverroes.juntadeandalucia.es\/ceiplomastodomingo\/files\/2022\/05\/1652042094537-224x300.jpg 224w, https:\/\/blogsaverroes.juntadeandalucia.es\/ceiplomastodomingo\/files\/2022\/05\/1652042094537-766x1024.jpg 766w, https:\/\/blogsaverroes.juntadeandalucia.es\/ceiplomastodomingo\/files\/2022\/05\/1652042094537-768x1027.jpg 768w, https:\/\/blogsaverroes.juntadeandalucia.es\/ceiplomastodomingo\/files\/2022\/05\/1652042094537-1149x1536.jpg 1149w, https:\/\/blogsaverroes.juntadeandalucia.es\/ceiplomastodomingo\/files\/2022\/05\/1652042094537.jpg 1197w\" sizes=\"(max-width: 224px) 100vw, 224px\" \/><\/a><a href=\"https:\/\/blogsaverroes.juntadeandalucia.es\/ceiplomastodomingo\/files\/2022\/05\/1652042094572.jpg\"><img loading=\"lazy\" decoding=\"async\" class=\"alignnone size-medium wp-image-5125\" src=\"https:\/\/blogsaverroes.juntadeandalucia.es\/ceiplomastodomingo\/files\/2022\/05\/1652042094572-224x300.jpg\" alt=\"\" width=\"224\" height=\"300\" srcset=\"https:\/\/blogsaverroes.juntadeandalucia.es\/ceiplomastodomingo\/files\/2022\/05\/1652042094572-224x300.jpg 224w, https:\/\/blogsaverroes.juntadeandalucia.es\/ceiplomastodomingo\/files\/2022\/05\/1652042094572-766x1024.jpg 766w, https:\/\/blogsaverroes.juntadeandalucia.es\/ceiplomastodomingo\/files\/2022\/05\/1652042094572-768x1027.jpg 768w, https:\/\/blogsaverroes.juntadeandalucia.es\/ceiplomastodomingo\/files\/2022\/05\/1652042094572-1149x1536.jpg 1149w, https:\/\/blogsaverroes.juntadeandalucia.es\/ceiplomastodomingo\/files\/2022\/05\/1652042094572.jpg 1197w\" sizes=\"(max-width: 224px) 100vw, 224px\" \/><\/a><a href=\"https:\/\/blogsaverroes.juntadeandalucia.es\/ceiplomastodomingo\/files\/2022\/05\/1652042094609.jpg\"><img loading=\"lazy\" decoding=\"async\" class=\"alignnone size-medium wp-image-5126\" src=\"https:\/\/blogsaverroes.juntadeandalucia.es\/ceiplomastodomingo\/files\/2022\/05\/1652042094609-224x300.jpg\" alt=\"\" width=\"224\" height=\"300\" srcset=\"https:\/\/blogsaverroes.juntadeandalucia.es\/ceiplomastodomingo\/files\/2022\/05\/1652042094609-224x300.jpg 224w, https:\/\/blogsaverroes.juntadeandalucia.es\/ceiplomastodomingo\/files\/2022\/05\/1652042094609-766x1024.jpg 766w, https:\/\/blogsaverroes.juntadeandalucia.es\/ceiplomastodomingo\/files\/2022\/05\/1652042094609-768x1027.jpg 768w, https:\/\/blogsaverroes.juntadeandalucia.es\/ceiplomastodomingo\/files\/2022\/05\/1652042094609-1149x1536.jpg 1149w, https:\/\/blogsaverroes.juntadeandalucia.es\/ceiplomastodomingo\/files\/2022\/05\/1652042094609.jpg 1197w\" sizes=\"(max-width: 224px) 100vw, 224px\" \/><\/a><a href=\"https:\/\/blogsaverroes.juntadeandalucia.es\/ceiplomastodomingo\/files\/2022\/05\/1652042094645.jpg\"><img loading=\"lazy\" decoding=\"async\" class=\"alignnone size-medium wp-image-5127\" src=\"https:\/\/blogsaverroes.juntadeandalucia.es\/ceiplomastodomingo\/files\/2022\/05\/1652042094645-224x300.jpg\" alt=\"\" width=\"224\" height=\"300\" srcset=\"https:\/\/blogsaverroes.juntadeandalucia.es\/ceiplomastodomingo\/files\/2022\/05\/1652042094645-224x300.jpg 224w, https:\/\/blogsaverroes.juntadeandalucia.es\/ceiplomastodomingo\/files\/2022\/05\/1652042094645-766x1024.jpg 766w, https:\/\/blogsaverroes.juntadeandalucia.es\/ceiplomastodomingo\/files\/2022\/05\/1652042094645-768x1027.jpg 768w, https:\/\/blogsaverroes.juntadeandalucia.es\/ceiplomastodomingo\/files\/2022\/05\/1652042094645-1149x1536.jpg 1149w, https:\/\/blogsaverroes.juntadeandalucia.es\/ceiplomastodomingo\/files\/2022\/05\/1652042094645.jpg 1197w\" sizes=\"(max-width: 224px) 100vw, 224px\" \/><\/a><a href=\"https:\/\/blogsaverroes.juntadeandalucia.es\/ceiplomastodomingo\/files\/2022\/05\/1652042094681.jpg\"><img loading=\"lazy\" decoding=\"async\" class=\"alignnone size-medium wp-image-5128\" src=\"https:\/\/blogsaverroes.juntadeandalucia.es\/ceiplomastodomingo\/files\/2022\/05\/1652042094681-224x300.jpg\" alt=\"\" width=\"224\" height=\"300\" srcset=\"https:\/\/blogsaverroes.juntadeandalucia.es\/ceiplomastodomingo\/files\/2022\/05\/1652042094681-224x300.jpg 224w, https:\/\/blogsaverroes.juntadeandalucia.es\/ceiplomastodomingo\/files\/2022\/05\/1652042094681-766x1024.jpg 766w, https:\/\/blogsaverroes.juntadeandalucia.es\/ceiplomastodomingo\/files\/2022\/05\/1652042094681-768x1027.jpg 768w, https:\/\/blogsaverroes.juntadeandalucia.es\/ceiplomastodomingo\/files\/2022\/05\/1652042094681-1149x1536.jpg 1149w, https:\/\/blogsaverroes.juntadeandalucia.es\/ceiplomastodomingo\/files\/2022\/05\/1652042094681.jpg 1197w\" sizes=\"(max-width: 224px) 100vw, 224px\" \/><\/a><a href=\"https:\/\/blogsaverroes.juntadeandalucia.es\/ceiplomastodomingo\/files\/2022\/05\/1652042094716.jpg\"><img loading=\"lazy\" decoding=\"async\" class=\"alignnone size-medium wp-image-5129\" src=\"https:\/\/blogsaverroes.juntadeandalucia.es\/ceiplomastodomingo\/files\/2022\/05\/1652042094716-224x300.jpg\" alt=\"\" width=\"224\" height=\"300\" srcset=\"https:\/\/blogsaverroes.juntadeandalucia.es\/ceiplomastodomingo\/files\/2022\/05\/1652042094716-224x300.jpg 224w, https:\/\/blogsaverroes.juntadeandalucia.es\/ceiplomastodomingo\/files\/2022\/05\/1652042094716-766x1024.jpg 766w, https:\/\/blogsaverroes.juntadeandalucia.es\/ceiplomastodomingo\/files\/2022\/05\/1652042094716-768x1027.jpg 768w, https:\/\/blogsaverroes.juntadeandalucia.es\/ceiplomastodomingo\/files\/2022\/05\/1652042094716-1149x1536.jpg 1149w, https:\/\/blogsaverroes.juntadeandalucia.es\/ceiplomastodomingo\/files\/2022\/05\/1652042094716.jpg 1197w\" sizes=\"(max-width: 224px) 100vw, 224px\" \/><\/a><a href=\"https:\/\/blogsaverroes.juntadeandalucia.es\/ceiplomastodomingo\/files\/2022\/05\/1652042094751.jpg\"><img loading=\"lazy\" decoding=\"async\" class=\"alignnone size-medium wp-image-5130\" src=\"https:\/\/blogsaverroes.juntadeandalucia.es\/ceiplomastodomingo\/files\/2022\/05\/1652042094751-224x300.jpg\" alt=\"\" width=\"224\" height=\"300\" srcset=\"https:\/\/blogsaverroes.juntadeandalucia.es\/ceiplomastodomingo\/files\/2022\/05\/1652042094751-224x300.jpg 224w, https:\/\/blogsaverroes.juntadeandalucia.es\/ceiplomastodomingo\/files\/2022\/05\/1652042094751-766x1024.jpg 766w, https:\/\/blogsaverroes.juntadeandalucia.es\/ceiplomastodomingo\/files\/2022\/05\/1652042094751-768x1027.jpg 768w, https:\/\/blogsaverroes.juntadeandalucia.es\/ceiplomastodomingo\/files\/2022\/05\/1652042094751-1149x1536.jpg 1149w, https:\/\/blogsaverroes.juntadeandalucia.es\/ceiplomastodomingo\/files\/2022\/05\/1652042094751.jpg 1197w\" sizes=\"(max-width: 224px) 100vw, 224px\" \/><\/a><a href=\"https:\/\/blogsaverroes.juntadeandalucia.es\/ceiplomastodomingo\/files\/2022\/05\/1652042094788.jpg\"><img loading=\"lazy\" decoding=\"async\" class=\"alignnone size-medium wp-image-5131\" src=\"https:\/\/blogsaverroes.juntadeandalucia.es\/ceiplomastodomingo\/files\/2022\/05\/1652042094788-300x224.jpg\" alt=\"\" width=\"300\" height=\"224\" srcset=\"https:\/\/blogsaverroes.juntadeandalucia.es\/ceiplomastodomingo\/files\/2022\/05\/1652042094788-300x224.jpg 300w, https:\/\/blogsaverroes.juntadeandalucia.es\/ceiplomastodomingo\/files\/2022\/05\/1652042094788-1024x766.jpg 1024w, https:\/\/blogsaverroes.juntadeandalucia.es\/ceiplomastodomingo\/files\/2022\/05\/1652042094788-768x575.jpg 768w, https:\/\/blogsaverroes.juntadeandalucia.es\/ceiplomastodomingo\/files\/2022\/05\/1652042094788-1536x1149.jpg 1536w, https:\/\/blogsaverroes.juntadeandalucia.es\/ceiplomastodomingo\/files\/2022\/05\/1652042094788.jpg 1600w\" sizes=\"(max-width: 300px) 100vw, 300px\" \/><\/a><a href=\"https:\/\/blogsaverroes.juntadeandalucia.es\/ceiplomastodomingo\/files\/2022\/05\/1652042094817-scaled.jpg\"><img loading=\"lazy\" decoding=\"async\" class=\"alignnone size-medium wp-image-5132\" src=\"https:\/\/blogsaverroes.juntadeandalucia.es\/ceiplomastodomingo\/files\/2022\/05\/1652042094817-300x225.jpg\" alt=\"\" width=\"300\" height=\"225\" srcset=\"https:\/\/blogsaverroes.juntadeandalucia.es\/ceiplomastodomingo\/files\/2022\/05\/1652042094817-300x225.jpg 300w, https:\/\/blogsaverroes.juntadeandalucia.es\/ceiplomastodomingo\/files\/2022\/05\/1652042094817-1024x769.jpg 1024w, https:\/\/blogsaverroes.juntadeandalucia.es\/ceiplomastodomingo\/files\/2022\/05\/1652042094817-768x577.jpg 768w, https:\/\/blogsaverroes.juntadeandalucia.es\/ceiplomastodomingo\/files\/2022\/05\/1652042094817-1536x1153.jpg 1536w, https:\/\/blogsaverroes.juntadeandalucia.es\/ceiplomastodomingo\/files\/2022\/05\/1652042094817-2048x1538.jpg 2048w, https:\/\/blogsaverroes.juntadeandalucia.es\/ceiplomastodomingo\/files\/2022\/05\/1652042094817-scaled.jpg 1600w\" sizes=\"(max-width: 300px) 100vw, 300px\" \/><\/a><\/p>\n","protected":false},"excerpt":{"rendered":"<p>Desde nuestro centro se ha trabajado el dia de la mujer junto la ni\u00f1a en la ciencia. La elaboraci\u00f3n de actividades es variada y diversa&hellip;<\/p>\n","protected":false},"author":5847,"featured_media":0,"parent":0,"menu_order":0,"comment_status":"closed","ping_status":"closed","template":"","meta":{"ngg_post_thumbnail":0,"footnotes":"","_mc_calendar":[]},"aioseo_notices":[],"_links":{"self":[{"href":"https:\/\/blogsaverroes.juntadeandalucia.es\/ceiplomastodomingo\/wp-json\/wp\/v2\/pages\/5165"}],"collection":[{"href":"https:\/\/blogsaverroes.juntadeandalucia.es\/ceiplomastodomingo\/wp-json\/wp\/v2\/pages"}],"about":[{"href":"https:\/\/blogsaverroes.juntadeandalucia.es\/ceiplomastodomingo\/wp-json\/wp\/v2\/types\/page"}],"author":[{"embeddable":true,"href":"https:\/\/blogsaverroes.juntadeandalucia.es\/ceiplomastodomingo\/wp-json\/wp\/v2\/users\/5847"}],"replies":[{"embeddable":true,"href":"https:\/\/blogsaverroes.juntadeandalucia.es\/ceiplomastodomingo\/wp-json\/wp\/v2\/comments?post=5165"}],"version-history":[{"count":2,"href":"https:\/\/blogsaverroes.juntadeandalucia.es\/ceiplomastodomingo\/wp-json\/wp\/v2\/pages\/5165\/revisions"}],"predecessor-version":[{"id":5174,"href":"https:\/\/blogsaverroes.juntadeandalucia.es\/ceiplomastodomingo\/wp-json\/wp\/v2\/pages\/5165\/revisions\/5174"}],"wp:attachment":[{"href":"https:\/\/blogsaverroes.juntadeandalucia.es\/ceiplomastodomingo\/wp-json\/wp\/v2\/media?parent=5165"}],"curies":[{"name":"wp","href":"https:\/\/api.w.org\/{rel}","templated":true}]}}