{"id":870,"date":"2015-03-16T07:24:27","date_gmt":"2015-03-16T07:24:27","guid":{"rendered":"http:\/\/blogsaverroes.juntadeandalucia.es\/pre\/ceip\/?page_id=103"},"modified":"2021-09-15T08:21:37","modified_gmt":"2021-09-15T08:21:37","slug":"aula-matinal","status":"publish","type":"page","link":"https:\/\/blogsaverroes.juntadeandalucia.es\/ceiplomastodomingo\/aula-matinal\/","title":{"rendered":"Aula Matinal"},"content":{"rendered":"<h4 style=\"text-align: center\">Informaci\u00f3n sobre Aula Matinal<\/h4>\n<p>El <strong>Aula Matinal<\/strong> abre a las 7.30 horas de lunes a viernes, ofreciendo actividades diversas a los estudiantes hasta el comienzo del horario lectivo.<\/p>\n<p>Puede utilizarse cualquier d\u00eda previa inscripci\u00f3n y domiciliaci\u00f3n bancaria.<\/p>\n<p><strong>Solicitud aula matinal: <a href=\"https:\/\/blogsaverroes.juntadeandalucia.es\/ceiplomastodomingo\/files\/2020\/10\/ANEXO-II-Solicitud-comedor-aula-matinal-y-actividades-extraescolares.pdf\">ANEXO II Solicitud comedor, aula matinal y actividades extraescolares<\/a><\/strong><\/p>\n<p><strong>Solicitud bonificaci\u00f3n: <a href=\"https:\/\/blogsaverroes.juntadeandalucia.es\/ceiplomastodomingo\/files\/2020\/10\/ANEXO-V-solicitud-bonificaci\u00f3n.pdf\">ANEXO V solicitud bonificaci\u00f3n<\/a><\/strong><\/p>\n<p><strong>Precio: 16,10\u20ac al mes o 1,23\u20ac por d\u00eda aislado (sin bonificaci\u00f3n)<\/strong><\/p>\n","protected":false},"excerpt":{"rendered":"<p>Informaci\u00f3n sobre Aula Matinal El Aula Matinal abre a las 7.30 horas de lunes a viernes, ofreciendo actividades diversas a los estudiantes hasta el comienzo&hellip;<\/p>\n","protected":false},"author":1,"featured_media":0,"parent":0,"menu_order":0,"comment_status":"closed","ping_status":"open","template":"","meta":{"ngg_post_thumbnail":0,"footnotes":"","_mc_calendar":[]},"aioseo_notices":[],"_links":{"self":[{"href":"https:\/\/blogsaverroes.juntadeandalucia.es\/ceiplomastodomingo\/wp-json\/wp\/v2\/pages\/870"}],"collection":[{"href":"https:\/\/blogsaverroes.juntadeandalucia.es\/ceiplomastodomingo\/wp-json\/wp\/v2\/pages"}],"about":[{"href":"https:\/\/blogsaverroes.juntadeandalucia.es\/ceiplomastodomingo\/wp-json\/wp\/v2\/types\/page"}],"author":[{"embeddable":true,"href":"https:\/\/blogsaverroes.juntadeandalucia.es\/ceiplomastodomingo\/wp-json\/wp\/v2\/users\/1"}],"replies":[{"embeddable":true,"href":"https:\/\/blogsaverroes.juntadeandalucia.es\/ceiplomastodomingo\/wp-json\/wp\/v2\/comments?post=870"}],"version-history":[{"count":5,"href":"https:\/\/blogsaverroes.juntadeandalucia.es\/ceiplomastodomingo\/wp-json\/wp\/v2\/pages\/870\/revisions"}],"predecessor-version":[{"id":4445,"href":"https:\/\/blogsaverroes.juntadeandalucia.es\/ceiplomastodomingo\/wp-json\/wp\/v2\/pages\/870\/revisions\/4445"}],"wp:attachment":[{"href":"https:\/\/blogsaverroes.juntadeandalucia.es\/ceiplomastodomingo\/wp-json\/wp\/v2\/media?parent=870"}],"curies":[{"name":"wp","href":"https:\/\/api.w.org\/{rel}","templated":true}]}}