{"id":141,"date":"2015-03-17T07:13:24","date_gmt":"2015-03-17T07:13:24","guid":{"rendered":"http:\/\/blogsaverroes.juntadeandalucia.es\/pre\/ceip\/?page_id=141"},"modified":"2020-03-01T08:09:02","modified_gmt":"2020-03-01T08:09:02","slug":"escolarizacion","status":"publish","type":"page","link":"https:\/\/blogsaverroes.juntadeandalucia.es\/ceiplopezdieguez\/escolarizacion\/","title":{"rendered":"Escolarizaci\u00f3n"},"content":{"rendered":"<p><a href=\"https:\/\/blogsaverroes.juntadeandalucia.es\/ceiplopezdieguez\/files\/2020\/02\/JUNTA_ANDALUCIA_ESCOLARIZACION_0-3AN_BANNER_youtube_2560x1440px.png\"><img loading=\"lazy\" decoding=\"async\" class=\"aligncenter size-medium wp-image-6679\" src=\"https:\/\/blogsaverroes.juntadeandalucia.es\/ceiplopezdieguez\/files\/2020\/02\/JUNTA_ANDALUCIA_ESCOLARIZACION_0-3AN_BANNER_youtube_2560x1440px-300x169.png\" alt=\"\" width=\"300\" height=\"169\" srcset=\"https:\/\/blogsaverroes.juntadeandalucia.es\/ceiplopezdieguez\/files\/2020\/02\/JUNTA_ANDALUCIA_ESCOLARIZACION_0-3AN_BANNER_youtube_2560x1440px-300x169.png 300w, https:\/\/blogsaverroes.juntadeandalucia.es\/ceiplopezdieguez\/files\/2020\/02\/JUNTA_ANDALUCIA_ESCOLARIZACION_0-3AN_BANNER_youtube_2560x1440px-768x432.png 768w, https:\/\/blogsaverroes.juntadeandalucia.es\/ceiplopezdieguez\/files\/2020\/02\/JUNTA_ANDALUCIA_ESCOLARIZACION_0-3AN_BANNER_youtube_2560x1440px-1024x576.png 1024w, https:\/\/blogsaverroes.juntadeandalucia.es\/ceiplopezdieguez\/files\/2020\/02\/JUNTA_ANDALUCIA_ESCOLARIZACION_0-3AN_BANNER_youtube_2560x1440px-700x393.png 700w, https:\/\/blogsaverroes.juntadeandalucia.es\/ceiplopezdieguez\/files\/2020\/02\/JUNTA_ANDALUCIA_ESCOLARIZACION_0-3AN_BANNER_youtube_2560x1440px-24x14.png 24w, https:\/\/blogsaverroes.juntadeandalucia.es\/ceiplopezdieguez\/files\/2020\/02\/JUNTA_ANDALUCIA_ESCOLARIZACION_0-3AN_BANNER_youtube_2560x1440px-36x20.png 36w, https:\/\/blogsaverroes.juntadeandalucia.es\/ceiplopezdieguez\/files\/2020\/02\/JUNTA_ANDALUCIA_ESCOLARIZACION_0-3AN_BANNER_youtube_2560x1440px-48x27.png 48w, https:\/\/blogsaverroes.juntadeandalucia.es\/ceiplopezdieguez\/files\/2020\/02\/JUNTA_ANDALUCIA_ESCOLARIZACION_0-3AN_BANNER_youtube_2560x1440px.png 1600w\" sizes=\"(max-width: 300px) 100vw, 300px\" \/><\/a><\/p>\n<p>Esta secci\u00f3n contiene informaci\u00f3n de utilidad para las familias a la hora de de iniciar el proceso de escolarizaci\u00f3n: plazos, documentos, normativa, enlaces, etc.<\/p>\n<p>Plazo de escolarizaci\u00f3n, del 1 al 31 de marzo. Toda la informaci\u00f3n en el siguiente enlace:<\/p>\n<p><a href=\"http:\/\/www.juntadeandalucia.es\/educacion\/portals\/web\/escolarizacion\/infantil-a-bachillerato\">Enlace al portal de escolarizaci\u00f3n<\/a><\/p>\n<p><a href=\"https:\/\/blogsaverroes.juntadeandalucia.es\/ceiplopezdieguez\/files\/2020\/01\/JORNADAS-DE-PUERTAS-ABIERTAS.jpg\"><img loading=\"lazy\" decoding=\"async\" class=\"aligncenter size-medium wp-image-6645\" src=\"https:\/\/blogsaverroes.juntadeandalucia.es\/ceiplopezdieguez\/files\/2020\/01\/JORNADAS-DE-PUERTAS-ABIERTAS-300x169.jpg\" alt=\"\" width=\"300\" height=\"169\" srcset=\"https:\/\/blogsaverroes.juntadeandalucia.es\/ceiplopezdieguez\/files\/2020\/01\/JORNADAS-DE-PUERTAS-ABIERTAS-300x169.jpg 300w, https:\/\/blogsaverroes.juntadeandalucia.es\/ceiplopezdieguez\/files\/2020\/01\/JORNADAS-DE-PUERTAS-ABIERTAS-768x432.jpg 768w, https:\/\/blogsaverroes.juntadeandalucia.es\/ceiplopezdieguez\/files\/2020\/01\/JORNADAS-DE-PUERTAS-ABIERTAS-1024x576.jpg 1024w, https:\/\/blogsaverroes.juntadeandalucia.es\/ceiplopezdieguez\/files\/2020\/01\/JORNADAS-DE-PUERTAS-ABIERTAS-700x393.jpg 700w, https:\/\/blogsaverroes.juntadeandalucia.es\/ceiplopezdieguez\/files\/2020\/01\/JORNADAS-DE-PUERTAS-ABIERTAS-24x14.jpg 24w, https:\/\/blogsaverroes.juntadeandalucia.es\/ceiplopezdieguez\/files\/2020\/01\/JORNADAS-DE-PUERTAS-ABIERTAS-36x20.jpg 36w, https:\/\/blogsaverroes.juntadeandalucia.es\/ceiplopezdieguez\/files\/2020\/01\/JORNADAS-DE-PUERTAS-ABIERTAS-48x27.jpg 48w, https:\/\/blogsaverroes.juntadeandalucia.es\/ceiplopezdieguez\/files\/2020\/01\/JORNADAS-DE-PUERTAS-ABIERTAS.jpg 1600w\" sizes=\"(max-width: 300px) 100vw, 300px\" \/><\/a><\/p>\n<p><a href=\"https:\/\/blogsaverroes.juntadeandalucia.es\/ceiplopezdieguez\/files\/2020\/02\/anexo-III-admisi\u00f3n.pdf\">anexo III admisi\u00f3n<\/a><\/p>\n<p><a href=\"https:\/\/blogsaverroes.juntadeandalucia.es\/ceiplopezdieguez\/files\/2020\/02\/Decreto-21-2020_admisi\u00f3n.pdf\">Decreto 21-2020_admisi\u00f3n<\/a><\/p>\n<p><a href=\"https:\/\/blogsaverroes.juntadeandalucia.es\/ceiplopezdieguez\/files\/2020\/03\/Orden-20-febrero-2020_admisi\u00f3n.pdf\">Orden 20 febrero 2020_admisi\u00f3n<\/a><\/p>\n<p>&nbsp;<\/p>\n<p>&nbsp;<\/p>\n","protected":false},"excerpt":{"rendered":"<p>Esta secci\u00f3n contiene informaci\u00f3n de utilidad para las familias a la hora de de iniciar el proceso de escolarizaci\u00f3n: plazos, documentos, normativa, enlaces, etc. Plazo de escolarizaci\u00f3n, del 1 al 31 de marzo. Toda&#46;&#46;&#46;<\/p>\n","protected":false},"author":1,"featured_media":0,"parent":0,"menu_order":0,"comment_status":"closed","ping_status":"open","template":"","meta":{"ngg_post_thumbnail":0,"footnotes":"","_mc_calendar":[]},"aioseo_notices":[],"_links":{"self":[{"href":"https:\/\/blogsaverroes.juntadeandalucia.es\/ceiplopezdieguez\/wp-json\/wp\/v2\/pages\/141"}],"collection":[{"href":"https:\/\/blogsaverroes.juntadeandalucia.es\/ceiplopezdieguez\/wp-json\/wp\/v2\/pages"}],"about":[{"href":"https:\/\/blogsaverroes.juntadeandalucia.es\/ceiplopezdieguez\/wp-json\/wp\/v2\/types\/page"}],"author":[{"embeddable":true,"href":"https:\/\/blogsaverroes.juntadeandalucia.es\/ceiplopezdieguez\/wp-json\/wp\/v2\/users\/1"}],"replies":[{"embeddable":true,"href":"https:\/\/blogsaverroes.juntadeandalucia.es\/ceiplopezdieguez\/wp-json\/wp\/v2\/comments?post=141"}],"version-history":[{"count":12,"href":"https:\/\/blogsaverroes.juntadeandalucia.es\/ceiplopezdieguez\/wp-json\/wp\/v2\/pages\/141\/revisions"}],"predecessor-version":[{"id":6708,"href":"https:\/\/blogsaverroes.juntadeandalucia.es\/ceiplopezdieguez\/wp-json\/wp\/v2\/pages\/141\/revisions\/6708"}],"wp:attachment":[{"href":"https:\/\/blogsaverroes.juntadeandalucia.es\/ceiplopezdieguez\/wp-json\/wp\/v2\/media?parent=141"}],"curies":[{"name":"wp","href":"https:\/\/api.w.org\/{rel}","templated":true}]}}