{"id":2913,"date":"2016-12-30T01:04:15","date_gmt":"2016-12-30T01:04:15","guid":{"rendered":"http:\/\/blogsaverroes.juntadeandalucia.es\/ceiplopezdieguez\/?page_id=2913"},"modified":"2019-11-30T09:44:04","modified_gmt":"2019-11-30T09:44:04","slug":"nuestro-centro","status":"publish","type":"page","link":"https:\/\/blogsaverroes.juntadeandalucia.es\/ceiplopezdieguez\/nuestro-centro\/","title":{"rendered":"Nuestro centro"},"content":{"rendered":"<p style=\"text-align: justify\">&nbsp; &nbsp;<a href=\"http:\/\/blogsaverroes.juntadeandalucia.es\/ceiplopezdieguez\/files\/2016\/12\/Nuevo-Presentaci\u00f3n-de-Microsoft-PowerPoint1.jpg\"><img loading=\"lazy\" decoding=\"async\" class=\"alignnone wp-image-2794 size-full\" src=\"http:\/\/blogsaverroes.juntadeandalucia.es\/ceiplopezdieguez\/files\/2016\/12\/Nuevo-Presentaci\u00f3n-de-Microsoft-PowerPoint1.jpg\" alt=\"Nuevo Presentaci\u00f3n de Microsoft PowerPoint\" width=\"852\" height=\"500\" srcset=\"https:\/\/blogsaverroes.juntadeandalucia.es\/ceiplopezdieguez\/files\/2016\/12\/Nuevo-Presentaci\u00f3n-de-Microsoft-PowerPoint1.jpg 852w, https:\/\/blogsaverroes.juntadeandalucia.es\/ceiplopezdieguez\/files\/2016\/12\/Nuevo-Presentaci\u00f3n-de-Microsoft-PowerPoint1-300x176.jpg 300w, https:\/\/blogsaverroes.juntadeandalucia.es\/ceiplopezdieguez\/files\/2016\/12\/Nuevo-Presentaci\u00f3n-de-Microsoft-PowerPoint1-700x411.jpg 700w, https:\/\/blogsaverroes.juntadeandalucia.es\/ceiplopezdieguez\/files\/2016\/12\/Nuevo-Presentaci\u00f3n-de-Microsoft-PowerPoint1-24x14.jpg 24w, https:\/\/blogsaverroes.juntadeandalucia.es\/ceiplopezdieguez\/files\/2016\/12\/Nuevo-Presentaci\u00f3n-de-Microsoft-PowerPoint1-36x21.jpg 36w, https:\/\/blogsaverroes.juntadeandalucia.es\/ceiplopezdieguez\/files\/2016\/12\/Nuevo-Presentaci\u00f3n-de-Microsoft-PowerPoint1-48x28.jpg 48w\" sizes=\"(max-width: 852px) 100vw, 852px\" \/><\/a><\/p>\n<p style=\"text-align: justify\"><span style=\"font-family: 'arial black', sans-serif;font-size: 36pt;color: #c70a0a\"><strong>&nbsp;<span style=\"font-family: impact, sans-serif;color: #c70a0a\">A&nbsp;<\/span><\/strong><\/span><span style=\"font-size: 14pt\">brimos la galer\u00eda con la presentaci\u00f3n de<\/span><a href=\"https:\/\/blogsaverroes.juntadeandalucia.es\/ceiplopezdieguez\/files\/2016\/12\/NUESTRO-CENTRO.pdf\">&nbsp;<\/a><strong><span style=\"font-size: 14pt\"><a href=\"https:\/\/blogsaverroes.juntadeandalucia.es\/ceiplopezdieguez\/files\/2016\/12\/NUESTRO-CENTRO.pdf\"><span style=\"font-size: 18pt;font-family: impact, sans-serif\">NUESTRO CENTRO<\/span>&nbsp;<\/a><\/span><\/strong>, <span style=\"font-size: 14pt\">un documento que rescata, muy resumido, parte del contenido de la <a href=\"http:\/\/www.juntadeandalucia.es\/averroes\/centros-tic\/14001566\/helvia\/sitio\/upload\/NUESTRO_CENTRO.pdf\">presentaci\u00f3n de la que fue primera web<\/a> del colegio L\u00f3pez Di\u00e9guez en la clausurada plataforma Helvia.<\/span><\/p>\n","protected":false},"excerpt":{"rendered":"<p>&nbsp; &nbsp; &nbsp;A&nbsp;brimos la galer\u00eda con la presentaci\u00f3n de&nbsp;NUESTRO CENTRO&nbsp;, un documento que rescata, muy resumido, parte del contenido de la presentaci\u00f3n de la que fue primera web del colegio L\u00f3pez Di\u00e9guez en la&#46;&#46;&#46;<\/p>\n","protected":false},"author":3848,"featured_media":0,"parent":0,"menu_order":0,"comment_status":"open","ping_status":"open","template":"","meta":{"ngg_post_thumbnail":0,"footnotes":"","_mc_calendar":[]},"aioseo_notices":[],"_links":{"self":[{"href":"https:\/\/blogsaverroes.juntadeandalucia.es\/ceiplopezdieguez\/wp-json\/wp\/v2\/pages\/2913"}],"collection":[{"href":"https:\/\/blogsaverroes.juntadeandalucia.es\/ceiplopezdieguez\/wp-json\/wp\/v2\/pages"}],"about":[{"href":"https:\/\/blogsaverroes.juntadeandalucia.es\/ceiplopezdieguez\/wp-json\/wp\/v2\/types\/page"}],"author":[{"embeddable":true,"href":"https:\/\/blogsaverroes.juntadeandalucia.es\/ceiplopezdieguez\/wp-json\/wp\/v2\/users\/3848"}],"replies":[{"embeddable":true,"href":"https:\/\/blogsaverroes.juntadeandalucia.es\/ceiplopezdieguez\/wp-json\/wp\/v2\/comments?post=2913"}],"version-history":[{"count":12,"href":"https:\/\/blogsaverroes.juntadeandalucia.es\/ceiplopezdieguez\/wp-json\/wp\/v2\/pages\/2913\/revisions"}],"predecessor-version":[{"id":6613,"href":"https:\/\/blogsaverroes.juntadeandalucia.es\/ceiplopezdieguez\/wp-json\/wp\/v2\/pages\/2913\/revisions\/6613"}],"wp:attachment":[{"href":"https:\/\/blogsaverroes.juntadeandalucia.es\/ceiplopezdieguez\/wp-json\/wp\/v2\/media?parent=2913"}],"curies":[{"name":"wp","href":"https:\/\/api.w.org\/{rel}","templated":true}]}}