{"id":35,"date":"2015-03-13T08:21:43","date_gmt":"2015-03-13T08:21:43","guid":{"rendered":"http:\/\/blogsaverroes.juntadeandalucia.es\/pre\/ceip\/?page_id=35"},"modified":"2019-11-29T12:00:38","modified_gmt":"2019-11-29T12:00:38","slug":"el-centro-2","status":"publish","type":"page","link":"https:\/\/blogsaverroes.juntadeandalucia.es\/ceiplopezdieguez\/el-centro-2\/","title":{"rendered":"Datos del centro"},"content":{"rendered":"<p><iframe loading=\"lazy\" src=\"https:\/\/www.google.com\/maps\/d\/embed?mid=1UNeH3LHYvLlsExjw-jLeyUedWog\" width=\"640\" height=\"480\"><\/iframe><\/p>\n<p><strong>Direcci\u00f3n:<\/strong>&nbsp;&nbsp;Calle Arroyo San Andr\u00e9s n\u00ba 2. 14001 C\u00f3rdoba<\/p>\n<p><strong>Tel\u00e9fonos: 957 37 99 60 y 671 597 837<\/strong><\/p>\n<p><strong>Correo corporativo:&nbsp;<\/strong>14001566.edu@juntadeandalucia.es<\/p>\n<h1 style=\"text-align: center\"><span style=\"font-size: 20px\"><strong>PERSONAL DEL CENTR0<\/strong><\/span><\/h1>\n<p><strong>D<\/strong>e este modo vieron nuestros alumnos y alumnas a las personas que durante el curso les acompa\u00f1amos en el d\u00eda a d\u00eda.<\/p>\n<p style=\"text-align: center\"><a href=\"http:\/\/blogsaverroes.juntadeandalucia.es\/ceiplopezdieguez\/files\/2015\/03\/PERSONAL-DEL-CENTRO.png\"><img loading=\"lazy\" decoding=\"async\" class=\"alignnone wp-image-2302 size-large\" src=\"http:\/\/blogsaverroes.juntadeandalucia.es\/ceiplopezdieguez\/files\/2015\/03\/PERSONAL-DEL-CENTRO-1024x617.png\" alt=\"PERSONAL DEL CENTRO\" width=\"660\" height=\"398\"\/><\/a><\/p>\n<p>&nbsp;<\/p>\n<p>&nbsp;<\/p>\n<p>&nbsp;<\/p>\n<p>&nbsp;<\/p>\n","protected":false},"excerpt":{"rendered":"<p>Direcci\u00f3n:&nbsp;&nbsp;Calle Arroyo San Andr\u00e9s n\u00ba 2. 14001 C\u00f3rdoba Tel\u00e9fonos: 957 37 99 60 y 671 597 837 Correo corporativo:&nbsp;14001566.edu@juntadeandalucia.es PERSONAL DEL CENTR0 De este modo vieron nuestros alumnos y alumnas a las personas que&#46;&#46;&#46;<\/p>\n","protected":false},"author":1,"featured_media":0,"parent":0,"menu_order":0,"comment_status":"closed","ping_status":"open","template":"","meta":{"ngg_post_thumbnail":0,"footnotes":"","_mc_calendar":[]},"aioseo_notices":[],"_links":{"self":[{"href":"https:\/\/blogsaverroes.juntadeandalucia.es\/ceiplopezdieguez\/wp-json\/wp\/v2\/pages\/35"}],"collection":[{"href":"https:\/\/blogsaverroes.juntadeandalucia.es\/ceiplopezdieguez\/wp-json\/wp\/v2\/pages"}],"about":[{"href":"https:\/\/blogsaverroes.juntadeandalucia.es\/ceiplopezdieguez\/wp-json\/wp\/v2\/types\/page"}],"author":[{"embeddable":true,"href":"https:\/\/blogsaverroes.juntadeandalucia.es\/ceiplopezdieguez\/wp-json\/wp\/v2\/users\/1"}],"replies":[{"embeddable":true,"href":"https:\/\/blogsaverroes.juntadeandalucia.es\/ceiplopezdieguez\/wp-json\/wp\/v2\/comments?post=35"}],"version-history":[{"count":21,"href":"https:\/\/blogsaverroes.juntadeandalucia.es\/ceiplopezdieguez\/wp-json\/wp\/v2\/pages\/35\/revisions"}],"predecessor-version":[{"id":6596,"href":"https:\/\/blogsaverroes.juntadeandalucia.es\/ceiplopezdieguez\/wp-json\/wp\/v2\/pages\/35\/revisions\/6596"}],"wp:attachment":[{"href":"https:\/\/blogsaverroes.juntadeandalucia.es\/ceiplopezdieguez\/wp-json\/wp\/v2\/media?parent=35"}],"curies":[{"name":"wp","href":"https:\/\/api.w.org\/{rel}","templated":true}]}}