{"id":3891,"date":"2017-09-28T00:38:02","date_gmt":"2017-09-28T00:38:02","guid":{"rendered":"http:\/\/blogsaverroes.juntadeandalucia.es\/ceiplopezdieguez\/?page_id=3891"},"modified":"2018-06-25T15:17:04","modified_gmt":"2018-06-25T15:17:04","slug":"curso-2017-18-2","status":"publish","type":"page","link":"https:\/\/blogsaverroes.juntadeandalucia.es\/ceiplopezdieguez\/curso-2017-18-2\/","title":{"rendered":"Curso 2017-18"},"content":{"rendered":"<p><span style=\"font-size: 20px\"><strong>22 DE JUNIO<\/strong><\/span><\/p>\n<p style=\"text-align: center\"><span style=\"font-size: 24px;color: #ff0000;font-family: 'comic sans ms', sans-serif\"><strong><span style=\"color: #ff0000\">FIESTA DE FIN DE CURSO<\/span><\/strong><\/span><\/p>\n<p style=\"text-align: center\"><a href=\"https:\/\/blogsaverroes.juntadeandalucia.es\/ceiplopezdieguez\/files\/2018\/06\/unnamed.jpg\">Infantil, 5A<img loading=\"lazy\" decoding=\"async\" class=\"size-medium wp-image-5545 aligncenter\" src=\"https:\/\/blogsaverroes.juntadeandalucia.es\/ceiplopezdieguez\/files\/2018\/06\/unnamed-300x225.jpg\" alt=\"\" width=\"300\" height=\"225\" srcset=\"https:\/\/blogsaverroes.juntadeandalucia.es\/ceiplopezdieguez\/files\/2018\/06\/unnamed-300x225.jpg 300w, https:\/\/blogsaverroes.juntadeandalucia.es\/ceiplopezdieguez\/files\/2018\/06\/unnamed-768x576.jpg 768w, https:\/\/blogsaverroes.juntadeandalucia.es\/ceiplopezdieguez\/files\/2018\/06\/unnamed-1024x768.jpg 1024w, https:\/\/blogsaverroes.juntadeandalucia.es\/ceiplopezdieguez\/files\/2018\/06\/unnamed-700x525.jpg 700w, https:\/\/blogsaverroes.juntadeandalucia.es\/ceiplopezdieguez\/files\/2018\/06\/unnamed-24x18.jpg 24w, https:\/\/blogsaverroes.juntadeandalucia.es\/ceiplopezdieguez\/files\/2018\/06\/unnamed-36x27.jpg 36w, https:\/\/blogsaverroes.juntadeandalucia.es\/ceiplopezdieguez\/files\/2018\/06\/unnamed-48x36.jpg 48w, https:\/\/blogsaverroes.juntadeandalucia.es\/ceiplopezdieguez\/files\/2018\/06\/unnamed.jpg 1600w\" sizes=\"(max-width: 300px) 100vw, 300px\" \/><\/a><\/p>\n<p>&nbsp;<\/p>\n<p>&nbsp;<\/p>\n<div style=\"width: 1024px;\" class=\"wp-video\"><!--[if lt IE 9]><script>document.createElement('video');<\/script><![endif]-->\n<video class=\"wp-video-shortcode\" id=\"video-3891-1\" width=\"1024\" height=\"600\" preload=\"metadata\" controls=\"controls\"><source type=\"video\/mp4\" src=\"https:\/\/blogsaverroes.juntadeandalucia.es\/ceiplopezdieguez\/files\/2018\/06\/Mi-pel\u00edcula2.mp4?_=1\" \/><a href=\"https:\/\/blogsaverroes.juntadeandalucia.es\/ceiplopezdieguez\/files\/2018\/06\/Mi-pel\u00edcula2.mp4\">https:\/\/blogsaverroes.juntadeandalucia.es\/ceiplopezdieguez\/files\/2018\/06\/Mi-pel\u00edcula2.mp4<\/a><\/video><\/div>\n<p>&nbsp;<\/p>\n<p><span style=\"font-size: 24px\"><strong>6,7 y 8 de JUNIO<\/strong><\/span><\/p>\n<p style=\"text-align: justify\">&nbsp; &nbsp; &nbsp;En estos tres d\u00edas, los alumnos de 6\u00baA , han representado al resto de las clases de Primaria,&nbsp; la dramatizaci\u00f3n&nbsp; titulada <em><strong><span style=\"font-size: 20px\">Los Sue\u00f1os<\/span>, <\/strong><\/em>habiendo aprendido y disfrutado enormemente con este recurso.<\/p>\n<p>GALER\u00cdA:<\/p>\nngg_shortcode_0_placeholder\n<p>&nbsp;<\/p>\n<p>&nbsp;<\/p>\n<p><span style=\"font-size: 24px\"><strong>16 de MAYO<\/strong><\/span><\/p>\n<p><span style=\"font-size: 28px;color: #008000\"><strong><span style=\"color: #008000\">DIA DE LA FAMILIA 2018<\/span><\/strong><\/span><\/p>\n<p>GALER\u00cdA I<\/p>\nngg_shortcode_1_placeholder\n<p>&nbsp;<\/p>\n<p>GALER\u00cdA II<\/p>\nngg_shortcode_2_placeholder\n<p>&nbsp;<\/p>\n<p><span style=\"color: #339966\">PARTICIPACI\u00d3N EN EL PROYECTO <span style=\"font-size: 24px\"><strong><span style=\"color: #666699\">\u00abMONSTRUOS DE PL\u00c1STICO\u00bb<\/span><\/strong><\/span>&nbsp; PARA LA <span style=\"font-size: 20px\"><span style=\"color: #339966\">CALLE IM\u00c1GENES&nbsp;<\/span><\/span><\/span><span style=\"font-size: 20px;color: #339966\"> &nbsp;<\/span><\/p>\n<p>E<span style=\"font-size: 16px\">laboraci\u00f3n de<\/span> <span style=\"color: #666699;font-size: 28px\">\u00abplastimonstruos<\/span>\u00bb <span style=\"font-size: 16px\">por los ni\u00f1os y ni\u00f1as de <strong><span style=\"font-size: 20px\">primer curso<\/span>.<\/strong><\/span><\/p>\n<div style=\"width: 1280px;\" class=\"wp-video\"><video class=\"wp-video-shortcode\" id=\"video-3891-2\" width=\"1280\" height=\"720\" preload=\"metadata\" controls=\"controls\"><source type=\"video\/mp4\" src=\"https:\/\/blogsaverroes.juntadeandalucia.es\/ceiplopezdieguez\/files\/2018\/05\/plastimonstruos-de-1\u00ba.mp4?_=2\" \/><a href=\"https:\/\/blogsaverroes.juntadeandalucia.es\/ceiplopezdieguez\/files\/2018\/05\/plastimonstruos-de-1\u00ba.mp4\">https:\/\/blogsaverroes.juntadeandalucia.es\/ceiplopezdieguez\/files\/2018\/05\/plastimonstruos-de-1\u00ba.mp4<\/a><\/video><\/div>\n<p>&nbsp;<\/p>\n<p><span style=\"font-size: 24px\"><strong><span style=\"color: #0000ff\">23 de abril.<\/span><\/strong><\/span><\/p>\n<p style=\"text-align: center\"><span style=\"font-size: 36px\"><strong><span style=\"color: #0000ff\">DIA DEL LIBRO<\/span><\/strong><\/span><\/p>\n<p>&nbsp; &nbsp;<span style=\"font-size: 14px\"><span style=\"font-size: 24px;color: #0000ff\"><strong> &nbsp;<span style=\"color: #0000ff\">E<\/span><\/strong><\/span>ntre las actividades dedicadas a esta&nbsp; celebraci\u00f3n, los alumnos y alumnas de 5\u00baA visitaron la Feria del Libro de nuestra localidad, donde asistieron a la visita : <em>La Feria del Libro por dentro <\/em>y a la presentaci\u00f3n del libro <em>Cuentos Criminales<\/em> por parte de su autor Pedro Ma\u00f1as.<\/span><\/p>\n<p><strong><span style=\"color: #ff0000\">GALER\u00cdA:<\/span><\/strong><\/p>\nngg_shortcode_3_placeholder\n<p>&nbsp;<\/p>\n<p>&nbsp;<\/p>\n<p>&nbsp;<\/p>\n<p><span style=\"font-size: 20px\"><strong><span style=\"color: #339966\"><span style=\"font-size: 28px\"><span style=\"color: #339966\">28 <\/span><\/span>DE FEBRERO.<\/span><\/strong><\/span><\/p>\n<p style=\"text-align: center\"><span style=\"font-family: verdana, geneva, sans-serif;font-size: 32px\"><strong><span style=\"color: #339966\">D\u00cdA DE ANDALUC\u00cdA:<\/span><\/strong><\/span><\/p>\n<p style=\"text-align: justify\"><span style=\"font-size: 14px;font-family: 'comic sans ms', sans-serif\"><strong>&nbsp; &nbsp; El&nbsp; d\u00eda 27, nuestro centro celebr\u00f3 el d\u00eda de la comunidad con diversas actividades, entre ellas un desayuno molinero y las actuaciones musicales de 6\u00ba curso.&nbsp; Interpretaron aplicadamente, con diversos instrumentos musicales (flauta dulce, flauta travesera, viol\u00edn, violoncello y piano) el himno de Andaluc\u00eda y la m\u00fasica de la banda sonora de \u00abTitanic\u00bb.<\/strong><\/span><\/p>\n<p><span style=\"font-size: 14px\"><strong><span style=\"font-family: 'comic sans ms', sans-serif\">Galer\u00eda:<\/span><\/strong><\/span><\/p>\nngg_shortcode_4_placeholder\n<p>&nbsp;<\/p>\n<p>&nbsp;<\/p>\n<p><span style=\"font-family: 'book antiqua', palatino, serif\"><strong>VIDEOS:&nbsp; Himno de Andaluc\u00eda&nbsp; e interpretaci\u00f3n de \u00abTitanic\u00bb<\/strong><\/span><\/p>\n<div style=\"width: 720px;\" class=\"wp-video\"><video class=\"wp-video-shortcode\" id=\"video-3891-3\" width=\"720\" height=\"576\" preload=\"metadata\" controls=\"controls\"><source type=\"video\/mp4\" src=\"https:\/\/blogsaverroes.juntadeandalucia.es\/ceiplopezdieguez\/files\/2018\/02\/01-Himno-De-Andaluc\u00eda-2-1.m4v?_=3\" \/><a href=\"https:\/\/blogsaverroes.juntadeandalucia.es\/ceiplopezdieguez\/files\/2018\/02\/01-Himno-De-Andaluc\u00eda-2-1.m4v\">https:\/\/blogsaverroes.juntadeandalucia.es\/ceiplopezdieguez\/files\/2018\/02\/01-Himno-De-Andaluc\u00eda-2-1.m4v<\/a><\/video><\/div>\n<p>&nbsp;<\/p>\n<p>&nbsp;<\/p>\n<p>&nbsp;<\/p>\n<p>&nbsp;<\/p>\n<div style=\"width: 720px;\" class=\"wp-video\"><video class=\"wp-video-shortcode\" id=\"video-3891-4\" width=\"720\" height=\"576\" preload=\"metadata\" controls=\"controls\"><source type=\"video\/mp4\" src=\"https:\/\/blogsaverroes.juntadeandalucia.es\/ceiplopezdieguez\/files\/2018\/02\/02-Titanic-1-1-1.m4v?_=4\" \/><a href=\"https:\/\/blogsaverroes.juntadeandalucia.es\/ceiplopezdieguez\/files\/2018\/02\/02-Titanic-1-1-1.m4v\">https:\/\/blogsaverroes.juntadeandalucia.es\/ceiplopezdieguez\/files\/2018\/02\/02-Titanic-1-1-1.m4v<\/a><\/video><\/div>\n<p>&nbsp;<\/p>\n<p>&nbsp;<\/p>\n<p>&nbsp;<\/p>\n<p><span style=\"font-size: 16px\"><span style=\"font-size: 20px\"><span style=\"color: #993300\"><span style=\"font-family: 'comic sans ms', sans-serif\"><strong><span style=\"color: #993300\">22 de febrero<\/span><\/strong><\/span><\/span><\/span><\/span><\/p>\n<p>&nbsp;<\/p>\n<p><span style=\"font-size: 20px\">&nbsp; &nbsp; <span style=\"font-size: 28px\"><strong>&nbsp;L<\/strong><\/span><\/span><span style=\"font-size: 20px\">os alumnos y alumnas de <\/span><span style=\"font-size: 28px;color: #ff6600\"><strong><span style=\"color: #ff6600\">Infantil<\/span><\/strong> <\/span><span style=\"font-size: 20px\">salieron al <\/span><span style=\"font-size: 28px\"><strong><span style=\"color: #339966\">A<\/span><\/strong>ula<\/span><span style=\"font-size: 20px\"> de la <\/span><\/p>\n<p><span style=\"font-size: 20px\"><span style=\"font-size: 28px\"><strong><span style=\"color: #339966\">N<\/span><\/strong>aturaleza<\/span> de la <span style=\"font-size: 28px\"><strong><span style=\"color: #339966\">A<\/span><\/strong>somadilla<\/span>, donde trabajaron&nbsp;<\/span><span style=\"font-family: 'Open Sans', sans-serif;font-size: 20px;font-style: normal;font-weight: 400\">en los <\/span><\/p>\n<p><span style=\"font-family: 'Open Sans', sans-serif;font-size: 20px;font-style: normal;font-weight: 400\">talleres&nbsp;<\/span><span style=\"font-size: 20px\">aplicadamente:<\/span><\/p>\n<p style=\"text-align: center\">GALER\u00cdA:<\/p>\n<p style=\"text-align: center\">&nbsp;<\/p>\nngg_shortcode_5_placeholder\n<p>&nbsp;<\/p>\n<p>&nbsp;<\/p>\n<p><span style=\"font-size: 20px;font-family: 'arial black', sans-serif\"><strong><span style=\"color: #993366\">11 de febrero.<\/span><\/strong><\/span><\/p>\n<p>&nbsp;<\/p>\n<p style=\"text-align: center\"><span style=\"font-family: 'comic sans ms', sans-serif;font-size: 24px\"><strong><span style=\"color: #993366\">D\u00cdA INTERNACIONAL DE LA MUJER&nbsp; EN LA <\/span><\/strong><\/span><\/p>\n<p style=\"text-align: center\"><span style=\"font-family: 'comic sans ms', sans-serif;font-size: 24px;color: #339966\"><strong><span style=\"font-size: 36px\">CIENCIA<\/span><\/strong><\/span><\/p>\n<p>Algunas im\u00e1genes de las charlas celebradas por las madres cient\u00edficas del colegio.<\/p>\nngg_shortcode_6_placeholder\n<p>&nbsp;<\/p>\n<p><span style=\"font-size: 20px;color: #ff00ff\"><strong><span style=\"font-family: 'comic sans ms', sans-serif\"><span style=\"color: #ff00ff\">Febrero, Carnaval.<\/span><\/span><\/strong><\/span><\/p>\n<p style=\"text-align: center\"><span style=\"font-size: 24px\"><strong><span style=\"color: #00ff00\">CARNAVAL 2018<\/span><\/strong><\/span><\/p>\n<p>&nbsp;<\/p>\n<p>&nbsp; &nbsp; <span style=\"font-size: 20px\"><strong>&nbsp;C<\/strong><\/span>elebraci\u00f3n de la fiesta, disfrazados de piezas dentales, por los alumnos de infantil.<\/p>\nngg_shortcode_7_placeholder\n<p>&nbsp;<\/p>\n<p>&nbsp;<\/p>\n<p><span style=\"font-size: 20px;font-family: impact, sans-serif\"><strong><span style=\"color: #008000\">30 de enero:<\/span><\/strong><\/span><\/p>\n<p style=\"text-align: center\"><span style=\"font-family: 'arial black', sans-serif;font-size: 24px;color: #339966\">D\u00cdA DE LA PAZ 2018&nbsp; &nbsp; &nbsp; &nbsp;<\/span>&nbsp; &nbsp; &nbsp; &nbsp; &nbsp; &nbsp; &nbsp; &nbsp; &nbsp; &nbsp; &nbsp; &nbsp; &nbsp; &nbsp; &nbsp; &nbsp;<\/p>\nngg_shortcode_8_placeholder\n<p>&nbsp;<\/p>\n<p>&nbsp;<\/p>\n<p><span style=\"font-family: 'arial black', sans-serif;font-size: 20px;color: #0000ff\">5 DE DICIEMBRE<\/span><\/p>\n<p style=\"text-align: center\"><span style=\"font-size: 20px\"><strong><span style=\"font-family: 'comic sans ms', sans-serif\"><span style=\"color: #ff0000\">6\u00ba CURSO<\/span> <span style=\"font-size: 16px;color: #ff0000\">VISITA<\/span> <span style=\"color: #008000\">MEDINA AZAHARA.<\/span><\/span><\/strong><\/span><\/p>\n<p style=\"text-align: center\">&nbsp;<\/p>\nngg_shortcode_9_placeholder\n<p>&nbsp;<\/p>\n<p>&nbsp;<\/p>\n<p><span style=\"font-size: 20px;color: #0000ff;font-family: 'arial black', sans-serif\"><strong><span style=\"color: #0000ff\">29<\/span> <span style=\"color: #0000ff\">DE NOVIEMBRE.<\/span><\/strong><\/span><\/p>\n<p style=\"text-align: center\"><span style=\"color: #00ff00\"><span style=\"font-size: 20px;font-family: 'comic sans ms', sans-serif\"><strong><span style=\"color: #00ff00\">5\u00ba<\/span> <span style=\"color: #00ff00\">CURSO<\/span><\/strong><\/span> VISITA LA <span style=\"font-size: 20px;color: #ff0000\"><strong><span style=\"color: #ff0000;font-family: 'comic sans ms', sans-serif\">MEZQUITA<\/span>.<\/strong><\/span><\/span><\/p>\nngg_shortcode_10_placeholder\n<p>&nbsp;<\/p>\n<p>&nbsp;<\/p>\n<p><span style=\"font-family: 'arial black', sans-serif\"><strong><span style=\"color: #800080;font-size: 24px\">25 <\/span>de <span style=\"color: #800080;font-size: 24px\">NOVIEMBRE<\/span>. D\u00eda contra la&nbsp; <span style=\"color: #ff0000;font-size: 24px\">violencia<\/span> hacia la mujer.<\/strong><\/span><\/p>\n<p style=\"text-align: center\">&nbsp;<\/p>\nngg_shortcode_11_placeholder\n<p>&nbsp;<\/p>\n<p style=\"text-align: center\"><span style=\"font-family: 'arial black', sans-serif;font-size: 24px;color: #800080\"><strong><span style=\"font-size: 32px\"><span style=\"font-size: 36px;color: #ff0000\">H<\/span><span style=\"color: #800080\">A<\/span><\/span><span style=\"color: #800080\">LLOWEEN 20<span style=\"font-size: 28px\">17<\/span><\/span><\/strong><\/span><\/p>\nngg_shortcode_12_placeholder\n<p style=\"text-align: center\">&nbsp;<\/p>\n<p style=\"text-align: left\">&nbsp;<\/p>\n<p style=\"text-align: left\"><strong>6&nbsp; de octubre de 2017<\/strong><\/p>\n<p style=\"text-align: center\"><span style=\"color: #666699;font-size: 32px;font-family: 'trebuchet ms', geneva, sans-serif\"><strong>\u00bfTE SALEN LAS CUENTAS? <span style=\"font-size: 24px\">(Fundaci\u00f3n Cajasol)<\/span><\/strong><\/span><\/p>\n<p style=\"text-align: center\">&nbsp; &nbsp; <span style=\"font-family: 'trebuchet ms', geneva, sans-serif;font-size: 14px\"><strong>&nbsp;<span style=\"font-size: 24px;color: #666699\">L<\/span>os alumnos de<span style=\"font-size: 24px;color: #666699\"> tercer ciclo<\/span> pusieron en juego sus habilidades matem\u00e1ticas de forma divertida, siendo felicitados por los monitores responsables de la actividad.<\/strong><\/span><\/p>\nngg_shortcode_13_placeholder\n<p style=\"text-align: center\">&nbsp;<\/p>\nngg_shortcode_14_placeholder\n","protected":false},"excerpt":{"rendered":"<p>22 DE JUNIO FIESTA DE FIN DE CURSO Infantil, 5A &nbsp; &nbsp; &nbsp; 6,7 y 8 de JUNIO &nbsp; &nbsp; &nbsp;En estos tres d\u00edas, los alumnos de 6\u00baA , han representado al resto de&#46;&#46;&#46;<\/p>\n","protected":false},"author":3848,"featured_media":0,"parent":0,"menu_order":0,"comment_status":"closed","ping_status":"closed","template":"","meta":{"ngg_post_thumbnail":0,"footnotes":"","_mc_calendar":[]},"aioseo_notices":[],"_links":{"self":[{"href":"https:\/\/blogsaverroes.juntadeandalucia.es\/ceiplopezdieguez\/wp-json\/wp\/v2\/pages\/3891"}],"collection":[{"href":"https:\/\/blogsaverroes.juntadeandalucia.es\/ceiplopezdieguez\/wp-json\/wp\/v2\/pages"}],"about":[{"href":"https:\/\/blogsaverroes.juntadeandalucia.es\/ceiplopezdieguez\/wp-json\/wp\/v2\/types\/page"}],"author":[{"embeddable":true,"href":"https:\/\/blogsaverroes.juntadeandalucia.es\/ceiplopezdieguez\/wp-json\/wp\/v2\/users\/3848"}],"replies":[{"embeddable":true,"href":"https:\/\/blogsaverroes.juntadeandalucia.es\/ceiplopezdieguez\/wp-json\/wp\/v2\/comments?post=3891"}],"version-history":[{"count":29,"href":"https:\/\/blogsaverroes.juntadeandalucia.es\/ceiplopezdieguez\/wp-json\/wp\/v2\/pages\/3891\/revisions"}],"predecessor-version":[{"id":5549,"href":"https:\/\/blogsaverroes.juntadeandalucia.es\/ceiplopezdieguez\/wp-json\/wp\/v2\/pages\/3891\/revisions\/5549"}],"wp:attachment":[{"href":"https:\/\/blogsaverroes.juntadeandalucia.es\/ceiplopezdieguez\/wp-json\/wp\/v2\/media?parent=3891"}],"curies":[{"name":"wp","href":"https:\/\/api.w.org\/{rel}","templated":true}]}}