{"id":42,"date":"2015-03-13T08:40:47","date_gmt":"2015-03-13T08:40:47","guid":{"rendered":"http:\/\/blogsaverroes.juntadeandalucia.es\/pre\/ceip\/?page_id=42"},"modified":"2023-03-15T12:03:23","modified_gmt":"2023-03-15T12:03:23","slug":"equipo-directivo","status":"publish","type":"page","link":"https:\/\/blogsaverroes.juntadeandalucia.es\/ceiplopezdieguez\/equipo-directivo\/","title":{"rendered":"Equipo directivo"},"content":{"rendered":"<p><a href=\"https:\/\/blogsaverroes.juntadeandalucia.es\/ceiplopezdieguez\/files\/2019\/11\/images-1-1.jpg\"><img loading=\"lazy\" decoding=\"async\" class=\"aligncenter size-full wp-image-6601\" src=\"https:\/\/blogsaverroes.juntadeandalucia.es\/ceiplopezdieguez\/files\/2019\/11\/images-1-1.jpg\" alt=\"\" width=\"213\" height=\"213\" srcset=\"https:\/\/blogsaverroes.juntadeandalucia.es\/ceiplopezdieguez\/files\/2019\/11\/images-1-1.jpg 213w, https:\/\/blogsaverroes.juntadeandalucia.es\/ceiplopezdieguez\/files\/2019\/11\/images-1-1-150x150.jpg 150w, https:\/\/blogsaverroes.juntadeandalucia.es\/ceiplopezdieguez\/files\/2019\/11\/images-1-1-100x100.jpg 100w, https:\/\/blogsaverroes.juntadeandalucia.es\/ceiplopezdieguez\/files\/2019\/11\/images-1-1-24x24.jpg 24w, https:\/\/blogsaverroes.juntadeandalucia.es\/ceiplopezdieguez\/files\/2019\/11\/images-1-1-36x36.jpg 36w, https:\/\/blogsaverroes.juntadeandalucia.es\/ceiplopezdieguez\/files\/2019\/11\/images-1-1-48x48.jpg 48w\" sizes=\"(max-width: 213px) 100vw, 213px\" \/><\/a><\/p>\n<p><strong>Direcci\u00f3n: Flora Herrero Funes<br \/>\n<\/strong><\/p>\n<p><strong>Jefatura de estudios: Carmen L\u00f3pez Gomariz<br \/>\n<\/strong><\/p>\n<p><strong>Secretar\u00eda: Pura Mor\u00f3n Ortiz<\/strong><\/p>\n<p>Horario de atenci\u00f3n de Direcci\u00f3n: Mi\u00e9rcoles de 09.15 a 10.00 horas previa cita o solicitando videoconferencia.<\/p>\n","protected":false},"excerpt":{"rendered":"<p>Direcci\u00f3n: Flora Herrero Funes Jefatura de estudios: Carmen L\u00f3pez Gomariz Secretar\u00eda: Pura Mor\u00f3n Ortiz Horario de atenci\u00f3n de Direcci\u00f3n: Mi\u00e9rcoles de 09.15 a 10.00 horas previa cita o solicitando videoconferencia.<\/p>\n","protected":false},"author":1,"featured_media":0,"parent":0,"menu_order":0,"comment_status":"closed","ping_status":"open","template":"","meta":{"ngg_post_thumbnail":0,"footnotes":"","_mc_calendar":[]},"aioseo_notices":[],"_links":{"self":[{"href":"https:\/\/blogsaverroes.juntadeandalucia.es\/ceiplopezdieguez\/wp-json\/wp\/v2\/pages\/42"}],"collection":[{"href":"https:\/\/blogsaverroes.juntadeandalucia.es\/ceiplopezdieguez\/wp-json\/wp\/v2\/pages"}],"about":[{"href":"https:\/\/blogsaverroes.juntadeandalucia.es\/ceiplopezdieguez\/wp-json\/wp\/v2\/types\/page"}],"author":[{"embeddable":true,"href":"https:\/\/blogsaverroes.juntadeandalucia.es\/ceiplopezdieguez\/wp-json\/wp\/v2\/users\/1"}],"replies":[{"embeddable":true,"href":"https:\/\/blogsaverroes.juntadeandalucia.es\/ceiplopezdieguez\/wp-json\/wp\/v2\/comments?post=42"}],"version-history":[{"count":12,"href":"https:\/\/blogsaverroes.juntadeandalucia.es\/ceiplopezdieguez\/wp-json\/wp\/v2\/pages\/42\/revisions"}],"predecessor-version":[{"id":8543,"href":"https:\/\/blogsaverroes.juntadeandalucia.es\/ceiplopezdieguez\/wp-json\/wp\/v2\/pages\/42\/revisions\/8543"}],"wp:attachment":[{"href":"https:\/\/blogsaverroes.juntadeandalucia.es\/ceiplopezdieguez\/wp-json\/wp\/v2\/media?parent=42"}],"curies":[{"name":"wp","href":"https:\/\/api.w.org\/{rel}","templated":true}]}}