{"id":4529,"date":"2018-03-01T12:47:59","date_gmt":"2018-03-01T12:47:59","guid":{"rendered":"http:\/\/blogsaverroes.juntadeandalucia.es\/ceiplopezdieguez\/?page_id=4529"},"modified":"2018-03-01T16:16:20","modified_gmt":"2018-03-01T16:16:20","slug":"plan-de-igualdad-2","status":"publish","type":"page","link":"https:\/\/blogsaverroes.juntadeandalucia.es\/ceiplopezdieguez\/plan-de-igualdad-2\/","title":{"rendered":"Plan de Igualdad"},"content":{"rendered":"<ul>\n<li><span style=\"font-family: 'arial black', sans-serif;font-size: 32px;color: #993366\"><strong><span style=\"color: #993366\">Plan de igualdad.<\/span><\/strong><\/span><\/li>\n<\/ul>\n<p>&nbsp;<\/p>\n<p style=\"text-align: center\"><span style=\"color: #0000ff;font-size: 14px\"><strong><a href=\"https:\/\/blogsaverroes.juntadeandalucia.es\/ceiplopezdieguez\/files\/2017\/11\/Plan-Igualdad.pdf\">I<span style=\"color: #339966\">I <\/span><\/a><\/strong><\/span><span style=\"color: #339966\"><strong><a href=\"https:\/\/blogsaverroes.juntadeandalucia.es\/ceiplopezdieguez\/files\/2017\/11\/Plan-Igualdad.pdf\"><span style=\"font-size: 14px\"><span style=\"color: #339966\">PLAN ESTRAT\u00c9GICO DE IGUALDAD DE G\u00c9NERO<\/span> <span style=\"color: #339966\">EN EDUCACI\u00d3N.<\/span> <\/span><\/a><\/strong><span style=\"font-size: 14px\"><strong><a href=\"https:\/\/blogsaverroes.juntadeandalucia.es\/ceiplopezdieguez\/files\/2017\/11\/Plan-Igualdad.pdf\"><span style=\"color: #339966\">2016-2021<\/span>.<\/a><\/strong><\/span><\/span><\/p>\n<p style=\"text-align: center\"><span style=\"color: #339966\"><strong><a href=\"https:\/\/blogsaverroes.juntadeandalucia.es\/ceiplopezdieguez\/files\/2017\/11\/Plan-Igualdad.pdf\"> J<span style=\"color: #339966\">UNTA DE ANDALUC\u00cdA<\/span><\/a><\/strong><\/span><\/p>\n<p>&nbsp;<\/p>\n<p>&nbsp;<\/p>\n<p style=\"text-align: center\"><span style=\"font-size: 28px;font-family: 'arial black', sans-serif;color: #ff0000\"><strong><a href=\"https:\/\/blogsaverroes.juntadeandalucia.es\/ceiplopezdieguez\/plan-de-igualdad\/\"><span style=\"color: #ff0000\">RECURSOS <\/span><\/a><\/strong><\/span><\/p>\n<p><span style=\"font-size: 14px;color: #ff00ff\"><strong><span style=\"color: #99ccff\">RECURSOS PARA EL<span style=\"font-size: 24px\"><span style=\"color: #ff0000\"> 8<\/span> <span style=\"color: #993366\">DE MARZO<\/span><\/span> DE <span style=\"color: #ff0000\">2018<\/span><\/span><\/strong><\/span><\/p>\n<p><a href=\"https:\/\/blogsaverroes.juntadeandalucia.es\/ceiplopezdieguez\/files\/2018\/03\/actividad-VIII.pdf\">Actividad VIII<\/a>. <span style=\"background-color: #ff0000\">pdf<\/span><\/p>\n<p><a href=\"https:\/\/blogsaverroes.juntadeandalucia.es\/ceiplopezdieguez\/files\/2018\/03\/actividad-XIII.pdf\">Actividad XIII<\/a>.<span style=\"background-color: #ff0000\">pdf<\/span><\/p>\n<p><a href=\"https:\/\/blogsaverroes.juntadeandalucia.es\/ceiplopezdieguez\/files\/2018\/03\/Quiero-ser-como-ellas.pdf\">Quiero ser como ellas.<\/a><span style=\"background-color: #ff0000\">pdf<\/span><\/p>\n<p><span style=\"color: #3366ff\">Dibujo 8 de marzo:<\/span><\/p>\n<p><a href=\"https:\/\/blogsaverroes.juntadeandalucia.es\/ceiplopezdieguez\/files\/2018\/03\/8-de-marzoblancoynegr.gif\"><img loading=\"lazy\" decoding=\"async\" class=\"alignleft size-thumbnail wp-image-4538\" src=\"https:\/\/blogsaverroes.juntadeandalucia.es\/ceiplopezdieguez\/files\/2018\/03\/8-de-marzoblancoynegr-150x150.gif\" alt=\"\" width=\"150\" height=\"150\" srcset=\"https:\/\/blogsaverroes.juntadeandalucia.es\/ceiplopezdieguez\/files\/2018\/03\/8-de-marzoblancoynegr-150x150.gif 150w, https:\/\/blogsaverroes.juntadeandalucia.es\/ceiplopezdieguez\/files\/2018\/03\/8-de-marzoblancoynegr-100x100.gif 100w, https:\/\/blogsaverroes.juntadeandalucia.es\/ceiplopezdieguez\/files\/2018\/03\/8-de-marzoblancoynegr-432x432.gif 432w, https:\/\/blogsaverroes.juntadeandalucia.es\/ceiplopezdieguez\/files\/2018\/03\/8-de-marzoblancoynegr-268x268.gif 268w\" sizes=\"(max-width: 150px) 100vw, 150px\" \/><\/a><\/p>\n<p>&nbsp;<\/p>\n<p>&nbsp;<\/p>\n<p>&nbsp;<\/p>\n<p>&nbsp;<\/p>\n<p>&nbsp;<\/p>\n<p>V\u00cdDEO 1: \u00bfQu\u00e9 significa hacer algo Como Ni\u00f1a Always?<\/p>\n<div style=\"width: 1280px;\" class=\"wp-video\"><!--[if lt IE 9]><script>document.createElement('video');<\/script><![endif]-->\n<video class=\"wp-video-shortcode\" id=\"video-4529-1\" width=\"1280\" height=\"720\" preload=\"metadata\" controls=\"controls\"><source type=\"video\/mp4\" src=\"https:\/\/blogsaverroes.juntadeandalucia.es\/ceiplopezdieguez\/files\/2018\/03\/\u00bfQu\u00e9-significa-hacer-algo-ComoNi\u00f1a-Always.mp4?_=1\" \/><a href=\"https:\/\/blogsaverroes.juntadeandalucia.es\/ceiplopezdieguez\/files\/2018\/03\/\u00bfQu\u00e9-significa-hacer-algo-ComoNi\u00f1a-Always.mp4\">https:\/\/blogsaverroes.juntadeandalucia.es\/ceiplopezdieguez\/files\/2018\/03\/\u00bfQu\u00e9-significa-hacer-algo-ComoNi\u00f1a-Always.mp4<\/a><\/video><\/div>\n<p>&nbsp;<\/p>\n<p>&nbsp;<\/p>\n<p>V\u00cdDEO 2: Las Ni\u00f1as Pueden.<\/p>\n<div style=\"width: 1280px;\" class=\"wp-video\"><video class=\"wp-video-shortcode\" id=\"video-4529-2\" width=\"1280\" height=\"720\" preload=\"metadata\" controls=\"controls\"><source type=\"video\/mp4\" src=\"https:\/\/blogsaverroes.juntadeandalucia.es\/ceiplopezdieguez\/files\/2018\/03\/LasNi\u00f1asPueden.mp4?_=2\" \/><a href=\"https:\/\/blogsaverroes.juntadeandalucia.es\/ceiplopezdieguez\/files\/2018\/03\/LasNi\u00f1asPueden.mp4\">https:\/\/blogsaverroes.juntadeandalucia.es\/ceiplopezdieguez\/files\/2018\/03\/LasNi\u00f1asPueden.mp4<\/a><\/video><\/div>\n<p>&nbsp;<\/p>\n<p>&nbsp;<\/p>\n<p>&nbsp;<\/p>\n<p style=\"text-align: left\"><span style=\"font-size: 20px\"><strong><span style=\"color: #ff0000\">RECURSOS GENERALES<\/span><\/strong><\/span><\/p>\n<p>&nbsp;<\/p>\n<p><strong><a href=\"https:\/\/blogsaverroes.juntadeandalucia.es\/ceiplopezdieguez\/files\/2017\/11\/CUADERNO-PARA-LA-IGUALDAD-AXA.PDF.pdf\"><span style=\"color: #3366ff\">CUADERNO PARA LA IGUALDAD AXA.PDF<\/span><\/a><\/strong><\/p>\n<p><span style=\"color: #3366ff\"><strong><a href=\"https:\/\/blogsaverroes.juntadeandalucia.es\/ceiplopezdieguez\/files\/2017\/11\/CUADERNO-DE-ACTIVIDADES-PRIMARIA.GUIA-PR\u00c1CTICA-PARA-ELPROFESORADO.pdf\"><span style=\"color: #3366ff\">CUADERNO DE ACTIVIDADES PRIMARIA.GU\u00cdA PR\u00c1CTICA PARA EL PROFESORADO<\/span><\/a><\/strong><\/span><\/p>\n<p><span style=\"color: #3366ff\"><strong><a href=\"https:\/\/blogsaverroes.juntadeandalucia.es\/ceiplopezdieguez\/files\/2017\/11\/GU\u00cdA-DE-LECTURA-INFANTIL.LA-MOCHILA-VIOLETA.pdf\"><span style=\"color: #3366ff\">GU\u00cdA DE LECTURA INFANTIL.LA MOCHILA VIOLETA<\/span><\/a><\/strong><\/span><\/p>\n<p><strong><span style=\"color: #3366ff\">&nbsp;EL MISTERIO DEL CHOCOLATE ABIERTO EN LA NEVERA (Cuentos para una educaci\u00f3n no sexista)&nbsp; &nbsp;<\/span><a href=\"https:\/\/blogsaverroes.juntadeandalucia.es\/ceiplopezdieguez\/files\/2017\/11\/misterio-chocolate_abierto.pdf\"><img loading=\"lazy\" decoding=\"async\" class=\"aligncenter wp-image-2919\" src=\"https:\/\/blogsaverroes.juntadeandalucia.es\/ceiplopezdieguez\/files\/2016\/12\/images-e1483063712479.jpg\" alt=\"EL MISTERIO DEL CHOCOLATE...\" width=\"39\" height=\"58\"\/><\/a><\/strong><\/p>\n<p>&nbsp;<\/p>\n<p>&nbsp;<\/p>\n<p><span style=\"color: #ff0000;font-size: 24px\"><strong><span style=\"color: #ff0000\">V\u00cdDEOS COEDUCATIVOS<\/span><\/strong><\/span><\/p>\n<p style=\"text-align: center\"><span style=\"font-size: 20px\"><strong><span style=\"color: #0000ff\">S<\/span><\/strong><strong><span style=\"color: #0000ff\">UPER LOLA<\/span><\/strong><\/span><\/p>\n<div style=\"width: 640px;\" class=\"wp-video\"><video class=\"wp-video-shortcode\" id=\"video-4529-3\" width=\"640\" height=\"360\" preload=\"metadata\" controls=\"controls\"><source type=\"video\/mp4\" src=\"https:\/\/blogsaverroes.juntadeandalucia.es\/ceiplopezdieguez\/files\/2017\/11\/SuperLola.mp4?_=3\" \/><a href=\"https:\/\/blogsaverroes.juntadeandalucia.es\/ceiplopezdieguez\/files\/2017\/11\/SuperLola.mp4\">https:\/\/blogsaverroes.juntadeandalucia.es\/ceiplopezdieguez\/files\/2017\/11\/SuperLola.mp4<\/a><\/video><\/div>\n<p>&nbsp;<\/p>\n<p>&nbsp;<\/p>\n<p>&nbsp;<\/p>\n<p>&nbsp;<\/p>\n<p style=\"text-align: center\"><span style=\"font-size: 20px;color: #0000ff\"><strong><span style=\"color: #0000ff\">EL PR\u00cdNCIPE ROSA<\/span><\/strong><\/span><\/p>\n<div style=\"width: 640px;\" class=\"wp-video\"><video class=\"wp-video-shortcode\" id=\"video-4529-4\" width=\"640\" height=\"360\" preload=\"metadata\" controls=\"controls\"><source type=\"video\/mp4\" src=\"https:\/\/blogsaverroes.juntadeandalucia.es\/ceiplopezdieguez\/files\/2017\/11\/Lalo-el-pr\u00edncipe-rosa-Video-cuento.-1.mp4?_=4\" \/><a href=\"https:\/\/blogsaverroes.juntadeandalucia.es\/ceiplopezdieguez\/files\/2017\/11\/Lalo-el-pr\u00edncipe-rosa-Video-cuento.-1.mp4\">https:\/\/blogsaverroes.juntadeandalucia.es\/ceiplopezdieguez\/files\/2017\/11\/Lalo-el-pr\u00edncipe-rosa-Video-cuento.-1.mp4<\/a><\/video><\/div>\n<p>&nbsp;<\/p>\n<p>&nbsp;<\/p>\n<p style=\"text-align: center\"><span style=\"color: #0000ff;font-size: 20px\"><strong><span style=\"color: #0000ff\">UNA FELIZ CAT\u00c1STROFE<\/span><\/strong><\/span><\/p>\n<div style=\"width: 480px;\" class=\"wp-video\"><video class=\"wp-video-shortcode\" id=\"video-4529-5\" width=\"480\" height=\"360\" preload=\"metadata\" controls=\"controls\"><source type=\"video\/mp4\" src=\"https:\/\/blogsaverroes.juntadeandalucia.es\/ceiplopezdieguez\/files\/2017\/11\/Cuento-corto-para-ni\u00f1os-Una-feliz-cat\u00e1strofe.mp4?_=5\" \/><a href=\"https:\/\/blogsaverroes.juntadeandalucia.es\/ceiplopezdieguez\/files\/2017\/11\/Cuento-corto-para-ni\u00f1os-Una-feliz-cat\u00e1strofe.mp4\">https:\/\/blogsaverroes.juntadeandalucia.es\/ceiplopezdieguez\/files\/2017\/11\/Cuento-corto-para-ni\u00f1os-Una-feliz-cat\u00e1strofe.mp4<\/a><\/video><\/div>\n<p>&nbsp;<\/p>\n<p style=\"text-align: center\"><span style=\"color: #0000ff;font-size: 20px\"><strong><span style=\"color: #0000ff\">CORRESPONSABILIDAD DOM\u00c9STICA<\/span><\/strong><\/span><\/p>\n<div style=\"width: 480px;\" class=\"wp-video\"><video class=\"wp-video-shortcode\" id=\"video-4529-6\" width=\"480\" height=\"360\" preload=\"metadata\" controls=\"controls\"><source type=\"video\/mp4\" src=\"https:\/\/blogsaverroes.juntadeandalucia.es\/ceiplopezdieguez\/files\/2017\/11\/Corresponsabilidad-Dom\u00e9stica-y-Familiar.mp4?_=6\" \/><a href=\"https:\/\/blogsaverroes.juntadeandalucia.es\/ceiplopezdieguez\/files\/2017\/11\/Corresponsabilidad-Dom\u00e9stica-y-Familiar.mp4\">https:\/\/blogsaverroes.juntadeandalucia.es\/ceiplopezdieguez\/files\/2017\/11\/Corresponsabilidad-Dom\u00e9stica-y-Familiar.mp4<\/a><\/video><\/div>\n<p>&nbsp;<\/p>\n<h2>&nbsp;<\/h2>\n<h2><strong>V\u00cdDEOS SOBRE LA MUJER&nbsp;<\/strong><\/h2>\n<p>&nbsp;<\/p>\n<p><span style=\"color: #33cccc\"><strong><a href=\"https:\/\/blogsaverroes.juntadeandalucia.es\/ceiplopezdieguez\/files\/2017\/11\/\u00bfPOR-QU\u00c9-SE-CELEBRA-EL-D\u00cdA-DE-LA-MUJER.mp4\">\u00bfPOR QU\u00c9 SE CELEBRA EL D\u00cdA DE LA MUJER<\/a>?<\/strong><\/span><\/p>\n<p><span style=\"color: #33cccc\"><a href=\"https:\/\/blogsaverroes.juntadeandalucia.es\/ceiplopezdieguez\/files\/2017\/11\/Mujeres-en-la-historia.mp4\"><strong>MUJERES EN LA HISTORIA<\/strong><\/a><\/span><\/p>\n<p><span style=\"color: #33cccc\"><strong><a href=\"https:\/\/blogsaverroes.juntadeandalucia.es\/ceiplopezdieguez\/files\/2017\/11\/FRIDA-KAHLO-PARA-NI\u00d1OS.mp4\">FRIDA KAHLO PARA NI\u00d1OS<\/a><\/strong><\/span><\/p>\n<p><span style=\"color: #33cccc\"><strong><a href=\"https:\/\/blogsaverroes.juntadeandalucia.es\/ceiplopezdieguez\/files\/2017\/11\/MARIE-CURIE-Biograf\u00eda-para-ni\u00f1os.mp4\">MARIE CURIE Biograf\u00eda para ni\u00f1os<\/a><\/strong><\/span><\/p>\n","protected":false},"excerpt":{"rendered":"<p>Plan de igualdad. &nbsp; II PLAN ESTRAT\u00c9GICO DE IGUALDAD DE G\u00c9NERO EN EDUCACI\u00d3N. 2016-2021. JUNTA DE ANDALUC\u00cdA &nbsp; &nbsp; RECURSOS RECURSOS PARA EL 8 DE MARZO DE 2018 Actividad VIII. pdf Actividad XIII.pdf Quiero&#46;&#46;&#46;<\/p>\n","protected":false},"author":3848,"featured_media":0,"parent":0,"menu_order":0,"comment_status":"closed","ping_status":"closed","template":"","meta":{"ngg_post_thumbnail":0,"footnotes":"","_mc_calendar":[]},"aioseo_notices":[],"_links":{"self":[{"href":"https:\/\/blogsaverroes.juntadeandalucia.es\/ceiplopezdieguez\/wp-json\/wp\/v2\/pages\/4529"}],"collection":[{"href":"https:\/\/blogsaverroes.juntadeandalucia.es\/ceiplopezdieguez\/wp-json\/wp\/v2\/pages"}],"about":[{"href":"https:\/\/blogsaverroes.juntadeandalucia.es\/ceiplopezdieguez\/wp-json\/wp\/v2\/types\/page"}],"author":[{"embeddable":true,"href":"https:\/\/blogsaverroes.juntadeandalucia.es\/ceiplopezdieguez\/wp-json\/wp\/v2\/users\/3848"}],"replies":[{"embeddable":true,"href":"https:\/\/blogsaverroes.juntadeandalucia.es\/ceiplopezdieguez\/wp-json\/wp\/v2\/comments?post=4529"}],"version-history":[{"count":9,"href":"https:\/\/blogsaverroes.juntadeandalucia.es\/ceiplopezdieguez\/wp-json\/wp\/v2\/pages\/4529\/revisions"}],"predecessor-version":[{"id":4547,"href":"https:\/\/blogsaverroes.juntadeandalucia.es\/ceiplopezdieguez\/wp-json\/wp\/v2\/pages\/4529\/revisions\/4547"}],"wp:attachment":[{"href":"https:\/\/blogsaverroes.juntadeandalucia.es\/ceiplopezdieguez\/wp-json\/wp\/v2\/media?parent=4529"}],"curies":[{"name":"wp","href":"https:\/\/api.w.org\/{rel}","templated":true}]}}