{"id":77,"date":"2015-03-16T06:54:56","date_gmt":"2015-03-16T06:54:56","guid":{"rendered":"http:\/\/blogsaverroes.juntadeandalucia.es\/pre\/ceip\/?page_id=77"},"modified":"2023-03-15T12:05:38","modified_gmt":"2023-03-15T12:05:38","slug":"secretaria","status":"publish","type":"page","link":"https:\/\/blogsaverroes.juntadeandalucia.es\/ceiplopezdieguez\/secretaria\/","title":{"rendered":"Administraci\u00f3n"},"content":{"rendered":"<p><a href=\"https:\/\/blogsaverroes.juntadeandalucia.es\/ceiplopezdieguez\/files\/2019\/11\/modernizacion-normativas.png\"><img loading=\"lazy\" decoding=\"async\" class=\"aligncenter size-full wp-image-6594\" src=\"https:\/\/blogsaverroes.juntadeandalucia.es\/ceiplopezdieguez\/files\/2019\/11\/modernizacion-normativas.png\" alt=\"\" width=\"217\" height=\"232\" srcset=\"https:\/\/blogsaverroes.juntadeandalucia.es\/ceiplopezdieguez\/files\/2019\/11\/modernizacion-normativas.png 217w, https:\/\/blogsaverroes.juntadeandalucia.es\/ceiplopezdieguez\/files\/2019\/11\/modernizacion-normativas-22x24.png 22w, https:\/\/blogsaverroes.juntadeandalucia.es\/ceiplopezdieguez\/files\/2019\/11\/modernizacion-normativas-34x36.png 34w, https:\/\/blogsaverroes.juntadeandalucia.es\/ceiplopezdieguez\/files\/2019\/11\/modernizacion-normativas-45x48.png 45w\" sizes=\"(max-width: 217px) 100vw, 217px\" \/><\/a><\/p>\n<p style=\"text-align: justify\">La <b>Administraci\u00f3n <\/b>desarrolla muchas funciones importantes en la vida de un centro, especialmente en la relaci\u00f3n que mantiene con las familias en los diferentes tr\u00e1mites administrativos a lo largo de la escolarizaci\u00f3n: admisi\u00f3n, matr\u00edcula, comedor escolar, becas, etc.<\/p>\n<p style=\"text-align: justify\">El horario de la Administraci\u00f3n es de lunes a viernes de 09.15 horas a 13.50 horas. Tambi\u00e9n se puede contactar telef\u00f3nicamente: 957379960 y 671597837 o&nbsp; a trav\u00e9s del correo 14001566.aux.edu@juntadeandalucia.es.<\/p>\n<p>DOCUMENTOS QUE SE PUEDEN PEDIR:<\/p>\n<p><a href=\"https:\/\/blogsaverroes.juntadeandalucia.es\/ceiplopezdieguez\/files\/2020\/05\/Anexo-II-servicios-complementarios.pdf\">Anexo II servicios complementarios<\/a><\/p>\n<p><a href=\"https:\/\/blogsaverroes.juntadeandalucia.es\/ceiplopezdieguez\/files\/2015\/03\/Anexo-V-Solicitud-bonificaci\u00f3n-SSCC.pdf\">Anexo V &#8211; Solicitud bonificaci\u00f3n SSCC<\/a><\/p>\n<p><a href=\"https:\/\/blogsaverroes.juntadeandalucia.es\/ceiplopezdieguez\/files\/2019\/11\/solicitud-baja-SSCC.pdf\">solicitud baja SSCC<\/a><\/p>\n<p><a href=\"https:\/\/blogsaverroes.juntadeandalucia.es\/ceiplopezdieguez\/files\/2019\/11\/cambio-o-ausencia-AM.pdf\">cambio o ausencia AM<\/a><\/p>\n<p><a href=\"https:\/\/blogsaverroes.juntadeandalucia.es\/ceiplopezdieguez\/files\/2019\/11\/cambio-o-ausencia-comedor.pdf\">cambio o ausencia comedor<\/a><\/p>\n<p><a href=\"https:\/\/blogsaverroes.juntadeandalucia.es\/ceiplopezdieguez\/files\/2019\/11\/inscripci\u00f3n-EEDD-2.pdf\">inscripci\u00f3n EEDD<\/a><\/p>\n<p>&nbsp;<\/p>\n","protected":false},"excerpt":{"rendered":"<p>La Administraci\u00f3n desarrolla muchas funciones importantes en la vida de un centro, especialmente en la relaci\u00f3n que mantiene con las familias en los diferentes tr\u00e1mites administrativos a lo largo de la escolarizaci\u00f3n: admisi\u00f3n, matr\u00edcula,&#46;&#46;&#46;<\/p>\n","protected":false},"author":1,"featured_media":0,"parent":0,"menu_order":0,"comment_status":"closed","ping_status":"open","template":"","meta":{"ngg_post_thumbnail":0,"footnotes":"","_mc_calendar":[]},"aioseo_notices":[],"_links":{"self":[{"href":"https:\/\/blogsaverroes.juntadeandalucia.es\/ceiplopezdieguez\/wp-json\/wp\/v2\/pages\/77"}],"collection":[{"href":"https:\/\/blogsaverroes.juntadeandalucia.es\/ceiplopezdieguez\/wp-json\/wp\/v2\/pages"}],"about":[{"href":"https:\/\/blogsaverroes.juntadeandalucia.es\/ceiplopezdieguez\/wp-json\/wp\/v2\/types\/page"}],"author":[{"embeddable":true,"href":"https:\/\/blogsaverroes.juntadeandalucia.es\/ceiplopezdieguez\/wp-json\/wp\/v2\/users\/1"}],"replies":[{"embeddable":true,"href":"https:\/\/blogsaverroes.juntadeandalucia.es\/ceiplopezdieguez\/wp-json\/wp\/v2\/comments?post=77"}],"version-history":[{"count":12,"href":"https:\/\/blogsaverroes.juntadeandalucia.es\/ceiplopezdieguez\/wp-json\/wp\/v2\/pages\/77\/revisions"}],"predecessor-version":[{"id":8545,"href":"https:\/\/blogsaverroes.juntadeandalucia.es\/ceiplopezdieguez\/wp-json\/wp\/v2\/pages\/77\/revisions\/8545"}],"wp:attachment":[{"href":"https:\/\/blogsaverroes.juntadeandalucia.es\/ceiplopezdieguez\/wp-json\/wp\/v2\/media?parent=77"}],"curies":[{"name":"wp","href":"https:\/\/api.w.org\/{rel}","templated":true}]}}