{"id":80,"date":"2015-03-16T06:57:36","date_gmt":"2015-03-16T06:57:36","guid":{"rendered":"http:\/\/blogsaverroes.juntadeandalucia.es\/pre\/ceip\/?page_id=80"},"modified":"2019-11-24T15:19:06","modified_gmt":"2019-11-24T15:19:06","slug":"curso-escolar","status":"publish","type":"page","link":"https:\/\/blogsaverroes.juntadeandalucia.es\/ceiplopezdieguez\/curso-escolar\/","title":{"rendered":"Curso escolar"},"content":{"rendered":"<p>Documentos tratados en la primera reuni\u00f3n de tutor\u00eda.<\/p>\n<p>PRIMARIA:<\/p>\n<p><a href=\"https:\/\/blogsaverroes.juntadeandalucia.es\/ceiplopezdieguez\/files\/2019\/11\/objetivos-primaria.pdf\">objetivos primaria<\/a><\/p>\n<p><a href=\"https:\/\/blogsaverroes.juntadeandalucia.es\/ceiplopezdieguez\/files\/2019\/11\/competencias-clave.pdf\">competencias clave<\/a><\/p>\n<p><a href=\"https:\/\/blogsaverroes.juntadeandalucia.es\/ceiplopezdieguez\/files\/2019\/10\/criterios-comunes-de-evaluaci\u00f3n-e-indicadores.pdf\">criterios comunes de evaluaci\u00f3n e indicadores<\/a><\/p>\n<p><a href=\"https:\/\/blogsaverroes.juntadeandalucia.es\/ceiplopezdieguez\/files\/2019\/09\/criterios-evaluaci\u00f3n-1er-ciclo.pdf\">criterios evaluaci\u00f3n 1er ciclo<\/a><\/p>\n<p><a href=\"https:\/\/blogsaverroes.juntadeandalucia.es\/ceiplopezdieguez\/files\/2019\/09\/criterios-evaluaci\u00f3n-2\u00ba-ciclo.pdf\">criterios evaluaci\u00f3n 2\u00ba ciclo<\/a><\/p>\n<p><a href=\"https:\/\/blogsaverroes.juntadeandalucia.es\/ceiplopezdieguez\/files\/2019\/09\/criterios-evaluaci\u00f3n-3er-ciclo.pdf\">criterios evaluaci\u00f3n 3er ciclo<\/a><\/p>\n<p><a href=\"https:\/\/blogsaverroes.juntadeandalucia.es\/ceiplopezdieguez\/files\/2019\/11\/criterios-de-calificaci\u00f3n-y-promoci\u00f3n.pdf\">criterios de calificaci\u00f3n y promoci\u00f3n<\/a><\/p>\n<p><a href=\"https:\/\/blogsaverroes.juntadeandalucia.es\/ceiplopezdieguez\/files\/2019\/11\/procedimientos-de-reclamaci\u00f3n.pdf\">procedimientos de reclamaci\u00f3n<\/a><\/p>\n<p>&nbsp;<\/p>\n<p><span style=\"float: none;background-color: #ffffff;color: #333333;cursor: text;font-family: 'Open Sans',sans-serif;font-size: 15px;font-style: normal;font-variant: normal;font-weight: 400;letter-spacing: normal;line-height: 24.3px;text-align: left;text-decoration: none;text-indent: 0px;text-transform: none\">INFANTIL Y PRIMARIA:<\/span><\/p>\n<p><a href=\"https:\/\/blogsaverroes.juntadeandalucia.es\/ceiplopezdieguez\/files\/2019\/09\/normas-b\u00e1sicas-centro.pdf\">normas b\u00e1sicas centro<\/a><\/p>\n<p><a href=\"https:\/\/blogsaverroes.juntadeandalucia.es\/ceiplopezdieguez\/files\/2019\/09\/Candidatura-madres_padres_delegados.pdf\">Candidatura madres_padres_delegados<\/a><\/p>\n<p>&nbsp;<\/p>\n<p>&nbsp;<\/p>\n","protected":false},"excerpt":{"rendered":"<p>Documentos tratados en la primera reuni\u00f3n de tutor\u00eda. PRIMARIA: objetivos primaria competencias clave criterios comunes de evaluaci\u00f3n e indicadores criterios evaluaci\u00f3n 1er ciclo criterios evaluaci\u00f3n 2\u00ba ciclo criterios evaluaci\u00f3n 3er ciclo criterios de calificaci\u00f3n&#46;&#46;&#46;<\/p>\n","protected":false},"author":1,"featured_media":0,"parent":0,"menu_order":0,"comment_status":"closed","ping_status":"open","template":"","meta":{"ngg_post_thumbnail":0,"footnotes":"","_mc_calendar":[]},"aioseo_notices":[],"_links":{"self":[{"href":"https:\/\/blogsaverroes.juntadeandalucia.es\/ceiplopezdieguez\/wp-json\/wp\/v2\/pages\/80"}],"collection":[{"href":"https:\/\/blogsaverroes.juntadeandalucia.es\/ceiplopezdieguez\/wp-json\/wp\/v2\/pages"}],"about":[{"href":"https:\/\/blogsaverroes.juntadeandalucia.es\/ceiplopezdieguez\/wp-json\/wp\/v2\/types\/page"}],"author":[{"embeddable":true,"href":"https:\/\/blogsaverroes.juntadeandalucia.es\/ceiplopezdieguez\/wp-json\/wp\/v2\/users\/1"}],"replies":[{"embeddable":true,"href":"https:\/\/blogsaverroes.juntadeandalucia.es\/ceiplopezdieguez\/wp-json\/wp\/v2\/comments?post=80"}],"version-history":[{"count":5,"href":"https:\/\/blogsaverroes.juntadeandalucia.es\/ceiplopezdieguez\/wp-json\/wp\/v2\/pages\/80\/revisions"}],"predecessor-version":[{"id":6550,"href":"https:\/\/blogsaverroes.juntadeandalucia.es\/ceiplopezdieguez\/wp-json\/wp\/v2\/pages\/80\/revisions\/6550"}],"wp:attachment":[{"href":"https:\/\/blogsaverroes.juntadeandalucia.es\/ceiplopezdieguez\/wp-json\/wp\/v2\/media?parent=80"}],"curies":[{"name":"wp","href":"https:\/\/api.w.org\/{rel}","templated":true}]}}