{"id":870,"date":"2015-03-16T07:24:27","date_gmt":"2015-03-16T07:24:27","guid":{"rendered":"http:\/\/blogsaverroes.juntadeandalucia.es\/pre\/ceip\/?page_id=103"},"modified":"2023-03-15T12:06:46","modified_gmt":"2023-03-15T12:06:46","slug":"aula-matinal","status":"publish","type":"page","link":"https:\/\/blogsaverroes.juntadeandalucia.es\/ceiplopezdieguez\/aula-matinal\/","title":{"rendered":"Aula Matinal"},"content":{"rendered":"<p><a href=\"https:\/\/blogsaverroes.juntadeandalucia.es\/ceiplopezdieguez\/files\/2020\/10\/aula-m.png\"><img loading=\"lazy\" decoding=\"async\" class=\"alignnone size-medium wp-image-6986\" src=\"https:\/\/blogsaverroes.juntadeandalucia.es\/ceiplopezdieguez\/files\/2020\/10\/aula-m-300x227.png\" alt=\"\" width=\"300\" height=\"227\" srcset=\"https:\/\/blogsaverroes.juntadeandalucia.es\/ceiplopezdieguez\/files\/2020\/10\/aula-m-300x227.png 300w, https:\/\/blogsaverroes.juntadeandalucia.es\/ceiplopezdieguez\/files\/2020\/10\/aula-m-24x18.png 24w, https:\/\/blogsaverroes.juntadeandalucia.es\/ceiplopezdieguez\/files\/2020\/10\/aula-m-36x27.png 36w, https:\/\/blogsaverroes.juntadeandalucia.es\/ceiplopezdieguez\/files\/2020\/10\/aula-m-48x36.png 48w, https:\/\/blogsaverroes.juntadeandalucia.es\/ceiplopezdieguez\/files\/2020\/10\/aula-m.png 512w\" sizes=\"(max-width: 300px) 100vw, 300px\" \/><\/a><\/p>\n<p>El <strong>Aula Matinal<\/strong> abre a las 7.30 horas de lunes a viernes, ofreciendo actividades diversas a los estudiantes hasta el comienzo del horario lectivo, el precio mensual del servicio es de 16,81 \u20ac y el precio por d\u00eda 1,28 \u20ac.<\/p>\n<p>Puede&nbsp;utilizarse&nbsp;cualquier d\u00eda previa inscripci\u00f3n y domicializaci\u00f3n bancaria.<\/p>\n<p>Desc\u00e1rgate aqu\u00ed el formulario, rell\u00e9nalo y entr\u00e9galo en Administraci\u00f3n o a trav\u00e9s de la direcci\u00f3n de correo 14001566.aux.edu@juntadeandalucia.es&nbsp;<\/p>\n<p><a href=\"http:\/\/blogsaverroes.juntadeandalucia.es\/ceiplopezdieguez\/files\/2015\/03\/ANEXO-II.pdf\">ANEXO II<\/a><\/p>\n<p>&nbsp;<\/p>\n","protected":false},"excerpt":{"rendered":"<p>El Aula Matinal abre a las 7.30 horas de lunes a viernes, ofreciendo actividades diversas a los estudiantes hasta el comienzo del horario lectivo, el precio mensual del servicio es de 16,81 \u20ac y&#46;&#46;&#46;<\/p>\n","protected":false},"author":1,"featured_media":0,"parent":0,"menu_order":0,"comment_status":"closed","ping_status":"open","template":"","meta":{"ngg_post_thumbnail":0,"footnotes":"","_mc_calendar":[]},"aioseo_notices":[],"_links":{"self":[{"href":"https:\/\/blogsaverroes.juntadeandalucia.es\/ceiplopezdieguez\/wp-json\/wp\/v2\/pages\/870"}],"collection":[{"href":"https:\/\/blogsaverroes.juntadeandalucia.es\/ceiplopezdieguez\/wp-json\/wp\/v2\/pages"}],"about":[{"href":"https:\/\/blogsaverroes.juntadeandalucia.es\/ceiplopezdieguez\/wp-json\/wp\/v2\/types\/page"}],"author":[{"embeddable":true,"href":"https:\/\/blogsaverroes.juntadeandalucia.es\/ceiplopezdieguez\/wp-json\/wp\/v2\/users\/1"}],"replies":[{"embeddable":true,"href":"https:\/\/blogsaverroes.juntadeandalucia.es\/ceiplopezdieguez\/wp-json\/wp\/v2\/comments?post=870"}],"version-history":[{"count":10,"href":"https:\/\/blogsaverroes.juntadeandalucia.es\/ceiplopezdieguez\/wp-json\/wp\/v2\/pages\/870\/revisions"}],"predecessor-version":[{"id":8546,"href":"https:\/\/blogsaverroes.juntadeandalucia.es\/ceiplopezdieguez\/wp-json\/wp\/v2\/pages\/870\/revisions\/8546"}],"wp:attachment":[{"href":"https:\/\/blogsaverroes.juntadeandalucia.es\/ceiplopezdieguez\/wp-json\/wp\/v2\/media?parent=870"}],"curies":[{"name":"wp","href":"https:\/\/api.w.org\/{rel}","templated":true}]}}