{"id":99,"date":"2015-03-16T07:22:54","date_gmt":"2015-03-16T07:22:54","guid":{"rendered":"http:\/\/blogsaverroes.juntadeandalucia.es\/pre\/ceip\/?page_id=99"},"modified":"2023-03-15T12:05:09","modified_gmt":"2023-03-15T12:05:09","slug":"comedor-escolar","status":"publish","type":"page","link":"https:\/\/blogsaverroes.juntadeandalucia.es\/ceiplopezdieguez\/comedor-escolar\/","title":{"rendered":"Comedor escolar. Come en el cole, come de cercan\u00eda"},"content":{"rendered":"<p><a href=\"https:\/\/blogsaverroes.juntadeandalucia.es\/ceiplopezdieguez\/files\/2021\/12\/Mayo-en-la-huerta-de-La-Caser\u00eda_web-200x200-1.jpg\"><img loading=\"lazy\" decoding=\"async\" class=\"alignnone size-full wp-image-7544\" src=\"https:\/\/blogsaverroes.juntadeandalucia.es\/ceiplopezdieguez\/files\/2021\/12\/Mayo-en-la-huerta-de-La-Caser\u00eda_web-200x200-1.jpg\" alt=\"\" width=\"200\" height=\"200\" srcset=\"https:\/\/blogsaverroes.juntadeandalucia.es\/ceiplopezdieguez\/files\/2021\/12\/Mayo-en-la-huerta-de-La-Caser\u00eda_web-200x200-1.jpg 200w, https:\/\/blogsaverroes.juntadeandalucia.es\/ceiplopezdieguez\/files\/2021\/12\/Mayo-en-la-huerta-de-La-Caser\u00eda_web-200x200-1-150x150.jpg 150w\" sizes=\"(max-width: 200px) 100vw, 200px\" \/><\/a><\/p>\n<p>Desde este curso, el comedor forma parte del Proyecto \u00abAlimentando C\u00f3rdoba\u00bb que pretende una alimentaci\u00f3n saludable y sostenible. Por ello nos proveemos de <strong>productos ecol\u00f3gicos<\/strong> en <a href=\"https:\/\/subbeticaecologica.com\/\">Subb\u00e9tica Ecol\u00f3gica<\/a>, <a href=\"https:\/\/hermisenda.com\/\">Hermisenda,<\/a>&nbsp;<a href=\"https:\/\/granjaahuevo.es\/\">Granja A Huevo,<\/a>&nbsp;<a href=\"http:\/\/www.lahuertalunera.com\/\">La Huerta Lunera<\/a>, entre otros.<\/p>\n<p><a href=\"https:\/\/ampalopezdieguez.wordpress.com\/2021\/11\/12\/come-en-el-cole-come-de-cercania\/\">Programa Come en el cole, come de cercan\u00eda.<\/a><\/p>\n<p><a href=\"https:\/\/blogsaverroes.juntadeandalucia.es\/ceiplopezdieguez\/files\/2022\/04\/Alimentando-Cordoba_Receta-a-Receta.pdf\">Alimentando-Cordoba_Receta-a-Receta<\/a>. Desde el proyecto han elaborado esta estupenda gu\u00eda-recetario para disfrute de todas las familias interesadas.<\/p>\n<p><a href=\"https:\/\/blogsaverroes.juntadeandalucia.es\/ceiplopezdieguez\/files\/2022\/05\/men\u00fa-junio-21-22.pdf\">men\u00fa junio 21-22<\/a><\/p>\n<p>Importante: Las croquetas del d\u00eda <strong>14 de junio<\/strong> se cambiar\u00e1n por calamares fritos.<\/p>\n<p>Adem\u00e1s, puedes consultar nuestros anexos; traen cositas interesantes. Se recomienda descargar men\u00fas y anexos para visualizar correctamente&nbsp; todo su contenido.<\/p>\n<p><a href=\"https:\/\/blogsaverroes.juntadeandalucia.es\/ceiplopezdieguez\/files\/2022\/05\/anexo-junio.pdf\">anexo junio<\/a><\/p>\n<p><a href=\"https:\/\/blogsaverroes.juntadeandalucia.es\/ceiplopezdieguez\/files\/2022\/04\/anexo-mayo.pdf\">anexo mayo<\/a><\/p>\n<p><a href=\"https:\/\/blogsaverroes.juntadeandalucia.es\/ceiplopezdieguez\/files\/2022\/03\/anexo-abril.pdf\">anexo abril<\/a><\/p>\n<p><a href=\"https:\/\/blogsaverroes.juntadeandalucia.es\/ceiplopezdieguez\/files\/2022\/02\/anexo-marzo.pdf\">anexo marzo<\/a><\/p>\n<p><a href=\"https:\/\/blogsaverroes.juntadeandalucia.es\/ceiplopezdieguez\/files\/2022\/01\/anexo-febrero-2.pdf\">anexo febrero<\/a><\/p>\n<p><a href=\"https:\/\/blogsaverroes.juntadeandalucia.es\/ceiplopezdieguez\/files\/2021\/12\/anexo-enero.pdf\">anexo enero<\/a><\/p>\n<p>El horario destinado a este servicio complementario es de 14:00 a 16:00 horas de lunes a viernes y el coste diario de 4.78 \u20ac (en caso de no tener bonificaci\u00f3n). Para cualquier informaci\u00f3n relacionada con los servicios complementarios pueden consultar en el correo de administraci\u00f3n: <strong>14001566.aux.edu@juntadeandalucia.es&nbsp;<\/strong>o en los tel\u00e9fonos 957379960 y 671597837.<\/p>\n<p style=\"text-align: justify\"><span style=\"font-size: 16px\"><strong>IMPORTANTE<\/strong>: Avisar antes de las 10:00 horas de ese d\u00eda por tel\u00e9fono o en Administraci\u00f3n siempre que su hija o hijo no acuda al comedor para evitar tener que desperdiciar comida (habr\u00eda que tirarla). Caso de no hacerlo se cobrar\u00eda ese d\u00eda.&nbsp;<\/span><\/p>\n<p><a href=\"https:\/\/blogsaverroes.juntadeandalucia.es\/ceiplopezdieguez\/files\/2019\/10\/IDENTIFICACI\u00d3N-AL\u00c9RGENOS.pdf\">IDENTIFICACI\u00d3N AL\u00c9RGENOS<\/a><\/p>\n<p><a href=\"https:\/\/blogsaverroes.juntadeandalucia.es\/ceiplopezdieguez\/files\/2021\/09\/informaci\u00f3n-comedor.pdf\">informaci\u00f3n comedor<\/a><\/p>\n<p>Normativa:<\/p>\n<p><a href=\"https:\/\/blogsaverroes.juntadeandalucia.es\/ceiplopezdieguez\/files\/2015\/03\/Orden-17-abril-2017.pdf\">Orden 17 abril 2017<\/a><\/p>\n<p><a href=\"https:\/\/blogsaverroes.juntadeandalucia.es\/ceiplopezdieguez\/files\/2015\/03\/orden-27-marzo-2019-modificaci\u00f3n-orden-17-abril.pdf\">orden 27 marzo 2019 modificaci\u00f3n orden 17 abril<\/a><\/p>\n<p>Solicitud:<\/p>\n<p><a href=\"https:\/\/blogsaverroes.juntadeandalucia.es\/ceiplopezdieguez\/files\/2015\/03\/ANEXO-II-1.pdf\">ANEXO II Solicitud del servicio<\/a><\/p>\n<p><a href=\"https:\/\/blogsaverroes.juntadeandalucia.es\/ceiplopezdieguez\/files\/2020\/09\/no-asistencia-temporal-del-comedor.pdf\">no asistencia temporal del comedor<\/a><\/p>\n<p><a href=\"https:\/\/blogsaverroes.juntadeandalucia.es\/ceiplopezdieguez\/files\/2020\/09\/solicitud_baja_paf.pdf\">solicitud_baja_paf<\/a><\/p>\n<p><a href=\"https:\/\/blogsaverroes.juntadeandalucia.es\/ceiplopezdieguez\/files\/2020\/09\/Anexo_V_Solicitud_de_bonificacion_AM_CE_y_AAEX.pdf\">Anexo_V_Solicitud_de_bonificacion_AM_CE_y_AAEX<\/a><\/p>\n<div>DISTRIBUCI\u00d3N DE LAS COMIDAS:<\/div>\n<div>Diversos estudios sobre la distribuci\u00f3n de las calor\u00edas a lo largo del d\u00eda aconsejan que:<\/div>\n<div>Un 25% de las calor\u00edas se tomen en la primera comida del d\u00eda, es decir en el desayuno, un 30-40% en la comida del mediod\u00eda, un 10-15% en la merienda y un 20-30% en la cena.<\/div>\n<div>&nbsp;<\/div>\n<div>\n<div><strong>El desayuno<br \/>\n<\/strong><\/div>\n<div>El desayuno es una de las tomas del d\u00eda m\u00e1s importantes y deber\u00eda cubrir, al menos, el 25% de las necesidades nutritivas del escolar. Un aporte inadecuado puede provocar una disminuci\u00f3n de la atenci\u00f3n y del rendimiento en las primeras horas de clase y, por otro lado, inducir una sensaci\u00f3n de hambre m\u00e1s intensa a la hora del recreo y una ingesta m\u00e1s copiosa de alimentos no adecuados (chucher\u00edas, boller\u00eda,&nbsp; etc&#8230;), lo cual a su vez puede redundar en que lleguen con menos apetito al almuerzo.<br \/>\nUn buen desayuno debe constar de: un l\u00e1cteo, cereales (pan, cereales de desayuno, galletas) y alguna fruta. A media ma\u00f1ana se puede tomar una fruta, un yogur o un bocadillo peque\u00f1o.<\/div>\n<div>&nbsp;<\/div>\n<\/div>\n<div>\n<div><strong>La merienda<br \/>\n<\/strong><\/div>\n<div>La merienda nos brinda la oportunidad de completar el aporte energ\u00e9tico del d\u00eda. Suele ser muy bien aceptada por los ni\u00f1os y por las ni\u00f1as&nbsp;y debe basarse en: l\u00e1cteos, frutas naturales, zumos naturales y bocadillos diversos, seg\u00fan el apetito del ni\u00f1o o de la ni\u00f1a &nbsp;y de su gasto energ\u00e9tico (no debe ser nunca excesiva).<\/div>\n<div>Se recomienda que la boller\u00eda no se consuma m\u00e1s de una vez por semana.<\/div>\n<div>La denominada \u201cmerienda cena\u201d es una opci\u00f3n nutricional aceptable cuando se incluyen alimentos suficientes y variados y se practica ocasionalmente.<\/div>\n<\/div>\n<div>\n<div>&nbsp;<\/div>\n<div><strong>La cena<br \/>\n<\/strong><\/div>\n<div>La cena es la \u00faltima comida del d\u00eda y debemos procurar incluir aquellos alimentos que no se han ingerido a lo largo del d\u00eda y en preparaciones culinarias f\u00e1ciles de consumir y digerir. Se debe planificar su horario de forma que el ni\u00f1o o la ni\u00f1a&nbsp;no tenga que irse a dormir inmediatamente despu\u00e9s de cenar.<\/div>\n<div>Como platos propios de la cena se sugieren:<\/div>\n<div>Pur\u00e9s de verduras.<br \/>\nSopa de verduras o pasta ligeras.<br \/>\nEnsaladas variadas que pueden incluir diferentes verduras y peque\u00f1as raciones de arroz, pastas, frutos secos que enriquecen su contenido nutricional.<br \/>\nRaciones peque\u00f1as de pescados, carne y huevos, dependiendo de lo que se haya tomado en la comida del mediod\u00eda.<br \/>\nPan<br \/>\nPostre: fruta<br \/>\nBebida: agua<\/div>\n<div>Es recomendable tomar un vaso de leche caliente antes de dormir, favorece la conciliaci\u00f3n del sue\u00f1o.<\/div>\n<\/div>\n","protected":false},"excerpt":{"rendered":"<p>Desde este curso, el comedor forma parte del Proyecto \u00abAlimentando C\u00f3rdoba\u00bb que pretende una alimentaci\u00f3n saludable y sostenible. Por ello nos proveemos de productos ecol\u00f3gicos en Subb\u00e9tica Ecol\u00f3gica, Hermisenda,&nbsp;Granja A Huevo,&nbsp;La Huerta Lunera, entre&#46;&#46;&#46;<\/p>\n","protected":false},"author":1,"featured_media":7544,"parent":0,"menu_order":0,"comment_status":"closed","ping_status":"open","template":"","meta":{"ngg_post_thumbnail":0,"footnotes":"","_mc_calendar":[]},"aioseo_notices":[],"_links":{"self":[{"href":"https:\/\/blogsaverroes.juntadeandalucia.es\/ceiplopezdieguez\/wp-json\/wp\/v2\/pages\/99"}],"collection":[{"href":"https:\/\/blogsaverroes.juntadeandalucia.es\/ceiplopezdieguez\/wp-json\/wp\/v2\/pages"}],"about":[{"href":"https:\/\/blogsaverroes.juntadeandalucia.es\/ceiplopezdieguez\/wp-json\/wp\/v2\/types\/page"}],"author":[{"embeddable":true,"href":"https:\/\/blogsaverroes.juntadeandalucia.es\/ceiplopezdieguez\/wp-json\/wp\/v2\/users\/1"}],"replies":[{"embeddable":true,"href":"https:\/\/blogsaverroes.juntadeandalucia.es\/ceiplopezdieguez\/wp-json\/wp\/v2\/comments?post=99"}],"version-history":[{"count":203,"href":"https:\/\/blogsaverroes.juntadeandalucia.es\/ceiplopezdieguez\/wp-json\/wp\/v2\/pages\/99\/revisions"}],"predecessor-version":[{"id":8544,"href":"https:\/\/blogsaverroes.juntadeandalucia.es\/ceiplopezdieguez\/wp-json\/wp\/v2\/pages\/99\/revisions\/8544"}],"wp:featuredmedia":[{"embeddable":true,"href":"https:\/\/blogsaverroes.juntadeandalucia.es\/ceiplopezdieguez\/wp-json\/wp\/v2\/media\/7544"}],"wp:attachment":[{"href":"https:\/\/blogsaverroes.juntadeandalucia.es\/ceiplopezdieguez\/wp-json\/wp\/v2\/media?parent=99"}],"curies":[{"name":"wp","href":"https:\/\/api.w.org\/{rel}","templated":true}]}}