{"id":206,"date":"2020-02-12T08:09:58","date_gmt":"2020-02-12T07:09:58","guid":{"rendered":"http:\/\/blogsaverroes.juntadeandalucia.es\/pre\/nuevoceip2v2\/?page_id=206"},"modified":"2026-03-24T12:35:41","modified_gmt":"2026-03-24T11:35:41","slug":"novedades","status":"publish","type":"page","link":"https:\/\/blogsaverroes.juntadeandalucia.es\/ceiplosangeles\/novedades\/","title":{"rendered":"Novedades"},"content":{"rendered":"<h1 style=\"text-align: center\">JORNADA DE PUERTAS ABIERTAS<\/h1>\n<p><img loading=\"lazy\" decoding=\"async\" class=\"aligncenter size-large wp-image-12891\" src=\"https:\/\/blogsaverroes.juntadeandalucia.es\/ceiplosangeles\/files\/2026\/02\/Cartel-Puertas-Abiertas-9-de-febrero-724x1024.png\" alt=\"\" width=\"724\" height=\"1024\"><\/p>\n<h1 style=\"text-align: center\">MEN\u00da COMEDOR<\/h1>\n<p><a title=\"Men\u00fa Comedor\" href=\"https:\/\/blogsaverroes.juntadeandalucia.es\/ceiplosangeles\/files\/2025\/11\/menu-comedor-10-11-a-05-12.pdf\" target=\"_blank\" rel=\"noopener\">Pulsar aqu\u00ed para ver el Men\u00fa del Comedor del 10\/10 al 05\/12<\/a><\/p>\n<h1 style=\"text-align: center\">MATERIALES CURSO 2025\/26<\/h1>\n<p><img loading=\"lazy\" decoding=\"async\" class=\"aligncenter wp-image-12643\" src=\"https:\/\/blogsaverroes.juntadeandalucia.es\/ceiplosangeles\/files\/2025\/06\/mATERIALES-1024x679.jpg\" alt=\"\" width=\"340\" height=\"225\"><\/p>\n<p>&nbsp;<\/p>\n<h3 style=\"text-align: center\"><span style=\"font-family: 'comic sans ms', sans-serif\"><a href=\"https:\/\/blogsaverroes.juntadeandalucia.es\/ceiplosangeles\/files\/2025\/06\/MATERIAL1ER-CICLO-CURSO-25-26.pdf\" target=\"_blank\" rel=\"noopener\">Pulsar aqu\u00ed para ver el listado de materiales para 1\u00ba y 2\u00ba<\/a><\/span><\/h3>\n<h3 style=\"text-align: center\"><span style=\"font-family: 'comic sans ms', sans-serif\"><a href=\"https:\/\/blogsaverroes.juntadeandalucia.es\/ceiplosangeles\/files\/2025\/06\/Material-segundo-ciclo-curso-25-26.pdf\" target=\"_blank\" rel=\"noopener\">Pulsar aqu\u00ed para ver el Material para 3\u00ba y 4\u00ba<\/a><\/span><\/h3>\n<h3 style=\"text-align: center\"><span style=\"font-family: 'comic sans ms', sans-serif\"><a href=\"https:\/\/blogsaverroes.juntadeandalucia.es\/ceiplosangeles\/files\/2025\/06\/MATERIAL-5o-Y-6o-CURSO-25-26.pdf\" target=\"_blank\" rel=\"noopener\">Pulsar aqu\u00ed para ver el Material para 5\u00ba y 6\u00ba<\/a><\/span><\/h3>\n<h3 style=\"text-align: center\">\u00a1Feliz Verano!<\/h3>\n<p>&nbsp;<\/p>\n<h1 style=\"text-align: center\"><span style=\"font-family: 'comic sans ms', sans-serif\">D\u00cdA DEL LIBRO<\/span><\/h1>\n<p><span style=\"font-family: 'comic sans ms', sans-serif;font-size: 12pt\">Con motivo de la celebraci\u00f3n del D\u00eda del Libro, organizamos nuestro III Concurso de Marcap\u00e1ginas.<\/span><\/p>\n<p><img loading=\"lazy\" decoding=\"async\" class=\"aligncenter size-full wp-image-12628\" src=\"https:\/\/blogsaverroes.juntadeandalucia.es\/ceiplosangeles\/files\/2025\/04\/concurso-marcapaginas.jpg\" alt=\"\" width=\"598\" height=\"860\" srcset=\"https:\/\/blogsaverroes.juntadeandalucia.es\/ceiplosangeles\/files\/2025\/04\/concurso-marcapaginas.jpg 598w, https:\/\/blogsaverroes.juntadeandalucia.es\/ceiplosangeles\/files\/2025\/04\/concurso-marcapaginas-480x690.jpg 480w\" sizes=\"(min-width: 0px) and (max-width: 480px) 480px, (min-width: 481px) 598px, 100vw\" \/><\/p>\n<p>&nbsp;<\/p>\n<h1 style=\"text-align: center\"><span style=\"font-family: 'times new roman', times, serif\">D\u00cdA DE LA MUJER TRABAJADORA<\/span><\/h1>\n<p><span style=\"font-family: 'times new roman', times, serif\">El 8 de Marzo celebramos el D\u00eda de la Mujer Trabajadora, con una marcha por el barrio acompa\u00f1ados por miembros de la comunidad educativa.<\/span><\/p>\n<p><img loading=\"lazy\" decoding=\"async\" class=\"aligncenter size-full wp-image-12630\" src=\"https:\/\/blogsaverroes.juntadeandalucia.es\/ceiplosangeles\/files\/2025\/04\/cartel-dia-mujer.jpg\" alt=\"\" width=\"1007\" height=\"1008\" srcset=\"https:\/\/blogsaverroes.juntadeandalucia.es\/ceiplosangeles\/files\/2025\/04\/cartel-dia-mujer.jpg 1007w, https:\/\/blogsaverroes.juntadeandalucia.es\/ceiplosangeles\/files\/2025\/04\/cartel-dia-mujer-980x981.jpg 980w, https:\/\/blogsaverroes.juntadeandalucia.es\/ceiplosangeles\/files\/2025\/04\/cartel-dia-mujer-480x480.jpg 480w\" sizes=\"(min-width: 0px) and (max-width: 480px) 480px, (min-width: 481px) and (max-width: 980px) 980px, (min-width: 981px) 1007px, 100vw\" \/><\/p>\n","protected":false},"excerpt":{"rendered":"<p>JORNADA DE PUERTAS ABIERTAS MEN\u00da COMEDOR Pulsar aqu\u00ed para ver el Men\u00fa del Comedor del 10\/10 al 05\/12 MATERIALES CURSO 2025\/26 &nbsp; Pulsar aqu\u00ed para ver el listado de materiales para 1\u00ba y 2\u00ba Pulsar aqu\u00ed para ver el Material para 3\u00ba y 4\u00ba Pulsar aqu\u00ed para ver el Material para 5\u00ba y 6\u00ba \u00a1Feliz [&hellip;]<\/p>\n","protected":false},"author":17856,"featured_media":12902,"parent":0,"menu_order":0,"comment_status":"closed","ping_status":"closed","template":"","meta":{"_et_pb_use_builder":"off","_et_pb_old_content":"","_et_gb_content_width":"","ngg_post_thumbnail":0,"footnotes":""},"aioseo_notices":[],"_links":{"self":[{"href":"https:\/\/blogsaverroes.juntadeandalucia.es\/ceiplosangeles\/wp-json\/wp\/v2\/pages\/206"}],"collection":[{"href":"https:\/\/blogsaverroes.juntadeandalucia.es\/ceiplosangeles\/wp-json\/wp\/v2\/pages"}],"about":[{"href":"https:\/\/blogsaverroes.juntadeandalucia.es\/ceiplosangeles\/wp-json\/wp\/v2\/types\/page"}],"author":[{"embeddable":true,"href":"https:\/\/blogsaverroes.juntadeandalucia.es\/ceiplosangeles\/wp-json\/wp\/v2\/users\/17856"}],"replies":[{"embeddable":true,"href":"https:\/\/blogsaverroes.juntadeandalucia.es\/ceiplosangeles\/wp-json\/wp\/v2\/comments?post=206"}],"version-history":[{"count":12,"href":"https:\/\/blogsaverroes.juntadeandalucia.es\/ceiplosangeles\/wp-json\/wp\/v2\/pages\/206\/revisions"}],"predecessor-version":[{"id":12893,"href":"https:\/\/blogsaverroes.juntadeandalucia.es\/ceiplosangeles\/wp-json\/wp\/v2\/pages\/206\/revisions\/12893"}],"wp:featuredmedia":[{"embeddable":true,"href":"https:\/\/blogsaverroes.juntadeandalucia.es\/ceiplosangeles\/wp-json\/wp\/v2\/media\/12902"}],"wp:attachment":[{"href":"https:\/\/blogsaverroes.juntadeandalucia.es\/ceiplosangeles\/wp-json\/wp\/v2\/media?parent=206"}],"curies":[{"name":"wp","href":"https:\/\/api.w.org\/{rel}","templated":true}]}}