{"id":33,"date":"2020-01-09T12:42:06","date_gmt":"2020-01-09T11:42:06","guid":{"rendered":"http:\/\/blogsaverroes.juntadeandalucia.es\/pre\/nuevoceip2v2\/?page_id=33"},"modified":"2024-05-24T09:26:36","modified_gmt":"2024-05-24T08:26:36","slug":"aula-matinal","status":"publish","type":"page","link":"https:\/\/blogsaverroes.juntadeandalucia.es\/ceiplosangeles\/aula-matinal\/","title":{"rendered":"Aula matinal"},"content":{"rendered":"<p>[et_pb_section fb_built=&#8221;1&#8243; _builder_version=&#8221;4.16&#8243; custom_padding=&#8221;0px||0px|&#8221; z_index_tablet=&#8221;500&#8243; box_shadow_horizontal_tablet=&#8221;0px&#8221; box_shadow_vertical_tablet=&#8221;0px&#8221; box_shadow_blur_tablet=&#8221;40px&#8221; box_shadow_spread_tablet=&#8221;0px&#8221; global_colors_info=&#8221;{}&#8221;][et_pb_row _builder_version=&#8221;4.16&#8243; background_size=&#8221;initial&#8221; background_position=&#8221;top_left&#8221; background_repeat=&#8221;repeat&#8221; global_colors_info=&#8221;{}&#8221;][et_pb_column type=&#8221;4_4&#8243; _builder_version=&#8221;4.16&#8243; custom_padding=&#8221;|||&#8221; global_colors_info=&#8221;{}&#8221; custom_padding__hover=&#8221;|||&#8221;][et_pb_image src=&#8221;https:\/\/blogsaverroes.juntadeandalucia.es\/ceiplosangeles\/files\/2023\/12\/Encabezado-de-Google-Classroom-Papeler\u00eda-Alfabetizaci\u00f3n-Rosa.jpg&#8221; title_text=&#8221;Encabezado de Google Classroom Papeler\u00eda Alfabetizaci\u00f3n Rosa&#8221; admin_label=&#8221;Imagen de la portada&#8221; _builder_version=&#8221;4.16&#8243; z_index_tablet=&#8221;500&#8243; box_shadow_horizontal_tablet=&#8221;0px&#8221; box_shadow_vertical_tablet=&#8221;0px&#8221; box_shadow_blur_tablet=&#8221;40px&#8221; box_shadow_spread_tablet=&#8221;0px&#8221; global_colors_info=&#8221;{}&#8221;][\/et_pb_image][et_pb_text admin_label=&#8221;Texto descriptivo&#8221; _builder_version=&#8221;4.24.2&#8243; ol_text_align=&#8221;justify&#8221; module_alignment=&#8221;center&#8221; link_option_url_new_window=&#8221;on&#8221; hover_enabled=&#8221;0&#8243; z_index_tablet=&#8221;500&#8243; text_text_shadow_horizontal_length_tablet=&#8221;0px&#8221; text_text_shadow_vertical_length_tablet=&#8221;0px&#8221; text_text_shadow_blur_strength_tablet=&#8221;1px&#8221; link_text_shadow_horizontal_length_tablet=&#8221;0px&#8221; link_text_shadow_vertical_length_tablet=&#8221;0px&#8221; link_text_shadow_blur_strength_tablet=&#8221;1px&#8221; ul_text_shadow_horizontal_length_tablet=&#8221;0px&#8221; ul_text_shadow_vertical_length_tablet=&#8221;0px&#8221; ul_text_shadow_blur_strength_tablet=&#8221;1px&#8221; ol_text_shadow_horizontal_length_tablet=&#8221;0px&#8221; ol_text_shadow_vertical_length_tablet=&#8221;0px&#8221; ol_text_shadow_blur_strength_tablet=&#8221;1px&#8221; quote_text_shadow_horizontal_length_tablet=&#8221;0px&#8221; quote_text_shadow_vertical_length_tablet=&#8221;0px&#8221; quote_text_shadow_blur_strength_tablet=&#8221;1px&#8221; header_text_shadow_horizontal_length_tablet=&#8221;0px&#8221; header_text_shadow_vertical_length_tablet=&#8221;0px&#8221; header_text_shadow_blur_strength_tablet=&#8221;1px&#8221; header_2_text_shadow_horizontal_length_tablet=&#8221;0px&#8221; header_2_text_shadow_vertical_length_tablet=&#8221;0px&#8221; header_2_text_shadow_blur_strength_tablet=&#8221;1px&#8221; header_3_text_shadow_horizontal_length_tablet=&#8221;0px&#8221; header_3_text_shadow_vertical_length_tablet=&#8221;0px&#8221; header_3_text_shadow_blur_strength_tablet=&#8221;1px&#8221; header_4_text_shadow_horizontal_length_tablet=&#8221;0px&#8221; header_4_text_shadow_vertical_length_tablet=&#8221;0px&#8221; header_4_text_shadow_blur_strength_tablet=&#8221;1px&#8221; header_5_text_shadow_horizontal_length_tablet=&#8221;0px&#8221; header_5_text_shadow_vertical_length_tablet=&#8221;0px&#8221; header_5_text_shadow_blur_strength_tablet=&#8221;1px&#8221; header_6_text_shadow_horizontal_length_tablet=&#8221;0px&#8221; header_6_text_shadow_vertical_length_tablet=&#8221;0px&#8221; header_6_text_shadow_blur_strength_tablet=&#8221;1px&#8221; box_shadow_horizontal_tablet=&#8221;0px&#8221; box_shadow_vertical_tablet=&#8221;0px&#8221; box_shadow_blur_tablet=&#8221;40px&#8221; box_shadow_spread_tablet=&#8221;0px&#8221; global_colors_info=&#8221;{}&#8221; sticky_enabled=&#8221;0&#8243;]<\/p>\n<h2>Aula matinal<\/h2>\n<blockquote>\n<p>El aula matinal es una actividad que la Asociaci\u00f3n TRANS realiza en diversos centros educativos de la provincia de M\u00e1laga. Se trata de un servicio dependiente de la Junta de Andaluc\u00eda, planificado por la Consejer\u00eda de Educaci\u00f3n y gestionado por la Agencia P\u00fablica Andaluza de Educaci\u00f3n y Formaci\u00f3n. La adjudicaci\u00f3n de este servicio se realiza mediante licitaci\u00f3n p\u00fablica.<br \/>El objetivo principal del aula matinal es ofrecer la oportunidad a las familias de disponer de un horario escolar ampliado entre las 7:30 h. y las 9:00 h.&nbsp; en el cual los ni\u00f1os y las ni\u00f1as de Educaci\u00f3n Infantil y Primaria reciban una atenci\u00f3n profesional adecuada en los aspectos intelectual, social y educativo.<br \/>En la visi\u00f3n que la Asociaci\u00f3n TRANS tiene del servicio de Aula Matinal hay un aspecto fundamental: para TRANS-El Aula Matinal es inequ\u00edvocamente un momento educativo. Esta consideraci\u00f3n, m\u00e1s all\u00e1 de ser una mera declaraci\u00f3n de intenciones, supone en la pr\u00e1ctica diaria un enfoque concreto de todos los aspectos de la actividad: objetivos, planificaci\u00f3n, formaci\u00f3n de los y las profesionales que atienden al alumnado, procedimientos y protocolos de actuaci\u00f3n. Si la familia hace uso del servicio p\u00fablico m\u00e1s de 13 d\u00edas al mes, aportar\u00e1 en funci\u00f3n del precio mensual. Si por el contrario, la familia usa el servicio p\u00fablico 13 d\u00edas menos, aportar\u00e1 en funci\u00f3n del precio por d\u00eda de uso disfrutado del servicio p\u00fablico de aula matinal, seg\u00fan el Acuerdo del Consejo de Gobierno vigente en cada momento por el que se determinen las cuant\u00edas de los precios p\u00fablicos de los servicios de aula matinal en los centros docentes p\u00fablicos de Andaluc\u00eda (17,51\u20ac\/mes o 1,33\u20ac\/d\u00eda).<br \/>En todos los casos, tanto por d\u00edas sueltos como por mensualidad completa, se aplicar\u00e1 el porcentaje de bonificaci\u00f3n del servicio.<br \/>Las familias tienen a su disposici\u00f3n una p\u00e1gina web<a href=\"https:\/\/trans.ateneaerp.es\/login\"> https:\/\/trans.ateneaerp.es\/login<\/a> donde pueden consultar recibos y la asistencia de sus hijos e hijas al servicio.<\/p>\n<\/blockquote>\n<p>[\/et_pb_text][\/et_pb_column][\/et_pb_row][\/et_pb_section]<\/p>\n","protected":false},"excerpt":{"rendered":"<p>Aula matinal El aula matinal es una actividad que la Asociaci\u00f3n TRANS realiza en diversos centros educativos de la provincia de M\u00e1laga. Se trata de un servicio dependiente de la Junta de Andaluc\u00eda, planificado por la Consejer\u00eda de Educaci\u00f3n y gestionado por la Agencia P\u00fablica Andaluza de Educaci\u00f3n y Formaci\u00f3n. La adjudicaci\u00f3n de este servicio [&hellip;]<\/p>\n","protected":false},"author":17856,"featured_media":0,"parent":0,"menu_order":0,"comment_status":"closed","ping_status":"closed","template":"","meta":{"_et_pb_use_builder":"on","_et_pb_old_content":"","_et_gb_content_width":"","ngg_post_thumbnail":0,"footnotes":""},"aioseo_notices":[],"_links":{"self":[{"href":"https:\/\/blogsaverroes.juntadeandalucia.es\/ceiplosangeles\/wp-json\/wp\/v2\/pages\/33"}],"collection":[{"href":"https:\/\/blogsaverroes.juntadeandalucia.es\/ceiplosangeles\/wp-json\/wp\/v2\/pages"}],"about":[{"href":"https:\/\/blogsaverroes.juntadeandalucia.es\/ceiplosangeles\/wp-json\/wp\/v2\/types\/page"}],"author":[{"embeddable":true,"href":"https:\/\/blogsaverroes.juntadeandalucia.es\/ceiplosangeles\/wp-json\/wp\/v2\/users\/17856"}],"replies":[{"embeddable":true,"href":"https:\/\/blogsaverroes.juntadeandalucia.es\/ceiplosangeles\/wp-json\/wp\/v2\/comments?post=33"}],"version-history":[{"count":8,"href":"https:\/\/blogsaverroes.juntadeandalucia.es\/ceiplosangeles\/wp-json\/wp\/v2\/pages\/33\/revisions"}],"predecessor-version":[{"id":12557,"href":"https:\/\/blogsaverroes.juntadeandalucia.es\/ceiplosangeles\/wp-json\/wp\/v2\/pages\/33\/revisions\/12557"}],"wp:attachment":[{"href":"https:\/\/blogsaverroes.juntadeandalucia.es\/ceiplosangeles\/wp-json\/wp\/v2\/media?parent=33"}],"curies":[{"name":"wp","href":"https:\/\/api.w.org\/{rel}","templated":true}]}}