{"id":39,"date":"2020-01-09T12:44:11","date_gmt":"2020-01-09T11:44:11","guid":{"rendered":"http:\/\/blogsaverroes.juntadeandalucia.es\/pre\/nuevoceip2v2\/?page_id=39"},"modified":"2025-12-10T09:19:16","modified_gmt":"2025-12-10T08:19:16","slug":"comedor-escolar","status":"publish","type":"page","link":"https:\/\/blogsaverroes.juntadeandalucia.es\/ceiplosangeles\/comedor-escolar\/","title":{"rendered":"Comedor escolar"},"content":{"rendered":"<p>[et_pb_section fb_built=&#8221;1&#8243; _builder_version=&#8221;4.16&#8243; custom_padding=&#8221;0px||0px|&#8221; z_index_tablet=&#8221;500&#8243; box_shadow_horizontal_tablet=&#8221;0px&#8221; box_shadow_vertical_tablet=&#8221;0px&#8221; box_shadow_blur_tablet=&#8221;40px&#8221; box_shadow_spread_tablet=&#8221;0px&#8221; collapsed=&#8221;on&#8221; global_colors_info=&#8221;{}&#8221;][et_pb_row _builder_version=&#8221;4.16&#8243; background_size=&#8221;initial&#8221; background_position=&#8221;top_left&#8221; background_repeat=&#8221;repeat&#8221; global_colors_info=&#8221;{}&#8221;][et_pb_column type=&#8221;4_4&#8243; _builder_version=&#8221;4.16&#8243; custom_padding=&#8221;|||&#8221; global_colors_info=&#8221;{}&#8221; custom_padding__hover=&#8221;|||&#8221;][et_pb_image src=&#8221;https:\/\/blogsaverroes.juntadeandalucia.es\/ceiplosangeles\/files\/2023\/12\/Encabezado-de-Google-Classroom-Morado-Degradado-Geometr\u00eda-Matem\u00e1ticas.jpg&#8221; title_text=&#8221;Encabezado de Google Classroom Morado Degradado Geometr\u00eda Matem\u00e1ticas&#8221; admin_label=&#8221;Imagen de la portada&#8221; _builder_version=&#8221;4.16&#8243; z_index_tablet=&#8221;500&#8243; box_shadow_horizontal_tablet=&#8221;0px&#8221; box_shadow_vertical_tablet=&#8221;0px&#8221; box_shadow_blur_tablet=&#8221;40px&#8221; box_shadow_spread_tablet=&#8221;0px&#8221; global_colors_info=&#8221;{}&#8221;][\/et_pb_image][et_pb_text admin_label=&#8221;Texto descriptivo&#8221; _builder_version=&#8221;4.16&#8243; z_index_tablet=&#8221;500&#8243; text_text_shadow_horizontal_length_tablet=&#8221;0px&#8221; text_text_shadow_vertical_length_tablet=&#8221;0px&#8221; text_text_shadow_blur_strength_tablet=&#8221;1px&#8221; link_text_shadow_horizontal_length_tablet=&#8221;0px&#8221; link_text_shadow_vertical_length_tablet=&#8221;0px&#8221; link_text_shadow_blur_strength_tablet=&#8221;1px&#8221; ul_text_shadow_horizontal_length_tablet=&#8221;0px&#8221; ul_text_shadow_vertical_length_tablet=&#8221;0px&#8221; ul_text_shadow_blur_strength_tablet=&#8221;1px&#8221; ol_text_shadow_horizontal_length_tablet=&#8221;0px&#8221; ol_text_shadow_vertical_length_tablet=&#8221;0px&#8221; ol_text_shadow_blur_strength_tablet=&#8221;1px&#8221; quote_text_shadow_horizontal_length_tablet=&#8221;0px&#8221; quote_text_shadow_vertical_length_tablet=&#8221;0px&#8221; quote_text_shadow_blur_strength_tablet=&#8221;1px&#8221; header_text_shadow_horizontal_length_tablet=&#8221;0px&#8221; header_text_shadow_vertical_length_tablet=&#8221;0px&#8221; header_text_shadow_blur_strength_tablet=&#8221;1px&#8221; header_2_text_shadow_horizontal_length_tablet=&#8221;0px&#8221; header_2_text_shadow_vertical_length_tablet=&#8221;0px&#8221; header_2_text_shadow_blur_strength_tablet=&#8221;1px&#8221; header_3_text_shadow_horizontal_length_tablet=&#8221;0px&#8221; header_3_text_shadow_vertical_length_tablet=&#8221;0px&#8221; header_3_text_shadow_blur_strength_tablet=&#8221;1px&#8221; header_4_text_shadow_horizontal_length_tablet=&#8221;0px&#8221; header_4_text_shadow_vertical_length_tablet=&#8221;0px&#8221; header_4_text_shadow_blur_strength_tablet=&#8221;1px&#8221; header_5_text_shadow_horizontal_length_tablet=&#8221;0px&#8221; header_5_text_shadow_vertical_length_tablet=&#8221;0px&#8221; header_5_text_shadow_blur_strength_tablet=&#8221;1px&#8221; header_6_text_shadow_horizontal_length_tablet=&#8221;0px&#8221; header_6_text_shadow_vertical_length_tablet=&#8221;0px&#8221; header_6_text_shadow_blur_strength_tablet=&#8221;1px&#8221; box_shadow_horizontal_tablet=&#8221;0px&#8221; box_shadow_vertical_tablet=&#8221;0px&#8221; box_shadow_blur_tablet=&#8221;40px&#8221; box_shadow_spread_tablet=&#8221;0px&#8221; global_colors_info=&#8221;{}&#8221;]<\/p>\n<h2>Comedor escolar<\/h2>\n<p>-Empresa : Catering Mediterr\u00e1nea<br \/>&#8211; Tipos de men\u00fa mensuales :<br \/>-basal<br \/>&#8211; musulm\u00e1n:<br \/>Sin cerdo<br \/>No carne<br \/>&#8211; intolerancias al\u00e9rgicas<br \/>-Horario de 14:00\/16:00<br \/>impartidos en dos turnos de comedor<br \/>&#8211; 1 turno:<br \/>14:00\/14:45<br \/>-2 turno:<br \/>14:45\/15 :15<br \/>Intervalo de turnos con actividades l\u00fadicas<br \/>Recogida salida alumnado :<br \/>15:30h a 16:00h<\/p>\n<p>Gesti\u00f3n servicio comedor:<br \/>Dietas blandas solicitar al correo de diet\u00e9tica:<br \/>dietetica.andalucia @mediterranea -group.com<br \/>-Ausencias de comedor con una antelaci\u00f3n de tres d\u00edas<br \/>-Notificaci\u00f3n de la no asistencia al servicio de comedor se debe registrar a trav\u00e9s de la web. Mediante email.-<br \/>administraci\u00f3nmalaga @mediterranea -group.com<br \/>-Solicitud de baja se comunicar\u00e1 con una antelaci\u00f3n de al menos una semana.<br \/>-Registro de padres en la web para\u2026<\/p>\n<p>\u00a0Precio servicio de comedor por d\u00eda :5,54 euros sin bonificaci\u00f3n<\/p>\n<p>MEN\u00da del 8 de diciembre al 19 de diciembre de 2025<\/p>\n<p>[\/et_pb_text][\/et_pb_column][\/et_pb_row][\/et_pb_section][et_pb_section fb_built=&#8221;1&#8243; _builder_version=&#8221;4.16&#8243; _module_preset=&#8221;default&#8221; collapsed=&#8221;on&#8221; global_colors_info=&#8221;{}&#8221;][et_pb_row _builder_version=&#8221;4.16&#8243; _module_preset=&#8221;default&#8221; global_colors_info=&#8221;{}&#8221;][et_pb_column type=&#8221;4_4&#8243; _builder_version=&#8221;4.16&#8243; _module_preset=&#8221;default&#8221; global_colors_info=&#8221;{}&#8221;][et_pb_image src=&#8221;https:\/\/blogsaverroes.juntadeandalucia.es\/ceiplosangeles\/files\/2025\/12\/MENU-TRANSPORTADO-DICIEMBRE-25_page-0001.jpg&#8221; title_text=&#8221;MENU TRANSPORTADO DICIEMBRE 25_page-0001&#8243; src_tablet=&#8221;https:\/\/blogsaverroes.juntadeandalucia.es\/ceiplosangeles\/files\/2025\/11\/menu-comedor-10-11-a-05-12_page-0001.jpg&#8221; src_phone=&#8221;https:\/\/blogsaverroes.juntadeandalucia.es\/ceiplosangeles\/files\/2025\/10\/menu-basal-cc-mc-25-26-b2-primaria-scaled.jpg&#8221; src_last_edited=&#8221;on|desktop&#8221; _builder_version=&#8221;4.24.2&#8243; _module_preset=&#8221;default&#8221; global_colors_info=&#8221;{}&#8221;][\/et_pb_image][\/et_pb_column][\/et_pb_row][\/et_pb_section]<\/p>\n","protected":false},"excerpt":{"rendered":"<p>Comedor escolar -Empresa : Catering Mediterr\u00e1nea- Tipos de men\u00fa mensuales :-basal- musulm\u00e1n:Sin cerdoNo carne- intolerancias al\u00e9rgicas-Horario de 14:00\/16:00impartidos en dos turnos de comedor- 1 turno:14:00\/14:45-2 turno:14:45\/15 :15Intervalo de turnos con actividades l\u00fadicasRecogida salida alumnado :15:30h a 16:00h Gesti\u00f3n servicio comedor:Dietas blandas solicitar al correo de diet\u00e9tica:dietetica.andalucia @mediterranea -group.com-Ausencias de comedor con una antelaci\u00f3n de tres [&hellip;]<\/p>\n","protected":false},"author":17856,"featured_media":0,"parent":0,"menu_order":0,"comment_status":"closed","ping_status":"closed","template":"","meta":{"_et_pb_use_builder":"on","_et_pb_old_content":"","_et_gb_content_width":"","ngg_post_thumbnail":0,"footnotes":""},"aioseo_notices":[],"_links":{"self":[{"href":"https:\/\/blogsaverroes.juntadeandalucia.es\/ceiplosangeles\/wp-json\/wp\/v2\/pages\/39"}],"collection":[{"href":"https:\/\/blogsaverroes.juntadeandalucia.es\/ceiplosangeles\/wp-json\/wp\/v2\/pages"}],"about":[{"href":"https:\/\/blogsaverroes.juntadeandalucia.es\/ceiplosangeles\/wp-json\/wp\/v2\/types\/page"}],"author":[{"embeddable":true,"href":"https:\/\/blogsaverroes.juntadeandalucia.es\/ceiplosangeles\/wp-json\/wp\/v2\/users\/17856"}],"replies":[{"embeddable":true,"href":"https:\/\/blogsaverroes.juntadeandalucia.es\/ceiplosangeles\/wp-json\/wp\/v2\/comments?post=39"}],"version-history":[{"count":34,"href":"https:\/\/blogsaverroes.juntadeandalucia.es\/ceiplosangeles\/wp-json\/wp\/v2\/pages\/39\/revisions"}],"predecessor-version":[{"id":12889,"href":"https:\/\/blogsaverroes.juntadeandalucia.es\/ceiplosangeles\/wp-json\/wp\/v2\/pages\/39\/revisions\/12889"}],"wp:attachment":[{"href":"https:\/\/blogsaverroes.juntadeandalucia.es\/ceiplosangeles\/wp-json\/wp\/v2\/media?parent=39"}],"curies":[{"name":"wp","href":"https:\/\/api.w.org\/{rel}","templated":true}]}}