{"id":45,"date":"2020-01-09T12:46:56","date_gmt":"2020-01-09T11:46:56","guid":{"rendered":"http:\/\/blogsaverroes.juntadeandalucia.es\/pre\/nuevoceip2v2\/?page_id=45"},"modified":"2025-11-03T10:23:06","modified_gmt":"2025-11-03T09:23:06","slug":"inicio","status":"publish","type":"page","link":"https:\/\/blogsaverroes.juntadeandalucia.es\/ceiplosangeles\/","title":{"rendered":"Inicio"},"content":{"rendered":"<p>[et_pb_section fb_built=&#8221;1&#8243; fullwidth=&#8221;on&#8221; admin_label=&#8221;Header Section&#8221; _builder_version=&#8221;4.16&#8243; background_enable_image=&#8221;off&#8221; parallax=&#8221;on&#8221; min_height=&#8221;1000px&#8221; height=&#8221;1000px&#8221; max_height=&#8221;1000px&#8221; top_divider_color=&#8221;rgba(255,255,255,0.6)&#8221; top_divider_height=&#8221;30%&#8221; animation_direction=&#8221;left&#8221; collapsed=&#8221;off&#8221; global_colors_info=&#8221;{}&#8221;][et_pb_fullwidth_slider admin_label=&#8221;Control deslizante de anchura completa&#8221; _builder_version=&#8221;4.24.2&#8243; _module_preset=&#8221;default&#8221; custom_padding=&#8221;||94px|||&#8221; animation_style=&#8221;slide&#8221; animation_direction=&#8221;left&#8221; auto=&#8221;on&#8221; global_colors_info=&#8221;{}&#8221;][et_pb_slide image_last_edited=&#8221;off|desktop&#8221; _builder_version=&#8221;4.16&#8243; _module_preset=&#8221;default&#8221; background_enable_color=&#8221;off&#8221; background_image=&#8221;https:\/\/blogsaverroes.juntadeandalucia.es\/ceiplosangeles\/files\/2023\/10\/slide1.jpg&#8221; background_enable_image=&#8221;on&#8221; global_colors_info=&#8221;{}&#8221; image__hover_enabled=&#8221;off|desktop&#8221; sticky_transition=&#8221;on&#8221;][\/et_pb_slide][et_pb_slide _builder_version=&#8221;4.16&#8243; _module_preset=&#8221;default&#8221; background_enable_color=&#8221;off&#8221; background_image=&#8221;https:\/\/blogsaverroes.juntadeandalucia.es\/ceiplosangeles\/files\/2023\/10\/fachada.jpg&#8221; background_enable_image=&#8221;on&#8221; global_colors_info=&#8221;{}&#8221; sticky_transition=&#8221;on&#8221;][\/et_pb_slide][et_pb_slide _builder_version=&#8221;4.16&#8243; _module_preset=&#8221;default&#8221; background_enable_color=&#8221;off&#8221; background_image=&#8221;https:\/\/blogsaverroes.juntadeandalucia.es\/ceiplosangeles\/files\/2023\/10\/cole.jpg&#8221; background_enable_image=&#8221;on&#8221; global_colors_info=&#8221;{}&#8221; sticky_transition=&#8221;on&#8221;][\/et_pb_slide][\/et_pb_fullwidth_slider][et_pb_fullwidth_header title=&#8221;Bienvenidos al CEIP Los \u00c1ngeles&#8221; text_orientation=&#8221;center&#8221; button_one_text=&#8221;\u00bfQui\u00e9nes somos?&#8221; button_one_url=&#8221;@ET-DC@eyJkeW5hbWljIjp0cnVlLCJjb250ZW50IjoicG9zdF9saW5rX3VybF9wYWdlIiwic2V0dGluZ3MiOnsicG9zdF9pZCI6IjExNzg2IiwiZW5hYmxlX2h0bWwiOiJvZmYifX0=@&#8221; title_last_edited=&#8221;off|desktop&#8221; button_one_text_last_edited=&#8221;off|desktop&#8221; admin_label=&#8221;T\u00edtulo de anchura completa&#8221; _builder_version=&#8221;4.24.2&#8243; _dynamic_attributes=&#8221;button_one_url&#8221; title_level=&#8221;h2&#8243; title_font=&#8221;Acme|700|||||||&#8221; title_text_align=&#8221;center&#8221; title_text_color=&#8221;#0f0ccc&#8221; title_font_size=&#8221;48px&#8221; title_letter_spacing=&#8221;5px&#8221; title_line_height=&#8221;1.6em&#8221; content_font=&#8221;Rubik||||||||&#8221; content_font_size=&#8221;18px&#8221; content_line_height=&#8221;2em&#8221; subhead_font=&#8221;Acme|700|||||||&#8221; subhead_text_align=&#8221;center&#8221; subhead_text_color=&#8221;#0f0ccc&#8221; subhead_font_size=&#8221;45px&#8221; subhead_letter_spacing=&#8221;5px&#8221; subhead_line_height=&#8221;1.6em&#8221; background_enable_color=&#8221;off&#8221; background_image=&#8221;https:\/\/blogsaverroes.juntadeandalucia.es\/ceiplosangeles\/files\/2025\/10\/logo-1.png&#8221; background_size=&#8221;custom&#8221; background_image_width=&#8221;30%&#8221; background_image_height=&#8221;60%&#8221; background_position=&#8221;top_left&#8221; background_horizontal_offset=&#8221;-4%&#8221; background_vertical_offset=&#8221;-15%&#8221; custom_button_one=&#8221;on&#8221; button_one_text_size=&#8221;16px&#8221; button_one_text_color=&#8221;#ffffff&#8221; button_one_bg_color=&#8221;#4343cc&#8221; button_one_border_width=&#8221;15px&#8221; button_one_border_color=&#8221;rgba(210,159,104,0)&#8221; button_one_border_radius=&#8221;100px&#8221; button_one_letter_spacing=&#8221;0px&#8221; button_one_font=&#8221;Rubik|700|||||||&#8221; button_one_use_icon=&#8221;off&#8221; custom_button_two=&#8221;on&#8221; button_two_text_size=&#8221;16px&#8221; button_two_text_color=&#8221;#ffffff&#8221; button_two_bg_color=&#8221;rgba(0,0,0,0.6)&#8221; button_two_border_width=&#8221;15px&#8221; button_two_border_color=&#8221;rgba(210,159,104,0)&#8221; button_two_border_radius=&#8221;100px&#8221; button_two_letter_spacing=&#8221;0px&#8221; button_two_font=&#8221;Rubik|700|||||||&#8221; button_two_use_icon=&#8221;off&#8221; button_two_rel=&#8221;off|on|off|off|off&#8221; background_layout=&#8221;light&#8221; min_height=&#8221;100px&#8221; height=&#8221;734px&#8221; max_height=&#8221;734px&#8221; custom_margin=&#8221;|||&#8221; custom_padding=&#8221;0vw||8vw|||&#8221; animation_style=&#8221;slide&#8221; animation_direction=&#8221;bottom&#8221; animation_intensity_slide=&#8221;1%&#8221; hover_enabled=&#8221;0&#8243; content_font_size_tablet=&#8221;&#8221; content_font_size_phone=&#8221;16px&#8221; content_font_size_last_edited=&#8221;on|phone&#8221; subhead_font_size_tablet=&#8221;&#8221; subhead_font_size_phone=&#8221;30px&#8221; subhead_font_size_last_edited=&#8221;on|phone&#8221; title_text_shadow_style=&#8221;preset2&#8243; subhead_text_shadow_style=&#8221;preset2&#8243; button_one_text_shadow_style=&#8221;preset2&#8243; button_one_border_radius_hover=&#8221;100px&#8221; button_two_border_radius_hover=&#8221;100px&#8221; button_one_bg_color_hover=&#8221;#ff8a70&#8243; button_two_bg_color_hover=&#8221;#ff8a70&#8243; global_colors_info=&#8221;{}&#8221; button_one_text_size__hover_enabled=&#8221;off&#8221; button_two_text_size__hover_enabled=&#8221;off&#8221; button_one_text_color__hover_enabled=&#8221;off&#8221; button_two_text_color__hover_enabled=&#8221;off&#8221; button_one_border_width__hover_enabled=&#8221;off&#8221; button_two_border_width__hover_enabled=&#8221;off&#8221; button_one_border_color__hover_enabled=&#8221;off&#8221; button_two_border_color__hover_enabled=&#8221;off&#8221; button_one_border_radius__hover_enabled=&#8221;on&#8221; button_one_border_radius__hover=&#8221;100px&#8221; button_two_border_radius__hover_enabled=&#8221;on&#8221; button_two_border_radius__hover=&#8221;100px&#8221; button_one_letter_spacing__hover_enabled=&#8221;off&#8221; button_two_letter_spacing__hover_enabled=&#8221;off&#8221; button_one_bg_color__hover_enabled=&#8221;on&#8221; button_one_bg_color__hover=&#8221;#ff8a70&#8243; button_two_bg_color__hover_enabled=&#8221;on&#8221; button_two_bg_color__hover=&#8221;#ff8a70&#8243; sticky_enabled=&#8221;0&#8243;]<\/p>\n<p><img loading=\"lazy\" decoding=\"async\" class=\"aligncenter wp-image-12843\" src=\"https:\/\/blogsaverroes.juntadeandalucia.es\/ceiplosangeles\/files\/2025\/11\/Comunidad-De-Aprendizaje-4-1024x104.png\" alt=\"\" width=\"679\" height=\"69\">Aqu\u00ed encontrar\u00e9is toda la informaci\u00f3n relativa a nuestro Centro, las actividades destacadas, nuestros ciclos, novedades, fotograf\u00edas de inter\u00e9s, \u2026<\/p>\n<p>Puedes conocer m\u00e1s sobre la trayectoria del colegio pulsando en el siguiente bot\u00f3n:<\/p>\n<p>[\/et_pb_fullwidth_header][\/et_pb_section][et_pb_section fb_built=&#8221;1&#8243; custom_padding_last_edited=&#8221;off|desktop&#8221; background_color_gradient_stops_1=&#8221;#2b87da 0%|#c7cbd4 100%&#8221; background_color_gradient_end_1=&#8221;#c7cbd4&#8243; admin_label=&#8221;Two CTA Section&#8221; _builder_version=&#8221;4.16&#8243; height=&#8221;557px&#8221; custom_padding=&#8221;0px||0px||true&#8221; custom_padding_tablet=&#8221;20px||10px|&#8221; collapsed=&#8221;on&#8221; global_colors_info=&#8221;{}&#8221;][et_pb_row column_structure=&#8221;1_2,1_2&#8243; use_custom_gutter=&#8221;on&#8221; gutter_width=&#8221;1&#8243; make_equal=&#8221;on&#8221; padding_top_bottom_link_1=&#8221;true&#8221; padding_top_bottom_link_2=&#8221;true&#8221; admin_label=&#8221;Two CTA Row&#8221; module_class=&#8221; et_pb_row_fullwidth&#8221; _builder_version=&#8221;4.16&#8243; width=&#8221;100%&#8221; width_tablet=&#8221;100%&#8221; width_phone=&#8221;100%&#8221; width_last_edited=&#8221;on|desktop&#8221; max_width=&#8221;100%&#8221; max_width_tablet=&#8221;100%&#8221; max_width_phone=&#8221;100%&#8221; max_width_last_edited=&#8221;on|desktop&#8221; min_height=&#8221;550px&#8221; height=&#8221;550px&#8221; max_height=&#8221;550px&#8221; custom_margin=&#8221;-176px|auto||auto||&#8221; custom_padding=&#8221;4px|0px|0px|0px||&#8221; make_fullwidth=&#8221;on&#8221; collapsed=&#8221;off&#8221; global_colors_info=&#8221;{}&#8221;][et_pb_column type=&#8221;1_2&#8243; _builder_version=&#8221;4.16&#8243; use_background_color_gradient=&#8221;on&#8221; background_color_gradient_direction=&#8221;90deg&#8221; background_color_gradient_stops=&#8221;rgba(227,232,242,0.72) 0%|#e3e8f2 60%&#8221; background_color_gradient_overlays_image=&#8221;on&#8221; background_color_gradient_start=&#8221;rgba(227,232,242,0.72)&#8221; background_color_gradient_end=&#8221;#e3e8f2&#8243; background_color_gradient_end_position=&#8221;60%&#8221; background_image=&#8221;https:\/\/blogsaverroes.juntadeandalucia.es\/ceiplosangeles\/files\/2023\/10\/Group-3-Copy.jpg&#8221; custom_padding=&#8221;120px|80px|120px|10%&#8221; custom_padding_tablet=&#8221;|10%||10%||true&#8221; custom_padding_phone=&#8221;|10%||10%||true&#8221; custom_padding_last_edited=&#8221;on|tablet&#8221; global_colors_info=&#8221;{}&#8221; padding_tablet=&#8221;|10%||10%||true&#8221; padding_last_edited=&#8221;on|tablet&#8221; custom_padding__hover=&#8221;|||&#8221; padding_phone=&#8221;|10%||10%||true&#8221;][et_pb_cta title=&#8221;HORARIO&#8221; button_url=&#8221;#top&#8221; admin_label=&#8221;School CTA&#8221; _builder_version=&#8221;4.16&#8243; header_font=&#8221;Cabin Sketch|700||on|||||&#8221; header_font_size=&#8221;67px&#8221; header_letter_spacing=&#8221;6px&#8221; header_line_height=&#8221;1.5em&#8221; body_font=&#8221;Rubik|500|||||||&#8221; body_text_align=&#8221;center&#8221; body_font_size=&#8221;16px&#8221; body_line_height=&#8221;2em&#8221; use_background_color=&#8221;off&#8221; custom_button=&#8221;on&#8221; button_text_size=&#8221;16px&#8221; button_text_color=&#8221;#ffffff&#8221; button_bg_color=&#8221;rgba(0,0,0,0.6)&#8221; button_border_width=&#8221;10px&#8221; button_border_color=&#8221;rgba(65,65,144,0)&#8221; button_border_radius=&#8221;70px&#8221; button_font=&#8221;Rubik|700|||||||&#8221; button_use_icon=&#8221;off&#8221; background_layout=&#8221;light&#8221; width=&#8221;100%&#8221; max_width=&#8221;600px&#8221; max_width_last_edited=&#8221;off|desktop&#8221; min_height=&#8221;415px&#8221; height_last_edited=&#8221;off|desktop&#8221; max_height=&#8221;1000px&#8221; custom_margin=&#8221;|||&#8221; custom_padding=&#8221;|||&#8221; header_font_size_tablet=&#8221;&#8221; header_font_size_phone=&#8221;30px&#8221; header_font_size_last_edited=&#8221;on|phone&#8221; header_text_shadow_style=&#8221;preset2&#8243; text_shadow_style=&#8221;preset2&#8243; button_text_color_hover=&#8221;#c7ccd4&#8243; button_border_radius_hover=&#8221;70px&#8221; button_bg_color_hover=&#8221;#ffffff&#8221; global_colors_info=&#8221;{}&#8221; button_text_size__hover_enabled=&#8221;off&#8221; button_one_text_size__hover_enabled=&#8221;off&#8221; button_two_text_size__hover_enabled=&#8221;off&#8221; button_text_color__hover_enabled=&#8221;on&#8221; button_text_color__hover=&#8221;#c7ccd4&#8243; button_one_text_color__hover_enabled=&#8221;off&#8221; button_two_text_color__hover_enabled=&#8221;off&#8221; button_border_width__hover_enabled=&#8221;off&#8221; button_one_border_width__hover_enabled=&#8221;off&#8221; button_two_border_width__hover_enabled=&#8221;off&#8221; button_border_color__hover_enabled=&#8221;off&#8221; button_one_border_color__hover_enabled=&#8221;off&#8221; button_two_border_color__hover_enabled=&#8221;off&#8221; button_border_radius__hover_enabled=&#8221;on&#8221; button_border_radius__hover=&#8221;70px&#8221; button_one_border_radius__hover_enabled=&#8221;off&#8221; button_two_border_radius__hover_enabled=&#8221;off&#8221; button_letter_spacing__hover_enabled=&#8221;off&#8221; button_one_letter_spacing__hover_enabled=&#8221;off&#8221; button_two_letter_spacing__hover_enabled=&#8221;off&#8221; button_bg_color__hover_enabled=&#8221;on&#8221; button_bg_color__hover=&#8221;#ffffff&#8221; button_one_bg_color__hover_enabled=&#8221;off&#8221; button_two_bg_color__hover_enabled=&#8221;off&#8221;]<\/p>\n<p style=\"text-align: center\"><strong>Colegio:\u00a0\u00a0<\/strong>9:00 a 14:00<\/p>\n<p style=\"text-align: center\"><strong><b>Secretar\u00eda:\u00a0<\/b><\/strong>9:15 a 10:30<\/p>\n<p style=\"text-align: center\"><strong>Aula matinal:<\/strong>\u00a0 7:30 a 8:50<\/p>\n<p style=\"text-align: center\"><strong>Comedor:\u00a0\u00a0<\/strong>14:00 a 16:00<\/p>\n<p style=\"text-align: center\"><strong>Actividades extraescolares:\u00a0\u00a0<\/strong>16:00 a 18:00<\/p>\n<p>[\/et_pb_cta][\/et_pb_column][et_pb_column type=&#8221;1_2&#8243; _builder_version=&#8221;4.16&#8243; use_background_color_gradient=&#8221;on&#8221; background_color_gradient_direction=&#8221;90deg&#8221; background_color_gradient_stops=&#8221;#ff7355 40%|rgba(255,115,85,0.6) 100%&#8221; background_color_gradient_overlays_image=&#8221;on&#8221; background_color_gradient_start=&#8221;#ff7355&#8243; background_color_gradient_start_position=&#8221;40%&#8221; background_color_gradient_end=&#8221;rgba(255,115,85,0.6)&#8221; background_image=&#8221;https:\/\/blogsaverroes.juntadeandalucia.es\/ceiplosangeles\/files\/2023\/10\/Group-3-Copy-6.jpg&#8221; custom_padding=&#8221;120px|10%|120px|80px&#8221; custom_padding_tablet=&#8221;|10%||10%||true&#8221; custom_padding_phone=&#8221;|10%||10%||true&#8221; custom_padding_last_edited=&#8221;on|tablet&#8221; global_colors_info=&#8221;{}&#8221; padding_tablet=&#8221;|10%||10%||true&#8221; padding_last_edited=&#8221;on|tablet&#8221; custom_padding__hover=&#8221;|||&#8221; padding_phone=&#8221;|10%||10%||true&#8221;][et_pb_cta title=&#8221;TR\u00c1MITES ONLINE&#8221; button_url=&#8221;https:\/\/drive.google.com\/file\/d\/1lm1KM69ArIe5ABAwkQbeWepKFE9kJ9x4\/view?usp=sharing&#8221; url_new_window=&#8221;on&#8221; button_text=&#8221;Video-Tutoriales&#8221; admin_label=&#8221;School CTA&#8221; _builder_version=&#8221;4.16&#8243; header_font=&#8221;Cabin Sketch|700||on|||||&#8221; header_text_align=&#8221;center&#8221; header_font_size=&#8221;65px&#8221; header_letter_spacing=&#8221;6px&#8221; header_line_height=&#8221;1.1em&#8221; body_font=&#8221;Rubik|500|||||||&#8221; body_font_size=&#8221;16px&#8221; body_line_height=&#8221;2em&#8221; use_background_color=&#8221;off&#8221; custom_button=&#8221;on&#8221; button_text_size=&#8221;27px&#8221; button_text_color=&#8221;#ffffff&#8221; button_bg_color=&#8221;rgba(255,255,255,0.1)&#8221; button_border_width=&#8221;13px&#8221; button_border_color=&#8221;rgba(65,65,144,0)&#8221; button_border_radius=&#8221;70px&#8221; button_font=&#8221;Rubik|700|||||||&#8221; button_use_icon=&#8221;off&#8221; max_width=&#8221;600px&#8221; max_width_last_edited=&#8221;off|desktop&#8221; module_alignment=&#8221;left&#8221; min_height=&#8221;334px&#8221; height=&#8221;388px&#8221; max_height=&#8221;711px&#8221; custom_margin=&#8221;||-28px|||&#8221; custom_padding=&#8221;||0px|||&#8221; link_option_url=&#8221;https:\/\/drive.google.com\/file\/d\/1lm1KM69ArIe5ABAwkQbeWepKFE9kJ9x4\/view?usp=sharing&#8221; link_option_url_new_window=&#8221;on&#8221; header_font_size_tablet=&#8221;&#8221; header_font_size_phone=&#8221;30px&#8221; header_font_size_last_edited=&#8221;on|phone&#8221; header_text_shadow_style=&#8221;preset2&#8243; body_text_shadow_style=&#8221;preset2&#8243; button_text_shadow_style=&#8221;preset2&#8243; box_shadow_style_button=&#8221;preset2&#8243; button_text_color_hover=&#8221;#e00b00&#8243; button_border_radius_hover=&#8221;70px&#8221; button_bg_color_hover=&#8221;#ffffff&#8221; global_colors_info=&#8221;{}&#8221; button_text_size__hover_enabled=&#8221;off&#8221; button_one_text_size__hover_enabled=&#8221;off&#8221; button_two_text_size__hover_enabled=&#8221;off&#8221; button_text_color__hover_enabled=&#8221;on&#8221; button_text_color__hover=&#8221;#e00b00&#8243; button_one_text_color__hover_enabled=&#8221;off&#8221; button_two_text_color__hover_enabled=&#8221;off&#8221; button_border_width__hover_enabled=&#8221;off&#8221; button_one_border_width__hover_enabled=&#8221;off&#8221; button_two_border_width__hover_enabled=&#8221;off&#8221; button_border_color__hover_enabled=&#8221;off&#8221; button_one_border_color__hover_enabled=&#8221;off&#8221; button_two_border_color__hover_enabled=&#8221;off&#8221; button_border_radius__hover_enabled=&#8221;on&#8221; button_border_radius__hover=&#8221;70px&#8221; button_one_border_radius__hover_enabled=&#8221;off&#8221; button_two_border_radius__hover_enabled=&#8221;off&#8221; button_letter_spacing__hover_enabled=&#8221;off&#8221; button_one_letter_spacing__hover_enabled=&#8221;off&#8221; button_two_letter_spacing__hover_enabled=&#8221;off&#8221; button_bg_color__hover_enabled=&#8221;on&#8221; button_bg_color__hover=&#8221;#ffffff&#8221; button_one_bg_color__hover_enabled=&#8221;off&#8221; button_two_bg_color__hover_enabled=&#8221;off&#8221;]<\/p>\n<p style=\"text-align: justify\">Aqu\u00ed os proponemos los diferentes tr\u00e1mites que se pueden realizar a traves de la Secretar\u00eda Virtual, del Pasen y de la Consejer\u00eda de Educaci\u00f3n, para que pod\u00e1is agilizarlos o por si no pod\u00e9is realizarlos en la Secretar\u00eda del Centro.<\/p>\n<p>[\/et_pb_cta][\/et_pb_column][\/et_pb_row][\/et_pb_section][et_pb_section fb_built=&#8221;1&#8243; custom_padding_last_edited=&#8221;on|desktop&#8221; admin_label=&#8221;3 Buttons&#8221; _builder_version=&#8221;4.16&#8243; min_height=&#8221;196px&#8221; custom_padding=&#8221;0||0px|50%|false|false&#8221; custom_padding_tablet=&#8221;|10%||10%&#8221; custom_padding_phone=&#8221;&#8221; collapsed=&#8221;off&#8221; global_colors_info=&#8221;{}&#8221;][et_pb_row column_structure=&#8221;1_3,1_3,1_3&#8243; use_custom_gutter=&#8221;on&#8221; gutter_width=&#8221;1&#8243; custom_padding_last_edited=&#8221;off|desktop&#8221; _builder_version=&#8221;4.16&#8243; width=&#8221;100%&#8221; max_width=&#8221;100%&#8221; custom_margin=&#8221;|||&#8221; custom_padding=&#8221;0px||0px||true|false&#8221; custom_padding_tablet=&#8221;20px|||&#8221; animation_style=&#8221;slide&#8221; animation_direction=&#8221;top&#8221; animation_delay=&#8221;200ms&#8221; border_radii=&#8221;||||80px&#8221; use_custom_width=&#8221;on&#8221; width_unit=&#8221;off&#8221; custom_width_percent=&#8221;100%&#8221; global_colors_info=&#8221;{}&#8221;][et_pb_column type=&#8221;1_3&#8243; _builder_version=&#8221;4.16&#8243; custom_padding=&#8221;|||&#8221; global_colors_info=&#8221;{}&#8221; custom_padding__hover=&#8221;|||&#8221;][et_pb_blurb url_new_window=&#8221;on&#8221; image_icon_background_color=&#8221;RGBA(255,255,255,0)&#8221; image=&#8221;https:\/\/blogsaverroes.juntadeandalucia.es\/ceiplosangeles\/files\/2023\/11\/SV.png&#8221; image_icon_width=&#8221;69%&#8221; _builder_version=&#8221;4.16&#8243; header_font=&#8221;Rubik||||||||&#8221; background_color=&#8221;#304975&#8243; text_orientation=&#8221;center&#8221; background_layout=&#8221;dark&#8221; min_height=&#8221;92px&#8221; custom_margin=&#8221;|||&#8221; custom_padding=&#8221;40px|20px|30px|20px|false|true&#8221; custom_padding_tablet=&#8221;20px||10px|&#8221; custom_padding_phone=&#8221;&#8221; custom_padding_last_edited=&#8221;on|desktop&#8221; link_option_url=&#8221;https:\/\/www.juntadeandalucia.es\/educacion\/secretariavirtual\/&#8221; border_width_all_image=&#8221;3px&#8221; box_shadow_style_image=&#8221;preset2&#8243; global_colors_info=&#8221;{}&#8221;][\/et_pb_blurb][\/et_pb_column][et_pb_column type=&#8221;1_3&#8243; _builder_version=&#8221;4.16&#8243; custom_padding=&#8221;|||&#8221; global_colors_info=&#8221;{}&#8221; custom_padding__hover=&#8221;|||&#8221;][et_pb_blurb url_new_window=&#8221;on&#8221; image=&#8221;https:\/\/blogsaverroes.juntadeandalucia.es\/ceiplosangeles\/files\/2023\/11\/IPASEN-1.jpeg&#8221; image_icon_width=&#8221;67%&#8221; _builder_version=&#8221;4.16&#8243; header_font=&#8221;Rubik||||||||&#8221; background_color=&#8221;#3c598c&#8221; text_orientation=&#8221;center&#8221; background_layout=&#8221;dark&#8221; min_height=&#8221;187px&#8221; custom_margin=&#8221;|||&#8221; custom_padding=&#8221;40px|20px|30px|20px|false|true&#8221; custom_padding_tablet=&#8221;20px||10px|&#8221; custom_padding_phone=&#8221;&#8221; custom_padding_last_edited=&#8221;on|desktop&#8221; link_option_url=&#8221;https:\/\/seneca.juntadeandalucia.es\/seneca\/jsp\/portalpasen\/&#8221; border_width_all_image=&#8221;2px&#8221; box_shadow_style_image=&#8221;preset2&#8243; locked=&#8221;off&#8221; global_colors_info=&#8221;{}&#8221;][\/et_pb_blurb][\/et_pb_column][et_pb_column type=&#8221;1_3&#8243; _builder_version=&#8221;4.16&#8243; custom_padding=&#8221;|||&#8221; global_colors_info=&#8221;{}&#8221; custom_padding__hover=&#8221;|||&#8221;][et_pb_blurb url_new_window=&#8221;on&#8221; image=&#8221;https:\/\/blogsaverroes.juntadeandalucia.es\/ceiplosangeles\/files\/2023\/11\/descarga-2.png&#8221; image_icon_width=&#8221;62%&#8221; _builder_version=&#8221;4.16&#8243; header_font=&#8221;Rubik||||||||&#8221; background_color=&#8221;#536fa3&#8243; text_orientation=&#8221;center&#8221; background_layout=&#8221;dark&#8221; min_height=&#8221;134px&#8221; custom_margin=&#8221;|||&#8221; custom_padding=&#8221;40px|20px|30px|20px|false|true&#8221; custom_padding_tablet=&#8221;20px||10px|&#8221; custom_padding_phone=&#8221;&#8221; custom_padding_last_edited=&#8221;on|desktop&#8221; link_option_url=&#8221;https:\/\/www.juntadeandalucia.es\/educacion\/portals\/web\/ced&#8221; border_radii=&#8221;||||&#8221; border_width_all_image=&#8221;2px&#8221; locked=&#8221;off&#8221; global_colors_info=&#8221;{}&#8221;][\/et_pb_blurb][\/et_pb_column][\/et_pb_row][\/et_pb_section]<\/p>\n","protected":false},"excerpt":{"rendered":"<p>Aqu\u00ed encontrar\u00e9is toda la informaci\u00f3n relativa a nuestro Centro, las actividades destacadas, nuestros ciclos, novedades, fotograf\u00edas de inter\u00e9s, \u2026 Puedes conocer m\u00e1s sobre la trayectoria del colegio pulsando en el siguiente bot\u00f3n:Colegio:\u00a0\u00a09:00 a 14:00 Secretar\u00eda:\u00a09:15 a 10:30 Aula matinal:\u00a0 7:30 a 8:50 Comedor:\u00a0\u00a014:00 a 16:00 Actividades extraescolares:\u00a0\u00a016:00 a 18:00Aqu\u00ed os proponemos los diferentes tr\u00e1mites que [&hellip;]<\/p>\n","protected":false},"author":17856,"featured_media":11752,"parent":0,"menu_order":0,"comment_status":"closed","ping_status":"closed","template":"","meta":{"_et_pb_use_builder":"on","_et_pb_old_content":"<img class=\" wp-image-11910 alignright\" src=\"https:\/\/blogsaverroes.juntadeandalucia.es\/ceiplosangeles\/files\/2023\/10\/logo-cole.png\" alt=\"\" width=\"319\" height=\"112\"><img class=\" wp-image-11752 aligncenter\" src=\"https:\/\/blogsaverroes.juntadeandalucia.es\/ceiplosangeles\/files\/2023\/10\/ceip-los-angeles-1024x283.jpg\" alt=\"CEIP LOS \u00c1NGELES\" width=\"1064\" height=\"294\">\r\n\r\n<hr>\r\n\r\n\r\n\r\n<hr>\r\n\r\n<h1>\u00a0<\/h1>\r\n<h1 style=\"text-align: center\"><span style=\"font-family: tahoma, arial, helvetica, sans-serif;font-size: 36pt\">Bienvenido a Ceip los \u00c1ngeles:<\/span><\/h1>\r\n<p style=\"text-align: center\"><span style=\"font-size: 18pt;font-family: tahoma, arial, helvetica, sans-serif\">Aqu\u00ed encontrar\u00e9is toda la informaci\u00f3n relativa a nuestro centro, las actividades destacadas, nuestros ciclos, novedades, fotograf\u00edas de inter\u00e9s\u2026<\/span><\/p>\r\n<p style=\"text-align: center\"><span style=\"font-size: 18pt;font-family: tahoma, arial, helvetica, sans-serif\">Puedes conocer m\u00e1s sobre la trayectoria del colegio pulsando en el siguiente bot\u00f3n:<\/span><\/p>\r\n\r\n<div>\u00a0<\/div>\r\n<p style=\"text-align: center\"><span style=\"font-family: 'comic sans ms', sans-serif;font-size: 24pt\">\u00a0 \u00a0 \u00a0 \u00a0 \u00a0 \u00a0 \u00a0 \u00a0 \u00a0 \u00a0 [learn_more caption=\"SECRETARIA\" state=\"open\"] HORARIO DE SECRETARIA DE LUNES A VIERNES DE [\/learn_more] <\/span><\/p>\r\n<p style=\"text-align: center\"><span style=\"font-family: 'comic sans ms', sans-serif;font-size: 24pt\">[button] QUIENES SOMOS[\/button] \u00a0<\/span><\/p>\r\n\u00a0\r\n\r\n<hr>\r\n\r\n\r\n\r\n<hr>\r\n\r\n<div>\u00a0<\/div>\r\n\u00a0","_et_gb_content_width":"","ngg_post_thumbnail":0,"footnotes":""},"aioseo_notices":[],"_links":{"self":[{"href":"https:\/\/blogsaverroes.juntadeandalucia.es\/ceiplosangeles\/wp-json\/wp\/v2\/pages\/45"}],"collection":[{"href":"https:\/\/blogsaverroes.juntadeandalucia.es\/ceiplosangeles\/wp-json\/wp\/v2\/pages"}],"about":[{"href":"https:\/\/blogsaverroes.juntadeandalucia.es\/ceiplosangeles\/wp-json\/wp\/v2\/types\/page"}],"author":[{"embeddable":true,"href":"https:\/\/blogsaverroes.juntadeandalucia.es\/ceiplosangeles\/wp-json\/wp\/v2\/users\/17856"}],"replies":[{"embeddable":true,"href":"https:\/\/blogsaverroes.juntadeandalucia.es\/ceiplosangeles\/wp-json\/wp\/v2\/comments?post=45"}],"version-history":[{"count":135,"href":"https:\/\/blogsaverroes.juntadeandalucia.es\/ceiplosangeles\/wp-json\/wp\/v2\/pages\/45\/revisions"}],"predecessor-version":[{"id":12850,"href":"https:\/\/blogsaverroes.juntadeandalucia.es\/ceiplosangeles\/wp-json\/wp\/v2\/pages\/45\/revisions\/12850"}],"wp:featuredmedia":[{"embeddable":true,"href":"https:\/\/blogsaverroes.juntadeandalucia.es\/ceiplosangeles\/wp-json\/wp\/v2\/media\/11752"}],"wp:attachment":[{"href":"https:\/\/blogsaverroes.juntadeandalucia.es\/ceiplosangeles\/wp-json\/wp\/v2\/media?parent=45"}],"curies":[{"name":"wp","href":"https:\/\/api.w.org\/{rel}","templated":true}]}}