{"id":474,"date":"2020-12-18T08:32:40","date_gmt":"2020-12-18T07:32:40","guid":{"rendered":"https:\/\/blogsaverroes.juntadeandalucia.es\/pre\/plantilla-backbag\/?page_id=474"},"modified":"2025-11-26T12:00:56","modified_gmt":"2025-11-26T11:00:56","slug":"contactar-con-el-centro","status":"publish","type":"page","link":"https:\/\/blogsaverroes.juntadeandalucia.es\/ceiplosangeles\/contactar-con-el-centro\/","title":{"rendered":"Documentaci\u00f3n y Normativa"},"content":{"rendered":"<p>[et_pb_section fb_built=&#8221;1&#8243; disabled_on=&#8221;off|off|off&#8221; _builder_version=&#8221;4.16&#8243; custom_padding=&#8221;0px||0px|&#8221; z_index_tablet=&#8221;500&#8243; box_shadow_horizontal_tablet=&#8221;0px&#8221; box_shadow_vertical_tablet=&#8221;0px&#8221; box_shadow_blur_tablet=&#8221;40px&#8221; box_shadow_spread_tablet=&#8221;0px&#8221; global_colors_info=&#8221;{}&#8221;][et_pb_row _builder_version=&#8221;4.16&#8243; background_size=&#8221;initial&#8221; background_position=&#8221;top_left&#8221; background_repeat=&#8221;repeat&#8221; custom_margin=&#8221;||||false|false&#8221; global_colors_info=&#8221;{}&#8221;][et_pb_column type=&#8221;4_4&#8243; _builder_version=&#8221;4.16&#8243; custom_padding=&#8221;|||&#8221; global_colors_info=&#8221;{}&#8221; custom_padding__hover=&#8221;|||&#8221;][et_pb_image src=&#8221;https:\/\/blogsaverroes.juntadeandalucia.es\/ceiplosangeles\/files\/2023\/12\/Encabezado-de-Google-Classroom-Papeler\u00eda-Alfabetizaci\u00f3n-Rosa-1.jpg&#8221; title_text=&#8221;Encabezado de Google Classroom Papeler\u00eda Alfabetizaci\u00f3n Rosa (1)&#8221; admin_label=&#8221;Imagen de la portada&#8221; _builder_version=&#8221;4.16&#8243; vertical_offset_tablet=&#8221;0&#8243; horizontal_offset_tablet=&#8221;0&#8243; z_index_tablet=&#8221;500&#8243; box_shadow_horizontal_tablet=&#8221;0px&#8221; box_shadow_vertical_tablet=&#8221;0px&#8221; box_shadow_blur_tablet=&#8221;40px&#8221; box_shadow_spread_tablet=&#8221;0px&#8221; global_colors_info=&#8221;{}&#8221;][\/et_pb_image][et_pb_text admin_label=&#8221;Texto&#8221; _builder_version=&#8221;4.24.2&#8243; _module_preset=&#8221;default&#8221; link_option_url=&#8221;https:\/\/drive.google.com\/file\/d\/1s3SFneHzFN4o9zqE6HEQG_bNvlnwe7sF\/view?usp=sharing&#8221; link_option_url_new_window=&#8221;on&#8221; global_colors_info=&#8221;{}&#8221;]<\/p>\n<p>&nbsp;<\/p>\n<p><span style=\"font-size: 14pt\"><strong>En esta p\u00e1gina pod\u00e9is consultar los &#8220;DOCUMENTOS OFICIALES DEL CENTRO&#8221;:<\/strong><\/span><\/p>\n<p><a href=\"https:\/\/drive.google.com\/file\/d\/1sgPSU_JoU-GNutpkhV0vwqLlXs-5TXsc\/view\"><span style=\"color: #000080\">PROYECTO EDUCATIVO ( 2025-26 )<\/span><\/a><\/p>\n<p>[\/et_pb_text][et_pb_text admin_label=&#8221;Texto&#8221; _builder_version=&#8221;4.24.2&#8243; _module_preset=&#8221;default&#8221; link_option_url=&#8221;https:\/\/drive.google.com\/file\/d\/1Lt_8DPtkvEHkVUL3EXiKUgkF1Dqm_96L\/view&#8221; link_option_url_new_window=&#8221;on&#8221; global_colors_info=&#8221;{}&#8221;]<\/p>\n<p><span style=\"color: #000080\">REGLAMENTO DE ORGANIZACI\u00d3N Y FUNCIONAMIENTO ( 2025-26 )<\/span><\/p>\n<p>[\/et_pb_text][et_pb_text admin_label=&#8221;Texto&#8221; _builder_version=&#8221;4.24.2&#8243; _module_preset=&#8221;default&#8221; link_option_url=&#8221;https:\/\/drive.google.com\/file\/d\/1sh_7pML19ZCmrMeaVoMFEUFZH9j1GEHo\/view&#8221; link_option_url_new_window=&#8221;on&#8221; global_colors_info=&#8221;{}&#8221;]<\/p>\n<p><span style=\"color: #000080\">PROYECTO DE GESTI\u00d3N (2025-26)<\/span><\/p>\n<p>[\/et_pb_text][et_pb_text _builder_version=&#8221;4.24.2&#8243; _module_preset=&#8221;default&#8221; link_option_url=&#8221;https:\/\/drive.google.com\/file\/d\/1OATM7wdoTZGBgoa3fsSiUQH3IjYLXlwn\/view?usp=sharing&#8221; link_option_url_new_window=&#8221;on&#8221; hover_enabled=&#8221;0&#8243; global_colors_info=&#8221;{}&#8221; sticky_enabled=&#8221;0&#8243;]<\/p>\n<p>PLAN DE ACTUACI\u00d3N DIGITAL (2025-26 )<\/p>\n<p>[\/et_pb_text][\/et_pb_column][\/et_pb_row][\/et_pb_section]<\/p>\n","protected":false},"excerpt":{"rendered":"<p>&nbsp; En esta p\u00e1gina pod\u00e9is consultar los &#8220;DOCUMENTOS OFICIALES DEL CENTRO&#8221;: PROYECTO EDUCATIVO ( 2025-26 ) REGLAMENTO DE ORGANIZACI\u00d3N Y FUNCIONAMIENTO ( 2025-26 ) PROYECTO DE GESTI\u00d3N (2025-26) PLAN DE ACTUACI\u00d3N DIGITAL (2025-26 )<\/p>\n","protected":false},"author":17856,"featured_media":0,"parent":0,"menu_order":0,"comment_status":"closed","ping_status":"closed","template":"","meta":{"_et_pb_use_builder":"on","_et_pb_old_content":"","_et_gb_content_width":"","ngg_post_thumbnail":0,"footnotes":""},"aioseo_notices":[],"_links":{"self":[{"href":"https:\/\/blogsaverroes.juntadeandalucia.es\/ceiplosangeles\/wp-json\/wp\/v2\/pages\/474"}],"collection":[{"href":"https:\/\/blogsaverroes.juntadeandalucia.es\/ceiplosangeles\/wp-json\/wp\/v2\/pages"}],"about":[{"href":"https:\/\/blogsaverroes.juntadeandalucia.es\/ceiplosangeles\/wp-json\/wp\/v2\/types\/page"}],"author":[{"embeddable":true,"href":"https:\/\/blogsaverroes.juntadeandalucia.es\/ceiplosangeles\/wp-json\/wp\/v2\/users\/17856"}],"replies":[{"embeddable":true,"href":"https:\/\/blogsaverroes.juntadeandalucia.es\/ceiplosangeles\/wp-json\/wp\/v2\/comments?post=474"}],"version-history":[{"count":39,"href":"https:\/\/blogsaverroes.juntadeandalucia.es\/ceiplosangeles\/wp-json\/wp\/v2\/pages\/474\/revisions"}],"predecessor-version":[{"id":12884,"href":"https:\/\/blogsaverroes.juntadeandalucia.es\/ceiplosangeles\/wp-json\/wp\/v2\/pages\/474\/revisions\/12884"}],"wp:attachment":[{"href":"https:\/\/blogsaverroes.juntadeandalucia.es\/ceiplosangeles\/wp-json\/wp\/v2\/media?parent=474"}],"curies":[{"name":"wp","href":"https:\/\/api.w.org\/{rel}","templated":true}]}}