{"id":87,"date":"2017-07-13T16:13:41","date_gmt":"2017-07-13T16:13:41","guid":{"rendered":"http:\/\/www.ceiplosangeles.com\/?page_id=87"},"modified":"2023-11-28T13:00:40","modified_gmt":"2023-11-28T12:00:40","slug":"ampa-4","status":"publish","type":"page","link":"https:\/\/blogsaverroes.juntadeandalucia.es\/ceiplosangeles\/ampa-4\/","title":{"rendered":"AMPA"},"content":{"rendered":"<p><span style=\"font-family: book antiqua, palatino, serif;font-size: 14pt\">El primer registro como asociaci\u00f3n aparece en 1995 en el Ayuntamiento de M\u00e1laga, con el n\u00famero 71 de socio.<\/span><\/p>\n<p><span style=\"font-family: book antiqua, palatino, serif;font-size: 14pt\">Como prueba tenemos una <span style=\"color: #000000\">p\u00e1gina web<\/span>:<\/span><span style=\"color: #0000ff;font-family: book antiqua, palatino, serif;font-size: 14pt\"><span style=\"color: #000000\">donde se recogen los primeros estatutos.<\/span><\/span><\/p>\n<p><img loading=\"lazy\" decoding=\"async\" class=\" wp-image-175 alignleft\" src=\"https:\/\/blogsaverroes.juntadeandalucia.es\/ceiplosangeles\/files\/2017\/07\/logo-ampa-covadonga.jpg\" alt=\"\" width=\"410\" height=\"580\" srcset=\"https:\/\/blogsaverroes.juntadeandalucia.es\/ceiplosangeles\/files\/2017\/07\/logo-ampa-covadonga.jpg 438w, https:\/\/blogsaverroes.juntadeandalucia.es\/ceiplosangeles\/files\/2017\/07\/logo-ampa-covadonga-212x300.jpg 212w\" sizes=\"(max-width: 410px) 100vw, 410px\" \/><\/p>\n<p>[<a href=\"https:\/\/www.malaga.eu\/gobierno-abierto\/participacion\/consulta-del-registro-de-asociaciones\/detalle-de-asociaciones\/index.html?cif=G29706355\">button type=&#8221;icon&#8221; newwindow=&#8221;yes&#8221;] p\u00e1gina web del registro como asociaci\u00f3n[\/button]<\/a><\/p>\n<p>&nbsp;<\/p>\n<p>&nbsp;<\/p>\n<p>&nbsp;<\/p>\n<p style=\"text-align: center\"><span style=\"font-size: 24pt\">Horario de atenci\u00f3n a las familias: <\/span><\/p>\n<p style=\"text-align: center\"><span style=\"font-size: 24pt\"><strong>Mi\u00e9rcoles y Viernes de 9:15 a 13:30.<\/strong><\/span><\/p>\n<p style=\"text-align: center\"><span style=\"font-size: 24pt\">Contacto: Eva Mar\u00eda Ortega Pav\u00f3n y Virginia Garc\u00eda V\u00e1zquez<\/span><\/p>\n<p>&nbsp;<\/p>\n<p>&nbsp; &nbsp; &nbsp; &nbsp;<\/p>\n<p>&nbsp;<\/p>\n<p>&nbsp;SI EST\u00c1S INTERESADO EN LO QUE HACEMOS.<\/p>\n<p>&nbsp; &nbsp; &nbsp; &nbsp; &nbsp; &nbsp;S\u00cdGUENOS EN REDES SOCIALES.&nbsp; &nbsp; &nbsp; &nbsp; &nbsp; &nbsp; &nbsp; &nbsp; &nbsp; &nbsp; &nbsp; &nbsp; &nbsp; &nbsp;<a href=\"https:\/\/www.instagram.com\/ampacovadonga2023\/?utm_source=qr&amp;igshid=MWs2c2hqaTdyMDc5bw%3D%3D\"><img loading=\"lazy\" decoding=\"async\" class=\"size-full wp-image-12196 alignnone\" src=\"https:\/\/blogsaverroes.juntadeandalucia.es\/ceiplosangeles\/files\/2023\/11\/LOGOINSTAGRAM.jpeg\" alt=\"\" width=\"132\" height=\"132\"><\/a> &nbsp;&nbsp;&nbsp;&nbsp;&nbsp; <a href=\"https:\/\/www.facebook.com\/groups\/960998773979071\/\"><img loading=\"lazy\" decoding=\"async\" class=\"wp-image-12197 alignleft\" src=\"https:\/\/blogsaverroes.juntadeandalucia.es\/ceiplosangeles\/files\/2023\/11\/logoface.png\" alt=\"\" width=\"117\" height=\"117\"><\/a>&nbsp;<\/p>\n","protected":false},"excerpt":{"rendered":"<p>El primer registro como asociaci\u00f3n aparece en 1995 en el Ayuntamiento de M\u00e1laga, con el n\u00famero 71 de socio. Como prueba tenemos una p\u00e1gina web:donde se recogen los primeros estatutos.  &nbsp; &nbsp; &nbsp; Horario de atenci\u00f3n a las familias: Mi\u00e9rcoles y Viernes de 9:15 a 13:30. [&hellip;]<\/p>\n","protected":false},"author":17856,"featured_media":0,"parent":0,"menu_order":0,"comment_status":"closed","ping_status":"closed","template":"","meta":{"_et_pb_use_builder":"","_et_pb_old_content":"","_et_gb_content_width":"","ngg_post_thumbnail":0,"footnotes":""},"aioseo_notices":[],"_links":{"self":[{"href":"https:\/\/blogsaverroes.juntadeandalucia.es\/ceiplosangeles\/wp-json\/wp\/v2\/pages\/87"}],"collection":[{"href":"https:\/\/blogsaverroes.juntadeandalucia.es\/ceiplosangeles\/wp-json\/wp\/v2\/pages"}],"about":[{"href":"https:\/\/blogsaverroes.juntadeandalucia.es\/ceiplosangeles\/wp-json\/wp\/v2\/types\/page"}],"author":[{"embeddable":true,"href":"https:\/\/blogsaverroes.juntadeandalucia.es\/ceiplosangeles\/wp-json\/wp\/v2\/users\/17856"}],"replies":[{"embeddable":true,"href":"https:\/\/blogsaverroes.juntadeandalucia.es\/ceiplosangeles\/wp-json\/wp\/v2\/comments?post=87"}],"version-history":[{"count":6,"href":"https:\/\/blogsaverroes.juntadeandalucia.es\/ceiplosangeles\/wp-json\/wp\/v2\/pages\/87\/revisions"}],"predecessor-version":[{"id":12269,"href":"https:\/\/blogsaverroes.juntadeandalucia.es\/ceiplosangeles\/wp-json\/wp\/v2\/pages\/87\/revisions\/12269"}],"wp:attachment":[{"href":"https:\/\/blogsaverroes.juntadeandalucia.es\/ceiplosangeles\/wp-json\/wp\/v2\/media?parent=87"}],"curies":[{"name":"wp","href":"https:\/\/api.w.org\/{rel}","templated":true}]}}