{"id":2282,"date":"2020-11-23T12:40:03","date_gmt":"2020-11-23T12:40:03","guid":{"rendered":"https:\/\/blogsaverroes.juntadeandalucia.es\/ceiplosarcos\/?page_id=2282"},"modified":"2021-01-11T12:15:11","modified_gmt":"2021-01-11T12:15:11","slug":"novedades","status":"publish","type":"page","link":"https:\/\/blogsaverroes.juntadeandalucia.es\/ceiplosarcos\/novedades\/","title":{"rendered":"Novedades"},"content":{"rendered":"<p>23\/12\/2020<\/p>\n<p>Os deseamos unas Navidades en familia y con mucha salud. Nuestro mayor deseo es vuestro bienestar.<\/p>\n<p>Pulsa en la siguiente imagen para ver c\u00f3mo lo hemos celebrado.<\/p>\n<p><a href=\"https:\/\/youtu.be\/V6kGCE-kzU8\"><img loading=\"lazy\" decoding=\"async\" class=\"aligncenter wp-image-2382 size-medium\" src=\"https:\/\/blogsaverroes.juntadeandalucia.es\/ceiplosarcos\/files\/2021\/01\/Workrom-Home-1-300x300.png\" alt=\"\" width=\"300\" height=\"300\" srcset=\"https:\/\/blogsaverroes.juntadeandalucia.es\/ceiplosarcos\/files\/2021\/01\/Workrom-Home-1-300x300.png 300w, https:\/\/blogsaverroes.juntadeandalucia.es\/ceiplosarcos\/files\/2021\/01\/Workrom-Home-1-1024x1024.png 1024w, https:\/\/blogsaverroes.juntadeandalucia.es\/ceiplosarcos\/files\/2021\/01\/Workrom-Home-1-150x150.png 150w, https:\/\/blogsaverroes.juntadeandalucia.es\/ceiplosarcos\/files\/2021\/01\/Workrom-Home-1-768x768.png 768w, https:\/\/blogsaverroes.juntadeandalucia.es\/ceiplosarcos\/files\/2021\/01\/Workrom-Home-1-100x100.png 100w, https:\/\/blogsaverroes.juntadeandalucia.es\/ceiplosarcos\/files\/2021\/01\/Workrom-Home-1-24x24.png 24w, https:\/\/blogsaverroes.juntadeandalucia.es\/ceiplosarcos\/files\/2021\/01\/Workrom-Home-1-36x36.png 36w, https:\/\/blogsaverroes.juntadeandalucia.es\/ceiplosarcos\/files\/2021\/01\/Workrom-Home-1-48x48.png 48w, https:\/\/blogsaverroes.juntadeandalucia.es\/ceiplosarcos\/files\/2021\/01\/Workrom-Home-1.png 1080w\" sizes=\"(max-width: 300px) 100vw, 300px\" \/><\/a><\/p>\n<p>&nbsp;<\/p>\n<p>25\/11\/2020<\/p>\n<p>\u00a1Buenos d\u00edas familias!<\/p>\n<p>Puedes hacer clic en la foto y descubrir el arte que derrochamos en el CEIP Los Arcos. Esperamos que os guste.<\/p>\n<p><a href=\"https:\/\/drive.google.com\/file\/d\/1_zOHPZZVspaY37Xn-lU_UZOjnyyLf7DZ\/view?usp=drivesdk\"><img loading=\"lazy\" decoding=\"async\" class=\"aligncenter wp-image-2225 size-large\" src=\"https:\/\/blogsaverroes.juntadeandalucia.es\/ceiplosarcos\/files\/2015\/05\/licitadas-obras-de-seis-nuevas-aulas-en-el-ceip-los-arcos-algeciras-e1603967072594-1024x435.jpg\" alt=\"\" width=\"782\" height=\"332\" srcset=\"https:\/\/blogsaverroes.juntadeandalucia.es\/ceiplosarcos\/files\/2015\/05\/licitadas-obras-de-seis-nuevas-aulas-en-el-ceip-los-arcos-algeciras-e1603967072594-1024x435.jpg 1024w, https:\/\/blogsaverroes.juntadeandalucia.es\/ceiplosarcos\/files\/2015\/05\/licitadas-obras-de-seis-nuevas-aulas-en-el-ceip-los-arcos-algeciras-e1603967072594-300x127.jpg 300w, https:\/\/blogsaverroes.juntadeandalucia.es\/ceiplosarcos\/files\/2015\/05\/licitadas-obras-de-seis-nuevas-aulas-en-el-ceip-los-arcos-algeciras-e1603967072594-768x326.jpg 768w, https:\/\/blogsaverroes.juntadeandalucia.es\/ceiplosarcos\/files\/2015\/05\/licitadas-obras-de-seis-nuevas-aulas-en-el-ceip-los-arcos-algeciras-e1603967072594-24x10.jpg 24w, https:\/\/blogsaverroes.juntadeandalucia.es\/ceiplosarcos\/files\/2015\/05\/licitadas-obras-de-seis-nuevas-aulas-en-el-ceip-los-arcos-algeciras-e1603967072594-36x15.jpg 36w, https:\/\/blogsaverroes.juntadeandalucia.es\/ceiplosarcos\/files\/2015\/05\/licitadas-obras-de-seis-nuevas-aulas-en-el-ceip-los-arcos-algeciras-e1603967072594-48x20.jpg 48w, https:\/\/blogsaverroes.juntadeandalucia.es\/ceiplosarcos\/files\/2015\/05\/licitadas-obras-de-seis-nuevas-aulas-en-el-ceip-los-arcos-algeciras-e1603967072594.jpg 1325w\" sizes=\"(max-width: 782px) 100vw, 782px\" \/><\/a><\/p>\n<p>____________<\/p>\n<p>23\/11\/2020<\/p>\n<p>La semana pasada el centro celebr\u00f3, desde sus diversas \u00e1reas y edades, el <em><strong>D\u00eda Internacional del Flamenco.<\/strong><\/em><\/p>\n<p>Uno de los objetivos m\u00e1s grandes que nuestro Sistema Educativo persigue, es el de <strong>perpetuar nuestra cultura<\/strong>, lo que nos define como pueblo y nos hace grandes ante el resto del mundo.<\/p>\n<p>El flamenco es <strong>eje angular de nuestra forma de ser<\/strong>, de nuestra forma de relacionarnos. Nos ense\u00f1a c\u00f3mo nuestro pasado repercute en nuestro presente y futuro. Y por ello apostamos fuerte:<\/p>\n<p>Hemos bailado sevillanas, buler\u00edas, hemos aprendido varios compases por palmas y hemos conocido a un paisano universal : Paco de Luc\u00eda.<\/p>\n<p>Y como tel\u00f3n de fondo, <strong>la convivencia, la expresi\u00f3n emocional por la v\u00eda art\u00edstica, el desarrollo de valores como el respeto al acervo cultural de nuestro pueblo.<\/strong><\/p>\n<p>Muy pronto os regalamos una muestra de nuestro arte.<\/p>\n","protected":false},"excerpt":{"rendered":"<p>23\/12\/2020 Os deseamos unas Navidades en familia y con mucha salud. Nuestro mayor deseo es vuestro bienestar. Pulsa en la siguiente imagen para ver c\u00f3mo lo hemos celebrado. &nbsp; 25\/11\/2020 \u00a1Buenos d\u00edas familias! Puedes&#46;&#46;&#46;<\/p>\n","protected":false},"author":10701,"featured_media":0,"parent":0,"menu_order":0,"comment_status":"closed","ping_status":"closed","template":"","meta":{"ngg_post_thumbnail":0,"footnotes":"","_mc_calendar":[]},"aioseo_notices":[],"_links":{"self":[{"href":"https:\/\/blogsaverroes.juntadeandalucia.es\/ceiplosarcos\/wp-json\/wp\/v2\/pages\/2282"}],"collection":[{"href":"https:\/\/blogsaverroes.juntadeandalucia.es\/ceiplosarcos\/wp-json\/wp\/v2\/pages"}],"about":[{"href":"https:\/\/blogsaverroes.juntadeandalucia.es\/ceiplosarcos\/wp-json\/wp\/v2\/types\/page"}],"author":[{"embeddable":true,"href":"https:\/\/blogsaverroes.juntadeandalucia.es\/ceiplosarcos\/wp-json\/wp\/v2\/users\/10701"}],"replies":[{"embeddable":true,"href":"https:\/\/blogsaverroes.juntadeandalucia.es\/ceiplosarcos\/wp-json\/wp\/v2\/comments?post=2282"}],"version-history":[{"count":5,"href":"https:\/\/blogsaverroes.juntadeandalucia.es\/ceiplosarcos\/wp-json\/wp\/v2\/pages\/2282\/revisions"}],"predecessor-version":[{"id":2383,"href":"https:\/\/blogsaverroes.juntadeandalucia.es\/ceiplosarcos\/wp-json\/wp\/v2\/pages\/2282\/revisions\/2383"}],"wp:attachment":[{"href":"https:\/\/blogsaverroes.juntadeandalucia.es\/ceiplosarcos\/wp-json\/wp\/v2\/media?parent=2282"}],"curies":[{"name":"wp","href":"https:\/\/api.w.org\/{rel}","templated":true}]}}