{"id":872,"date":"2015-03-16T12:50:42","date_gmt":"2015-03-16T12:50:42","guid":{"rendered":"http:\/\/blogsaverroes.juntadeandalucia.es\/pre\/ceip\/?page_id=120"},"modified":"2020-10-29T09:59:39","modified_gmt":"2020-10-29T09:59:39","slug":"contactar","status":"publish","type":"page","link":"https:\/\/blogsaverroes.juntadeandalucia.es\/ceiplosarcos\/contactar\/","title":{"rendered":"Contactar"},"content":{"rendered":"<p class=\"has-text-align-left\">Hablemos \ud83d\udc4b. No dudes en ponerte en contacto con nosotros mediante la informaci\u00f3n de contacto a continuaci\u00f3n.<\/p>\r\n<!-- \/wp:spacer --><!-- wp:columns {\"align\":\"wide\",\"className\":\"has-2-columns\"} -->\r\n<div class=\"wp-block-columns alignwide has-2-columns\"><!-- wp:column -->\r\n<div class=\"wp-block-column\"><!-- wp:heading {\"align\":\"left\"} -->\r\n<h2 class=\"has-text-align-left\">Contacta con nosotr@s en:<\/h2>\r\n<!-- \/wp:heading --><!-- wp:jetpack\/contact-info -->\r\n<div class=\"wp-block-jetpack-contact-info\"><!-- wp:jetpack\/address {\"address\":\"Ca\\u00f1ada de los Tomates, S\\\/N\",\"addressLine2\":\"Bda. del Cobre\",\"city\":\"Algeciras\",\"region\":\"C\\u00e1diz\",\"postal\":\"11206\",\"country\":\"Espa\\u00f1a\"} -->\r\n<div class=\"wp-block-jetpack-address\">\r\n<div class=\"jetpack-address__address jetpack-address__address1\">Ca\u00f1ada de los Tomates, S\/N<\/div>\r\n<div class=\"jetpack-address__address jetpack-address__address2\">Bda. del Cobre<\/div>\r\n<div><span class=\"jetpack-address__city\">Algeciras<\/span>, <span class=\"jetpack-address__region\">C\u00e1diz<\/span> <span class=\"jetpack-address__postal\">11206<\/span><\/div>\r\n<div class=\"jetpack-address__country\">Espa\u00f1a<\/div>\r\n<\/div>\r\n<!-- \/wp:jetpack\/address --><!-- wp:jetpack\/email {\"email\":\"11602630.edu@juntadeandalucia.es\"} -->\r\n<div class=\"wp-block-jetpack-email\"><a href=\"mailto:11602630.edu@juntadeandalucia.es\">11602630.edu@juntadeandalucia.es<\/a><\/div>\r\n<!-- \/wp:jetpack\/email --><!-- wp:jetpack\/phone {\"phone\":\"956 67 08 21\"} -->\r\n<div class=\"wp-block-jetpack-phone\"><a href=\"tel:956670821\">956 67 08 21<\/a><\/div>\r\n<!-- \/wp:jetpack\/phone --><\/div>\r\n<!-- \/wp:jetpack\/contact-info --><!-- wp:social-links -->\r\n<ul class=\"wp-block-social-links\"><!-- wp:social-link {\"service\":\"facebook\"} \/--><!-- wp:social-link {\"service\":\"twitter\"} \/--><!-- wp:social-link {\"service\":\"linkedin\"} \/--><!-- wp:social-link {\"service\":\"youtube\"} \/--><!-- wp:social-link {\"service\":\"facebook\"} \/--><!-- wp:social-link {\"url\":\"facebook.com\",\"service\":\"facebook\"} \/--><!-- wp:social-link {\"url\":\"wordpress.com\",\"service\":\"wordpress\"} \/--><\/ul>\r\n<!-- \/wp:social-links --><\/div>\r\n<!-- \/wp:column --><!-- wp:column -->&nbsp;\r\n\r\n<\/div>\r\n\r\n<iframe loading=\"lazy\" src=\"https:\/\/www.google.com\/maps\/embed?pb=!1m18!1m12!1m3!1d3300374.18193626!2d-7.712130937499996!3d36.117329999999995!2m3!1f0!2f0!3f0!3m2!1i1024!2i768!4f13.1!3m3!1m2!1s0xd0c94a0680dce35%3A0xceff93611d2641ca!2sColegio%20P%C3%BAblico%20los%20Arcos!5e0!3m2!1ses!2ses!4v1603965421553!5m2!1ses!2ses\" width=\"600\" height=\"450\" frameborder=\"0\"><\/iframe>","protected":false},"excerpt":{"rendered":"<p>Hablemos \ud83d\udc4b. No dudes en ponerte en contacto con nosotros mediante la informaci\u00f3n de contacto a continuaci\u00f3n. Contacta con nosotr@s en: Ca\u00f1ada de los Tomates, S\/N Bda. del Cobre Algeciras, C\u00e1diz 11206 Espa\u00f1a 11602630.edu@juntadeandalucia.es&#46;&#46;&#46;<\/p>\n","protected":false},"author":1,"featured_media":0,"parent":0,"menu_order":0,"comment_status":"closed","ping_status":"open","template":"page-cs.php","meta":{"ngg_post_thumbnail":0,"footnotes":"","_mc_calendar":[]},"aioseo_notices":[],"_links":{"self":[{"href":"https:\/\/blogsaverroes.juntadeandalucia.es\/ceiplosarcos\/wp-json\/wp\/v2\/pages\/872"}],"collection":[{"href":"https:\/\/blogsaverroes.juntadeandalucia.es\/ceiplosarcos\/wp-json\/wp\/v2\/pages"}],"about":[{"href":"https:\/\/blogsaverroes.juntadeandalucia.es\/ceiplosarcos\/wp-json\/wp\/v2\/types\/page"}],"author":[{"embeddable":true,"href":"https:\/\/blogsaverroes.juntadeandalucia.es\/ceiplosarcos\/wp-json\/wp\/v2\/users\/1"}],"replies":[{"embeddable":true,"href":"https:\/\/blogsaverroes.juntadeandalucia.es\/ceiplosarcos\/wp-json\/wp\/v2\/comments?post=872"}],"version-history":[{"count":11,"href":"https:\/\/blogsaverroes.juntadeandalucia.es\/ceiplosarcos\/wp-json\/wp\/v2\/pages\/872\/revisions"}],"predecessor-version":[{"id":2216,"href":"https:\/\/blogsaverroes.juntadeandalucia.es\/ceiplosarcos\/wp-json\/wp\/v2\/pages\/872\/revisions\/2216"}],"wp:attachment":[{"href":"https:\/\/blogsaverroes.juntadeandalucia.es\/ceiplosarcos\/wp-json\/wp\/v2\/media?parent=872"}],"curies":[{"name":"wp","href":"https:\/\/api.w.org\/{rel}","templated":true}]}}