{"id":2759,"date":"2020-10-05T09:00:42","date_gmt":"2020-10-05T09:00:42","guid":{"rendered":"https:\/\/blogsaverroes.juntadeandalucia.es\/ceiploscalifas\/?page_id=2759"},"modified":"2020-12-27T19:03:59","modified_gmt":"2020-12-27T19:03:59","slug":"plan-de-centro","status":"publish","type":"page","link":"https:\/\/blogsaverroes.juntadeandalucia.es\/ceiploscalifas\/plan-de-centro\/","title":{"rendered":"Plan de Centro"},"content":{"rendered":"<p dir=\"ltr\" style=\"text-align: justify\"><a href=\"https:\/\/blogsaverroes.juntadeandalucia.es\/ceiploscalifas\/files\/2020\/12\/plan-de-centro.png\"><img loading=\"lazy\" decoding=\"async\" class=\"size-medium wp-image-2771 alignleft\" src=\"https:\/\/blogsaverroes.juntadeandalucia.es\/ceiploscalifas\/files\/2020\/12\/plan-de-centro-300x175.png\" alt=\"Plan de Centro\" width=\"300\" height=\"175\" srcset=\"https:\/\/blogsaverroes.juntadeandalucia.es\/ceiploscalifas\/files\/2020\/12\/plan-de-centro-300x175.png 300w, https:\/\/blogsaverroes.juntadeandalucia.es\/ceiploscalifas\/files\/2020\/12\/plan-de-centro-24x14.png 24w, https:\/\/blogsaverroes.juntadeandalucia.es\/ceiploscalifas\/files\/2020\/12\/plan-de-centro-36x21.png 36w, https:\/\/blogsaverroes.juntadeandalucia.es\/ceiploscalifas\/files\/2020\/12\/plan-de-centro-48x28.png 48w, https:\/\/blogsaverroes.juntadeandalucia.es\/ceiploscalifas\/files\/2020\/12\/plan-de-centro.png 530w\" sizes=\"(max-width: 300px) 100vw, 300px\" \/><\/a><\/p>\n<p dir=\"ltr\" style=\"text-align: justify\"><strong>El Plan de Centro es el documento que expresa nuestras se\u00f1as de identidad y es el aut\u00e9ntico referente del principio de autonom\u00eda pedag\u00f3gica, de organizaci\u00f3n y de gesti\u00f3n en el colegio. En \u00e9l se plasma el modelo educativo y la concreci\u00f3n de la normativa que un centro realiza respecto a las ense\u00f1anzas que imparte.&nbsp;<\/strong><\/p>\n<p dir=\"ltr\" style=\"text-align: justify\">La Ley 17\/2007, de 10 de diciembre, de Educaci\u00f3n de Andaluc\u00eda, establece, en su Art.126, los documentos que integran el Plan de Centro:<\/p>\n<ul>\n<li>PROYECTO EDUCATIVO.<\/li>\n<li style=\"text-align: justify\">R.O.F.<\/li>\n<li style=\"text-align: justify\">PROYECTO DE GESTI\u00d3N.<\/li>\n<\/ul>\n<p style=\"text-align: justify\">El <strong>Proyecto Educativo<\/strong> desarrolla todos los aspectos del curr\u00edculo que tiene que ir adquiriendo nuestro alumnado a lo largo de sus etapas Infantil y Primaria y en el que se plasma todo su proceso de aprendizaje.<\/p>\n<p style=\"text-align: justify\">En este documento se incluye tambi\u00e9n el Plan de Atenci\u00f3n a la Diversidad que trabajamos en nuestro colegio para poder integrar de forma INCLUSIVA a todos aquellos ni\u00f1os y ni\u00f1as que presenten alg\u00fan tipo de necesidad educativa.<\/p>\n<p style=\"text-align: justify\">Igualmente, se refleja nuestro Plan de Convivencia, cuyo objetivo es sentar las bases para conseguir una convivencia basada en el di\u00e1logo, el respeto y la tolerancia.<\/p>\n<p style=\"text-align: justify\">El <strong>R.O.F.<\/strong>, sin embargo, es un conjunto de Normas de Organizaci\u00f3n del Centro que permiten potenciar el buen funcionamiento dentro de la Comunidad educativa.<\/p>\n<p style=\"text-align: justify\">En este apartado se incluyen tambi\u00e9n las funciones de los diferentes tipos de \u00f3rganos que colaboran en el desarrollo del proceso aprendizaje y que van desde los unipersonales como son las tutor\u00edas hasta el CONSEJO ESCOLAR que es el \u00d3rgano Colegiado del Centro integrado por representantes de todos los sectores de la Comunidad Educativa; sin olvidar a los Equipos Docentes, los Ciclos y el E.T.C.P. (Equipo T\u00e9cnico de Coordinaci\u00f3n Pedag\u00f3gica); as\u00ed como las v\u00edas de participaci\u00f3n de las familias en la vida del centro.<\/p>\n<p style=\"text-align: justify\">Finalmente, nos encontramos con el <strong>Proyecto de Gesti\u00f3n<\/strong>, que incluye el procedimiento de gesti\u00f3n de los fondos p\u00fablicos enviados por la Consejer\u00eda para hacer frente a los diferentes gastos del Centro: Gastos de Funcionamiento, Gratuidad de Libros, etc.<\/p>\n<p style=\"text-align: justify\">Que la web de centro muestre los documentos que rigen la vida de nuestro colegio, su Plan de Centro, es una apuesta clara por la <strong>transparencia<\/strong>.<\/p>\n","protected":false},"excerpt":{"rendered":"<p>El Plan de Centro es el documento que expresa nuestras se\u00f1as de identidad y es el aut\u00e9ntico referente del principio de autonom\u00eda pedag\u00f3gica, de organizaci\u00f3n y de gesti\u00f3n en el colegio. En \u00e9l se&#46;&#46;&#46;<\/p>\n","protected":false},"author":11387,"featured_media":0,"parent":0,"menu_order":0,"comment_status":"closed","ping_status":"closed","template":"","meta":{"ngg_post_thumbnail":0,"footnotes":"","_mc_calendar":[]},"aioseo_notices":[],"_links":{"self":[{"href":"https:\/\/blogsaverroes.juntadeandalucia.es\/ceiploscalifas\/wp-json\/wp\/v2\/pages\/2759"}],"collection":[{"href":"https:\/\/blogsaverroes.juntadeandalucia.es\/ceiploscalifas\/wp-json\/wp\/v2\/pages"}],"about":[{"href":"https:\/\/blogsaverroes.juntadeandalucia.es\/ceiploscalifas\/wp-json\/wp\/v2\/types\/page"}],"author":[{"embeddable":true,"href":"https:\/\/blogsaverroes.juntadeandalucia.es\/ceiploscalifas\/wp-json\/wp\/v2\/users\/11387"}],"replies":[{"embeddable":true,"href":"https:\/\/blogsaverroes.juntadeandalucia.es\/ceiploscalifas\/wp-json\/wp\/v2\/comments?post=2759"}],"version-history":[{"count":4,"href":"https:\/\/blogsaverroes.juntadeandalucia.es\/ceiploscalifas\/wp-json\/wp\/v2\/pages\/2759\/revisions"}],"predecessor-version":[{"id":2772,"href":"https:\/\/blogsaverroes.juntadeandalucia.es\/ceiploscalifas\/wp-json\/wp\/v2\/pages\/2759\/revisions\/2772"}],"wp:attachment":[{"href":"https:\/\/blogsaverroes.juntadeandalucia.es\/ceiploscalifas\/wp-json\/wp\/v2\/media?parent=2759"}],"curies":[{"name":"wp","href":"https:\/\/api.w.org\/{rel}","templated":true}]}}