{"id":3296,"date":"2021-02-28T18:00:09","date_gmt":"2021-02-28T18:00:09","guid":{"rendered":"https:\/\/blogsaverroes.juntadeandalucia.es\/ceiploscalifas\/?page_id=3296"},"modified":"2022-03-06T13:27:51","modified_gmt":"2022-03-06T13:27:51","slug":"admision-y-escolarizacion","status":"publish","type":"page","link":"https:\/\/blogsaverroes.juntadeandalucia.es\/ceiploscalifas\/admision-y-escolarizacion\/","title":{"rendered":"Admisi\u00f3n y Escolarizaci\u00f3n"},"content":{"rendered":"<p><a href=\"https:\/\/blogsaverroes.juntadeandalucia.es\/ceiploscalifas\/files\/2021\/02\/escolarizacion-21-22.jpg\"><img loading=\"lazy\" decoding=\"async\" class=\"aligncenter wp-image-3305 size-full\" src=\"https:\/\/blogsaverroes.juntadeandalucia.es\/ceiploscalifas\/files\/2021\/02\/escolarizacion-21-22.jpg\" alt=\"\" width=\"460\" height=\"285\" srcset=\"https:\/\/blogsaverroes.juntadeandalucia.es\/ceiploscalifas\/files\/2021\/02\/escolarizacion-21-22.jpg 460w, https:\/\/blogsaverroes.juntadeandalucia.es\/ceiploscalifas\/files\/2021\/02\/escolarizacion-21-22-300x186.jpg 300w\" sizes=\"(max-width: 460px) 100vw, 460px\" \/><\/a><\/p>\n<p><div class=\"osc-res-tab tabbable   osc-tabs-left\"><div style=\"clear:both;width: 100%;\"><ul class=\"nav osc-res-nav nav-tabs osc-tabs-left-ul\" id=\"oscitas-restabs-1-admision-y-escolarizacion-45720\"><li class=\"active\"><a href=\"#ert_pane1-0\" data-toggle=\"tab\">Procedimiento de Admisi\u00f3n<\/a><\/li><li class=\"\"><a href=\"#ert_pane1-1\" data-toggle=\"tab\">Procedimiento Extraordinario<\/a><\/li><\/ul><\/div><div style=\"clear:both;width: 100%;\"><ul class=\"tab-content\" id=\"oscitas-restabcontent-1-admision-y-escolarizacion-45720\"><li class=\"tab-pane active\" id=\"ert_pane1-0\"><\/p>\n<h2><span style=\"color: #993300\">Presentaci\u00f3n de solicitudes: del 1 al 31 de marzo.<\/span><\/h2>\n<p style=\"text-align: justify\">En el mes de marzo se abre el plazo para la presentaci\u00f3n de solicitudes de admisi\u00f3n.<\/p>\n<p style=\"text-align: justify\">Se inicia el proceso de escolarizaci\u00f3n en el que participan todos los ni\u00f1os y ni\u00f1as que se incorporan por primera vez al sistema educativo, as\u00ed como el alumnado que desee cambiar de centro escolar.<\/p>\n<p style=\"text-align: justify\"><strong>Entre los d\u00edas 1 y 31 de marzo, ambos inclusive, deber\u00e1n presentar su solicitud los escolares de segundo ciclo de educaci\u00f3n infantil, educaci\u00f3n primaria y educaci\u00f3n especial que quieran ser admitidos\/as en nuestro centro educativo.<\/strong><\/p>\n<h2><span style=\"color: #993300\">Solicitud de admisi\u00f3n en centros docentes: Anexo III.<\/span><\/h2>\n<p style=\"text-align: justify\">El impreso de solicitud de plaza es rellenable. Puede acceder al Anexo III haciendo clic <a href=\"https:\/\/www.juntadeandalucia.es\/educacion\/portals\/delegate\/content\/7e1d7b27-eaa4-42e7-bfa3-ac436db80ed6\/ANEXO%20III\" target=\"_blank\" rel=\"noopener noreferrer\">AQU\u00cd<\/a>.<\/p>\n<h2 style=\"text-align: justify\"><span style=\"color: #993300\">Informaci\u00f3n sobre adscripci\u00f3n, plazas vacantes ofertadas y autorizaci\u00f3n de servicios complementarios para el curso 2022\/23.<\/span><\/h2>\n<p style=\"text-align: justify\">Aunque este documento est\u00e1 disponible en el Tabl\u00f3n de Anuncios de la Secretar\u00eda del centro, tambi\u00e9n puede acceder al mismo haciendo clic <a href=\"https:\/\/drive.google.com\/file\/d\/1ORU7bwsGas0MO9OIFUlHBZyiCGDrboFj\/view?usp=sharing\" target=\"_blank\" rel=\"noopener noreferrer\">AQU\u00cd<\/a>.<\/p>\n<h2 style=\"text-align: justify\"><span style=\"color: #993300\">Notas informativas para las familias solicitantes de puesto escolar.<\/span><\/h2>\n<p style=\"text-align: justify\">Las familias solicitantes de puesto escolar deben tener en cuenta las informaciones reflejadas en el siguiente documento, haciendo clic <a href=\"https:\/\/drive.google.com\/file\/d\/13AHE2jTfF3l53aOuGyqB8Bh7EyxrKILm\/view?usp=sharing\" target=\"_blank\" rel=\"noopener noreferrer\">AQU\u00cd<\/a>.<\/p>\n<p style=\"text-align: justify\">Asimismo, pueden acceder al cuadro informativo sobre los criterios de admisi\u00f3n y su acreditaci\u00f3n documental, clicando <a href=\"https:\/\/drive.google.com\/file\/d\/1oOXy5d-iohcCJFgd3ECKvoUiCCiAWfWq\/view?usp=sharing\" target=\"_blank\" rel=\"noopener noreferrer\">AQU\u00cd<\/a>.<\/p>\n<h2 style=\"text-align: justify\"><span style=\"color: #993300\">Mapa y callejero del \u00e1rea de influencia.<\/span><\/h2>\n<p style=\"text-align: justify\">Nuestro colegio pertenece a la zona de escolarizaci\u00f3n n.\u00ba 5 de C\u00f3rdoba capital (zona Levante-F\u00e1tima). A continuaci\u00f3n se incluye el mapa y callejero del \u00e1rea de influencia escolar de dicha zona:<\/p>\n<ul style=\"list-style-type: square\">\n<li>MAPA: accede <a href=\"https:\/\/drive.google.com\/file\/d\/1NFLxwIB_ecUTYtX3Xx9gCXPmrH6nbkdt\/view?usp=sharing\" target=\"_blank\" rel=\"noopener noreferrer\">AQU\u00cd<\/a>.<\/li>\n<li>CALLEJERO: accede <a href=\"https:\/\/drive.google.com\/file\/d\/1N9ORtnDxzXrlonpKZc2u4GSTALXD20u1\/view?usp=sharing\" target=\"_blank\" rel=\"noopener noreferrer\">AQU\u00cd<\/a>.<\/li>\n<\/ul>\n<h2 style=\"text-align: justify\"><span style=\"color: #993300\">Comunicado sobre las ampliaciones de ratio.<\/span><\/h2>\n<p>La Delegaci\u00f3n Territorial de Educaci\u00f3n y Deporte de C\u00f3rdoba comunica que:<\/p>\n<p style=\"text-align: justify\"><em>\u00ab<strong>No se proceder\u00e1 a la ampliaci\u00f3n de ratio por reagrupamiento de hermanos<\/strong>, salvo la excepci\u00f3n del art\u00edculo 11.2 del Decreto 21\/2020, de 17 de febrero, por el que se regulan los criterios y el procedimiento de admisi\u00f3n del alumnado en los centros docentes p\u00fablicos y privados concertados para cursar las ense\u00f1anzas de segundo ciclo de educaci\u00f3n infantil, educaci\u00f3n primaria, educaci\u00f3n especial, educaci\u00f3n secundaria obligatoria y bachillerato\u00bb.<\/em><\/p>\n<p style=\"text-align: justify\">M\u00e1s informaci\u00f3n, <a href=\"https:\/\/drive.google.com\/file\/d\/17RnbEdW3N6rgnLLw4xm8-5GUX3VwqFVR\/view?usp=sharing\" target=\"_blank\" rel=\"noopener noreferrer\">AQU\u00cd<\/a>.<\/p>\n<p><\/li><li class=\"tab-pane \" id=\"ert_pane1-1\"><\/p>\n<h2><span style=\"color: #993300\">Solicitud Procedimiento extraordinario de admisi\u00f3n: Anexo IX.<\/span><\/h2>\n<p style=\"text-align: justify\">El impreso de solicitud de plaza es rellenable. Puede acceder al Anexo IX haciendo clic <a href=\"https:\/\/www.juntadeandalucia.es\/educacion\/portals\/delegate\/content\/dcec9582-b20c-494b-bfbd-2886c7b8be94\/ANEXO%20IX\" target=\"_blank\" rel=\"noopener noreferrer\">AQU\u00cd<\/a>.<\/p>\n<p><\/li><\/ul><\/div><\/div><br \/>\n&nbsp;<\/p>\n<h2><span style=\"color: #993300\">Presentaci\u00f3n telem\u00e1tica de la solicitud de admisi\u00f3n.<\/span><\/h2>\n<p style=\"text-align: justify\">Del 1 al 31 de marzo, ambos inclusive, a trav\u00e9s de la Secretar\u00eda Virtual de los Centros educativos. Haz clic en la imagen.<a href=\"https:\/\/www.juntadeandalucia.es\/educacion\/secretariavirtual\" target=\"_blank\" rel=\"noopener noreferrer\"><img loading=\"lazy\" decoding=\"async\" class=\"aligncenter wp-image-3311 size-medium\" src=\"https:\/\/blogsaverroes.juntadeandalucia.es\/ceiploscalifas\/files\/2021\/02\/secretaria-virtual-centros-300x167.png\" alt=\"\" width=\"300\" height=\"167\" srcset=\"https:\/\/blogsaverroes.juntadeandalucia.es\/ceiploscalifas\/files\/2021\/02\/secretaria-virtual-centros-300x167.png 300w, https:\/\/blogsaverroes.juntadeandalucia.es\/ceiploscalifas\/files\/2021\/02\/secretaria-virtual-centros.png 303w\" sizes=\"(max-width: 300px) 100vw, 300px\" \/><\/a><\/p>\n<h2 style=\"text-align: justify\"><span style=\"color: #993300\">Normativa.<\/span><\/h2>\n<ul style=\"list-style-type: square\">\n<li style=\"text-align: justify\"><a href=\"https:\/\/www.juntadeandalucia.es\/boja\/2020\/34\/BOJA20-034-00029-2534-01_00169991.pdf\" target=\"_blank\" rel=\"noopener noreferrer\">Decreto 21\/2020 de 17 de febrero por el que se regulan los criterios y el procedimiento de admisi\u00f3n del alumnado en los centro docentes p\u00fablicos y privados concertados para cursar las ense\u00f1anzas de segundo ciclo de educaci\u00f3n infantil, educaci\u00f3n primaria, educaci\u00f3n especial, educaci\u00f3n secundaria obligatoria y bachillerato<\/a>.<\/li>\n<li style=\"text-align: justify\"><a href=\"https:\/\/www.juntadeandalucia.es\/boja\/2020\/503\/BOJA20-503-00045-3038-01_00170469.pdf\" target=\"_blank\" rel=\"noopener noreferrer\">Orden de 20 de febrero de 2020, por el que se desarrolla el procedimiento de admisi\u00f3n del alumnado, en los centros docentes p\u00fablicos y privados concertados para cursar las ense\u00f1anzas de segundo ciclo de educaci\u00f3n infantil, educaci\u00f3n primaria, educaci\u00f3n especial, educaci\u00f3n secundaria obligatoria y bachillerato<\/a>.<\/li>\n<\/ul>\n<h2><span style=\"color: #993300\">Acceso al Portal de Escolarizaci\u00f3n.<\/span><\/h2>\n<p style=\"text-align: justify\">Para m\u00e1s informaci\u00f3n sobre el procedimiento de admisi\u00f3n y escolarizaci\u00f3n, pincha sobre la imagen.<a href=\"https:\/\/www.juntadeandalucia.es\/educacion\/portals\/web\/escolarizacion\/inicio\" target=\"_blank\" rel=\"noopener noreferrer\"><img loading=\"lazy\" decoding=\"async\" class=\"aligncenter wp-image-2536 size-full\" title=\"Portal de Escolarizaci\u00f3n\" src=\"https:\/\/blogsaverroes.juntadeandalucia.es\/ceiploscalifas\/files\/2020\/12\/escolarizacion-matricula.png\" alt=\"Escolarizaci\u00f3n y Matr\u00edcula\" width=\"394\" height=\"160\" srcset=\"https:\/\/blogsaverroes.juntadeandalucia.es\/ceiploscalifas\/files\/2020\/12\/escolarizacion-matricula.png 394w, https:\/\/blogsaverroes.juntadeandalucia.es\/ceiploscalifas\/files\/2020\/12\/escolarizacion-matricula-300x122.png 300w, https:\/\/blogsaverroes.juntadeandalucia.es\/ceiploscalifas\/files\/2020\/12\/escolarizacion-matricula-24x10.png 24w, https:\/\/blogsaverroes.juntadeandalucia.es\/ceiploscalifas\/files\/2020\/12\/escolarizacion-matricula-36x15.png 36w, https:\/\/blogsaverroes.juntadeandalucia.es\/ceiploscalifas\/files\/2020\/12\/escolarizacion-matricula-48x19.png 48w\" sizes=\"(max-width: 394px) 100vw, 394px\" \/><\/a><\/p>\n","protected":false},"excerpt":{"rendered":"<p>&nbsp; Presentaci\u00f3n telem\u00e1tica de la solicitud de admisi\u00f3n. Del 1 al 31 de marzo, ambos inclusive, a trav\u00e9s de la Secretar\u00eda Virtual de los Centros educativos. Haz clic en la imagen. Normativa. Decreto 21\/2020&#46;&#46;&#46;<\/p>\n","protected":false},"author":11387,"featured_media":0,"parent":0,"menu_order":0,"comment_status":"closed","ping_status":"closed","template":"","meta":{"ngg_post_thumbnail":0,"footnotes":"","_mc_calendar":[]},"aioseo_notices":[],"_links":{"self":[{"href":"https:\/\/blogsaverroes.juntadeandalucia.es\/ceiploscalifas\/wp-json\/wp\/v2\/pages\/3296"}],"collection":[{"href":"https:\/\/blogsaverroes.juntadeandalucia.es\/ceiploscalifas\/wp-json\/wp\/v2\/pages"}],"about":[{"href":"https:\/\/blogsaverroes.juntadeandalucia.es\/ceiploscalifas\/wp-json\/wp\/v2\/types\/page"}],"author":[{"embeddable":true,"href":"https:\/\/blogsaverroes.juntadeandalucia.es\/ceiploscalifas\/wp-json\/wp\/v2\/users\/11387"}],"replies":[{"embeddable":true,"href":"https:\/\/blogsaverroes.juntadeandalucia.es\/ceiploscalifas\/wp-json\/wp\/v2\/comments?post=3296"}],"version-history":[{"count":25,"href":"https:\/\/blogsaverroes.juntadeandalucia.es\/ceiploscalifas\/wp-json\/wp\/v2\/pages\/3296\/revisions"}],"predecessor-version":[{"id":3931,"href":"https:\/\/blogsaverroes.juntadeandalucia.es\/ceiploscalifas\/wp-json\/wp\/v2\/pages\/3296\/revisions\/3931"}],"wp:attachment":[{"href":"https:\/\/blogsaverroes.juntadeandalucia.es\/ceiploscalifas\/wp-json\/wp\/v2\/media?parent=3296"}],"curies":[{"name":"wp","href":"https:\/\/api.w.org\/{rel}","templated":true}]}}