{"id":35,"date":"2020-09-01T09:00:43","date_gmt":"2020-09-01T09:00:43","guid":{"rendered":"http:\/\/blogsaverroes.juntadeandalucia.es\/pre\/ceip\/?page_id=35"},"modified":"2023-09-10T15:15:19","modified_gmt":"2023-09-10T15:15:19","slug":"el-centro","status":"publish","type":"page","link":"https:\/\/blogsaverroes.juntadeandalucia.es\/ceiploscalifas\/el-centro\/","title":{"rendered":"Datos b\u00e1sicos del centro"},"content":{"rendered":"<p><span style=\"color: #c92020\"><strong>Colegio P\u00fablico de Educaci\u00f3n Infantil y Primaria <\/strong><\/span><span style=\"color: #c92020\"><strong>\u00abLos Califas\u00bb<a href=\"https:\/\/blogsaverroes.juntadeandalucia.es\/ceiploscalifas\/files\/2020\/11\/logo_CEIP.jpg\"><img loading=\"lazy\" decoding=\"async\" class=\"wp-image-2284 alignleft\" src=\"https:\/\/blogsaverroes.juntadeandalucia.es\/ceiploscalifas\/files\/2020\/11\/logo_CEIP.jpg\" alt=\"Logo del CEIP Los Califas\" width=\"177\" height=\"177\" srcset=\"https:\/\/blogsaverroes.juntadeandalucia.es\/ceiploscalifas\/files\/2020\/11\/logo_CEIP.jpg 512w, https:\/\/blogsaverroes.juntadeandalucia.es\/ceiploscalifas\/files\/2020\/11\/logo_CEIP-300x300.jpg 300w, https:\/\/blogsaverroes.juntadeandalucia.es\/ceiploscalifas\/files\/2020\/11\/logo_CEIP-150x150.jpg 150w, https:\/\/blogsaverroes.juntadeandalucia.es\/ceiploscalifas\/files\/2020\/11\/logo_CEIP-100x100.jpg 100w, https:\/\/blogsaverroes.juntadeandalucia.es\/ceiploscalifas\/files\/2020\/11\/logo_CEIP-24x24.jpg 24w, https:\/\/blogsaverroes.juntadeandalucia.es\/ceiploscalifas\/files\/2020\/11\/logo_CEIP-36x36.jpg 36w, https:\/\/blogsaverroes.juntadeandalucia.es\/ceiploscalifas\/files\/2020\/11\/logo_CEIP-48x48.jpg 48w\" sizes=\"(max-width: 177px) 100vw, 177px\" \/><\/a><\/strong><\/span><\/p>\n<p><strong>C\u00f3digo de centro: 14003186<\/strong><\/p>\n<p style=\"text-align: left\"><strong>Direcci\u00f3n:<\/strong> Avenida de Rabanales S\/N. 14007 C\u00f3rdoba<\/p>\n<p style=\"text-align: left\"><strong>Tel\u00e9fonos: <\/strong>957 73 45 98 \/ 671 56 54 80 (Secretar\u00eda)<\/p>\n<p style=\"text-align: left\"><strong>Email:<\/strong> <a href=\"mailto:14003186.edu@juntadeandalucia.es\" target=\"_blank\" rel=\"noopener noreferrer\">14003186.edu@juntadeandalucia.es<\/a><\/p>\n<p>&nbsp;<\/p>\n<p>&nbsp;<\/p>\n<p><a href=\"https:\/\/blogsaverroes.juntadeandalucia.es\/ceiploscalifas\/files\/2020\/12\/cole.jpg\"><img loading=\"lazy\" decoding=\"async\" class=\"alignleft wp-image-2467\" src=\"https:\/\/blogsaverroes.juntadeandalucia.es\/ceiploscalifas\/files\/2020\/12\/cole-300x148.jpg\" alt=\"\" width=\"304\" height=\"150\" srcset=\"https:\/\/blogsaverroes.juntadeandalucia.es\/ceiploscalifas\/files\/2020\/12\/cole-300x148.jpg 300w, https:\/\/blogsaverroes.juntadeandalucia.es\/ceiploscalifas\/files\/2020\/12\/cole-768x379.jpg 768w, https:\/\/blogsaverroes.juntadeandalucia.es\/ceiploscalifas\/files\/2020\/12\/cole-24x12.jpg 24w, https:\/\/blogsaverroes.juntadeandalucia.es\/ceiploscalifas\/files\/2020\/12\/cole-36x18.jpg 36w, https:\/\/blogsaverroes.juntadeandalucia.es\/ceiploscalifas\/files\/2020\/12\/cole-48x24.jpg 48w, https:\/\/blogsaverroes.juntadeandalucia.es\/ceiploscalifas\/files\/2020\/12\/cole.jpg 943w\" sizes=\"(max-width: 304px) 100vw, 304px\" \/><\/a><\/p>\n<h4><img loading=\"lazy\" decoding=\"async\" class=\"alignright wp-image-2468\" src=\"https:\/\/blogsaverroes.juntadeandalucia.es\/ceiploscalifas\/files\/2020\/12\/cole2-300x136.jpg\" alt=\"\" width=\"330\" height=\"150\" srcset=\"https:\/\/blogsaverroes.juntadeandalucia.es\/ceiploscalifas\/files\/2020\/12\/cole2-300x136.jpg 300w, https:\/\/blogsaverroes.juntadeandalucia.es\/ceiploscalifas\/files\/2020\/12\/cole2-1024x466.jpg 1024w, https:\/\/blogsaverroes.juntadeandalucia.es\/ceiploscalifas\/files\/2020\/12\/cole2-768x349.jpg 768w, https:\/\/blogsaverroes.juntadeandalucia.es\/ceiploscalifas\/files\/2020\/12\/cole2-24x11.jpg 24w, https:\/\/blogsaverroes.juntadeandalucia.es\/ceiploscalifas\/files\/2020\/12\/cole2-36x16.jpg 36w, https:\/\/blogsaverroes.juntadeandalucia.es\/ceiploscalifas\/files\/2020\/12\/cole2-48x22.jpg 48w, https:\/\/blogsaverroes.juntadeandalucia.es\/ceiploscalifas\/files\/2020\/12\/cole2.jpg 1055w\" sizes=\"(max-width: 330px) 100vw, 330px\" \/><\/h4>\n<p>&nbsp;<\/p>\n<h4>&nbsp;<\/h4>\n<h4>&nbsp;<\/h4>\n<h4>&nbsp;<\/h4>\n<h4>&nbsp;<\/h4>\n<h4>&nbsp;<\/h4>\n<h4>&nbsp;<\/h4>\n<h4><strong>Ubicaci\u00f3n del centro:<\/strong><\/h4>\n<p>El colegio se encuentra ubicado en el distrito de Levante de la ciudad de C\u00f3rdoba, entre los barrios de Sagunto, Levante y La Vi\u00f1uela &#8211; Rescatado.<\/p>\n<h4 style=\"text-align: center\"><iframe loading=\"lazy\" src=\"https:\/\/www.google.com\/maps\/embed?pb=!1m18!1m12!1m3!1d3148.5602177186756!2d-4.760120885186713!3d37.89396631306685!2m3!1f0!2f0!3f0!3m2!1i1024!2i768!4f13.1!3m3!1m2!1s0xd6cdf84c46c5feb%3A0x3a79ec103ec62f9b!2sCEIP%20Los%20Califas!5e0!3m2!1ses!2ses!4v1607438820118!5m2!1ses!2ses\" width=\"600\" height=\"450\" frameborder=\"0\"><\/iframe><\/h4>\n<h4>&nbsp;<\/h4>\n<h4><strong>Horarios:<\/strong><\/h4>\n<ul style=\"list-style-type: disc\">\n<li>&nbsp;7,30 &nbsp;a &nbsp;9,00 &#8211; Aula matinal<\/li>\n<li>&nbsp;9,00 a 14,00 &#8211; Horario docente<\/li>\n<li>14,00 a 16,00 &#8211; Comedor escolar<\/li>\n<li>16,00 a 18,00 &#8211; Actividades extraescolares<\/li>\n<\/ul>\n<h4><strong>Oferta educativa:<\/strong><\/h4>\n<p style=\"text-align: justify\">En nuestro colegio se ofertan las ense\u00f1anzas de:<\/p>\n<ul style=\"text-align: justify\">\n<li>Segundo ciclo de Educaci\u00f3n Infantil:\n<ul style=\"text-align: justify\">\n<li>3, 4 y 5 a\u00f1os.<\/li>\n<\/ul>\n<\/li>\n<li>Educaci\u00f3n Especial:\n<ul style=\"text-align: justify\">\n<li>Educaci\u00f3n B\u00e1sica Obligatoria: unidad espec\u00edfica para alumnado con trastorno del espectro autista (T.E.A.).<\/li>\n<\/ul>\n<\/li>\n<li>Educaci\u00f3n Primaria:\n<ul style=\"text-align: justify\">\n<li>E.P. 1<sup>er<\/sup> ciclo: de 1\u00ba a 2\u00ba nivel.<\/li>\n<li>E.P. 2\u00ba ciclo: de 3\u00ba a 4\u00ba nivel.<\/li>\n<li>E.P. 3<sup>er<\/sup> ciclo: de 5\u00ba a 6\u00ba nivel.<\/li>\n<\/ul>\n<\/li>\n<\/ul>\n<p style=\"text-align: justify\">El centro cuenta adem\u00e1s para la atenci\u00f3n al alumnado con necesidad espec\u00edfica de apoyo educativo (N.E.A.E.) con dos unidades de:<\/p>\n<ul>\n<li style=\"text-align: justify\">Apoyo a la Integraci\u00f3n: Pedagog\u00eda Terap\u00e9utica.<\/li>\n<li style=\"text-align: justify\">Apoyo a la Integraci\u00f3n: Audici\u00f3n y Lenguaje.<\/li>\n<\/ul>\n<h4><strong>Adscripci\u00f3n del centro:<\/strong><\/h4>\n<p style=\"text-align: justify\">El alumnado de 6\u00ba de Educaci\u00f3n Primaria, al finalizar la etapa, podr\u00e1 continuar sus estudios en el I.E.S. Blas Infante, al cual est\u00e1 adscrito nuestro colegio y donde tienen reservada su plaza. <a href=\"https:\/\/blogsaverroes.juntadeandalucia.es\/ceiploscalifas\/files\/2021\/05\/logo_iesbi.png\"><img loading=\"lazy\" decoding=\"async\" class=\"size-full wp-image-4108 aligncenter\" src=\"https:\/\/blogsaverroes.juntadeandalucia.es\/ceiploscalifas\/files\/2021\/05\/logo_iesbi.png\" alt=\"\" width=\"117\" height=\"97\"><\/a>Puede visitar su web de centro, haciendo clic <a title=\"IES Luis de G\u00f3ngora\" href=\"https:\/\/www.iesbi.es\" target=\"_blank\" rel=\"noopener noreferrer\">aqu\u00ed<\/a>.<\/p>\n<p style=\"text-align: center\"><iframe loading=\"lazy\" src=\"https:\/\/www.google.com\/maps\/embed?pb=!1m18!1m12!1m3!1d3148.4993589631026!2d-4.760264085186613!3d37.895389212984746!2m3!1f0!2f0!3f0!3m2!1i1024!2i768!4f13.1!3m3!1m2!1s0xd6cdf9045b4be03%3A0x524127357d57357d!2sIES%20Blas%20Infante!5e0!3m2!1ses!2ses!4v1607459026026!5m2!1ses!2ses\" width=\"600\" height=\"450\" frameborder=\"0\"><\/iframe><\/p>\n","protected":false},"excerpt":{"rendered":"<p>Colegio P\u00fablico de Educaci\u00f3n Infantil y Primaria \u00abLos Califas\u00bb C\u00f3digo de centro: 14003186 Direcci\u00f3n: Avenida de Rabanales S\/N. 14007 C\u00f3rdoba Tel\u00e9fonos: 957 73 45 98 \/ 671 56 54 80 (Secretar\u00eda) Email: 14003186.edu@juntadeandalucia.es &nbsp;&#46;&#46;&#46;<\/p>\n","protected":false},"author":1,"featured_media":0,"parent":0,"menu_order":0,"comment_status":"closed","ping_status":"open","template":"page-cs.php","meta":{"ngg_post_thumbnail":0,"footnotes":"","_mc_calendar":[]},"aioseo_notices":[],"_links":{"self":[{"href":"https:\/\/blogsaverroes.juntadeandalucia.es\/ceiploscalifas\/wp-json\/wp\/v2\/pages\/35"}],"collection":[{"href":"https:\/\/blogsaverroes.juntadeandalucia.es\/ceiploscalifas\/wp-json\/wp\/v2\/pages"}],"about":[{"href":"https:\/\/blogsaverroes.juntadeandalucia.es\/ceiploscalifas\/wp-json\/wp\/v2\/types\/page"}],"author":[{"embeddable":true,"href":"https:\/\/blogsaverroes.juntadeandalucia.es\/ceiploscalifas\/wp-json\/wp\/v2\/users\/1"}],"replies":[{"embeddable":true,"href":"https:\/\/blogsaverroes.juntadeandalucia.es\/ceiploscalifas\/wp-json\/wp\/v2\/comments?post=35"}],"version-history":[{"count":72,"href":"https:\/\/blogsaverroes.juntadeandalucia.es\/ceiploscalifas\/wp-json\/wp\/v2\/pages\/35\/revisions"}],"predecessor-version":[{"id":7078,"href":"https:\/\/blogsaverroes.juntadeandalucia.es\/ceiploscalifas\/wp-json\/wp\/v2\/pages\/35\/revisions\/7078"}],"wp:attachment":[{"href":"https:\/\/blogsaverroes.juntadeandalucia.es\/ceiploscalifas\/wp-json\/wp\/v2\/media?parent=35"}],"curies":[{"name":"wp","href":"https:\/\/api.w.org\/{rel}","templated":true}]}}