{"id":42,"date":"2020-10-05T09:00:47","date_gmt":"2020-10-05T09:00:47","guid":{"rendered":"http:\/\/blogsaverroes.juntadeandalucia.es\/pre\/ceip\/?page_id=42"},"modified":"2021-05-29T20:06:04","modified_gmt":"2021-05-29T20:06:04","slug":"equipo-directivo","status":"publish","type":"page","link":"https:\/\/blogsaverroes.juntadeandalucia.es\/ceiploscalifas\/equipo-directivo\/","title":{"rendered":"Equipo directivo"},"content":{"rendered":"<h2><strong>Direcci\u00f3n:<\/strong><a href=\"https:\/\/blogsaverroes.juntadeandalucia.es\/ceiploscalifas\/files\/2020\/12\/directora.jpg\"><img loading=\"lazy\" decoding=\"async\" class=\"alignleft wp-image-2489 size-thumbnail\" src=\"https:\/\/blogsaverroes.juntadeandalucia.es\/ceiploscalifas\/files\/2020\/12\/directora-150x150.jpg\" alt=\"\" width=\"150\" height=\"150\" srcset=\"https:\/\/blogsaverroes.juntadeandalucia.es\/ceiploscalifas\/files\/2020\/12\/directora-150x150.jpg 150w, https:\/\/blogsaverroes.juntadeandalucia.es\/ceiploscalifas\/files\/2020\/12\/directora-100x100.jpg 100w, https:\/\/blogsaverroes.juntadeandalucia.es\/ceiploscalifas\/files\/2020\/12\/directora-24x24.jpg 24w, https:\/\/blogsaverroes.juntadeandalucia.es\/ceiploscalifas\/files\/2020\/12\/directora-36x36.jpg 36w\" sizes=\"(max-width: 150px) 100vw, 150px\" \/><\/a><\/h2>\n<p style=\"text-align: center\"><strong><a href=\"https:\/\/blogsaverroes.juntadeandalucia.es\/ceiploscalifas\/files\/2021\/01\/MCarmen.png\"><img loading=\"lazy\" decoding=\"async\" class=\"aligncenter size-full wp-image-2827\" src=\"https:\/\/blogsaverroes.juntadeandalucia.es\/ceiploscalifas\/files\/2021\/01\/MCarmen.png\" alt=\"\" width=\"114\" height=\"114\" srcset=\"https:\/\/blogsaverroes.juntadeandalucia.es\/ceiploscalifas\/files\/2021\/01\/MCarmen.png 114w, https:\/\/blogsaverroes.juntadeandalucia.es\/ceiploscalifas\/files\/2021\/01\/MCarmen-100x100.png 100w, https:\/\/blogsaverroes.juntadeandalucia.es\/ceiploscalifas\/files\/2021\/01\/MCarmen-24x24.png 24w, https:\/\/blogsaverroes.juntadeandalucia.es\/ceiploscalifas\/files\/2021\/01\/MCarmen-36x36.png 36w, https:\/\/blogsaverroes.juntadeandalucia.es\/ceiploscalifas\/files\/2021\/01\/MCarmen-48x48.png 48w\" sizes=\"(max-width: 114px) 100vw, 114px\" \/><\/a>Mar\u00eda del Carmen Luque Torregrosa<\/strong><\/p>\n<p style=\"text-align: center\">Email: <a href=\"mailto:direccion@loscalifas.net\" target=\"_blank\" rel=\"noopener noreferrer\">direccion@loscalifas.net<\/a><\/p>\n<h2><a href=\"https:\/\/blogsaverroes.juntadeandalucia.es\/ceiploscalifas\/files\/2020\/12\/jefa-de-estudios.jpg\"><img loading=\"lazy\" decoding=\"async\" class=\"alignleft wp-image-2490 size-thumbnail\" src=\"https:\/\/blogsaverroes.juntadeandalucia.es\/ceiploscalifas\/files\/2020\/12\/jefa-de-estudios-150x150.jpg\" alt=\"\" width=\"150\" height=\"150\" srcset=\"https:\/\/blogsaverroes.juntadeandalucia.es\/ceiploscalifas\/files\/2020\/12\/jefa-de-estudios-150x150.jpg 150w, https:\/\/blogsaverroes.juntadeandalucia.es\/ceiploscalifas\/files\/2020\/12\/jefa-de-estudios-100x100.jpg 100w\" sizes=\"(max-width: 150px) 100vw, 150px\" \/><\/a><\/h2>\n<h2><strong>Jefatura de estudios:<\/strong><\/h2>\n<p style=\"text-align: center\"><strong><a href=\"https:\/\/blogsaverroes.juntadeandalucia.es\/ceiploscalifas\/files\/2021\/01\/Dana.png\"><img loading=\"lazy\" decoding=\"async\" class=\"aligncenter wp-image-2828\" src=\"https:\/\/blogsaverroes.juntadeandalucia.es\/ceiploscalifas\/files\/2021\/01\/Dana-150x150.png\" alt=\"\" width=\"114\" height=\"115\" srcset=\"https:\/\/blogsaverroes.juntadeandalucia.es\/ceiploscalifas\/files\/2021\/01\/Dana-150x150.png 150w, https:\/\/blogsaverroes.juntadeandalucia.es\/ceiploscalifas\/files\/2021\/01\/Dana-100x100.png 100w, https:\/\/blogsaverroes.juntadeandalucia.es\/ceiploscalifas\/files\/2021\/01\/Dana-24x24.png 24w, https:\/\/blogsaverroes.juntadeandalucia.es\/ceiploscalifas\/files\/2021\/01\/Dana-36x36.png 36w, https:\/\/blogsaverroes.juntadeandalucia.es\/ceiploscalifas\/files\/2021\/01\/Dana-48x48.png 48w, https:\/\/blogsaverroes.juntadeandalucia.es\/ceiploscalifas\/files\/2021\/01\/Dana.png 170w\" sizes=\"(max-width: 114px) 100vw, 114px\" \/><\/a>Dana Collado Rodr\u00edguez<\/strong><\/p>\n<p style=\"text-align: center\">Email: <a href=\"mailto:jefatura@loscalifas.net\" target=\"_blank\" rel=\"noopener noreferrer\">jefatura@loscalifas.net<\/a><\/p>\n<h2><strong><a href=\"https:\/\/blogsaverroes.juntadeandalucia.es\/ceiploscalifas\/files\/2020\/12\/secretario.jpg\"><img loading=\"lazy\" decoding=\"async\" class=\"size-thumbnail wp-image-2491 alignleft\" src=\"https:\/\/blogsaverroes.juntadeandalucia.es\/ceiploscalifas\/files\/2020\/12\/secretario-150x150.jpg\" alt=\"\" width=\"150\" height=\"150\" srcset=\"https:\/\/blogsaverroes.juntadeandalucia.es\/ceiploscalifas\/files\/2020\/12\/secretario-150x150.jpg 150w, https:\/\/blogsaverroes.juntadeandalucia.es\/ceiploscalifas\/files\/2020\/12\/secretario-100x100.jpg 100w, https:\/\/blogsaverroes.juntadeandalucia.es\/ceiploscalifas\/files\/2020\/12\/secretario-24x24.jpg 24w, https:\/\/blogsaverroes.juntadeandalucia.es\/ceiploscalifas\/files\/2020\/12\/secretario-36x36.jpg 36w, https:\/\/blogsaverroes.juntadeandalucia.es\/ceiploscalifas\/files\/2020\/12\/secretario-48x48.jpg 48w\" sizes=\"(max-width: 150px) 100vw, 150px\" \/><\/a>Secretar\u00eda:<\/strong><\/h2>\n<p style=\"text-align: center\"><strong><a href=\"https:\/\/blogsaverroes.juntadeandalucia.es\/ceiploscalifas\/files\/2021\/05\/fotoManuel.png\"><img loading=\"lazy\" decoding=\"async\" class=\"aligncenter wp-image-4111\" src=\"https:\/\/blogsaverroes.juntadeandalucia.es\/ceiploscalifas\/files\/2021\/05\/fotoManuel.png\" alt=\"\" width=\"114\" height=\"116\"><\/a>Manuel Parr\u00f3n Porras<\/strong><\/p>\n<p style=\"text-align: center\">Email: <a href=\"mailto:secretaria@loscalifas.net\" target=\"_blank\" rel=\"noopener noreferrer\">secretaria@loscalifas.net<\/a><\/p>\n<p style=\"text-align: center\">Tel\u00e9fono: 671 56 54 80 &#8211; Corporativo: 76 54 80<\/p>\n<p>&nbsp;<\/p>\n","protected":false},"excerpt":{"rendered":"<p>Direcci\u00f3n: Mar\u00eda del Carmen Luque Torregrosa Email: direccion@loscalifas.net Jefatura de estudios: Dana Collado Rodr\u00edguez Email: jefatura@loscalifas.net Secretar\u00eda: Manuel Parr\u00f3n Porras Email: secretaria@loscalifas.net Tel\u00e9fono: 671 56 54 80 &#8211; Corporativo: 76 54 80 &nbsp;<\/p>\n","protected":false},"author":1,"featured_media":0,"parent":0,"menu_order":0,"comment_status":"closed","ping_status":"open","template":"","meta":{"ngg_post_thumbnail":0,"footnotes":"","_mc_calendar":[]},"aioseo_notices":[],"_links":{"self":[{"href":"https:\/\/blogsaverroes.juntadeandalucia.es\/ceiploscalifas\/wp-json\/wp\/v2\/pages\/42"}],"collection":[{"href":"https:\/\/blogsaverroes.juntadeandalucia.es\/ceiploscalifas\/wp-json\/wp\/v2\/pages"}],"about":[{"href":"https:\/\/blogsaverroes.juntadeandalucia.es\/ceiploscalifas\/wp-json\/wp\/v2\/types\/page"}],"author":[{"embeddable":true,"href":"https:\/\/blogsaverroes.juntadeandalucia.es\/ceiploscalifas\/wp-json\/wp\/v2\/users\/1"}],"replies":[{"embeddable":true,"href":"https:\/\/blogsaverroes.juntadeandalucia.es\/ceiploscalifas\/wp-json\/wp\/v2\/comments?post=42"}],"version-history":[{"count":9,"href":"https:\/\/blogsaverroes.juntadeandalucia.es\/ceiploscalifas\/wp-json\/wp\/v2\/pages\/42\/revisions"}],"predecessor-version":[{"id":4112,"href":"https:\/\/blogsaverroes.juntadeandalucia.es\/ceiploscalifas\/wp-json\/wp\/v2\/pages\/42\/revisions\/4112"}],"wp:attachment":[{"href":"https:\/\/blogsaverroes.juntadeandalucia.es\/ceiploscalifas\/wp-json\/wp\/v2\/media?parent=42"}],"curies":[{"name":"wp","href":"https:\/\/api.w.org\/{rel}","templated":true}]}}