{"id":869,"date":"2020-09-01T09:00:52","date_gmt":"2020-09-01T09:00:52","guid":{"rendered":"http:\/\/blogsaverroes.juntadeandalucia.es\/pre\/ceip\/?page_id=84"},"modified":"2024-07-18T16:43:20","modified_gmt":"2024-07-18T16:43:20","slug":"calendario-escolar","status":"publish","type":"page","link":"https:\/\/blogsaverroes.juntadeandalucia.es\/ceiploscalifas\/calendario-escolar\/","title":{"rendered":"Calendario escolar"},"content":{"rendered":"<p style=\"text-align: left\"><strong>Calendario escolar 2023\/2024.<\/strong><\/p>\n<p style=\"text-align: justify\">El curso escolar se inicia el d\u00eda 1 de septiembre de 2024 y finaliza el d\u00eda 30 de junio de 2025.<\/p>\n<div class=\"page\" title=\"Page 4\">\n<div class=\"section\">\n<div class=\"layoutArea\">\n<div class=\"column\">\n<p style=\"text-align: justify\">Los d\u00edas festivos de \u00e1mbito nacional y auton\u00f3mico ser\u00e1n los establecidos por el Consejo de Ministros y el Consejo de Gobierno de la Comunidad Aut\u00f3noma de Andaluc\u00eda, respectivamente.&nbsp;Se establecen como d\u00edas no lectivos los siguientes:<\/p>\n<p style=\"text-align: justify;padding-left: 40px\">&#8211; D\u00edas no lectivos provinciales para todos los niveles educativos: <strong>7 de enero de 2025 y 2 de mayo de 2025.<\/strong><\/p>\n<p style=\"text-align: justify;padding-left: 40px\">&#8211; \u201cD\u00eda de la Comunidad Educativa\u201d para todos los niveles y miembros de la Comunidad Educativa <strong>el 27 de febrero de 2025.<\/strong><\/p>\n<\/div>\n<\/div>\n<\/div>\n<\/div>\n<div class=\"page\" title=\"Page 5\">\n<div class=\"section\">\n<div class=\"layoutArea\">\n<div class=\"column\">\n<p>Los Ayuntamientos de cada localidad podr\u00e1n solicitar a la Delegaci\u00f3n Territorial, previa consulta al Consejo Escolar Municipal, hasta 3 d\u00edas no lectivos. Para el curso acad\u00e9mico 2024\/25, los d\u00edas no lectivos son los siguientes:<\/p>\n<div class=\"page\" title=\"Page 1\">\n<div class=\"section\">\n<div class=\"layoutArea\">\n<div class=\"column\">\n<ul>\n<li>24 de octubre de 2024 (Fiesta Local).<\/li>\n<li>29 de mayo de 2025 (Fiesta Escolar).<\/li>\n<li>30 de mayo de 2025 (Fiesta Escolar).<\/li>\n<\/ul>\n<\/div>\n<\/div>\n<\/div>\n<\/div>\n<\/div>\n<\/div>\n<\/div>\n<\/div>\n<div>\n<h4 style=\"text-align: center\"><strong>Periodos vacacionales<\/strong><\/h4>\n<div class=\"page\" title=\"Page 5\">\n<div class=\"section\">\n<div class=\"layoutArea\">\n<div class=\"column\">\n<p>Los per\u00edodos vacacionales ser\u00e1n los siguientes:<\/p>\n<p style=\"padding-left: 40px\">&#8211; Desde el 23 de diciembre de 2024 al 7 de enero de 2025, ambos inclusive.<\/p>\n<p style=\"padding-left: 40px\">&#8211; Desde el 14 de abril al 20 de abril de 2025, ambos inclusive.<\/p>\n<\/div>\n<\/div>\n<\/div>\n<\/div>\n<p><a href=\"https:\/\/blogsaverroes.juntadeandalucia.es\/ceiploscalifas\/calendario-escolar\/calendario-escolar-24_25-copia\/\" rel=\"attachment wp-att-7721\"><img loading=\"lazy\" decoding=\"async\" class=\"alignnone size-full wp-image-7721\" src=\"https:\/\/blogsaverroes.juntadeandalucia.es\/ceiploscalifas\/files\/2024\/07\/CALENDARIO-ESCOLAR-24_25-copia.jpg\" alt=\"\" width=\"1132\" height=\"1600\" srcset=\"https:\/\/blogsaverroes.juntadeandalucia.es\/ceiploscalifas\/files\/2024\/07\/CALENDARIO-ESCOLAR-24_25-copia.jpg 1132w, https:\/\/blogsaverroes.juntadeandalucia.es\/ceiploscalifas\/files\/2024\/07\/CALENDARIO-ESCOLAR-24_25-copia-212x300.jpg 212w, https:\/\/blogsaverroes.juntadeandalucia.es\/ceiploscalifas\/files\/2024\/07\/CALENDARIO-ESCOLAR-24_25-copia-724x1024.jpg 724w, https:\/\/blogsaverroes.juntadeandalucia.es\/ceiploscalifas\/files\/2024\/07\/CALENDARIO-ESCOLAR-24_25-copia-768x1086.jpg 768w, https:\/\/blogsaverroes.juntadeandalucia.es\/ceiploscalifas\/files\/2024\/07\/CALENDARIO-ESCOLAR-24_25-copia-1087x1536.jpg 1087w\" sizes=\"(max-width: 1132px) 100vw, 1132px\" \/><\/a><\/p>\n<\/div>\n","protected":false},"excerpt":{"rendered":"<p>Calendario escolar 2023\/2024. El curso escolar se inicia el d\u00eda 1 de septiembre de 2024 y finaliza el d\u00eda 30 de junio de 2025. Los d\u00edas festivos de \u00e1mbito nacional y auton\u00f3mico ser\u00e1n los&#46;&#46;&#46;<\/p>\n","protected":false},"author":1,"featured_media":7072,"parent":0,"menu_order":0,"comment_status":"closed","ping_status":"open","template":"page-cs.php","meta":{"ngg_post_thumbnail":0,"footnotes":"","_mc_calendar":[]},"aioseo_notices":[],"_links":{"self":[{"href":"https:\/\/blogsaverroes.juntadeandalucia.es\/ceiploscalifas\/wp-json\/wp\/v2\/pages\/869"}],"collection":[{"href":"https:\/\/blogsaverroes.juntadeandalucia.es\/ceiploscalifas\/wp-json\/wp\/v2\/pages"}],"about":[{"href":"https:\/\/blogsaverroes.juntadeandalucia.es\/ceiploscalifas\/wp-json\/wp\/v2\/types\/page"}],"author":[{"embeddable":true,"href":"https:\/\/blogsaverroes.juntadeandalucia.es\/ceiploscalifas\/wp-json\/wp\/v2\/users\/1"}],"replies":[{"embeddable":true,"href":"https:\/\/blogsaverroes.juntadeandalucia.es\/ceiploscalifas\/wp-json\/wp\/v2\/comments?post=869"}],"version-history":[{"count":9,"href":"https:\/\/blogsaverroes.juntadeandalucia.es\/ceiploscalifas\/wp-json\/wp\/v2\/pages\/869\/revisions"}],"predecessor-version":[{"id":7725,"href":"https:\/\/blogsaverroes.juntadeandalucia.es\/ceiploscalifas\/wp-json\/wp\/v2\/pages\/869\/revisions\/7725"}],"wp:featuredmedia":[{"embeddable":true,"href":"https:\/\/blogsaverroes.juntadeandalucia.es\/ceiploscalifas\/wp-json\/wp\/v2\/media\/7072"}],"wp:attachment":[{"href":"https:\/\/blogsaverroes.juntadeandalucia.es\/ceiploscalifas\/wp-json\/wp\/v2\/media?parent=869"}],"curies":[{"name":"wp","href":"https:\/\/api.w.org\/{rel}","templated":true}]}}