{"id":871,"date":"2015-03-16T07:25:46","date_gmt":"2015-03-16T07:25:46","guid":{"rendered":"http:\/\/blogsaverroes.juntadeandalucia.es\/pre\/ceip\/?page_id=106"},"modified":"2024-08-03T08:58:18","modified_gmt":"2024-08-03T08:58:18","slug":"actividades-extraescolares","status":"publish","type":"page","link":"https:\/\/blogsaverroes.juntadeandalucia.es\/ceiploscalifas\/actividades-extraescolares\/","title":{"rendered":"Actividades extraescolares"},"content":{"rendered":"<h4><a href=\"https:\/\/blogsaverroes.juntadeandalucia.es\/ceiploscalifas\/actividades-extraescolares\/horarioaaeeloscalifas2024-2025\/\" rel=\"attachment wp-att-7722\"><img loading=\"lazy\" decoding=\"async\" class=\"alignnone size-full wp-image-7722\" src=\"https:\/\/blogsaverroes.juntadeandalucia.es\/ceiploscalifas\/files\/2024\/07\/HORARIOAAEELOSCALIFAS2024-2025.jpg\" alt=\"\" width=\"1754\" height=\"1240\" srcset=\"https:\/\/blogsaverroes.juntadeandalucia.es\/ceiploscalifas\/files\/2024\/07\/HORARIOAAEELOSCALIFAS2024-2025.jpg 1600w, https:\/\/blogsaverroes.juntadeandalucia.es\/ceiploscalifas\/files\/2024\/07\/HORARIOAAEELOSCALIFAS2024-2025-300x212.jpg 300w, https:\/\/blogsaverroes.juntadeandalucia.es\/ceiploscalifas\/files\/2024\/07\/HORARIOAAEELOSCALIFAS2024-2025-1024x724.jpg 1024w, https:\/\/blogsaverroes.juntadeandalucia.es\/ceiploscalifas\/files\/2024\/07\/HORARIOAAEELOSCALIFAS2024-2025-768x543.jpg 768w, https:\/\/blogsaverroes.juntadeandalucia.es\/ceiploscalifas\/files\/2024\/07\/HORARIOAAEELOSCALIFAS2024-2025-1536x1086.jpg 1536w\" sizes=\"(max-width: 1754px) 100vw, 1754px\" \/><\/a><\/h4>\n<p style=\"text-align: left\">Las actividades extraescolares tienen lugar en horario de tarde, de 16:00 a &nbsp;18.00 de la tarde, de lunes a jueves, durante los meses de octubre a mayo, y abarcan aspectos como el refuerzo educativa, el deporte, el idioma y la creatividad art\u00edstica, entre otras actividades l\u00fadicas y formativas.<\/p>\n<p>Para su uso es necesaria &nbsp;la solicitud del servicio en secretar\u00eda,&nbsp;a trav\u00e9s de la <a href=\"https:\/\/www.juntadeandalucia.es\/educacion\/secretariavirtual\/\">SECRETARIA VIRTUAL<\/a> o mediante el <a href=\"https:\/\/www.juntadeandalucia.es\/educacion\/portals\/delegate\/content\/6c4342f7-1581-4c26-bc7e-2e49b4b64cee\/Anexo%20II.-%20Servicio%20de%20Aula%20Matinal,%20Comedor%20Escolar%20y%20actividades%20Extraescolares\">ANEXO II<\/a>&nbsp;(Desc\u00e1rgate aqu\u00ed el formulario y &nbsp;entr\u00e9galo en la secretar\u00eda del colegio).<\/p>\n<p>La solicitud de bonificaciones para la primera actividad &nbsp;se realiza a principios del mes de septiembre, a trav\u00e9s de la <a href=\"https:\/\/www.juntadeandalucia.es\/educacion\/secretariavirtual\/\">SECRETARIA VIRTUAL<\/a> o mediante el <a href=\"https:\/\/www.juntadeandalucia.es\/educacion\/portals\/delegate\/content\/fcc8b9c5-53ad-46ca-9098-80d7b3c81097\/Anexo%20V.-%20Gratuidad\/bonificaci\u00f3n%20del%20precio%20p\u00fablico%20por%20los%20servicios%20complementarios%20de%20Aula%20Matinal,%20Comedor%20Escolar%20y%20Actividades%20Extraescolares\">ANEXO V&nbsp;<\/a>(Desc\u00e1rgate aqu\u00ed el formulario y &nbsp;entr\u00e9galo en la secretar\u00eda del colegio).<\/p>\n<p>La empresa responsable de la gesti\u00f3n del servicio de aula matinal en nuestro colegio para el curso 2024\/2025 es <a href=\"https:\/\/aeducasport.es\"><b>EDUCASPORT<\/b><\/a>.<\/p>\n<p style=\"text-align: left\">Este curso 24-25, <strong>el precio de cada actividad es 17,51\u20ac<\/strong> (BOJA n\u00ba 147 de 02\/08\/2023), pudiendo ser bonificada la primera actividad solicitada.<\/p>\n<p>La entrada y salida de las actividades se har\u00e1 por la puerta de Primaria.<\/p>\n<p>Adem\u00e1s, en el centro tenemos otras actividades deportivas gestionadas por asociaciones: f\u00fatbol sala, baloncesto y balonmano. El horario de pistas es el siguiente:<\/p>\n<p><a href=\"https:\/\/blogsaverroes.juntadeandalucia.es\/ceiploscalifas\/captura-de-pantalla-2023-09-06-a-las-18-08-32\/\"><img loading=\"lazy\" decoding=\"async\" class=\"alignnone size-full wp-image-7039\" src=\"https:\/\/blogsaverroes.juntadeandalucia.es\/ceiploscalifas\/files\/2023\/09\/Captura-de-pantalla-2023-09-06-a-las-18.08.32.png\" alt=\"\" width=\"677\" height=\"280\" srcset=\"https:\/\/blogsaverroes.juntadeandalucia.es\/ceiploscalifas\/files\/2023\/09\/Captura-de-pantalla-2023-09-06-a-las-18.08.32.png 677w, https:\/\/blogsaverroes.juntadeandalucia.es\/ceiploscalifas\/files\/2023\/09\/Captura-de-pantalla-2023-09-06-a-las-18.08.32-300x124.png 300w\" sizes=\"(max-width: 677px) 100vw, 677px\" \/><\/a><\/p>\n","protected":false},"excerpt":{"rendered":"<p>Las actividades extraescolares tienen lugar en horario de tarde, de 16:00 a &nbsp;18.00 de la tarde, de lunes a jueves, durante los meses de octubre a mayo, y abarcan aspectos como el refuerzo educativa,&#46;&#46;&#46;<\/p>\n","protected":false},"author":1,"featured_media":0,"parent":0,"menu_order":0,"comment_status":"closed","ping_status":"open","template":"page-cs.php","meta":{"ngg_post_thumbnail":0,"footnotes":"","_mc_calendar":[]},"aioseo_notices":[],"_links":{"self":[{"href":"https:\/\/blogsaverroes.juntadeandalucia.es\/ceiploscalifas\/wp-json\/wp\/v2\/pages\/871"}],"collection":[{"href":"https:\/\/blogsaverroes.juntadeandalucia.es\/ceiploscalifas\/wp-json\/wp\/v2\/pages"}],"about":[{"href":"https:\/\/blogsaverroes.juntadeandalucia.es\/ceiploscalifas\/wp-json\/wp\/v2\/types\/page"}],"author":[{"embeddable":true,"href":"https:\/\/blogsaverroes.juntadeandalucia.es\/ceiploscalifas\/wp-json\/wp\/v2\/users\/1"}],"replies":[{"embeddable":true,"href":"https:\/\/blogsaverroes.juntadeandalucia.es\/ceiploscalifas\/wp-json\/wp\/v2\/comments?post=871"}],"version-history":[{"count":16,"href":"https:\/\/blogsaverroes.juntadeandalucia.es\/ceiploscalifas\/wp-json\/wp\/v2\/pages\/871\/revisions"}],"predecessor-version":[{"id":7733,"href":"https:\/\/blogsaverroes.juntadeandalucia.es\/ceiploscalifas\/wp-json\/wp\/v2\/pages\/871\/revisions\/7733"}],"wp:attachment":[{"href":"https:\/\/blogsaverroes.juntadeandalucia.es\/ceiploscalifas\/wp-json\/wp\/v2\/media?parent=871"}],"curies":[{"name":"wp","href":"https:\/\/api.w.org\/{rel}","templated":true}]}}