{"id":99,"date":"2020-10-05T09:00:54","date_gmt":"2020-10-05T09:00:54","guid":{"rendered":"http:\/\/blogsaverroes.juntadeandalucia.es\/pre\/ceip\/?page_id=99"},"modified":"2024-08-03T08:49:36","modified_gmt":"2024-08-03T08:49:36","slug":"comedor-escolar","status":"publish","type":"page","link":"https:\/\/blogsaverroes.juntadeandalucia.es\/ceiploscalifas\/comedor-escolar\/","title":{"rendered":"Comedor escolar"},"content":{"rendered":"<p>El comedor escolar es un servicio complementario para todo el alumnado que ayuda a conciliar la vida laboral y familiar. El horario de este servicio proporciona a los padres y a las madres un apoyo que les permite compatibilizar sus obligaciones familiares y profesionales. Tiene una duraci\u00f3n de hasta dos horas desde que acaba la jornada escolar de la ma\u00f1ana (de <a href=\"https:\/\/blogsaverroes.juntadeandalucia.es\/ceiploscalifas\/comedor-escolar\/menu_escolar\/\" rel=\"attachment wp-att-7084\"><img loading=\"lazy\" decoding=\"async\" class=\"wp-image-7084 alignright\" src=\"https:\/\/blogsaverroes.juntadeandalucia.es\/ceiploscalifas\/files\/2023\/09\/menu_escolar.png\" alt=\"\" width=\"306\" height=\"175\" srcset=\"https:\/\/blogsaverroes.juntadeandalucia.es\/ceiploscalifas\/files\/2023\/09\/menu_escolar.png 406w, https:\/\/blogsaverroes.juntadeandalucia.es\/ceiploscalifas\/files\/2023\/09\/menu_escolar-300x171.png 300w\" sizes=\"(max-width: 306px) 100vw, 306px\" \/><\/a>14:00h a 16:00h).&nbsp;<\/p>\n<p>El comedor escolar promueve una alimentaci\u00f3n saludable y es una pieza importante en todas las medidas dirigidas a mejorar los h\u00e1bitos alimenticios de los ni\u00f1os y ni\u00f1as y prevenir problemas de salud como la obesidad.<\/p>\n<p>Para su uso es necesaria &nbsp;la solicitud del servicio en secretar\u00eda,&nbsp;a trav\u00e9s de la <a href=\"https:\/\/www.juntadeandalucia.es\/educacion\/secretariavirtual\/\">SECRETARIA VIRTUAL<\/a> o mediante el <a href=\"https:\/\/www.juntadeandalucia.es\/educacion\/portals\/delegate\/content\/6c4342f7-1581-4c26-bc7e-2e49b4b64cee\/Anexo%20II.-%20Servicio%20de%20Aula%20Matinal,%20Comedor%20Escolar%20y%20actividades%20Extraescolares\">ANEXO II<\/a>&nbsp;(Desc\u00e1rgate aqu\u00ed el formulario y &nbsp;entr\u00e9galo en la secretar\u00eda del colegio).<\/p>\n<p style=\"text-align: center\"><strong>Precio del servicio: 5,54 \u20ac\/d\u00eda<\/strong><\/p>\n<p>(<a href=\"https:\/\/www.juntadeandalucia.es\/eboja\/2024\/150\/BOJA24-150-00002-49032-01_00305982.pdf\">Acuerdo de 30 de julio de 2024<\/a>, del Consejo de Gobierno de la Junta de Andaluc\u00eda)<\/p>\n<p>La solicitud de bonificaciones &nbsp;de dicho servicio se realiza a principios del mes de septiembre, a trav\u00e9s de la <a href=\"https:\/\/www.juntadeandalucia.es\/educacion\/secretariavirtual\/\">SECRETARIA VIRTUAL<\/a> o mediante el <a href=\"https:\/\/www.juntadeandalucia.es\/educacion\/portals\/delegate\/content\/fcc8b9c5-53ad-46ca-9098-80d7b3c81097\/Anexo%20V.-%20Gratuidad\/bonificaci\u00f3n%20del%20precio%20p\u00fablico%20por%20los%20servicios%20complementarios%20de%20Aula%20Matinal,%20Comedor%20Escolar%20y%20Actividades%20Extraescolares\">ANEXO V&nbsp;<\/a>(Desc\u00e1rgate aqu\u00ed el formulario y &nbsp;entr\u00e9galo en la secretar\u00eda del colegio).<\/p>\n<p class=\"cvGsUA direction-ltr align-justify para-style-body\"><span class=\"OYPEnA text-decoration-none text-strikethrough-none\">Atenci\u00f3n alumnado de 14:00 a 16:00.<\/span><\/p>\n<p class=\"cvGsUA direction-ltr align-justify para-style-body\"><span class=\"OYPEnA text-decoration-none text-strikethrough-none\">La salida para la recogida ser\u00e1 por puerta de Primaria. Las a<\/span><span class=\"OYPEnA text-decoration-none text-strikethrough-none\">perturas de puerta: De 15:15 a 15:30 y de 15,50 a 16:00<\/span><\/p>\n<p>La empresa responsable de la gesti\u00f3n del servicio de comedor en nuestro colegio para el curso 2023\/2024 es <strong>Mediterr\u00e1nea de Catering Group<\/strong>.<\/p>\n<p>&nbsp;<\/p>\n","protected":false},"excerpt":{"rendered":"<p>El comedor escolar es un servicio complementario para todo el alumnado que ayuda a conciliar la vida laboral y familiar. El horario de este servicio proporciona a los padres y a las madres un&#46;&#46;&#46;<\/p>\n","protected":false},"author":1,"featured_media":0,"parent":0,"menu_order":0,"comment_status":"closed","ping_status":"open","template":"page-cs.php","meta":{"ngg_post_thumbnail":0,"footnotes":"","_mc_calendar":[]},"aioseo_notices":[],"_links":{"self":[{"href":"https:\/\/blogsaverroes.juntadeandalucia.es\/ceiploscalifas\/wp-json\/wp\/v2\/pages\/99"}],"collection":[{"href":"https:\/\/blogsaverroes.juntadeandalucia.es\/ceiploscalifas\/wp-json\/wp\/v2\/pages"}],"about":[{"href":"https:\/\/blogsaverroes.juntadeandalucia.es\/ceiploscalifas\/wp-json\/wp\/v2\/types\/page"}],"author":[{"embeddable":true,"href":"https:\/\/blogsaverroes.juntadeandalucia.es\/ceiploscalifas\/wp-json\/wp\/v2\/users\/1"}],"replies":[{"embeddable":true,"href":"https:\/\/blogsaverroes.juntadeandalucia.es\/ceiploscalifas\/wp-json\/wp\/v2\/comments?post=99"}],"version-history":[{"count":10,"href":"https:\/\/blogsaverroes.juntadeandalucia.es\/ceiploscalifas\/wp-json\/wp\/v2\/pages\/99\/revisions"}],"predecessor-version":[{"id":7729,"href":"https:\/\/blogsaverroes.juntadeandalucia.es\/ceiploscalifas\/wp-json\/wp\/v2\/pages\/99\/revisions\/7729"}],"wp:attachment":[{"href":"https:\/\/blogsaverroes.juntadeandalucia.es\/ceiploscalifas\/wp-json\/wp\/v2\/media?parent=99"}],"curies":[{"name":"wp","href":"https:\/\/api.w.org\/{rel}","templated":true}]}}