{"id":2533,"date":"2020-08-26T17:53:19","date_gmt":"2020-08-26T17:53:19","guid":{"rendered":"https:\/\/blogsaverroes.juntadeandalucia.es\/ceiploscuatrocanos\/?page_id=2533"},"modified":"2023-03-10T15:47:30","modified_gmt":"2023-03-10T15:47:30","slug":"2o-b","status":"publish","type":"page","link":"https:\/\/blogsaverroes.juntadeandalucia.es\/ceiploscuatrocanos\/2o-b\/","title":{"rendered":"2\u00ba B Tutora: M\u00aa Carmen N\u00fa\u00f1ez Mart\u00ednez"},"content":{"rendered":"","protected":false},"excerpt":{"rendered":"","protected":false},"author":2906,"featured_media":0,"parent":0,"menu_order":0,"comment_status":"closed","ping_status":"closed","template":"","meta":{"ngg_post_thumbnail":0,"footnotes":"","_mc_calendar":[]},"aioseo_notices":[],"_links":{"self":[{"href":"https:\/\/blogsaverroes.juntadeandalucia.es\/ceiploscuatrocanos\/wp-json\/wp\/v2\/pages\/2533"}],"collection":[{"href":"https:\/\/blogsaverroes.juntadeandalucia.es\/ceiploscuatrocanos\/wp-json\/wp\/v2\/pages"}],"about":[{"href":"https:\/\/blogsaverroes.juntadeandalucia.es\/ceiploscuatrocanos\/wp-json\/wp\/v2\/types\/page"}],"author":[{"embeddable":true,"href":"https:\/\/blogsaverroes.juntadeandalucia.es\/ceiploscuatrocanos\/wp-json\/wp\/v2\/users\/2906"}],"replies":[{"embeddable":true,"href":"https:\/\/blogsaverroes.juntadeandalucia.es\/ceiploscuatrocanos\/wp-json\/wp\/v2\/comments?post=2533"}],"version-history":[{"count":3,"href":"https:\/\/blogsaverroes.juntadeandalucia.es\/ceiploscuatrocanos\/wp-json\/wp\/v2\/pages\/2533\/revisions"}],"predecessor-version":[{"id":3214,"href":"https:\/\/blogsaverroes.juntadeandalucia.es\/ceiploscuatrocanos\/wp-json\/wp\/v2\/pages\/2533\/revisions\/3214"}],"wp:attachment":[{"href":"https:\/\/blogsaverroes.juntadeandalucia.es\/ceiploscuatrocanos\/wp-json\/wp\/v2\/media?parent=2533"}],"curies":[{"name":"wp","href":"https:\/\/api.w.org\/{rel}","templated":true}]}}