{"id":13532,"date":"2021-03-03T18:39:12","date_gmt":"2021-03-03T18:39:12","guid":{"rendered":"https:\/\/blogsaverroes.juntadeandalucia.es\/ceiploseucaliptos\/?page_id=13532"},"modified":"2021-03-03T18:43:12","modified_gmt":"2021-03-03T18:43:12","slug":"web-escolarizacion","status":"publish","type":"page","link":"https:\/\/blogsaverroes.juntadeandalucia.es\/ceiploseucaliptos\/web-escolarizacion\/","title":{"rendered":"WEB ESCOLARIZACI\u00d3N"},"content":{"rendered":"<p>En esta p\u00e1gina podr\u00e1 encontrar todo lo necesario para el procedimiento de admisi\u00f3n en nuestro centro.&nbsp;<\/p>\n<p><a href=\"https:\/\/sites.google.com\/ceiploseucaliptos.es\/ceip-los-eucaliptos-olivares\/inicio?authuser=0\" target=\"_blank\" rel=\"noopener noreferrer\"><strong>PINCHAR AQU\u00cd<\/strong><\/a><\/p>\n<p>&nbsp;<\/p>\n<p>&nbsp;<\/p>\n<p>&nbsp;<\/p>\n","protected":false},"excerpt":{"rendered":"<p>En esta p\u00e1gina podr\u00e1 encontrar todo lo necesario para el procedimiento de admisi\u00f3n en nuestro centro.&nbsp; PINCHAR AQU\u00cd &nbsp; &nbsp; &nbsp;<\/p>\n","protected":false},"author":2066,"featured_media":0,"parent":0,"menu_order":0,"comment_status":"closed","ping_status":"closed","template":"","meta":{"ngg_post_thumbnail":0,"footnotes":"","_mc_calendar":[]},"aioseo_notices":[],"_links":{"self":[{"href":"https:\/\/blogsaverroes.juntadeandalucia.es\/ceiploseucaliptos\/wp-json\/wp\/v2\/pages\/13532"}],"collection":[{"href":"https:\/\/blogsaverroes.juntadeandalucia.es\/ceiploseucaliptos\/wp-json\/wp\/v2\/pages"}],"about":[{"href":"https:\/\/blogsaverroes.juntadeandalucia.es\/ceiploseucaliptos\/wp-json\/wp\/v2\/types\/page"}],"author":[{"embeddable":true,"href":"https:\/\/blogsaverroes.juntadeandalucia.es\/ceiploseucaliptos\/wp-json\/wp\/v2\/users\/2066"}],"replies":[{"embeddable":true,"href":"https:\/\/blogsaverroes.juntadeandalucia.es\/ceiploseucaliptos\/wp-json\/wp\/v2\/comments?post=13532"}],"version-history":[{"count":4,"href":"https:\/\/blogsaverroes.juntadeandalucia.es\/ceiploseucaliptos\/wp-json\/wp\/v2\/pages\/13532\/revisions"}],"predecessor-version":[{"id":13535,"href":"https:\/\/blogsaverroes.juntadeandalucia.es\/ceiploseucaliptos\/wp-json\/wp\/v2\/pages\/13532\/revisions\/13535"}],"wp:attachment":[{"href":"https:\/\/blogsaverroes.juntadeandalucia.es\/ceiploseucaliptos\/wp-json\/wp\/v2\/media?parent=13532"}],"curies":[{"name":"wp","href":"https:\/\/api.w.org\/{rel}","templated":true}]}}