{"id":1198,"date":"2024-11-14T23:06:06","date_gmt":"2024-11-14T22:06:06","guid":{"rendered":"https:\/\/blogsaverroes.juntadeandalucia.es\/ceiplosgrupos\/?page_id=1198"},"modified":"2024-11-27T01:19:49","modified_gmt":"2024-11-27T00:19:49","slug":"plan-tranformacion-digital-educativa","status":"publish","type":"page","link":"https:\/\/blogsaverroes.juntadeandalucia.es\/ceiplosgrupos\/plan-tranformacion-digital-educativa\/","title":{"rendered":"Plan Tranformaci\u00f3n Digital Educativa"},"content":{"rendered":"<p style=\"text-align: center\"><a href=\"https:\/\/blogsaverroes.juntadeandalucia.es\/ceiplosgrupos\/files\/2024\/11\/guia-proteccion-datos-centros-educativos-andalucia.pdf\" target=\"_blank\" rel=\"noopener\"><strong><span style=\"font-size: 14pt\">Ver Gu\u00eda de protecci\u00f3n de datos en los centros educativos de andaluc\u00eda <\/span><\/strong><\/a><\/p>\n<p>&nbsp;<\/p>\n<p style=\"text-align: center\"><iframe loading=\"lazy\" src=\"\/\/www.youtube.com\/embed\/ij2RFtZeTUs\" width=\"560\" height=\"314\"><\/iframe><\/p>\n<p>&nbsp;<\/p>\n<p><span style=\"font-size: 14pt\">El&nbsp;<strong><a href=\"https:\/\/blogsaverroes.juntadeandalucia.es\/ceiplosgrupos\/files\/2024\/11\/plan-digital.pdf\">plan digital de centro<\/a><\/strong> ha de ser el instrumento que adec\u00fae y facilite el uso de los medios digitales en el proceso de ense\u00f1anza-aprendizaje, entendido desde el objetivo del desarrollo pleno e integral del alumnado.<\/span><br \/>\n<span style=\"font-size: 14pt\">Es fundamental dar un enfoque de centro al uso de los recursos pedag\u00f3gicos digitales, aprovechando las posibilidades y recursos disponibles, de modo que se convierta en un proyecto compartido para los miembros de la comunidad educativa, que d\u00e9 coherencia y gu\u00ede <\/span><span style=\"font-size: 14pt\">el uso de las tecnolog\u00edas. Ser\u00e1 un instrumento que forme parte del <strong><a href=\"https:\/\/drive.google.com\/drive\/folders\/1YQbWYz8-mtIoNP_X-Vi0aRQHQFQD4xLd?usp=drive_link\" target=\"_blank\" rel=\"noopener\">Proyecto Educativo,<\/a><\/strong> el Proyecto de Direcci\u00f3n y la <strong><a href=\"https:\/\/blogsaverroes.juntadeandalucia.es\/ceiplosgrupos\/files\/2024\/11\/PGA-24_25.pdf\">programaci\u00f3n general anual<\/a><\/strong><br \/>\n<\/span><\/p>\n<p>&nbsp;<\/p>\n<div style=\"width: 100%\">\n<div style=\"position: relative;padding-bottom: 56.25%;padding-top: 0;height: 0\"><iframe loading=\"lazy\" src=\"https:\/\/view.genially.com\/66e1b8eb52dc1f3ffa0edcb7\" width=\"1200px\" height=\"675px\" frameborder=\"0\" scrolling=\"yes\"><\/iframe><\/div>\n<div>&nbsp;<\/div>\n<\/div>\n","protected":false},"excerpt":{"rendered":"<p>Ver Gu\u00eda de protecci\u00f3n de datos en los centros educativos de andaluc\u00eda &nbsp; &nbsp; El&nbsp;plan digital de centro ha de ser el instrumento que adec\u00fae y facilite el uso de los medios digitales en el proceso de ense\u00f1anza-aprendizaje, entendido desde el objetivo del desarrollo pleno e integral del alumnado. Es fundamental dar un enfoque de [&hellip;]<\/p>\n","protected":false},"author":19722,"featured_media":0,"parent":0,"menu_order":0,"comment_status":"closed","ping_status":"closed","template":"","meta":{"_et_pb_use_builder":"","_et_pb_old_content":"","_et_gb_content_width":"","ngg_post_thumbnail":0,"footnotes":""},"aioseo_notices":[],"_links":{"self":[{"href":"https:\/\/blogsaverroes.juntadeandalucia.es\/ceiplosgrupos\/wp-json\/wp\/v2\/pages\/1198"}],"collection":[{"href":"https:\/\/blogsaverroes.juntadeandalucia.es\/ceiplosgrupos\/wp-json\/wp\/v2\/pages"}],"about":[{"href":"https:\/\/blogsaverroes.juntadeandalucia.es\/ceiplosgrupos\/wp-json\/wp\/v2\/types\/page"}],"author":[{"embeddable":true,"href":"https:\/\/blogsaverroes.juntadeandalucia.es\/ceiplosgrupos\/wp-json\/wp\/v2\/users\/19722"}],"replies":[{"embeddable":true,"href":"https:\/\/blogsaverroes.juntadeandalucia.es\/ceiplosgrupos\/wp-json\/wp\/v2\/comments?post=1198"}],"version-history":[{"count":8,"href":"https:\/\/blogsaverroes.juntadeandalucia.es\/ceiplosgrupos\/wp-json\/wp\/v2\/pages\/1198\/revisions"}],"predecessor-version":[{"id":1352,"href":"https:\/\/blogsaverroes.juntadeandalucia.es\/ceiplosgrupos\/wp-json\/wp\/v2\/pages\/1198\/revisions\/1352"}],"wp:attachment":[{"href":"https:\/\/blogsaverroes.juntadeandalucia.es\/ceiplosgrupos\/wp-json\/wp\/v2\/media?parent=1198"}],"curies":[{"name":"wp","href":"https:\/\/api.w.org\/{rel}","templated":true}]}}