{"id":35,"date":"2020-01-09T12:42:54","date_gmt":"2020-01-09T11:42:54","guid":{"rendered":"http:\/\/blogsaverroes.juntadeandalucia.es\/pre\/nuevoceip2v2\/?page_id=35"},"modified":"2025-10-20T11:16:09","modified_gmt":"2025-10-20T10:16:09","slug":"biblioteca","status":"publish","type":"page","link":"https:\/\/blogsaverroes.juntadeandalucia.es\/ceiplosgrupos\/biblioteca\/","title":{"rendered":"Biblioteca"},"content":{"rendered":"<p>[et_pb_section fb_built=&#8221;1&#8243; _builder_version=&#8221;4.16&#8243; custom_padding=&#8221;0px||0px|&#8221; z_index_tablet=&#8221;500&#8243; box_shadow_horizontal_tablet=&#8221;0px&#8221; box_shadow_vertical_tablet=&#8221;0px&#8221; box_shadow_blur_tablet=&#8221;40px&#8221; box_shadow_spread_tablet=&#8221;0px&#8221; collapsed=&#8221;off&#8221; global_colors_info=&#8221;{}&#8221;][et_pb_row _builder_version=&#8221;4.16&#8243; background_size=&#8221;initial&#8221; background_position=&#8221;top_left&#8221; background_repeat=&#8221;repeat&#8221; collapsed=&#8221;off&#8221; global_colors_info=&#8221;{}&#8221;][et_pb_column type=&#8221;4_4&#8243; _builder_version=&#8221;4.16&#8243; custom_padding=&#8221;|||&#8221; global_colors_info=&#8221;{}&#8221; custom_padding__hover=&#8221;|||&#8221;][et_pb_image src=&#8221;https:\/\/blogsaverroes.juntadeandalucia.es\/ceiplosgrupos\/files\/2020\/01\/cabecera-interior-4.jpg&#8221; title_text=&#8221;cabecera-interior-4&#8243; admin_label=&#8221;Imagen de la portada&#8221; _builder_version=&#8221;4.16&#8243; z_index_tablet=&#8221;500&#8243; box_shadow_horizontal_tablet=&#8221;0px&#8221; box_shadow_vertical_tablet=&#8221;0px&#8221; box_shadow_blur_tablet=&#8221;40px&#8221; box_shadow_spread_tablet=&#8221;0px&#8221; global_colors_info=&#8221;{}&#8221;][\/et_pb_image][et_pb_text admin_label=&#8221;Texto descriptivo&#8221; _builder_version=&#8221;4.24.2&#8243; z_index_tablet=&#8221;500&#8243; text_text_shadow_horizontal_length_tablet=&#8221;0px&#8221; text_text_shadow_vertical_length_tablet=&#8221;0px&#8221; text_text_shadow_blur_strength_tablet=&#8221;1px&#8221; link_text_shadow_horizontal_length_tablet=&#8221;0px&#8221; link_text_shadow_vertical_length_tablet=&#8221;0px&#8221; link_text_shadow_blur_strength_tablet=&#8221;1px&#8221; ul_text_shadow_horizontal_length_tablet=&#8221;0px&#8221; ul_text_shadow_vertical_length_tablet=&#8221;0px&#8221; ul_text_shadow_blur_strength_tablet=&#8221;1px&#8221; ol_text_shadow_horizontal_length_tablet=&#8221;0px&#8221; ol_text_shadow_vertical_length_tablet=&#8221;0px&#8221; ol_text_shadow_blur_strength_tablet=&#8221;1px&#8221; quote_text_shadow_horizontal_length_tablet=&#8221;0px&#8221; quote_text_shadow_vertical_length_tablet=&#8221;0px&#8221; quote_text_shadow_blur_strength_tablet=&#8221;1px&#8221; header_text_shadow_horizontal_length_tablet=&#8221;0px&#8221; header_text_shadow_vertical_length_tablet=&#8221;0px&#8221; header_text_shadow_blur_strength_tablet=&#8221;1px&#8221; header_2_text_shadow_horizontal_length_tablet=&#8221;0px&#8221; header_2_text_shadow_vertical_length_tablet=&#8221;0px&#8221; header_2_text_shadow_blur_strength_tablet=&#8221;1px&#8221; header_3_text_shadow_horizontal_length_tablet=&#8221;0px&#8221; header_3_text_shadow_vertical_length_tablet=&#8221;0px&#8221; header_3_text_shadow_blur_strength_tablet=&#8221;1px&#8221; header_4_text_shadow_horizontal_length_tablet=&#8221;0px&#8221; header_4_text_shadow_vertical_length_tablet=&#8221;0px&#8221; header_4_text_shadow_blur_strength_tablet=&#8221;1px&#8221; header_5_text_shadow_horizontal_length_tablet=&#8221;0px&#8221; header_5_text_shadow_vertical_length_tablet=&#8221;0px&#8221; header_5_text_shadow_blur_strength_tablet=&#8221;1px&#8221; header_6_text_shadow_horizontal_length_tablet=&#8221;0px&#8221; header_6_text_shadow_vertical_length_tablet=&#8221;0px&#8221; header_6_text_shadow_blur_strength_tablet=&#8221;1px&#8221; box_shadow_horizontal_tablet=&#8221;0px&#8221; box_shadow_vertical_tablet=&#8221;0px&#8221; box_shadow_blur_tablet=&#8221;40px&#8221; box_shadow_spread_tablet=&#8221;0px&#8221; global_colors_info=&#8221;{}&#8221;]<\/p>\n<h2><strong>Biblioteca<\/strong><\/h2>\n<p><img loading=\"lazy\" decoding=\"async\" class=\"wp-image-964 alignnone size-medium aligncenter\" src=\"https:\/\/blogsaverroes.juntadeandalucia.es\/ceiplosgrupos\/files\/2024\/10\/Captura-de-pantalla-2024-10-10-a-las-22.55.07-300x139.png\" alt=\"\" width=\"300\" height=\"139\" \/><\/p>\n<p style=\"text-align: center\"><strong>LEERENZO, EL DRAG\u00d3N (mascota de la biblioteca)<\/strong><\/p>\n<p>&nbsp;<\/p>\n<p>En la sociedad de la informaci\u00f3n y el conocimiento se requiere que las bibliotecas escolares se conviertan en centros de recursos para la ense\u00f1anza y el aprendizaje.<\/p>\n<p>Las bibliotecas escolares son un factor de compensaci\u00f3n social, que posibilitan el acceso a los recursos informativos y culturales a quienes carecen de ellos, procurando as\u00ed paliar la brecha digital y social.<\/p>\n<p>Como centros de recursos, deben permitir el acceso a materiales informativos actualizados, diversos, apropiados, suficientes en n\u00famero y calidad para todas las \u00e1reas del curr\u00edculo, as\u00ed como atender la diversidad y apoyar los planes y proyectos del centro.<\/p>\n<p>Entre sus tareas destaca la articulaci\u00f3n de programas de alfabetizaci\u00f3n informacional y digital as\u00ed como de programas de fomento de la lectura.<\/p>\n<p>Las bibliotecas escolares deben ser espacios f\u00edsicos y digitales abiertos a toda la comunidad educativa y espacios sociales abiertos para eventos culturales, profesionales y educativos. En este sentido, la colaboraci\u00f3n con las familias y otras entidades del entorno cobrar\u00e1n especial relevancia.<\/p>\n<p>&nbsp;<\/p>\n<ul>\n<li><a href=\"https:\/\/losgruposleen.blogspot.com\/\" target=\"_blank\" rel=\"noopener\">Blog de la Biblicoteca:Los Grupos Leen, \u00bfy t\u00fa?<\/a><\/li>\n<li><a href=\"https:\/\/www.juntadeandalucia.es\/educacion\/portals\/web\/lecturas-bibliotecas-escolares\/red-andaluza-de-bibliotecas-escolares\" target=\"_blank\" rel=\"noopener\">Red andaluza de Bibliotecas Escolares<\/a><\/li>\n<li><a href=\"https:\/\/www.canva.com\/design\/DAGUUEpOay8\/YrHuDqRLXHjUOvKJ-1akDw\/view?utm_content=DAGUUEpOay8&amp;utm_campaign=designshare&amp;utm_medium=link&amp;utm_source=editor\" target=\"_blank\" rel=\"noopener\">Gu\u00eda de usuario de la Biblioteca Los Grupos<\/a><\/li>\n<li><a href=\"https:\/\/seneca.juntadeandalucia.es\/seneca\/biblioweb\/portal\/41002876\" target=\"_blank\" rel=\"noopener\">Biblioweb CEIP Los Grupos<\/a><\/li>\n<li><a href=\"https:\/\/drive.google.com\/file\/d\/1EyuOJwz-vxtGLsQK1pqazZNyClCh67yP\/view?usp=sharing\" target=\"_blank\" rel=\"noopener\">Revista escolar: Los Grupos Leen, \u00bfy t\u00fa?<\/a><\/li>\n<li><a href=\"https:\/\/www.juntadeandalucia.es\/educacion\/portals\/web\/ced\/escuela-familia\/primaria\/leer-en-casa\">Leer en casa<\/a><\/li>\n<\/ul>\n<p>[\/et_pb_text][\/et_pb_column][\/et_pb_row][\/et_pb_section]<\/p>\n","protected":false},"excerpt":{"rendered":"<p>Biblioteca LEERENZO, EL DRAG\u00d3N (mascota de la biblioteca) &nbsp; En la sociedad de la informaci\u00f3n y el conocimiento se requiere que las bibliotecas escolares se conviertan en centros de recursos para la ense\u00f1anza y el aprendizaje. Las bibliotecas escolares son un factor de compensaci\u00f3n social, que posibilitan el acceso a los recursos informativos y culturales [&hellip;]<\/p>\n","protected":false},"author":7051,"featured_media":0,"parent":0,"menu_order":0,"comment_status":"closed","ping_status":"closed","template":"","meta":{"_et_pb_use_builder":"on","_et_pb_old_content":"","_et_gb_content_width":"","ngg_post_thumbnail":0,"footnotes":""},"aioseo_notices":[],"_links":{"self":[{"href":"https:\/\/blogsaverroes.juntadeandalucia.es\/ceiplosgrupos\/wp-json\/wp\/v2\/pages\/35"}],"collection":[{"href":"https:\/\/blogsaverroes.juntadeandalucia.es\/ceiplosgrupos\/wp-json\/wp\/v2\/pages"}],"about":[{"href":"https:\/\/blogsaverroes.juntadeandalucia.es\/ceiplosgrupos\/wp-json\/wp\/v2\/types\/page"}],"author":[{"embeddable":true,"href":"https:\/\/blogsaverroes.juntadeandalucia.es\/ceiplosgrupos\/wp-json\/wp\/v2\/users\/7051"}],"replies":[{"embeddable":true,"href":"https:\/\/blogsaverroes.juntadeandalucia.es\/ceiplosgrupos\/wp-json\/wp\/v2\/comments?post=35"}],"version-history":[{"count":10,"href":"https:\/\/blogsaverroes.juntadeandalucia.es\/ceiplosgrupos\/wp-json\/wp\/v2\/pages\/35\/revisions"}],"predecessor-version":[{"id":1921,"href":"https:\/\/blogsaverroes.juntadeandalucia.es\/ceiplosgrupos\/wp-json\/wp\/v2\/pages\/35\/revisions\/1921"}],"wp:attachment":[{"href":"https:\/\/blogsaverroes.juntadeandalucia.es\/ceiplosgrupos\/wp-json\/wp\/v2\/media?parent=35"}],"curies":[{"name":"wp","href":"https:\/\/api.w.org\/{rel}","templated":true}]}}