{"id":654,"date":"2024-10-02T22:47:26","date_gmt":"2024-10-02T21:47:26","guid":{"rendered":"https:\/\/blogsaverroes.juntadeandalucia.es\/ceiplosgrupos\/?page_id=654"},"modified":"2025-12-10T17:06:48","modified_gmt":"2025-12-10T16:06:48","slug":"documentos","status":"publish","type":"page","link":"https:\/\/blogsaverroes.juntadeandalucia.es\/ceiplosgrupos\/documentos\/","title":{"rendered":"Documentos oficiales"},"content":{"rendered":"<p><img loading=\"lazy\" decoding=\"async\" class=\"alignnone size-medium wp-image-853 aligncenter\" src=\"https:\/\/blogsaverroes.juntadeandalucia.es\/ceiplosgrupos\/files\/2024\/10\/Sin-titulo-1-300x150.jpg\" alt=\"\" width=\"300\" height=\"150\" srcset=\"https:\/\/blogsaverroes.juntadeandalucia.es\/ceiplosgrupos\/files\/2024\/10\/Sin-titulo-1-300x150.jpg 300w, https:\/\/blogsaverroes.juntadeandalucia.es\/ceiplosgrupos\/files\/2024\/10\/Sin-titulo-1.jpg 317w\" sizes=\"(max-width: 300px) 100vw, 300px\" \/><\/p>\n<p><span class=\"BxUVEf ILfuVd\" lang=\"es\" style=\"font-size: 14pt\"><span class=\"hgKElc\">El Plan de Centro es el <b>documento donde se recogen las intenciones, propuestas y concreciones en relaci\u00f3n a esta autonom\u00eda pedag\u00f3gica y de gesti\u00f3n<\/b>. Consta de tres documentos:<\/span><\/span><\/p>\n<ul>\n<li><span style=\"font-size: 14pt\"><strong>Proyecto Educativo. <\/strong>E<span class=\"BxUVEf ILfuVd\" lang=\"es\"><span class=\"hgKElc\">s un documento pedag\u00f3gico en el que se explica detalladamente toda la informaci\u00f3n relativa a un centro<\/span><\/span><span class=\"BxUVEf ILfuVd\" lang=\"es\"><span class=\"hgKElc\"> escolar concreto y que es elaborado y aprobado por la propia comunidad y el consejo escolar del mismo<\/span><\/span><strong><span class=\"BxUVEf ILfuVd\" lang=\"es\"><span class=\"hgKElc\">.<\/span><\/span><\/strong><\/span><strong><span style=\"font-size: 14pt\"> <a href=\"https:\/\/drive.google.com\/drive\/folders\/1YQbWYz8-mtIoNP_X-Vi0aRQHQFQD4xLd?usp=share_link\">ver<\/a><\/span><\/strong><\/li>\n<\/ul>\n<p>&nbsp;<\/p>\n<ul>\n<li><span style=\"font-size: 14pt\"><strong>Reglamento de Organizaci\u00f3n y Funcionamiento. <\/strong>E<span class=\"BxUVEf ILfuVd\" lang=\"es\"><span class=\"hgKElc\">s un documento pedag\u00f3gico en el que se explica detalladamente toda la informaci\u00f3n relativa a un centro<\/span><\/span><span class=\"BxUVEf ILfuVd\" lang=\"es\"><span class=\"hgKElc\"> escolar concreto y que es elaborado y aprobado por la propia comunidad y el consejo escolar del mismo<\/span><\/span><strong><span class=\"BxUVEf ILfuVd\" lang=\"es\"><span class=\"hgKElc\">.<\/span><\/span> <a href=\"https:\/\/drive.google.com\/drive\/folders\/1n3k-OQQl7rNrQCg3qDkFiSKpJYZJdI_6?usp=share_link\">ver<\/a><\/strong><\/span><\/li>\n<\/ul>\n<p>&nbsp;<\/p>\n<ul>\n<li><span style=\"font-size: 14pt\"><strong>Proyecto de Gesti\u00f3n. <\/strong>E<span class=\"BxUVEf ILfuVd\" lang=\"es\"><span class=\"hgKElc\">s el instrumento que debe establecer los criterios a seguir en las decisiones relativas a la <b>gesti\u00f3n<\/b> de los recursos humanos (D. 328\/2010), materiales (Orden de 10-5-2006) y econ\u00f3micos del <b>Centro<\/b>, favoreciendo el uso responsable de los mismos.<\/span><\/span> <strong><a href=\"https:\/\/drive.google.com\/drive\/folders\/1k3phkqQsC1iYHHSKTA5-3eenDspxiKMx?usp=share_link\">ver<\/a><\/strong><\/span><\/li>\n<\/ul>\n<p>&nbsp;<\/p>\n<ul>\n<li><strong><span style=\"font-size: 14pt\">Programaci\u00f3n General Anual.<\/span><\/strong><span style=\"font-size: 14pt\"> Atendiendo a la LOMLOE (texto consolidado 30 de diciembre de 2020 de la LOE 2\/2006, de 3 de mayo, de Educaci\u00f3n, en su Art\u00edculo 125 (Programaci\u00f3n general anual) se dice: Los centros educativos elaborar\u00e1n al principio de cada curso una <a href=\"https:\/\/blogsaverroes.juntadeandalucia.es\/ceiplosgrupos\/files\/2024\/11\/PGA-24_25.pdf\" target=\"_blank\" rel=\"noopener\">programaci\u00f3n general anual<\/a> que recoja todos los aspectos relativos a la organizaci\u00f3n y funcionamiento del centro, incluidos los proyectos, el curr\u00edculo, las normas, y todos los planes de actuaci\u00f3n acordados y aprobados. <a href=\"https:\/\/blogsaverroes.juntadeandalucia.es\/ceiplosgrupos\/files\/2025\/12\/PGA-25_26.pdf\"><strong>PGA 25_26<\/strong><\/a><\/span><\/li>\n<\/ul>\n<p>&nbsp;<\/p>\n<ul>\n<li><strong><span style=\"font-size: 14pt\">Plan de Mejora. <\/span><\/strong><span style=\"font-size: 14pt\">Un plan de mejora se puede definir como la planificaci\u00f3n mediante la cual un centro <\/span><span style=\"font-size: 14pt\">articula un proceso que le permita reforzar aquellos aspectos considerados positivos y modificar o <\/span><span style=\"font-size: 14pt\">eliminar aquellos que se juzgan negativos resultantes de su proceso de autoevaluaci\u00f3n previo. <a href=\"https:\/\/blogsaverroes.juntadeandalucia.es\/ceiplosgrupos\/files\/2025\/12\/plan-de-mejora-25_26.pdf\"><strong>plan de mejora 25_26<\/strong><\/a><\/span><\/li>\n<\/ul>\n<p>&nbsp;<\/p>\n<ul>\n<li><strong><span style=\"font-size: 14pt\">Programaciones Did\u00e1cticas. <\/span><\/strong><span style=\"font-size: 14pt\">Las programaciones did\u00e1cticas son los instrumentos de planificaci\u00f3n docente elaborados por el profesorado responsable de cada \u00e1rea, materia o \u00e1mbito, en el marco de la autonom\u00eda pedag\u00f3gica y organizativa del centro.&nbsp; Concretan, para cada una de las \u00e1reas en los diferentes ciclos, los elementos del curr\u00edculo establecidos en el Decreto 101\/2023. <span style=\"color: #000000\"><a style=\"color: #000000\" href=\"https:\/\/drive.google.com\/drive\/folders\/18ev7x3wOLbZLEdSgMA3r5EENOruHVGrJ?usp=sharing\" target=\"_blank\" rel=\"noopener\"><strong>ver programaciones<\/strong><\/a><\/span><\/span><strong><span style=\"font-size: 14pt\"><br \/>\n<\/span><\/strong><\/li>\n<\/ul>\n<p>&nbsp;<\/p>\n<ul>\n<li><strong><span style=\"font-size: 14pt\">Curr\u00edculo LOMLOE de Educaci\u00f3n Infantil <a href=\"https:\/\/docs.google.com\/spreadsheets\/d\/10rqQE3Jf9kz4MqADllbQLZNihy1rhMs3\/edit?usp=sharing&amp;ouid=101937270860583652231&amp;rtpof=true&amp;sd=true\" target=\"_blank\" rel=\"noopener\">ver<\/a><\/span><\/strong><\/li>\n<\/ul>\n<p>&nbsp;<\/p>\n<ul>\n<li><strong><span style=\"font-size: 14pt\">Curr\u00edculo LOMLOE de Educaci\u00f3n Primaria <a href=\"https:\/\/docs.google.com\/spreadsheets\/d\/13WuWs00sq3-CPbHAaC9zWjnwqrgcymE-\/edit?usp=drive_link&amp;ouid=101937270860583652231&amp;rtpof=true&amp;sd=true\" target=\"_blank\" rel=\"noopener\">ver<\/a><\/span><\/strong><\/li>\n<\/ul>\n<p>&nbsp;<\/p>\n","protected":false},"excerpt":{"rendered":"<p>El Plan de Centro es el documento donde se recogen las intenciones, propuestas y concreciones en relaci\u00f3n a esta autonom\u00eda pedag\u00f3gica y de gesti\u00f3n. Consta de tres documentos: Proyecto Educativo. Es un documento pedag\u00f3gico en el que se explica detalladamente toda la informaci\u00f3n relativa a un centro escolar concreto y que es elaborado y aprobado [&hellip;]<\/p>\n","protected":false},"author":19722,"featured_media":0,"parent":0,"menu_order":0,"comment_status":"closed","ping_status":"closed","template":"","meta":{"_et_pb_use_builder":"","_et_pb_old_content":"","_et_gb_content_width":"","ngg_post_thumbnail":0,"footnotes":""},"aioseo_notices":[],"_links":{"self":[{"href":"https:\/\/blogsaverroes.juntadeandalucia.es\/ceiplosgrupos\/wp-json\/wp\/v2\/pages\/654"}],"collection":[{"href":"https:\/\/blogsaverroes.juntadeandalucia.es\/ceiplosgrupos\/wp-json\/wp\/v2\/pages"}],"about":[{"href":"https:\/\/blogsaverroes.juntadeandalucia.es\/ceiplosgrupos\/wp-json\/wp\/v2\/types\/page"}],"author":[{"embeddable":true,"href":"https:\/\/blogsaverroes.juntadeandalucia.es\/ceiplosgrupos\/wp-json\/wp\/v2\/users\/19722"}],"replies":[{"embeddable":true,"href":"https:\/\/blogsaverroes.juntadeandalucia.es\/ceiplosgrupos\/wp-json\/wp\/v2\/comments?post=654"}],"version-history":[{"count":28,"href":"https:\/\/blogsaverroes.juntadeandalucia.es\/ceiplosgrupos\/wp-json\/wp\/v2\/pages\/654\/revisions"}],"predecessor-version":[{"id":1987,"href":"https:\/\/blogsaverroes.juntadeandalucia.es\/ceiplosgrupos\/wp-json\/wp\/v2\/pages\/654\/revisions\/1987"}],"wp:attachment":[{"href":"https:\/\/blogsaverroes.juntadeandalucia.es\/ceiplosgrupos\/wp-json\/wp\/v2\/media?parent=654"}],"curies":[{"name":"wp","href":"https:\/\/api.w.org\/{rel}","templated":true}]}}