{"id":656,"date":"2024-10-02T22:49:37","date_gmt":"2024-10-02T21:49:37","guid":{"rendered":"https:\/\/blogsaverroes.juntadeandalucia.es\/ceiplosgrupos\/?page_id=656"},"modified":"2025-11-26T08:51:56","modified_gmt":"2025-11-26T07:51:56","slug":"secretaria","status":"publish","type":"page","link":"https:\/\/blogsaverroes.juntadeandalucia.es\/ceiplosgrupos\/secretaria\/","title":{"rendered":"Secretar\u00eda"},"content":{"rendered":"<p><span style=\"font-size: 14pt\">Horario de atenci\u00f3n al p\u00fablico:<\/span><\/p>\n<ul>\n<li><span style=\"font-size: 14pt\">Martes y Jueves de 9:00 a 14:00 horas<\/span><\/li>\n<li><span style=\"font-size: 14pt\">Lunes, Mi\u00e9rcoles y Viernes de 9:00 a 9:30 horas<\/span><\/li>\n<li><span style=\"font-size: 14pt\">Viernes de 12:00 a 14:00 horas<\/span><\/li>\n<\/ul>\n<p><img loading=\"lazy\" decoding=\"async\" class=\"alignnone size-full wp-image-1038 aligncenter\" src=\"https:\/\/blogsaverroes.juntadeandalucia.es\/ceiplosgrupos\/files\/2024\/10\/Sin-titulo-12.jpg\" alt=\"\" width=\"275\" height=\"183\"><\/p>\n","protected":false},"excerpt":{"rendered":"<p>Horario de atenci\u00f3n al p\u00fablico: Martes y Jueves de 9:00 a 14:00 horas Lunes, Mi\u00e9rcoles y Viernes de 9:00 a 9:30 horas Viernes de 12:00 a 14:00 horas<\/p>\n","protected":false},"author":19722,"featured_media":0,"parent":0,"menu_order":0,"comment_status":"closed","ping_status":"closed","template":"","meta":{"_et_pb_use_builder":"","_et_pb_old_content":"","_et_gb_content_width":"","ngg_post_thumbnail":0,"footnotes":""},"aioseo_notices":[],"_links":{"self":[{"href":"https:\/\/blogsaverroes.juntadeandalucia.es\/ceiplosgrupos\/wp-json\/wp\/v2\/pages\/656"}],"collection":[{"href":"https:\/\/blogsaverroes.juntadeandalucia.es\/ceiplosgrupos\/wp-json\/wp\/v2\/pages"}],"about":[{"href":"https:\/\/blogsaverroes.juntadeandalucia.es\/ceiplosgrupos\/wp-json\/wp\/v2\/types\/page"}],"author":[{"embeddable":true,"href":"https:\/\/blogsaverroes.juntadeandalucia.es\/ceiplosgrupos\/wp-json\/wp\/v2\/users\/19722"}],"replies":[{"embeddable":true,"href":"https:\/\/blogsaverroes.juntadeandalucia.es\/ceiplosgrupos\/wp-json\/wp\/v2\/comments?post=656"}],"version-history":[{"count":6,"href":"https:\/\/blogsaverroes.juntadeandalucia.es\/ceiplosgrupos\/wp-json\/wp\/v2\/pages\/656\/revisions"}],"predecessor-version":[{"id":1965,"href":"https:\/\/blogsaverroes.juntadeandalucia.es\/ceiplosgrupos\/wp-json\/wp\/v2\/pages\/656\/revisions\/1965"}],"wp:attachment":[{"href":"https:\/\/blogsaverroes.juntadeandalucia.es\/ceiplosgrupos\/wp-json\/wp\/v2\/media?parent=656"}],"curies":[{"name":"wp","href":"https:\/\/api.w.org\/{rel}","templated":true}]}}