{"id":660,"date":"2024-10-02T22:50:57","date_gmt":"2024-10-02T21:50:57","guid":{"rendered":"https:\/\/blogsaverroes.juntadeandalucia.es\/ceiplosgrupos\/?page_id=660"},"modified":"2024-10-30T10:29:47","modified_gmt":"2024-10-30T09:29:47","slug":"consejo-escolar","status":"publish","type":"page","link":"https:\/\/blogsaverroes.juntadeandalucia.es\/ceiplosgrupos\/consejo-escolar\/","title":{"rendered":"Consejo Escolar"},"content":{"rendered":"<p><img loading=\"lazy\" decoding=\"async\" class=\"alignnone size-full wp-image-1158 aligncenter\" src=\"https:\/\/blogsaverroes.juntadeandalucia.es\/ceiplosgrupos\/files\/2024\/10\/Sin-titulo-26.jpg\" alt=\"\" width=\"189\" height=\"267\"><\/p>\n<p><span class=\"BxUVEf ILfuVd\" lang=\"es\" style=\"font-size: 14pt\"><span class=\"hgKElc\">El <b>consejo escolar<\/b> se define como un \u00f3rgano colegiado en el cual padres, madres, estudiantes, docentes y personal de administraci\u00f3n y servicios a trav\u00e9s de sus representantes, se informan, proponen y opinan sobre materias relevantes para la mejora de la calidad de la educaci\u00f3n en el Centro.<\/span><\/span><\/p>\n<p>&nbsp;<\/p>\n<p style=\"text-align: center\"><strong><span style=\"font-size: 14pt\">COMPONENTES DEL CONSEJO ESCOLAR<\/span><\/strong><\/p>\n<table style=\"border-collapse: collapse;width: 100%;height: 360px\">\n<tbody>\n<tr style=\"height: 24px\">\n<td style=\"width: 50%;height: 24px\"><span style=\"font-size: 12pt\">D. Jos\u00e9 Manuel Hinojosa Olid<\/span><\/td>\n<td style=\"width: 50%;height: 24px\"><span style=\"font-size: 12pt\">Director<\/span><\/td>\n<\/tr>\n<tr style=\"height: 24px\">\n<td style=\"width: 50%;height: 24px\"><span style=\"font-size: 12pt\">D\u00aa. M\u00aa Isabel Gallego Lobato<\/span><\/td>\n<td style=\"width: 50%;height: 24px\"><span style=\"font-size: 12pt\">Jefa de Estudios<\/span><\/td>\n<\/tr>\n<tr style=\"height: 24px\">\n<td style=\"width: 50%;height: 24px\"><span style=\"font-size: 12pt\">D. Luis Manuel Catal\u00e1n N\u00fa\u00f1ez<\/span><\/td>\n<td style=\"width: 50%;height: 24px\"><span style=\"font-size: 12pt\">Secretario<\/span><\/td>\n<\/tr>\n<tr style=\"height: 24px\">\n<td style=\"width: 50%;height: 24px\"><span style=\"font-size: 12pt\">D\u00aa.Alicia Montes Baena<\/span><\/td>\n<td style=\"width: 50%;height: 24px\"><span style=\"font-size: 12pt\">Maestra<\/span><\/td>\n<\/tr>\n<tr style=\"height: 24px\">\n<td style=\"width: 50%;height: 24px\"><span style=\"font-size: 12pt\">D\u00aa. Sara Gil Hern\u00e1ndez<\/span><\/td>\n<td style=\"width: 50%;height: 24px\"><span style=\"font-size: 12pt\">Maestra<\/span><\/td>\n<\/tr>\n<tr style=\"height: 24px\">\n<td style=\"width: 50%;height: 24px\"><span style=\"font-size: 12pt\">D\u00aa. M\u00aa Fernanda Gonz\u00e1lez Romero<\/span><\/td>\n<td style=\"width: 50%;height: 24px\"><span style=\"font-size: 12pt\">Maestra<\/span><\/td>\n<\/tr>\n<tr style=\"height: 24px\">\n<td style=\"width: 50%;height: 24px\"><span style=\"font-size: 12pt\">D\u00aa. Isabel M\u00aa Gordillo Sevillano<\/span><\/td>\n<td style=\"width: 50%;height: 24px\"><span style=\"font-size: 12pt\">Maestra<\/span><\/td>\n<\/tr>\n<tr style=\"height: 24px\">\n<td style=\"width: 50%;height: 24px\"><span style=\"font-size: 12pt\">D. Rafael Navarro Za\u00e1<\/span><\/td>\n<td style=\"width: 50%;height: 24px\"><span style=\"font-size: 12pt\">Maestro<\/span><\/td>\n<\/tr>\n<tr style=\"height: 24px\">\n<td style=\"width: 50%;height: 24px\"><span style=\"font-size: 12pt\">D\u00aa. M\u00aa Dolores Ponce Redondo<\/span><\/td>\n<td style=\"width: 50%;height: 24px\"><span style=\"font-size: 12pt\">Maestra<\/span><\/td>\n<\/tr>\n<tr style=\"height: 24px\">\n<td style=\"width: 50%;height: 24px\"><span style=\"font-size: 12pt\">D\u00aa. Mar\u00eda G\u00f3mez Cabezas<\/span><\/td>\n<td style=\"width: 50%;height: 24px\"><span style=\"font-size: 12pt\">Madre<\/span><\/td>\n<\/tr>\n<tr style=\"height: 24px\">\n<td style=\"width: 50%;height: 24px\"><span style=\"font-size: 12pt\">D\u00aa. Mar\u00eda Josefa Mart\u00edn Cort\u00e9s<\/span><\/td>\n<td style=\"width: 50%;height: 24px\"><span style=\"font-size: 12pt\">Madre<\/span><\/td>\n<\/tr>\n<tr style=\"height: 24px\">\n<td style=\"width: 50%;height: 24px\"><span style=\"font-size: 12pt\">D\u00aa. Alicia Rosado Segura<\/span><\/td>\n<td style=\"width: 50%;height: 24px\"><span style=\"font-size: 12pt\">Madre<\/span><\/td>\n<\/tr>\n<tr style=\"height: 24px\">\n<td style=\"width: 50%;height: 24px\"><span style=\"font-size: 12pt\">D\u00aa. Ana Bel\u00e9n Lara Barroso<\/span><\/td>\n<td style=\"width: 50%;height: 24px\"><span style=\"font-size: 12pt\">Madre<\/span><\/td>\n<\/tr>\n<tr style=\"height: 24px\">\n<td style=\"width: 50%;height: 24px\"><span style=\"font-size: 12pt\">D\u00aa. Antonia L\u00f3pez Rodr\u00edguez.<\/span><\/td>\n<td style=\"width: 50%;height: 24px\"><span style=\"font-size: 12pt\">Representa AMPA<\/span><\/td>\n<\/tr>\n<tr style=\"height: 24px\">\n<td style=\"width: 50%;height: 24px\"><span style=\"font-size: 12pt\">D\u00aa. Susana Ortiz de Haro<\/span><\/td>\n<td style=\"width: 50%;height: 24px\"><span style=\"font-size: 12pt\">Ayuntamiento<\/span><\/td>\n<\/tr>\n<\/tbody>\n<\/table>\n<p>&nbsp;<\/p>\n","protected":false},"excerpt":{"rendered":"<p>El consejo escolar se define como un \u00f3rgano colegiado en el cual padres, madres, estudiantes, docentes y personal de administraci\u00f3n y servicios a trav\u00e9s de sus representantes, se informan, proponen y opinan sobre materias relevantes para la mejora de la calidad de la educaci\u00f3n en el Centro. &nbsp; COMPONENTES DEL CONSEJO ESCOLAR D. Jos\u00e9 Manuel [&hellip;]<\/p>\n","protected":false},"author":19722,"featured_media":0,"parent":0,"menu_order":0,"comment_status":"closed","ping_status":"closed","template":"","meta":{"_et_pb_use_builder":"","_et_pb_old_content":"","_et_gb_content_width":"","ngg_post_thumbnail":0,"footnotes":""},"aioseo_notices":[],"_links":{"self":[{"href":"https:\/\/blogsaverroes.juntadeandalucia.es\/ceiplosgrupos\/wp-json\/wp\/v2\/pages\/660"}],"collection":[{"href":"https:\/\/blogsaverroes.juntadeandalucia.es\/ceiplosgrupos\/wp-json\/wp\/v2\/pages"}],"about":[{"href":"https:\/\/blogsaverroes.juntadeandalucia.es\/ceiplosgrupos\/wp-json\/wp\/v2\/types\/page"}],"author":[{"embeddable":true,"href":"https:\/\/blogsaverroes.juntadeandalucia.es\/ceiplosgrupos\/wp-json\/wp\/v2\/users\/19722"}],"replies":[{"embeddable":true,"href":"https:\/\/blogsaverroes.juntadeandalucia.es\/ceiplosgrupos\/wp-json\/wp\/v2\/comments?post=660"}],"version-history":[{"count":3,"href":"https:\/\/blogsaverroes.juntadeandalucia.es\/ceiplosgrupos\/wp-json\/wp\/v2\/pages\/660\/revisions"}],"predecessor-version":[{"id":1159,"href":"https:\/\/blogsaverroes.juntadeandalucia.es\/ceiplosgrupos\/wp-json\/wp\/v2\/pages\/660\/revisions\/1159"}],"wp:attachment":[{"href":"https:\/\/blogsaverroes.juntadeandalucia.es\/ceiplosgrupos\/wp-json\/wp\/v2\/media?parent=660"}],"curies":[{"name":"wp","href":"https:\/\/api.w.org\/{rel}","templated":true}]}}