{"id":666,"date":"2024-10-02T22:52:55","date_gmt":"2024-10-02T21:52:55","guid":{"rendered":"https:\/\/blogsaverroes.juntadeandalucia.es\/ceiplosgrupos\/?page_id=666"},"modified":"2024-10-12T13:26:31","modified_gmt":"2024-10-12T12:26:31","slug":"desarrollamos-las-competencias-clave","status":"publish","type":"page","link":"https:\/\/blogsaverroes.juntadeandalucia.es\/ceiplosgrupos\/desarrollamos-las-competencias-clave\/","title":{"rendered":"Desarrollamos las competencias clave"},"content":{"rendered":"<p style=\"text-align: center\"><strong>\u00bf QU\u00c9 SON LAS COMPETENCIAS B\u00c1SICAS?<\/strong><\/p>\n<div><span style=\"font-size: 12pt\">Con la Ley Org\u00e1nica de Educaci\u00f3n de 2006 se ha incorporado un nuevo concepto educativo: el de las competencias b\u00e1sicas. La integraci\u00f3n de las mismas al curr\u00edculo permite poner el acento en aquellos aprendizajes que se consideran imprescindibles, desde un planteamiento integrador y orientado a la aplicaci\u00f3n de los saberes adquiridos.<\/span><\/div>\n<div><span style=\"font-size: 12pt\">De ah\u00ed su car\u00e1cter b\u00e1sico. Son aquellas competencias que debe haber desarrollado un joven al finalizar la ense\u00f1anza obligatoria para poner lograr su realizaci\u00f3n personal, ejercer la ciudadan\u00eda activa, incorporarse a la vida adulta de manera satisfactoria y ser capaz de desarrollar un aprendizaje permanente a lo largo de la vida.<\/span><\/div>\n<div><span style=\"font-size: 12pt\">En el marco de la propuesta realizada por la Uni\u00f3n Europea, se han identificado ocho competencias b\u00e1sicas:<\/span><\/div>\n<div><span style=\"font-size: 12pt\">1. Competencia en comunicaci\u00f3n ling\u00fc\u00edstica.<\/span><\/div>\n<div><span style=\"font-size: 12pt\">2. Competencia matem\u00e1tica.<\/span><\/div>\n<div><span style=\"font-size: 12pt\">3. Competencia en el conocimiento y la interacci\u00f3n con el mundo f\u00edsico.<\/span><\/div>\n<div><span style=\"font-size: 12pt\">4. Tratamiento de la informaci\u00f3n y competencia digital.<\/span><\/div>\n<div><span style=\"font-size: 12pt\">5. Competencia social y ciudadana.<\/span><\/div>\n<div><span style=\"font-size: 12pt\">6. Competencia cultural y art\u00edstica.<\/span><\/div>\n<div><span style=\"font-size: 12pt\">7. Competencia para aprender a aprender.<\/span><\/div>\n<div><span style=\"font-size: 12pt\">8. Autonom\u00eda e iniciativa personal<\/span><\/div>\n<p><span style=\"font-size: 12pt\">Con la LOMCE, son 7 las competencias clave:<\/span><\/p>\n<p><span style=\"font-size: 12pt\">1. Comunicaci\u00f3n en comunicaci\u00f3n ling\u00fc\u00edstica;<\/span><\/p>\n<p><span style=\"font-size: 12pt\">2. Competencia matem\u00e1tica y competencias b\u00e1sicas en ciencia y tecnolog\u00eda;<\/span><\/p>\n<p><span style=\"font-size: 12pt\">3. Competencia digital;<\/span><\/p>\n<p><span style=\"font-size: 12pt\">4. Aprender a aprender;<\/span><\/p>\n<p><span style=\"font-size: 12pt\">5. Competencias sociales y c\u00edvicas;<\/span><\/p>\n<p><span style=\"font-size: 12pt\">6. Sentido de la iniciativa y esp\u00edritu de empresa, y<\/span><\/p>\n<p><span style=\"font-size: 12pt\">7. Conciencia y expresi\u00f3n culturales.<\/span><\/p>\n<p><span style=\"font-size: 12pt\">Con LOMLOE, son 8 las competencias clave:<\/span><\/p>\n<div class=\"page\" title=\"Page 2\">\n<div class=\"layoutArea\">\n<div class=\"column\">\n<p><span style=\"font-size: 12pt\">a) Competencia en comunicaci\u00f3n ling\u00fc\u00edstica.<\/span><br \/>\n<span style=\"font-size: 12pt\">b) Competencia pluriling\u00fce.<\/span><br \/>\n<span style=\"font-size: 12pt\">c) Competencia matem\u00e1tica y competencia en ciencia, tecnolog\u00eda e ingenier\u00eda.<\/span><br \/>\n<span style=\"font-size: 12pt\">d) Competencia digital.<\/span><br \/>\n<span style=\"font-size: 12pt\">e) Competencia personal, social y de aprender a aprender.<\/span><br \/>\n<span style=\"font-size: 12pt\">f) Competencia ciudadana.<\/span><br \/>\n<span style=\"font-size: 12pt\">g) Competencia emprendedora.<\/span><br \/>\n<span style=\"font-size: 12pt\">h) Competencia en conciencia y expresiones culturales.<\/span><\/p>\n<\/div>\n<\/div>\n<\/div>\n<p><span style=\"font-size: 12pt\"><strong>NIVELES DE ADQUISICI\u00d3N DE LAS COMPETENCIAS CLAVE<\/strong><\/span><\/p>\n<ul>\n<li><span style=\"font-size: 12pt\"><a href=\"https:\/\/docs.google.com\/document\/d\/0B1fFrR9AXDF8ZmpKVXIzeENRVVU\/edit?usp=sharing&amp;ouid=101937270860583652231&amp;resourcekey=0-5ciwVUG0n6WMmXe7MQFiBw&amp;rtpof=true&amp;sd=true\" target=\"_blank\" rel=\"noopener\"><strong>A1<\/strong><\/a><\/span><\/li>\n<li><span style=\"font-size: 12pt\"><a href=\"https:\/\/docs.google.com\/document\/d\/0B1fFrR9AXDF8anJQQVVDVG1rLUU\/edit?usp=sharing&amp;ouid=101937270860583652231&amp;resourcekey=0-ndgEQuwDYbdJUR4J9BbL4g&amp;rtpof=true&amp;sd=true\" target=\"_blank\" rel=\"noopener\"><strong>A2<\/strong><\/a><\/span><\/li>\n<li><span style=\"font-size: 12pt\"><a href=\"https:\/\/docs.google.com\/document\/d\/0B1fFrR9AXDF8NVJTaEFmc1FFanc\/edit?usp=sharing&amp;ouid=101937270860583652231&amp;resourcekey=0-mYyEgl0QrJg8DxsJHnq3dA&amp;rtpof=true&amp;sd=true\" target=\"_blank\" rel=\"noopener\"><strong>A3<\/strong><\/a><\/span><\/li>\n<li><span style=\"font-size: 12pt\"><a href=\"https:\/\/docs.google.com\/document\/d\/0B1fFrR9AXDF8TDA5VFBKSUloQU0\/edit?usp=sharing&amp;ouid=101937270860583652231&amp;resourcekey=0-TIEvKjmZV3CVXlq-s4Yb-Q&amp;rtpof=true&amp;sd=true\" target=\"_blank\" rel=\"noopener\"><strong>A4<\/strong><\/a><\/span><\/li>\n<\/ul>\n","protected":false},"excerpt":{"rendered":"<p>\u00bf QU\u00c9 SON LAS COMPETENCIAS B\u00c1SICAS? Con la Ley Org\u00e1nica de Educaci\u00f3n de 2006 se ha incorporado un nuevo concepto educativo: el de las competencias b\u00e1sicas. La integraci\u00f3n de las mismas al curr\u00edculo permite poner el acento en aquellos aprendizajes que se consideran imprescindibles, desde un planteamiento integrador y orientado a la aplicaci\u00f3n de los [&hellip;]<\/p>\n","protected":false},"author":19722,"featured_media":0,"parent":0,"menu_order":0,"comment_status":"closed","ping_status":"closed","template":"","meta":{"_et_pb_use_builder":"off","_et_pb_old_content":"","_et_gb_content_width":"","ngg_post_thumbnail":0,"footnotes":""},"aioseo_notices":[],"_links":{"self":[{"href":"https:\/\/blogsaverroes.juntadeandalucia.es\/ceiplosgrupos\/wp-json\/wp\/v2\/pages\/666"}],"collection":[{"href":"https:\/\/blogsaverroes.juntadeandalucia.es\/ceiplosgrupos\/wp-json\/wp\/v2\/pages"}],"about":[{"href":"https:\/\/blogsaverroes.juntadeandalucia.es\/ceiplosgrupos\/wp-json\/wp\/v2\/types\/page"}],"author":[{"embeddable":true,"href":"https:\/\/blogsaverroes.juntadeandalucia.es\/ceiplosgrupos\/wp-json\/wp\/v2\/users\/19722"}],"replies":[{"embeddable":true,"href":"https:\/\/blogsaverroes.juntadeandalucia.es\/ceiplosgrupos\/wp-json\/wp\/v2\/comments?post=666"}],"version-history":[{"count":7,"href":"https:\/\/blogsaverroes.juntadeandalucia.es\/ceiplosgrupos\/wp-json\/wp\/v2\/pages\/666\/revisions"}],"predecessor-version":[{"id":1049,"href":"https:\/\/blogsaverroes.juntadeandalucia.es\/ceiplosgrupos\/wp-json\/wp\/v2\/pages\/666\/revisions\/1049"}],"wp:attachment":[{"href":"https:\/\/blogsaverroes.juntadeandalucia.es\/ceiplosgrupos\/wp-json\/wp\/v2\/media?parent=666"}],"curies":[{"name":"wp","href":"https:\/\/api.w.org\/{rel}","templated":true}]}}