{"id":696,"date":"2024-10-02T23:12:08","date_gmt":"2024-10-02T22:12:08","guid":{"rendered":"https:\/\/blogsaverroes.juntadeandalucia.es\/ceiplosgrupos\/?page_id=696"},"modified":"2026-02-02T13:58:36","modified_gmt":"2026-02-02T12:58:36","slug":"proyecto-violencia-de-genero","status":"publish","type":"page","link":"https:\/\/blogsaverroes.juntadeandalucia.es\/ceiplosgrupos\/proyecto-violencia-de-genero\/","title":{"rendered":"Proyecto Violencia de G\u00e9nero"},"content":{"rendered":"<p><img loading=\"lazy\" decoding=\"async\" class=\"alignnone size-medium wp-image-1063 aligncenter\" src=\"https:\/\/blogsaverroes.juntadeandalucia.es\/ceiplosgrupos\/files\/2024\/10\/banner_prevencion_vg-300x43.png\" alt=\"\" width=\"300\" height=\"43\"><\/p>\n<p><span style=\"font-size: 12pt\">El II Plan Estrat\u00e9gico de Igualdad de G\u00e9nero en Educaci\u00f3n establece entre sus l\u00edneas estrat\u00e9gicas la prevenci\u00f3n de la violencia de g\u00e9nero, proponiendo para ello la inclusi\u00f3n en el Plan de Igualdad de G\u00e9nero de los centros docentes actuaciones de sensibilizaci\u00f3n, formaci\u00f3n e implicaci\u00f3n de la comunidad educativa en la prevenci\u00f3n de la violencia de g\u00e9nero.<\/span><\/p>\n<p><span style=\"font-size: 12pt\">En este cometido destaca el papel clave e indispensable de los centros docentes por ser contextos privilegiados para fomentar valores igualitarios, libres de prejuicios y de estereotipos sexistas y para proporcionar modelos de relaciones interpersonales basadas en el respeto y el rechazo de cualquier tipo de violencia.<\/span><\/p>\n<p><span style=\"font-size: 12pt\">La Consejer\u00eda de Desarrollo Educativo y Formaci\u00f3n Profesional, con la aportaci\u00f3n presupuestaria del<strong> Pacto de Estado contra la Violencia de G\u00e9nero<\/strong>, promueve anualmente la Convocatoria para la realizaci\u00f3n de medidas y actuaciones destinadas a la prevenci\u00f3n de la violencia de g\u00e9nero en los centros docentes p\u00fablicos dependientes de la Junta de Andaluc\u00eda.<\/span><\/p>\n<p><span style=\"font-size: 12pt\">Objetivos de esta convocatoria:<\/span><\/p>\n<ul>\n<li><span style=\"font-size: 12pt\">Promover programas de educaci\u00f3n emocional y de resoluci\u00f3n pac\u00edfica de conflictos que permitan el establecimiento de relaciones de equidad que protejan de cualquier situaci\u00f3n de violencia.<\/span><\/li>\n<li><span style=\"font-size: 12pt\">Impulsar, entre los centros docentes, actuaciones formativas en materia de prevenci\u00f3n de la violencia de g\u00e9nero como factor clave que fortalezca a adolescentes ante el riesgo de padecerla o ejercerla.<\/span><\/li>\n<li><span style=\"font-size: 12pt\">Desarrollar entre el alumnado la capacidad para percibir e identificar conductas sexistas en situaciones cotidianas de su vida.<\/span><\/li>\n<li><span style=\"font-size: 12pt\">Implicar a la comunidad educativa en el desarrollo de medidas que promuevan la igualdad y la prevenci\u00f3n de la violencia de g\u00e9nero.<\/span><\/li>\n<li><span style=\"font-size: 12pt\">Favorecer la creaci\u00f3n de recursos did\u00e1cticos que puedan ser extrapolables a otros centros docentes y que se conviertan en sostenibles en el tiempo.<\/span><\/li>\n<\/ul>\n<p><strong><span style=\"font-size: 14pt;color: #cc99ff\">Programas<\/span><\/strong><\/p>\n<ul>\n<li><a href=\"https:\/\/blogsaverroes.juntadeandalucia.es\/ceiplosgrupos\/files\/2026\/02\/PROYECTO-EN-PREVENCION-DE-VIOLENCIA-DE-GENERO-25_26.pdf\">PROYECTO EN PREVENCIO\u0301N DE VIOLENCIA DE GE\u0301NERO 2025-26<\/a><\/li>\n<li><a href=\"https:\/\/blogsaverroes.juntadeandalucia.es\/ceiplosgrupos\/files\/2024\/11\/PROYECTO-EN-PREVENCION-DE-VIOLENCIA-DE-GENERO-24_25.pdf\" target=\"_blank\" rel=\"noopener\">PROYECTO EN PREVENCIO\u0301N DE VIOLENCIA DE GE\u0301NERO 2024-25<\/a><\/li>\n<li><a href=\"https:\/\/blogsaverroes.juntadeandalucia.es\/ceiplosgrupos\/files\/2024\/10\/COEDUCACION.pdf\">PROYECTO EN PREVENCI\u00d3N DE VIOLENCIA DE G\u00c9NERO 2022-23<\/a><\/li>\n<li><a href=\"https:\/\/blogsaverroes.juntadeandalucia.es\/ceiplosgrupos\/files\/2024\/10\/PROYECTO-EN-PREVENCION-DE-VIOLENCIA-DE-GENERO.pdf\">PROYECTO EN PREVENCIO\u0301N DE VIOLENCIA DE GE\u0301NERO 2021-22<\/a><\/li>\n<\/ul>\n<p><strong><span style=\"font-size: 14pt;color: #cc99ff\">Actividades<\/span><\/strong><\/p>\n<ul>\n<li><strong>15 diciembre 2025. Campa\u00f1a del juguete no violento y no sexista.<\/strong><\/li>\n<\/ul>\n<p style=\"text-align: center\"><iframe loading=\"lazy\" src=\"\/\/www.youtube.com\/embed\/HcZnVWZLmss\" width=\"560\" height=\"314\"><\/iframe><\/p>\n<ul>\n<li><strong>25 noviembre 2025. D\u00eda contra la Violencia de G\u00e9nero<\/strong><\/li>\n<\/ul>\n<p style=\"text-align: center\"><iframe loading=\"lazy\" src=\"\/\/www.youtube.com\/embed\/UEJAJdLxSdk\" width=\"560\" height=\"314\"><\/iframe><\/p>\n<p style=\"text-align: center\"><iframe loading=\"lazy\" src=\"\/\/www.youtube.com\/embed\/R7dXzSG1CNs\" width=\"560\" height=\"314\"><\/iframe><\/p>\n<ul>\n<li><strong><span style=\"font-size: 12pt\">8 marzo 2025. D\u00eda Internacional de la Mujer<\/span><\/strong><\/li>\n<\/ul>\n<p style=\"text-align: center\"><iframe loading=\"lazy\" src=\"\/\/www.youtube.com\/embed\/Ncfp1AVJOjU\" width=\"560\" height=\"314\"><\/iframe><\/p>\n<p style=\"text-align: center\"><iframe loading=\"lazy\" src=\"\/\/www.youtube.com\/embed\/u7xgz8UMook\" width=\"560\" height=\"314\"><\/iframe><\/p>\n<p style=\"text-align: center\"><iframe loading=\"lazy\" src=\"\/\/www.youtube.com\/embed\/VddzB0wTjQc\" width=\"560\" height=\"314\"><\/iframe><\/p>\n<ul>\n<li><strong><span style=\"font-size: 12pt\">Programa La ciencia y el olivar. Entrevista a Zenaida Moro\u0301n (11 febrero 2025)<\/span><\/strong><\/li>\n<\/ul>\n<p style=\"text-align: center\"><iframe loading=\"lazy\" src=\"\/\/www.youtube.com\/embed\/f85N1UEM-CM\" width=\"560\" height=\"314\"><\/iframe><\/p>\n<p style=\"text-align: center\"><iframe loading=\"lazy\" src=\"\/\/www.youtube.com\/embed\/ZvxRoX61eiQ\" width=\"560\" height=\"314\"><\/iframe><\/p>\n<ul>\n<li><span style=\"font-size: 12pt\"><strong>3 DICIEMBRE 2024<\/strong><\/span><\/li>\n<\/ul>\n<p style=\"text-align: center\"><iframe loading=\"lazy\" src=\"\/\/www.youtube.com\/embed\/lH3bcRBJGAQ\" width=\"560\" height=\"314\"><\/iframe><\/p>\n<p style=\"text-align: center\"><iframe loading=\"lazy\" src=\"\/\/www.youtube.com\/embed\/nfWFEv67tFg\" width=\"560\" height=\"314\"><\/iframe><\/p>\n<ul>\n<li><strong><span style=\"font-size: 12pt\">25 NOVIEMBRE 2024<\/span><\/strong><\/li>\n<\/ul>\n<p style=\"text-align: center\"><iframe loading=\"lazy\" src=\"\/\/www.youtube.com\/embed\/Sce9tE2ZtIw\" width=\"560\" height=\"314\"><\/iframe><\/p>\n<ul>\n<li><strong><span style=\"font-size: 12pt\">25 NOVIEMBRE 2024. <\/span><\/strong><span style=\"font-size: 12pt\">Episodio 69. Programa sobre la violencia de g\u00e9nero<\/span><strong><span style=\"font-size: 12pt\"><br \/>\n<\/span><\/strong><\/li>\n<\/ul>\n<p><iframe loading=\"lazy\" src=\"https:\/\/www.ivoox.com\/player_ej_136274445_6_1.html?c1=2d5360\" width=\"100%\" height=\"200\" frameborder=\"0\" scrolling=\"no\"><\/iframe>&nbsp;<\/p>\n<p>&nbsp;<\/p>\n<p style=\"text-align: center\"><iframe loading=\"lazy\" src=\"\/\/www.youtube.com\/embed\/iC-ZCmXkRYM\" width=\"560\" height=\"314\"><\/iframe><\/p>\n<ul>\n<li><span style=\"font-size: 12pt\"><strong>16 noviembre 2024<\/strong>.<\/span> <strong>La mujer en el flamenco<\/strong>, analizando la figura de la mujer en el flamenco a lo largo de la historia de nuestra comunidad aut\u00f3noma, haciendo an\u00e1lisis de sus vidas.<\/li>\n<\/ul>\n<p style=\"text-align: center\"><a title=\"La mujer en el flamenco\" href=\"https:\/\/issuu.com\/josemanuelhinojosaolid\/docs\/escaneado_15_nov_2024_8.50\" target=\"_blank\" rel=\"noopener\"><strong>La mujer en el flamenco<\/strong><\/a><\/p>\n<p><img loading=\"lazy\" decoding=\"async\" class=\"alignnone wp-image-1242 aligncenter\" src=\"https:\/\/blogsaverroes.juntadeandalucia.es\/ceiplosgrupos\/files\/2024\/11\/IMG_0224-300x158.jpeg\" alt=\"\" width=\"547\" height=\"288\"><\/p>\n<ul>\n<li><a href=\"https:\/\/youtu.be\/8_z-yUVPewg\" target=\"_blank\" rel=\"noopener\">25 NOVIEMBRE 2023<\/a><\/li>\n<\/ul>\n<p style=\"text-align: center\"><iframe loading=\"lazy\" src=\"\/\/www.youtube.com\/embed\/8_z-yUVPewg\" width=\"560\" height=\"314\"><\/iframe><\/p>\n<p style=\"text-align: center\"><iframe loading=\"lazy\" src=\"\/\/www.youtube.com\/embed\/XSGz0awGU20\" width=\"560\" height=\"314\"><\/iframe><\/p>\n<ul>\n<li><a href=\"https:\/\/padlet.com\/ceiplosgrupos\/8m-d-a-de-la-mujer-8m2022-mujeresqueinspirand-ph4gj2680lb582fn\">8M D\u00cdA DE LA MUJER #8M2022 #mujeresqueinspirAND<\/a><\/li>\n<li><a href=\"https:\/\/padlet.com\/ceiplosgrupos\/25-noviembre-2022-d-a-contra-la-violencia-de-g-nero-b4w5wy6lucfll80m\">25 NOVIEMBRE 2022. D\u00cdA CONTRA LA VIOLENCIA DE G\u00c9NERO<\/a><\/li>\n<li><a href=\"https:\/\/padlet.com\/ceiplosgrupos\/d-a-internacional-de-la-mujer-1saqc9vwc4j3nnk3\">D\u00cdA INTERNACIONAL DE LA MUJER<\/a><\/li>\n<li><a href=\"https:\/\/padlet.com\/ceiplosgrupos\/proyecto-violencia-de-g-nero-2022_23-lny1q9rmzmxrwmma\">PROYECTO VIOLENCIA DE G\u00c9NERO 2022_23<\/a><\/li>\n<li><a href=\"https:\/\/view.genially.com\/5fbfea6c897240135b106c0f\">https:\/\/view.genially.com\/5fbfea6c897240135b106c0f<\/a><\/li>\n<li><a href=\"https:\/\/view.genially.com\/60481d3495147b0db1ebff1d\">D\u00cdA DE LA MUJER #8M2021<\/a><\/li>\n<li><a href=\"https:\/\/view.genially.com\/619feee394c1ab0dd787d79a\">25 NOVIEMBRE 2021<\/a><\/li>\n<\/ul>\n<p>&nbsp;<\/p>\n<p style=\"text-align: center\"><iframe loading=\"lazy\" src=\"\/\/www.youtube.com\/embed\/bzE_G95XOa0\" width=\"560\" height=\"314\"><\/iframe><\/p>\n<p style=\"text-align: center\"><iframe loading=\"lazy\" src=\"\/\/www.youtube.com\/embed\/2JacXrSCyhM\" width=\"560\" height=\"314\"><\/iframe><\/p>\n<p style=\"text-align: center\"><iframe loading=\"lazy\" src=\"\/\/www.youtube.com\/embed\/7-pkhtG2pN0\" width=\"560\" height=\"314\"><\/iframe><\/p>\n<p style=\"text-align: center\"><iframe loading=\"lazy\" src=\"\/\/www.youtube.com\/embed\/l7i2FqieH0Q\" width=\"560\" height=\"314\"><\/iframe><\/p>\n<p style=\"text-align: center\"><iframe loading=\"lazy\" src=\"\/\/www.youtube.com\/embed\/kvBcMFQiAz4\" width=\"560\" height=\"314\"><\/iframe><\/p>\n<p style=\"text-align: center\"><iframe loading=\"lazy\" src=\"\/\/www.youtube.com\/embed\/pcIo2RPtdLc\" width=\"560\" height=\"314\"><\/iframe><\/p>\n<p style=\"text-align: center\"><iframe loading=\"lazy\" src=\"\/\/www.youtube.com\/embed\/HTGGMRISr6Y\" width=\"560\" height=\"314\"><\/iframe><\/p>\n<p style=\"text-align: center\"><iframe loading=\"lazy\" src=\"\/\/www.youtube.com\/embed\/Uw5rpia3Ots\" width=\"560\" height=\"314\"><\/iframe><\/p>\n<p style=\"text-align: center\"><iframe loading=\"lazy\" src=\"\/\/www.youtube.com\/embed\/oYmyIO-p07s\" width=\"560\" height=\"314\"><\/iframe><\/p>\n<p style=\"text-align: center\"><iframe loading=\"lazy\" src=\"\/\/www.youtube.com\/embed\/JkuCSILnjio\" width=\"560\" height=\"314\"><\/iframe><\/p>\n<p style=\"text-align: center\"><iframe loading=\"lazy\" src=\"\/\/www.youtube.com\/embed\/eS86atSQOwI\" width=\"560\" height=\"314\"><\/iframe><\/p>\n<p>&nbsp;<\/p>\n","protected":false},"excerpt":{"rendered":"<p>El II Plan Estrat\u00e9gico de Igualdad de G\u00e9nero en Educaci\u00f3n establece entre sus l\u00edneas estrat\u00e9gicas la prevenci\u00f3n de la violencia de g\u00e9nero, proponiendo para ello la inclusi\u00f3n en el Plan de Igualdad de G\u00e9nero de los centros docentes actuaciones de sensibilizaci\u00f3n, formaci\u00f3n e implicaci\u00f3n de la comunidad educativa en la prevenci\u00f3n de la violencia de [&hellip;]<\/p>\n","protected":false},"author":19722,"featured_media":0,"parent":0,"menu_order":0,"comment_status":"closed","ping_status":"closed","template":"","meta":{"_et_pb_use_builder":"","_et_pb_old_content":"","_et_gb_content_width":"","ngg_post_thumbnail":0,"footnotes":""},"aioseo_notices":[],"_links":{"self":[{"href":"https:\/\/blogsaverroes.juntadeandalucia.es\/ceiplosgrupos\/wp-json\/wp\/v2\/pages\/696"}],"collection":[{"href":"https:\/\/blogsaverroes.juntadeandalucia.es\/ceiplosgrupos\/wp-json\/wp\/v2\/pages"}],"about":[{"href":"https:\/\/blogsaverroes.juntadeandalucia.es\/ceiplosgrupos\/wp-json\/wp\/v2\/types\/page"}],"author":[{"embeddable":true,"href":"https:\/\/blogsaverroes.juntadeandalucia.es\/ceiplosgrupos\/wp-json\/wp\/v2\/users\/19722"}],"replies":[{"embeddable":true,"href":"https:\/\/blogsaverroes.juntadeandalucia.es\/ceiplosgrupos\/wp-json\/wp\/v2\/comments?post=696"}],"version-history":[{"count":18,"href":"https:\/\/blogsaverroes.juntadeandalucia.es\/ceiplosgrupos\/wp-json\/wp\/v2\/pages\/696\/revisions"}],"predecessor-version":[{"id":2018,"href":"https:\/\/blogsaverroes.juntadeandalucia.es\/ceiplosgrupos\/wp-json\/wp\/v2\/pages\/696\/revisions\/2018"}],"wp:attachment":[{"href":"https:\/\/blogsaverroes.juntadeandalucia.es\/ceiplosgrupos\/wp-json\/wp\/v2\/media?parent=696"}],"curies":[{"name":"wp","href":"https:\/\/api.w.org\/{rel}","templated":true}]}}