{"id":702,"date":"2024-10-02T23:14:20","date_gmt":"2024-10-02T22:14:20","guid":{"rendered":"https:\/\/blogsaverroes.juntadeandalucia.es\/ceiplosgrupos\/?page_id=702"},"modified":"2024-10-04T00:36:09","modified_gmt":"2024-10-03T23:36:09","slug":"plan-consumo-de-frutas","status":"publish","type":"page","link":"https:\/\/blogsaverroes.juntadeandalucia.es\/ceiplosgrupos\/plan-consumo-de-frutas\/","title":{"rendered":"Plan Consumo de Frutas"},"content":{"rendered":"<p style=\"text-align: left\"><span style=\"font-size: 14pt\">Con motivo de la iniciativa europea para fomentar el consumo de frutas y hortalizas a los escolares, la Consejer\u00eda de Educaci\u00f3n, la Consejer\u00eda de Salud y la Consejer\u00eda de Agricultura y Pesca inician el desarrollo de un proyecto integral de distribuci\u00f3n de frutas y hortalizas en centros docentes sostenidos con fondos p\u00fablicos de Andaluc\u00eda.<\/span><\/p>\n<p style=\"text-align: left\"><span style=\"font-size: 14pt\">Este nuevo proyecto, tiene, entre otros, los objetivos siguientes:<\/span><\/p>\n<ul style=\"text-align: left\">\n<li>\n<div><span style=\"font-size: 14pt\">incrementar y consolidar la proporci\u00f3n de frutas y hortalizas en la dieta infantil.<\/span><\/div>\n<\/li>\n<li>\n<div><span style=\"font-size: 14pt\">contribuir a la mejora de los h\u00e1bitos alimenticios<\/span><\/div>\n<\/li>\n<li>\n<div><span style=\"font-size: 14pt\">institucionalizar en los colegios la semana de las frutas y hortalizas.<\/span><\/div>\n<\/li>\n<\/ul>\n<p style=\"text-align: center\"><a href=\"https:\/\/blogsaverroes.juntadeandalucia.es\/ceiplosgrupos\/files\/2024\/10\/PORTADA.pdf\"><span style=\"font-size: 14pt\">Portada<\/span><\/a><\/p>\n<p style=\"text-align: center\"><a href=\"https:\/\/blogsaverroes.juntadeandalucia.es\/ceiplosgrupos\/files\/2024\/10\/EN_QUE_CONSISTE.pdf\"><span style=\"font-size: 14pt\">En qu\u00e9 consiste<\/span><\/a><\/p>\n<p style=\"text-align: center\"><a href=\"https:\/\/blogsaverroes.juntadeandalucia.es\/ceiplosgrupos\/files\/2024\/10\/OBJETIVOS.pdf\"><span style=\"font-size: 14pt\">Objetivos del plan y actividades a realizar<\/span><\/a><\/p>\n<p style=\"text-align: center\"><a href=\"https:\/\/blogsaverroes.juntadeandalucia.es\/ceiplosgrupos\/files\/2024\/10\/RIQUEZA_DE_FRUTAS_Y_HORTALIZAS.pdf\"><span style=\"font-size: 14pt\">La riqueza de las frutas y hortalizas<\/span><\/a><\/p>\n<p style=\"text-align: center\"><a href=\"https:\/\/blogsaverroes.juntadeandalucia.es\/ceiplosgrupos\/files\/2024\/10\/SABIAS_QUE_.pdf\"><span style=\"font-size: 14pt\">Sab\u00edas que &#8230;<\/span><\/a><\/p>\n<p style=\"text-align: center\"><a href=\"https:\/\/blogsaverroes.juntadeandalucia.es\/ceiplosgrupos\/files\/2024\/10\/RESUELVE_DUDAS.pdf\"><span style=\"font-size: 14pt\">Resuelve dudas<\/span><\/a><\/p>\n<p style=\"text-align: center\"><span style=\"font-size: 14pt\"><a href=\"http:\/\/www.frutanova.es\/planConsumo.php\">P\u00e1gina web<\/a><\/span><\/p>\n<p><img loading=\"lazy\" decoding=\"async\" class=\"alignnone size-full wp-image-832 aligncenter\" src=\"https:\/\/blogsaverroes.juntadeandalucia.es\/ceiplosgrupos\/files\/2024\/10\/Sin-titulo.jpg\" alt=\"\" width=\"273\" height=\"184\"><\/p>\n","protected":false},"excerpt":{"rendered":"<p>Con motivo de la iniciativa europea para fomentar el consumo de frutas y hortalizas a los escolares, la Consejer\u00eda de Educaci\u00f3n, la Consejer\u00eda de Salud y la Consejer\u00eda de Agricultura y Pesca inician el desarrollo de un proyecto integral de distribuci\u00f3n de frutas y hortalizas en centros docentes sostenidos con fondos p\u00fablicos de Andaluc\u00eda. Este [&hellip;]<\/p>\n","protected":false},"author":19722,"featured_media":0,"parent":0,"menu_order":0,"comment_status":"closed","ping_status":"closed","template":"","meta":{"_et_pb_use_builder":"","_et_pb_old_content":"","_et_gb_content_width":"","ngg_post_thumbnail":0,"footnotes":""},"aioseo_notices":[],"_links":{"self":[{"href":"https:\/\/blogsaverroes.juntadeandalucia.es\/ceiplosgrupos\/wp-json\/wp\/v2\/pages\/702"}],"collection":[{"href":"https:\/\/blogsaverroes.juntadeandalucia.es\/ceiplosgrupos\/wp-json\/wp\/v2\/pages"}],"about":[{"href":"https:\/\/blogsaverroes.juntadeandalucia.es\/ceiplosgrupos\/wp-json\/wp\/v2\/types\/page"}],"author":[{"embeddable":true,"href":"https:\/\/blogsaverroes.juntadeandalucia.es\/ceiplosgrupos\/wp-json\/wp\/v2\/users\/19722"}],"replies":[{"embeddable":true,"href":"https:\/\/blogsaverroes.juntadeandalucia.es\/ceiplosgrupos\/wp-json\/wp\/v2\/comments?post=702"}],"version-history":[{"count":4,"href":"https:\/\/blogsaverroes.juntadeandalucia.es\/ceiplosgrupos\/wp-json\/wp\/v2\/pages\/702\/revisions"}],"predecessor-version":[{"id":833,"href":"https:\/\/blogsaverroes.juntadeandalucia.es\/ceiplosgrupos\/wp-json\/wp\/v2\/pages\/702\/revisions\/833"}],"wp:attachment":[{"href":"https:\/\/blogsaverroes.juntadeandalucia.es\/ceiplosgrupos\/wp-json\/wp\/v2\/media?parent=702"}],"curies":[{"name":"wp","href":"https:\/\/api.w.org\/{rel}","templated":true}]}}