{"id":704,"date":"2024-10-02T23:14:47","date_gmt":"2024-10-02T22:14:47","guid":{"rendered":"https:\/\/blogsaverroes.juntadeandalucia.es\/ceiplosgrupos\/?page_id=704"},"modified":"2024-10-04T00:40:58","modified_gmt":"2024-10-03T23:40:58","slug":"programa-cima","status":"publish","type":"page","link":"https:\/\/blogsaverroes.juntadeandalucia.es\/ceiplosgrupos\/programa-cima\/","title":{"rendered":"Programa CIMA"},"content":{"rendered":"<p><span class=\"BxUVEf ILfuVd\" lang=\"es\"><span class=\"hgKElc\">El <b>Programa CIMA<\/b> es una herramienta pedag\u00f3gica para impulsar la innovaci\u00f3n y transformaci\u00f3n del proyecto educativo del centro (PE) desde el an\u00e1lisis, reflexi\u00f3n y evaluaci\u00f3n participativa garantizando la mejora continua y la personalizaci\u00f3n de los procesos seg\u00fan los centros de inter\u00e9s y necesidades del centro.<\/span><\/span><\/p>\n<p><span class=\"BxUVEf ILfuVd\" lang=\"es\"><span class=\"hgKElc\">El Programa CIMA surge con la misi\u00f3n de promover: <b>El fomento y la coordinaci\u00f3n de la innovaci\u00f3n educativa a trav\u00e9s de proyectos integrales de transformaci\u00f3n y mejora de los aprendizajes<\/b>. La gesti\u00f3n, coordinaci\u00f3n e integraci\u00f3n de las actuaciones y estrategias relativas a la innovaci\u00f3n educativa.<\/span><\/span><\/p>\n<p>A\u00f1o 2023: <a href=\"https:\/\/blogsaverroes.juntadeandalucia.es\/ceiplosgrupos\/files\/2024\/10\/PLAN-DE-ACTUACION-CIMA.pdf\">PLAN DE ACTUACIO\u0301N CIMA<\/a>&nbsp;<\/p>\n<p><img loading=\"lazy\" decoding=\"async\" class=\"alignnone size-full wp-image-834 aligncenter\" src=\"https:\/\/blogsaverroes.juntadeandalucia.es\/ceiplosgrupos\/files\/2024\/10\/Sin-titulo-2.png\" alt=\"\" width=\"209\" height=\"241\"><\/p>\n","protected":false},"excerpt":{"rendered":"<p>El Programa CIMA es una herramienta pedag\u00f3gica para impulsar la innovaci\u00f3n y transformaci\u00f3n del proyecto educativo del centro (PE) desde el an\u00e1lisis, reflexi\u00f3n y evaluaci\u00f3n participativa garantizando la mejora continua y la personalizaci\u00f3n de los procesos seg\u00fan los centros de inter\u00e9s y necesidades del centro. El Programa CIMA surge con la misi\u00f3n de promover: El [&hellip;]<\/p>\n","protected":false},"author":19722,"featured_media":0,"parent":0,"menu_order":0,"comment_status":"closed","ping_status":"closed","template":"","meta":{"_et_pb_use_builder":"","_et_pb_old_content":"","_et_gb_content_width":"","ngg_post_thumbnail":0,"footnotes":""},"aioseo_notices":[],"_links":{"self":[{"href":"https:\/\/blogsaverroes.juntadeandalucia.es\/ceiplosgrupos\/wp-json\/wp\/v2\/pages\/704"}],"collection":[{"href":"https:\/\/blogsaverroes.juntadeandalucia.es\/ceiplosgrupos\/wp-json\/wp\/v2\/pages"}],"about":[{"href":"https:\/\/blogsaverroes.juntadeandalucia.es\/ceiplosgrupos\/wp-json\/wp\/v2\/types\/page"}],"author":[{"embeddable":true,"href":"https:\/\/blogsaverroes.juntadeandalucia.es\/ceiplosgrupos\/wp-json\/wp\/v2\/users\/19722"}],"replies":[{"embeddable":true,"href":"https:\/\/blogsaverroes.juntadeandalucia.es\/ceiplosgrupos\/wp-json\/wp\/v2\/comments?post=704"}],"version-history":[{"count":4,"href":"https:\/\/blogsaverroes.juntadeandalucia.es\/ceiplosgrupos\/wp-json\/wp\/v2\/pages\/704\/revisions"}],"predecessor-version":[{"id":838,"href":"https:\/\/blogsaverroes.juntadeandalucia.es\/ceiplosgrupos\/wp-json\/wp\/v2\/pages\/704\/revisions\/838"}],"wp:attachment":[{"href":"https:\/\/blogsaverroes.juntadeandalucia.es\/ceiplosgrupos\/wp-json\/wp\/v2\/media?parent=704"}],"curies":[{"name":"wp","href":"https:\/\/api.w.org\/{rel}","templated":true}]}}