{"id":734,"date":"2024-10-02T23:30:34","date_gmt":"2024-10-02T22:30:34","guid":{"rendered":"https:\/\/blogsaverroes.juntadeandalucia.es\/ceiplosgrupos\/?page_id=734"},"modified":"2024-10-10T23:55:01","modified_gmt":"2024-10-10T22:55:01","slug":"proyecto-tic-escuela-2-0","status":"publish","type":"page","link":"https:\/\/blogsaverroes.juntadeandalucia.es\/ceiplosgrupos\/proyecto-tic-escuela-2-0\/","title":{"rendered":"Proyecto TIC. Escuela 2.0."},"content":{"rendered":"<p style=\"text-align: center\"><span style=\"font-size: 12pt\"><img loading=\"lazy\" decoding=\"async\" class=\"alignnone size-full wp-image-975\" src=\"https:\/\/blogsaverroes.juntadeandalucia.es\/ceiplosgrupos\/files\/2024\/10\/Sin-titulo-3.jpg\" alt=\"\" width=\"290\" height=\"174\"><\/span><\/p>\n<p style=\"text-align: left\"><span style=\"font-size: 12pt\">Con el Plan Escuela TIC 2.0, el ordenador port\u00e1til se ha convertido en una herramienta para la ense\u00f1anza que va m\u00e1s all\u00e1 de las aulas, vinculando a alumnado, profesorado y familias. El programa contempla la dotaci\u00f3n de ordenadores port\u00e1tiles que se incorporan a la mochila escolar del alumnado acompa\u00f1\u00e1ndole en el aula y en casa.<\/span><\/p>\n<div class=\"block block-layout-builder block-field-blocknodeplanes-y-programasfield-planes-adjuntos-group\">\n<div class=\"content\">\n<div class=\"enlaces-documentos-del-plan\">\n<div class=\"content\">\n<div class=\"enlaces-documentos-del-plan\">\n<ul>\n<li class=\"list-link\"><a title=\"Plan Escuela TIC 2.0 en Andaluc\u00eda (pdf)\" href=\"https:\/\/www.juntadeandalucia.es\/sites\/default\/files\/2022-02\/PlanEscuela.pdf\"> Plan Escuela TIC 2.0 en Andaluc\u00eda (pdf) <\/a><\/li>\n<li class=\"list-link\"><a title=\"Manual para el seguimiento de recursos Escuela TIC 2.0 (pdf)\" href=\"https:\/\/www.juntadeandalucia.es\/sites\/default\/files\/2022-02\/Manualseguimiento.pdf\"> Manual para el seguimiento de recursos Escuela TIC 2.0 (pdf) <\/a><\/li>\n<li class=\"list-link\"><a title=\"Gu\u00eda para la entrega de ultraport\u00e1tiles a la familia del alumnado (pdf)\" href=\"https:\/\/www.juntadeandalucia.es\/sites\/default\/files\/2022-02\/Gu%C3%ADaentrega.pdf\"> Gu\u00eda para la entrega de ultraport\u00e1tiles a la familia del alumnado (pdf) <\/a><\/li>\n<li class=\"list-link\"><a title=\"Disposici\u00f3n del etiquetado de port\u00e1tiles (pdf)\" href=\"https:\/\/www.juntadeandalucia.es\/sites\/default\/files\/2022-02\/Disposici%C3%B3netiquetado.pdf\"> Disposici\u00f3n del etiquetado de port\u00e1tiles (pdf) <\/a><\/li>\n<li class=\"list-link\"><a title=\"Preguntas y Respuestas Generales (pdf) \" href=\"https:\/\/www.juntadeandalucia.es\/sites\/default\/files\/2022-02\/FAQS.pdf\"> Preguntas y Respuestas Generales (pdf) <\/a><\/li>\n<li class=\"list-link\"><a title=\"Presentaci\u00f3n Formaci\u00f3n del Profesorado (pdf)\" href=\"https:\/\/www.juntadeandalucia.es\/sites\/default\/files\/2022-02\/Presentaci%C3%B3nFormaci%C3%B3n.pdf\"> Presentaci\u00f3n Formaci\u00f3n del Profesorado (pdf)<\/a><\/li>\n<li class=\"list-link\"><a title=\"Compromiso digital familiar (pdf)\" href=\"https:\/\/www.juntadeandalucia.es\/sites\/default\/files\/2022-02\/Compromisodigital.pdf\">Compromiso digital familiar (pdf)<\/a><\/li>\n<li class=\"list-link\"><a title=\"Pr_estudio programa escuela 2.0.\" href=\"https:\/\/www.juntadeandalucia.es\/sites\/default\/files\/2022-02\/Pr_estudio%20programa%20Escuela%202%200%20versi%C3%B3n%203%201.pdf\">Pr_estudio programa escuela 2.0. <\/a><\/li>\n<li class=\"list-link\"><a title=\"Informe_Escuela2.0\" href=\"https:\/\/www.juntadeandalucia.es\/sites\/default\/files\/2022-02\/Informe_Escuela20-Prof2011.pdf\"> Informe_Escuela2.0 <\/a><\/li>\n<li class=\"list-link\"><a title=\"E20_Programa Escuela_Completo\" href=\"https:\/\/www.juntadeandalucia.es\/sites\/default\/files\/2022-02\/E20_ProgramaEscuela20_Completo.ppt\"> E20_Programa Escuela_Completo <\/a><\/li>\n<\/ul>\n<p>&nbsp;<\/p>\n<div class=\"content\">\n<div class=\"enlaces-documentos-del-plan\">&nbsp;<\/div>\n<\/div>\n<\/div>\n<\/div>\n<\/div>\n<\/div>\n<\/div>\n","protected":false},"excerpt":{"rendered":"<p>Con el Plan Escuela TIC 2.0, el ordenador port\u00e1til se ha convertido en una herramienta para la ense\u00f1anza que va m\u00e1s all\u00e1 de las aulas, vinculando a alumnado, profesorado y familias. El programa contempla la dotaci\u00f3n de ordenadores port\u00e1tiles que se incorporan a la mochila escolar del alumnado acompa\u00f1\u00e1ndole en el aula y en casa. [&hellip;]<\/p>\n","protected":false},"author":19722,"featured_media":0,"parent":0,"menu_order":0,"comment_status":"closed","ping_status":"closed","template":"","meta":{"_et_pb_use_builder":"","_et_pb_old_content":"","_et_gb_content_width":"","ngg_post_thumbnail":0,"footnotes":""},"aioseo_notices":[],"_links":{"self":[{"href":"https:\/\/blogsaverroes.juntadeandalucia.es\/ceiplosgrupos\/wp-json\/wp\/v2\/pages\/734"}],"collection":[{"href":"https:\/\/blogsaverroes.juntadeandalucia.es\/ceiplosgrupos\/wp-json\/wp\/v2\/pages"}],"about":[{"href":"https:\/\/blogsaverroes.juntadeandalucia.es\/ceiplosgrupos\/wp-json\/wp\/v2\/types\/page"}],"author":[{"embeddable":true,"href":"https:\/\/blogsaverroes.juntadeandalucia.es\/ceiplosgrupos\/wp-json\/wp\/v2\/users\/19722"}],"replies":[{"embeddable":true,"href":"https:\/\/blogsaverroes.juntadeandalucia.es\/ceiplosgrupos\/wp-json\/wp\/v2\/comments?post=734"}],"version-history":[{"count":6,"href":"https:\/\/blogsaverroes.juntadeandalucia.es\/ceiplosgrupos\/wp-json\/wp\/v2\/pages\/734\/revisions"}],"predecessor-version":[{"id":978,"href":"https:\/\/blogsaverroes.juntadeandalucia.es\/ceiplosgrupos\/wp-json\/wp\/v2\/pages\/734\/revisions\/978"}],"wp:attachment":[{"href":"https:\/\/blogsaverroes.juntadeandalucia.es\/ceiplosgrupos\/wp-json\/wp\/v2\/media?parent=734"}],"curies":[{"name":"wp","href":"https:\/\/api.w.org\/{rel}","templated":true}]}}