{"id":736,"date":"2024-10-02T23:31:26","date_gmt":"2024-10-02T22:31:26","guid":{"rendered":"https:\/\/blogsaverroes.juntadeandalucia.es\/ceiplosgrupos\/?page_id=736"},"modified":"2024-10-03T00:00:55","modified_gmt":"2024-10-02T23:00:55","slug":"nuestras-webquest","status":"publish","type":"page","link":"https:\/\/blogsaverroes.juntadeandalucia.es\/ceiplosgrupos\/nuestras-webquest\/","title":{"rendered":"Nuestras Webquest"},"content":{"rendered":"<p><img loading=\"lazy\" decoding=\"async\" class=\"alignnone size-full wp-image-776 aligncenter\" src=\"https:\/\/blogsaverroes.juntadeandalucia.es\/ceiplosgrupos\/files\/2024\/10\/ordinador.gif\" alt=\"\" width=\"150\" height=\"150\"><\/p>\n<p><span style=\"font-size: 14pt\">Son una estrategia did\u00e1ctica en la que el alumnado es el que realmente construye el conocimiento que luego van a aprender. Se le organiza por pareja o en grupos peque\u00f1os, se les asigna roles y tienen que elaborar un producto que va desde una presentaci\u00f3n, o un documento, hasta un gui\u00f3n radiof\u00f3nico,&#8230;<\/span><\/p>\n<p><span style=\"font-size: 14pt\">No son solamente una nueva manera para que los docentes ense\u00f1en, tambi\u00e9n una estrategia para que los alumnos aprendan. Sus componentes son: introducci\u00f3n, tarea, recurso, proceso, evaluaci\u00f3n y conclusi\u00f3n.<\/span><\/p>\n","protected":false},"excerpt":{"rendered":"<p>Son una estrategia did\u00e1ctica en la que el alumnado es el que realmente construye el conocimiento que luego van a aprender. Se le organiza por pareja o en grupos peque\u00f1os, se les asigna roles y tienen que elaborar un producto que va desde una presentaci\u00f3n, o un documento, hasta un gui\u00f3n radiof\u00f3nico,&#8230; No son solamente [&hellip;]<\/p>\n","protected":false},"author":19722,"featured_media":0,"parent":0,"menu_order":0,"comment_status":"closed","ping_status":"closed","template":"","meta":{"_et_pb_use_builder":"","_et_pb_old_content":"","_et_gb_content_width":"","ngg_post_thumbnail":0,"footnotes":""},"aioseo_notices":[],"_links":{"self":[{"href":"https:\/\/blogsaverroes.juntadeandalucia.es\/ceiplosgrupos\/wp-json\/wp\/v2\/pages\/736"}],"collection":[{"href":"https:\/\/blogsaverroes.juntadeandalucia.es\/ceiplosgrupos\/wp-json\/wp\/v2\/pages"}],"about":[{"href":"https:\/\/blogsaverroes.juntadeandalucia.es\/ceiplosgrupos\/wp-json\/wp\/v2\/types\/page"}],"author":[{"embeddable":true,"href":"https:\/\/blogsaverroes.juntadeandalucia.es\/ceiplosgrupos\/wp-json\/wp\/v2\/users\/19722"}],"replies":[{"embeddable":true,"href":"https:\/\/blogsaverroes.juntadeandalucia.es\/ceiplosgrupos\/wp-json\/wp\/v2\/comments?post=736"}],"version-history":[{"count":3,"href":"https:\/\/blogsaverroes.juntadeandalucia.es\/ceiplosgrupos\/wp-json\/wp\/v2\/pages\/736\/revisions"}],"predecessor-version":[{"id":777,"href":"https:\/\/blogsaverroes.juntadeandalucia.es\/ceiplosgrupos\/wp-json\/wp\/v2\/pages\/736\/revisions\/777"}],"wp:attachment":[{"href":"https:\/\/blogsaverroes.juntadeandalucia.es\/ceiplosgrupos\/wp-json\/wp\/v2\/media?parent=736"}],"curies":[{"name":"wp","href":"https:\/\/api.w.org\/{rel}","templated":true}]}}