{"id":761,"date":"2024-10-02T23:45:56","date_gmt":"2024-10-02T22:45:56","guid":{"rendered":"https:\/\/blogsaverroes.juntadeandalucia.es\/ceiplosgrupos\/?page_id=761"},"modified":"2024-10-03T00:02:53","modified_gmt":"2024-10-02T23:02:53","slug":"primer-ciclo","status":"publish","type":"page","link":"https:\/\/blogsaverroes.juntadeandalucia.es\/ceiplosgrupos\/primer-ciclo\/","title":{"rendered":"Primer Ciclo"},"content":{"rendered":"<p><span style=\"font-size: 14pt\"><a href=\"http:\/\/www.phpwebquest.org\/wq2\/webquest\/soporte_izquierda_w.php?id_actividad=2347&amp;id_pagina=1\">QU\u00c9 HACE PIKACHU (EF )<\/a><\/span><\/p>\n<p><span style=\"font-size: 14pt\"><a class=\"undefined\" href=\"http:\/\/www.phpwebquest.org\/wq2\/caza\/soporte_tabbed_c.php?id_actividad=2120&amp;id_pagina=1\">C\u00d3MO GIGANTES (EF)<br \/>\n<\/a><\/span><\/p>\n<p><span style=\"font-size: 14pt\"><a href=\"http:\/\/www.phpwebquest.org\/wq2\/webquest\/soporte_mondrian_w.php?id_actividad=2272\">CON\u00d3CETE CON BAM BAM (EF)<\/a><\/span><\/p>\n<p><span style=\"font-size: 14pt\"><a class=\"undefined\" href=\"http:\/\/phpwebquest.org\/wq25\/webquest\/soporte_tabbed_w.php?id_actividad=18798&amp;id_pagina=1\">LAS ADIVINANZAS (LG)<\/a><\/span><\/p>\n<p><span style=\"font-size: 14pt\">CONOZCO LOS ANIMALES (CM)<\/span><\/p>\n<p><span style=\"font-size: 14pt\"><a class=\"undefined\" href=\"http:\/\/phpwebquest.org\/wq25\/webquest\/soporte_mondrian_w.php?id_actividad=18570&amp;id_pagina=1\">CANCIONES POPULARES (EM)<\/a><\/span><\/p>\n<p><span style=\"font-size: 14pt\"><a class=\"undefined\" href=\"http:\/\/www.phpwebquest.org\/wq25\/webquest\/soporte_tabbed_w.php?id_actividad=17046&amp;id_pagina=1\">SEMANA SANTA EN MOR\u00d3N (REL)<\/a><\/span><\/p>\n<p><span style=\"font-size: 14pt\">A RECICLAR (CM)<\/span><\/p>\n<p><span style=\"font-size: 14pt\">ANDAR EN BICI (EF)<\/span><\/p>\n","protected":false},"excerpt":{"rendered":"<p>QU\u00c9 HACE PIKACHU (EF ) C\u00d3MO GIGANTES (EF) CON\u00d3CETE CON BAM BAM (EF) LAS ADIVINANZAS (LG) CONOZCO LOS ANIMALES (CM) CANCIONES POPULARES (EM) SEMANA SANTA EN MOR\u00d3N (REL) A RECICLAR (CM) ANDAR EN BICI (EF)<\/p>\n","protected":false},"author":19722,"featured_media":0,"parent":0,"menu_order":0,"comment_status":"closed","ping_status":"closed","template":"","meta":{"_et_pb_use_builder":"","_et_pb_old_content":"","_et_gb_content_width":"","ngg_post_thumbnail":0,"footnotes":""},"aioseo_notices":[],"_links":{"self":[{"href":"https:\/\/blogsaverroes.juntadeandalucia.es\/ceiplosgrupos\/wp-json\/wp\/v2\/pages\/761"}],"collection":[{"href":"https:\/\/blogsaverroes.juntadeandalucia.es\/ceiplosgrupos\/wp-json\/wp\/v2\/pages"}],"about":[{"href":"https:\/\/blogsaverroes.juntadeandalucia.es\/ceiplosgrupos\/wp-json\/wp\/v2\/types\/page"}],"author":[{"embeddable":true,"href":"https:\/\/blogsaverroes.juntadeandalucia.es\/ceiplosgrupos\/wp-json\/wp\/v2\/users\/19722"}],"replies":[{"embeddable":true,"href":"https:\/\/blogsaverroes.juntadeandalucia.es\/ceiplosgrupos\/wp-json\/wp\/v2\/comments?post=761"}],"version-history":[{"count":2,"href":"https:\/\/blogsaverroes.juntadeandalucia.es\/ceiplosgrupos\/wp-json\/wp\/v2\/pages\/761\/revisions"}],"predecessor-version":[{"id":778,"href":"https:\/\/blogsaverroes.juntadeandalucia.es\/ceiplosgrupos\/wp-json\/wp\/v2\/pages\/761\/revisions\/778"}],"wp:attachment":[{"href":"https:\/\/blogsaverroes.juntadeandalucia.es\/ceiplosgrupos\/wp-json\/wp\/v2\/media?parent=761"}],"curies":[{"name":"wp","href":"https:\/\/api.w.org\/{rel}","templated":true}]}}