{"id":765,"date":"2024-10-02T23:46:34","date_gmt":"2024-10-02T22:46:34","guid":{"rendered":"https:\/\/blogsaverroes.juntadeandalucia.es\/ceiplosgrupos\/?page_id=765"},"modified":"2024-10-03T00:06:45","modified_gmt":"2024-10-02T23:06:45","slug":"tercer-ciclo","status":"publish","type":"page","link":"https:\/\/blogsaverroes.juntadeandalucia.es\/ceiplosgrupos\/tercer-ciclo\/","title":{"rendered":"Tercer Ciclo"},"content":{"rendered":"<p><span style=\"font-size: 14pt\"><a href=\"http:\/\/www.phpwebquest.org\/wq2\/webquest\/soporte_tablon_w.php?id_actividad=3381&amp;id_pagina=1\"> LA BICI:(EF)<br \/>\n<\/a><\/span><\/p>\n<p><span style=\"font-size: 14pt\"><a href=\"http:\/\/www.phpwebquest.org\/wq25\/webquest\/soporte_derecha_w.php?id_actividad=12486&amp;id_pagina=1\">CHRISTMAS IN ENGLAND:(LE)<br \/>\n<\/a><\/span><\/p>\n<p><span style=\"font-size: 14pt\"><a href=\"http:\/\/www.phpwebquest.org\/wq25\/webquest\/soporte_horizontal_w.php?id_actividad=12496&amp;id_pagina=1\">LA M\u00daSICA EN NAVIDAD: (EM)<br \/>\n<\/a><\/span><\/p>\n<p><span style=\"font-size: 14pt\"><a href=\"http:\/\/www.phpwebquest.org\/wq25\/webquest\/soporte_derecha_w.php?id_actividad=13028&amp;id_pagina=1\">LA ENERG\u00cdA SOLAR: (CM)<br \/>\n<\/a><\/span><\/p>\n<p><span style=\"font-size: 14pt\"><a href=\"http:\/\/www.phpwebquest.org\/wq25\/webquest\/soporte_tabbed_w.php?id_actividad=15529&amp;id_pagina=1\">SEVILLANAS: BAILE CARACTER\u00cdSTICO DE TU PROVINCIA (EM)<br \/>\n<\/a><\/span><\/p>\n<p><span style=\"font-size: 14pt\"><a href=\"http:\/\/www.phpwebquest.org\/wq25\/webquest\/soporte_mondrian_w.php?id_actividad=12193&amp;id_pagina=1\">NUESTRA CONSTITUCI\u00d3N (CM)<br \/>\n<\/a><\/span><\/p>\n<p><span style=\"font-size: 14pt\"><a href=\"http:\/\/www.phpwebquest.org\/wq2\/webquest\/soporte_horizontal_w.php?id_actividad=1392&amp;id_pagina=1\">JUGANDO A CONSTRUIR (EF)<br \/>\n<\/a><\/span><\/p>\n<p><span style=\"font-size: 14pt\"><a href=\"http:\/\/www.phpwebquest.org\/wq25\/webquest\/soporte_mondrian_w.php?id_actividad=16676&amp;id_pagina=1\">COOKING RECIPES (LE)<\/a><\/span><\/p>\n<p><a href=\"http:\/\/www.phpwebquest.org\/wq25\/webquest\/soporte_derecha_w.php?id_actividad=16601&amp;id_pagina=1\"><span style=\"font-size: 14pt\">PARQUE NACIONAL DE DO\u00d1ANA (CM)<\/span><br \/>\n<\/a><\/p>\n<p><a href=\"http:\/\/phpwebquest.org\/wq25\/webquest\/soporte_tabbed_w.php?id_actividad=19184&amp;id_pagina=1\">THE BRITISH ISLES (LE)<\/a><\/p>\n<p><a href=\"http:\/\/phpwebquest.org\/wq25\/webquest\/soporte_tablon_w.php?id_actividad=18971&amp;id_pagina=1\">LAS GRANDES RELIGIONES (REL)<\/a><\/p>\n<p><a title=\"CONOZCO MI FRECUENCIA CARD\u00cdACA\" href=\"http:\/\/www.xtec.cat\/~jdiaz124\/wq-ct\/cataleg\/wq-fc\/index.htm\">CONOZCO MI FRECUENCIA CARD\u00cdACA (CCNN, LC, MAT, EF)<\/a><\/p>\n<p><a href=\"http:\/\/phpwebquest.org\/wq25\/webquest\/soporte_mondrian_w.php?id_actividad=18570&amp;id_pagina=1\">CANCIONES POPULARES (EM)<br \/>\n<\/a><\/p>\n<p><a href=\"http:\/\/www.phpwebquest.org\/wq25\/webquest\/soporte_tabbed_w.php?id_actividad=17046&amp;id_pagina=1\">SEMANA SANTA EN MOR\u00d3N (REL)<br \/>\n<\/a><\/p>\n<p><a href=\"http:\/\/phpwebquest.org\/wq25\/webquest\/soporte_tabbed_w.php?id_actividad=20399&amp;id_pagina=1\">A LA SALUD POR EL EJERCICIO (EF)<\/a><\/p>\n","protected":false},"excerpt":{"rendered":"<p>LA BICI:(EF) CHRISTMAS IN ENGLAND:(LE) LA M\u00daSICA EN NAVIDAD: (EM) LA ENERG\u00cdA SOLAR: (CM) SEVILLANAS: BAILE CARACTER\u00cdSTICO DE TU PROVINCIA (EM) NUESTRA CONSTITUCI\u00d3N (CM) JUGANDO A CONSTRUIR (EF) COOKING RECIPES (LE) PARQUE NACIONAL DE DO\u00d1ANA (CM) THE BRITISH ISLES (LE) LAS GRANDES RELIGIONES (REL) CONOZCO MI FRECUENCIA CARD\u00cdACA (CCNN, LC, MAT, EF) CANCIONES POPULARES (EM) [&hellip;]<\/p>\n","protected":false},"author":19722,"featured_media":0,"parent":0,"menu_order":0,"comment_status":"closed","ping_status":"closed","template":"","meta":{"_et_pb_use_builder":"","_et_pb_old_content":"","_et_gb_content_width":"","ngg_post_thumbnail":0,"footnotes":""},"aioseo_notices":[],"_links":{"self":[{"href":"https:\/\/blogsaverroes.juntadeandalucia.es\/ceiplosgrupos\/wp-json\/wp\/v2\/pages\/765"}],"collection":[{"href":"https:\/\/blogsaverroes.juntadeandalucia.es\/ceiplosgrupos\/wp-json\/wp\/v2\/pages"}],"about":[{"href":"https:\/\/blogsaverroes.juntadeandalucia.es\/ceiplosgrupos\/wp-json\/wp\/v2\/types\/page"}],"author":[{"embeddable":true,"href":"https:\/\/blogsaverroes.juntadeandalucia.es\/ceiplosgrupos\/wp-json\/wp\/v2\/users\/19722"}],"replies":[{"embeddable":true,"href":"https:\/\/blogsaverroes.juntadeandalucia.es\/ceiplosgrupos\/wp-json\/wp\/v2\/comments?post=765"}],"version-history":[{"count":2,"href":"https:\/\/blogsaverroes.juntadeandalucia.es\/ceiplosgrupos\/wp-json\/wp\/v2\/pages\/765\/revisions"}],"predecessor-version":[{"id":780,"href":"https:\/\/blogsaverroes.juntadeandalucia.es\/ceiplosgrupos\/wp-json\/wp\/v2\/pages\/765\/revisions\/780"}],"wp:attachment":[{"href":"https:\/\/blogsaverroes.juntadeandalucia.es\/ceiplosgrupos\/wp-json\/wp\/v2\/media?parent=765"}],"curies":[{"name":"wp","href":"https:\/\/api.w.org\/{rel}","templated":true}]}}