{"id":57,"date":"2025-10-03T10:15:15","date_gmt":"2025-10-03T08:15:15","guid":{"rendered":"https:\/\/blogsaverroes.juntadeandalucia.es\/ceiplosguindos\/?page_id=57"},"modified":"2025-10-08T10:56:37","modified_gmt":"2025-10-08T08:56:37","slug":"57-2","status":"publish","type":"page","link":"https:\/\/blogsaverroes.juntadeandalucia.es\/ceiplosguindos\/","title":{"rendered":"Bienvenida al curso 2025-2026"},"content":{"rendered":"<p><img loading=\"lazy\" decoding=\"async\" class=\"size-medium wp-image-52 alignright\" src=\"https:\/\/blogsaverroes.juntadeandalucia.es\/ceiplosguindos\/files\/2025\/10\/cropped-WColegio_Los_Guindoslogo-removebg-preview-300x74.png\" alt=\"\" width=\"300\" height=\"74\" srcset=\"https:\/\/blogsaverroes.juntadeandalucia.es\/ceiplosguindos\/files\/2025\/10\/cropped-WColegio_Los_Guindoslogo-removebg-preview-300x74.png 300w, https:\/\/blogsaverroes.juntadeandalucia.es\/ceiplosguindos\/files\/2025\/10\/cropped-WColegio_Los_Guindoslogo-removebg-preview-768x190.png 768w, https:\/\/blogsaverroes.juntadeandalucia.es\/ceiplosguindos\/files\/2025\/10\/cropped-WColegio_Los_Guindoslogo-removebg-preview.png 1012w\" sizes=\"(max-width: 300px) 100vw, 300px\" \/><img loading=\"lazy\" decoding=\"async\" class=\"alignright\" src=\"https:\/\/i.blogs.es\/06ae6a\/650_1000_logojunta\/450_1000.webp\" alt=\"La Junta de Andaluc\u00eda abandona a la ciudadan\u00eda y a los servicios p\u00fablicos a favor del despilfarro\" width=\"112\" height=\"78\" \/><\/p>\n<p>&nbsp;<\/p>\n<p>&nbsp;<\/p>\n<p><strong><span style=\"font-size: 14pt\">C.E.I.P. \u00abLOS GUINDOS\u00bb<\/span><\/strong><\/p>\n<p><span style=\"font-size: 12pt\"><em><strong>Un Mensaje de Bienvenida para las familias:<\/strong><\/em><\/span><\/p>\n<p><span style=\"font-weight: 400;font-size: 12pt\">Comenzamos un nuevo curso y con ello una nueva etapa para aprovechar las oportunidades que la experiencia educativa en nuestro colegio nos brinda.\u00a0<\/span><\/p>\n<p><span style=\"font-size: 12pt\"><span style=\"font-weight: 400\">Empiezo esta carta de bienvenida con la foto del mural que, a buen seguro, ya hab\u00e9is podido ver en el porche de la entrada al edificio principal. Est\u00e1 compuesto por piezas de puzzle diferentes, dise\u00f1adas por cada grupo-clase del curso pasado, y que representa la importancia de integrar a todas las perso<\/span>nas, y especialmente, a quienes tienen rasgos autistas, en la vida escolar, normalizando dicha convivencia.<\/span><\/p>\n<p><span style=\"font-size: 12pt\"><img loading=\"lazy\" decoding=\"async\" class=\"wp-image-90 aligncenter\" src=\"https:\/\/blogsaverroes.juntadeandalucia.es\/ceiplosguindos\/files\/2025\/10\/Picsart_25-10-03_10-05-35-028-300x225.jpg\" alt=\"\" width=\"427\" height=\"320\" srcset=\"https:\/\/blogsaverroes.juntadeandalucia.es\/ceiplosguindos\/files\/2025\/10\/Picsart_25-10-03_10-05-35-028-300x225.jpg 300w, https:\/\/blogsaverroes.juntadeandalucia.es\/ceiplosguindos\/files\/2025\/10\/Picsart_25-10-03_10-05-35-028-1024x768.jpg 1024w, https:\/\/blogsaverroes.juntadeandalucia.es\/ceiplosguindos\/files\/2025\/10\/Picsart_25-10-03_10-05-35-028-768x576.jpg 768w, https:\/\/blogsaverroes.juntadeandalucia.es\/ceiplosguindos\/files\/2025\/10\/Picsart_25-10-03_10-05-35-028-1536x1152.jpg 1536w, https:\/\/blogsaverroes.juntadeandalucia.es\/ceiplosguindos\/files\/2025\/10\/Picsart_25-10-03_10-05-35-028-2048x1536.jpg 2048w\" sizes=\"(max-width: 427px) 100vw, 427px\" \/><\/span><\/p>\n<p><span style=\"font-weight: 400;font-size: 12pt\">En el barrio es de sobra conocida nuestra lucha en favor del desarrollo de la conciencia medioambiental, y la puesta en pr\u00e1ctica a diario de una educaci\u00f3n inclusiva con la que ni\u00f1as y ni\u00f1os son capaces de crecer en igualdad de oportunidades, cada quien con sus talentos y sus virtudes\u2026 y tambi\u00e9n sus \u201c\u00e1ngulos muertos\u201d.<\/span><\/p>\n<p><span style=\"font-weight: 400;font-size: 12pt\">Contamos en nuestro colegio con un dominio de Internet propio<em><strong> @ceiplosguindos.org<\/strong><\/em> para el uso del cual todo el profesorado y alumnado del centro disponemos de una direcci\u00f3n exclusiva de car\u00e1cter\u00a0 profesional, sin l\u00edmite de espacio, y con acceso premium a muchos servicios educativos de google. Si te has incorporado al centro este curso no dudes en ped\u00edrselo a Jose, el director, y con mucho gusto te crear\u00e1 la direcci\u00f3n de correo con el fin de que con ella puedas gestionar los grupos de classroom y acceder a los recursos online con perfil educativo.\u00a0<\/span><\/p>\n<p><span style=\"font-weight: 400;font-size: 12pt\">Los classroom de aula, que ya venimos utilizando desde hace siete cursos, se organizan por grupo-clase, creando para cada \u00e1rea un apartado correspondiente a la asignatura que imparte cada maestro o maestra especialista.<\/span><\/p>\n<p><span style=\"font-weight: 400;font-size: 12pt\">En dichas \u00c1reas, que son gestionadas por las maestras y maestros responsables de las mismas procedemos a compartir material did\u00e1ctico, encomendamos tareas, y ofrecemos as\u00ed una ventana de ense\u00f1anza aprendizaje que complementa el presencial. El profesorado de cada equipo docente se encuentra integrado de manera que compartimos y podemos seguir la actividad propuesta por los\/las profesionales que intervenimos en cada grupo de ni\u00f1os y ni\u00f1as.\u00a0<\/span><\/p>\n<p><span style=\"font-size: 12pt\"><span style=\"font-weight: 400\">En consonancia con nuestro Plan de Acogida, pasamos a\u00a0 resumir los ejes de funcionamiento de a\u00f1os anteriores subrayando la importancia de crear entre todos y todas un clima de confianza y responsabilidad que impregna nuestra labor educativa y nos ayuda a venir a trabajar con la mejor de las actitudes posibles, pues el material sensible con que lo hacemos \u201cni\u00f1os y ni\u00f1as\u201d as\u00ed lo requiere. <\/span><span style=\"font-weight: 400\">La amabilidad no cuesta dinero\u2026 y encima supone un empuj\u00f3n de buena salud y bienestar a todas las personas que convivimos en el cole.\u00a0<\/span><\/span><\/p>\n<p><span style=\"font-weight: 400;font-size: 12pt\">Los conserjes (Yolanda y Carlos) y personal de mantenimiento del Ayuntamiento son quienes nos pueden ayudar en la mejora de las instalaciones, as\u00ed como el personal de limpieza, integrado por Mar\u00eda Jos\u00e9, Conchi, Mar\u00eda y Daniel.<\/span><\/p>\n<p><span style=\"font-size: 12pt\"><span style=\"font-weight: 400\">Al finalizar las clases vuestros hijos e hijas solo ser\u00e1n entregados personalmente a quienes hay\u00e1is autorizado a trav\u00e9s del sistema iPasen, por lo que es muy importante que manteng\u00e1is actualizada dicha informaci\u00f3n. Eso se har\u00e1 en el patio de recreo en los lugares correspondientes a cada clase.\u00a0<\/span><span style=\"font-weight: 400\">En los casos excepcionales en que llegu\u00e9is con retraso es muy importante que entr\u00e9is por la puerta de servicio (La puerta principal se cierra a las 9:05), y por ello firm\u00e9is la hoja de comunicaci\u00f3n de retraso. Ser\u00e1 en ese momento cuando uno de nuestros conserjes, o nuestra monitora escolar, Susana, acerquen a vuestro hijo\/a a la clase que le corresponda.\u00a0<\/span><\/span><\/p>\n<p><span style=\"font-weight: 400;font-size: 12pt\">Las sesiones de tutor\u00eda con padres y madres se llevar\u00e1n a cabo de modo presencial los lunes en horario de 16:00h a 17:00h, preferentemente con cita previa y de modo que podamos disponer de la suficiente informaci\u00f3n del Equipo Educativo que imparte clase al ni\u00f1o o la ni\u00f1a en cuesti\u00f3n.<\/span><\/p>\n<p><span style=\"font-weight: 400;font-size: 12pt\">Somos conscientes de la labor socializadora que la escuela desempe\u00f1a y como instrumento\u00a0 compensatorio y preventivo en determinados casos, por lo que reiteramos una vez m\u00e1s la necesidad de que comuniques a la Direcci\u00f3n del Centro cualquier indicio de maltrato o absentismo que se pudiera dar entre el alumnado de tu tutor\u00eda, siendo de vital importancia, como bien sabes, la iniciativa del tutor\/a en estos casos.<\/span><\/p>\n<p><span style=\"font-weight: 400;font-size: 12pt\">Este curso 2025-26 el alumnado de Tercero a Sexto de Educaci\u00f3n Primaria, dispondr\u00e1 en las aulas de los lotes de libros de texto. El alumnado de Primero y Segundo de Primaria disponen de los libros que, asociados al cheque-libro, ya habr\u00e1n sido adquiridos por sus familias en las librer\u00edas del barrio.\u00a0<\/span><\/p>\n<p><span style=\"font-weight: 400;font-size: 12pt\">Por otro lado, el material de aula, en caso de no tener cooperativa de clase, ser\u00e1 informado por el profesorado en los dos primeros d\u00edas de clase, pues cada nivel y grupo puede necesitar uno diferente.\u00a0<\/span><\/p>\n<p><span style=\"font-weight: 400;font-size: 12pt\">Con vuestra ayuda, esperamos continuar transmitiendo los valores educativos que sustentan nuestro Proyecto de Centro:\u00a0 respeto, tolerancia, solidaridad y responsabilidad; todos ellos\u00a0 elementos clave en la consecuci\u00f3n de nuestras Finalidades Educativas, y por extensi\u00f3n en nuestras vidas, aprovechando cada experiencia, cada actividad, para ense\u00f1ar-aprender, bidireccionalmente.<\/span><\/p>\n<p><span style=\"font-weight: 400;font-size: 12pt\">Durante el primer d\u00eda de clase, el mi\u00e9rcoles 10 de septiembre, la entrada se har\u00e1 escalonada, pues as\u00ed las maestras y los maestros responsables de la tutor\u00eda pueden atender y tomar contacto con vuestros hijos e hijas de forma m\u00e1s personalizada.<\/span><\/p>\n<p style=\"text-align: center\"><span style=\"font-size: 12pt\"><strong>El orden de incorporaci\u00f3n ser\u00e1 el siguiente:<\/strong><\/span><\/p>\n<table style=\"height: 262px;width: 100%;border-collapse: collapse;border-style: solid;border-color: #618bff;background-color: #c0e1fa\" border=\"10\" cellpadding=\"200\">\n<tbody>\n<tr style=\"height: 33px\">\n<td style=\"width: 33.3333%;height: 33px;border-color: #618bff;border-style: solid;text-align: center\"><span style=\"font-size: 12pt\"><em><strong><span style=\"color: #333333\"><span style=\"font-family: 'comic sans ms', sans-serif\">Tercer ciclo<\/span><\/span><\/strong><\/em><\/span><\/td>\n<td style=\"width: 32.6436%;height: 33px;border-color: #618bff;border-style: solid;text-align: center\"><span style=\"font-size: 12pt\"><em><strong><span style=\"color: #333333\"><span style=\"font-family: 'comic sans ms', sans-serif\">segundo y sexto<\/span><\/span><\/strong><\/em><\/span><\/td>\n<td style=\"width: 34.023%;height: 33px;border-color: #618bff;border-style: solid;text-align: center\"><span style=\"font-size: 12pt\"><em><strong><span style=\"color: #333333\"><span style=\"font-family: 'comic sans ms', sans-serif\">9:00 horas<\/span><\/span><\/strong><\/em><\/span><\/td>\n<\/tr>\n<tr style=\"height: 33px\">\n<td style=\"width: 33.3333%;height: 33px;border-color: #618bff;border-style: solid;text-align: center\"><span style=\"font-size: 12pt\"><em><strong><span style=\"color: #333333\"><span style=\"font-family: 'comic sans ms', sans-serif\">segundo ciclo<\/span><\/span><\/strong><\/em><\/span><\/td>\n<td style=\"width: 32.6436%;height: 33px;border-color: #618bff;border-style: solid;text-align: center\"><span style=\"font-size: 12pt\"><em><strong><span style=\"color: #333333\"><span style=\"font-family: 'comic sans ms', sans-serif\">tercero y cuarto<\/span><\/span><\/strong><\/em><\/span><\/td>\n<td style=\"width: 34.023%;height: 33px;border-color: #618bff;border-style: solid;text-align: center\"><span style=\"font-size: 12pt\"><em><strong><span style=\"color: #333333\"><span style=\"font-family: 'comic sans ms', sans-serif\">9:30 horas<\/span><\/span><\/strong><\/em><\/span><\/td>\n<\/tr>\n<tr style=\"height: 66px\">\n<td style=\"width: 33.3333%;height: 66px;border-color: #618bff;border-style: solid;text-align: center\"><span style=\"font-size: 12pt\"><em><strong><span style=\"color: #333333\"><span style=\"font-family: 'comic sans ms', sans-serif\">primer ciclo<\/span><\/span><\/strong><\/em><\/span><\/td>\n<td style=\"width: 32.6436%;height: 66px;border-color: #618bff;border-style: solid;text-align: center\"><span style=\"font-size: 12pt\"><em><strong><span style=\"color: #333333\"><span style=\"font-family: 'comic sans ms', sans-serif\">primero y segundo<\/span><\/span><\/strong><\/em><\/span><\/td>\n<td style=\"width: 34.023%;height: 66px;border-color: #618bff;border-style: solid;text-align: center\"><span style=\"font-size: 12pt\"><em><strong><span style=\"color: #333333\"><span style=\"font-family: 'comic sans ms', sans-serif\">10:00 horas<\/span><\/span><\/strong><\/em><\/span><\/td>\n<\/tr>\n<tr style=\"height: 31px\">\n<td style=\"width: 33.3333%;height: 31px;border-color: #618bff;border-style: solid;text-align: center\"><span style=\"font-size: 12pt\"><em><strong><span style=\"color: #333333\"><span style=\"font-family: 'comic sans ms', sans-serif\">infantil 5 a\u00f1os<\/span><\/span><\/strong><\/em><\/span><\/td>\n<td style=\"width: 66.6666%;height: 31px;border-color: #618bff;border-style: solid;text-align: center\" colspan=\"2\"><span style=\"font-size: 12pt\"><em><strong><span style=\"color: #333333\"><span style=\"font-family: 'comic sans ms', sans-serif\">11:00 horas<\/span><\/span><\/strong><\/em><\/span><\/td>\n<\/tr>\n<tr style=\"height: 33px\">\n<td style=\"width: 33.3333%;height: 33px;border-color: #618bff;border-style: solid;text-align: center\"><span style=\"font-size: 12pt\"><em><strong><span style=\"color: #333333\"><span style=\"font-family: 'comic sans ms', sans-serif\">infantil 4 a\u00f1os<\/span><\/span><\/strong><\/em><\/span><\/td>\n<td style=\"width: 66.6666%;height: 33px;border-color: #618bff;border-style: solid;text-align: center\" colspan=\"2\"><span style=\"font-size: 12pt\"><em><strong><span style=\"color: #333333\"><span style=\"font-family: 'comic sans ms', sans-serif\">11:15 horas<\/span><\/span><\/strong><\/em><\/span><\/td>\n<\/tr>\n<tr style=\"height: 33px\">\n<td style=\"width: 33.3333%;height: 33px;border-color: #618bff;border-style: solid;text-align: center\"><span style=\"font-size: 12pt\"><em><strong><span style=\"color: #333333\"><span style=\"font-family: 'comic sans ms', sans-serif\">infantil 3 a\u00f1os<\/span><\/span><\/strong><\/em><\/span><\/td>\n<td style=\"width: 66.6666%;height: 33px;border-color: #618bff;border-style: solid;text-align: center\" colspan=\"2\"><span style=\"font-size: 12pt\"><em><strong><span style=\"color: #333333\"><span style=\"font-family: 'comic sans ms', sans-serif\">12:15 horas<\/span><\/span><\/strong><\/em><\/span><\/td>\n<\/tr>\n<tr style=\"height: 33px\">\n<td style=\"width: 33.3333%;height: 33px;border-color: #618bff;border-style: solid;text-align: center\"><span style=\"font-size: 12pt\"><em><strong><span style=\"color: #333333\"><span style=\"font-family: 'comic sans ms', sans-serif\">Aula Arco\u00edris y Estrellas<\/span><\/span><\/strong><\/em><\/span><\/td>\n<td style=\"width: 66.6666%;height: 33px;border-color: #618bff;border-style: solid;text-align: center\" colspan=\"2\"><span style=\"font-size: 12pt\"><em><strong><span style=\"color: #333333\"><span style=\"font-family: 'comic sans ms', sans-serif\">12:15 horas<\/span><\/span><\/strong><\/em><\/span><\/td>\n<\/tr>\n<\/tbody>\n<\/table>\n<p><span style=\"font-weight: 400;font-size: 12pt\">Tanto el Servicio de Aula Matinal (De 7:30 a 9:00) como el de Comedor (De 14:00 a 16:00) comienzan el mismo d\u00eda 10 de septiembre.\u00a0<\/span><\/p>\n<p><span style=\"font-weight: 400;font-size: 12pt\">Las Actividades Extraescolares se iniciar\u00e1n el mi\u00e9rcoles 1 de octubre.<\/span><\/p>\n<p><span style=\"font-size: 12pt\"><b>Para terminar, os pedimos desde estas l\u00edneas que continuemos haciendo de \u00e9ste, nuestro colegio, algo de <\/b><b>tod@s<\/b><b>, consiguiendo que la escuela que tenemos y por la que trabajamos, contin\u00fae siendo un agradable lugar en el que trabajar y disfrutar con ello.\u00a0<\/b><\/span><\/p>\n<p><span style=\"font-size: 12pt\"><b>La Asociaci\u00f3n de madres y padres \u201cEl guindo\u201d ofrece una colaboraci\u00f3n muy valiosa, por lo que os animamos a asociaros, y a participar en su Junta Directiva.\u00a0<\/b><\/span><\/p>\n<p><span style=\"font-size: 12pt\"><b>Sed<\/b> <b>bienvenid@s a nuestro colegio que es ahora vuestro colegio:\u00a0 <\/b><\/span><\/p>\n<p><span style=\"font-size: 12pt\"><b>el C.E.I.P. LOS GUINDOS.\u00a0<\/b><\/span><\/p>\n<p><span style=\"font-size: 12pt\">La Canci\u00f3n del colegio:<\/span><\/p>\n<!--[if lt IE 9]><script>document.createElement('audio');<\/script><![endif]-->\n<audio class=\"wp-audio-shortcode\" id=\"audio-57-1\" preload=\"none\" style=\"width: 100%;\" controls=\"controls\"><source type=\"audio\/mpeg\" src=\"https:\/\/blogsaverroes.juntadeandalucia.es\/ceiplosguindos\/files\/2025\/10\/\u00a1Vente-a-mi-cole.mp3?_=1\" \/><a href=\"https:\/\/blogsaverroes.juntadeandalucia.es\/ceiplosguindos\/files\/2025\/10\/\u00a1Vente-a-mi-cole.mp3\">https:\/\/blogsaverroes.juntadeandalucia.es\/ceiplosguindos\/files\/2025\/10\/\u00a1Vente-a-mi-cole.mp3<\/a><\/audio>\n<p>En caso de cualquier incidencia:<\/p>\n<p><a href=\"mailto:coordinador@ceiplosguindos.org\">coordinador@ceiplosguindos.org<\/a><\/p>\n<p><span style=\"font-size: 10pt\"><em>Atentamente: Jose del Pino y El Equipo Directivo de Centro<\/em><\/span><\/p>\n","protected":false},"excerpt":{"rendered":"<p>&nbsp; &nbsp; C.E.I.P. \u00abLOS GUINDOS\u00bb Un Mensaje de Bienvenida para las familias: Comenzamos un nuevo curso y con ello una nueva etapa para aprovechar las oportunidades que la experiencia educativa en nuestro colegio nos brinda.\u00a0 Empiezo esta carta de bienvenida con la foto del mural que, a buen seguro, ya hab\u00e9is podido ver en el &hellip; <\/p>\n<p><a class=\"more-link btn\" href=\"https:\/\/blogsaverroes.juntadeandalucia.es\/ceiplosguindos\/\">Seguir leyendo<\/a><\/p>\n","protected":false},"author":6106,"featured_media":0,"parent":0,"menu_order":0,"comment_status":"closed","ping_status":"closed","template":"","meta":{"footnotes":""},"aioseo_notices":[],"_links":{"self":[{"href":"https:\/\/blogsaverroes.juntadeandalucia.es\/ceiplosguindos\/wp-json\/wp\/v2\/pages\/57"}],"collection":[{"href":"https:\/\/blogsaverroes.juntadeandalucia.es\/ceiplosguindos\/wp-json\/wp\/v2\/pages"}],"about":[{"href":"https:\/\/blogsaverroes.juntadeandalucia.es\/ceiplosguindos\/wp-json\/wp\/v2\/types\/page"}],"author":[{"embeddable":true,"href":"https:\/\/blogsaverroes.juntadeandalucia.es\/ceiplosguindos\/wp-json\/wp\/v2\/users\/6106"}],"replies":[{"embeddable":true,"href":"https:\/\/blogsaverroes.juntadeandalucia.es\/ceiplosguindos\/wp-json\/wp\/v2\/comments?post=57"}],"version-history":[{"count":43,"href":"https:\/\/blogsaverroes.juntadeandalucia.es\/ceiplosguindos\/wp-json\/wp\/v2\/pages\/57\/revisions"}],"predecessor-version":[{"id":258,"href":"https:\/\/blogsaverroes.juntadeandalucia.es\/ceiplosguindos\/wp-json\/wp\/v2\/pages\/57\/revisions\/258"}],"wp:attachment":[{"href":"https:\/\/blogsaverroes.juntadeandalucia.es\/ceiplosguindos\/wp-json\/wp\/v2\/media?parent=57"}],"curies":[{"name":"wp","href":"https:\/\/api.w.org\/{rel}","templated":true}]}}