{"id":113,"date":"2015-03-16T08:06:00","date_gmt":"2015-03-16T08:06:00","guid":{"rendered":"http:\/\/blogsaverroes.juntadeandalucia.es\/pre\/ceip\/?page_id=113"},"modified":"2023-01-06T22:36:34","modified_gmt":"2023-01-06T21:36:34","slug":"biblioteca","status":"publish","type":"page","link":"https:\/\/blogsaverroes.juntadeandalucia.es\/ceiplosjarales\/biblioteca\/","title":{"rendered":"Biblioteca"},"content":{"rendered":"<p>\u00a1BUENAS NOTICIAS! SE REABRE LA BIBLIOTECA ESCOLAR<\/p>\n<p>El equipo de biblioteca del CEIP Los Jarales est\u00e1 trabajando para volver a poner en funcionamiento la biblioteca del cole. Durante el curso escolar 2022\/23 se volver\u00e1n a realizar pr\u00e9stamos en la biblioteca escolar de nuestro centro, adem\u00e1s de muchas otras actividades.<\/p>\n<p><strong>Blog Biblioteca Jarales:<\/strong><\/p>\n<p><a href=\"https:\/\/blogsaverroes.juntadeandalucia.es\/bibliojarales\/\">https:\/\/blogsaverroes.juntadeandalucia.es\/bibliojarales\/<\/a>&nbsp;<\/p>\n<p><strong>Portal de la Junta Bibliotecas Escolares<\/strong>:<\/p>\n<p><a title=\"Bibliotecas escolares\" href=\"http:\/\/www.juntadeandalucia.es\/educacion\/webportal\/web\/lecturas-y-bibliotecas-escolares\/bibliotecas-escolares\" target=\"_blank\" rel=\"noopener noreferrer\">Enlace al portal sobre las Bibliotecas Escolares.<\/a><\/p>\n<blockquote><p>Si accede a la secci\u00f3n \u00ab<strong><span style=\"color: #800080\">cat\u00e1logo<\/span><\/strong>\u00bb podr\u00e1 consultar todos los fondos disponibles en nuestra biblioteca escolar.&nbsp;<\/p>\n<p style=\"text-align: center\"><a href=\"https:\/\/blogsaverroes.juntadeandalucia.es\/ceiplosjarales\/biblioteca\/bibliop\/\" target=\"_blank\" rel=\"noopener noreferrer\">CAT\u00c1LOGO BIBLIOTECA JARALES<\/a><\/p>\n<\/blockquote>\n","protected":false},"excerpt":{"rendered":"<p>\u00a1BUENAS NOTICIAS! SE REABRE LA BIBLIOTECA ESCOLAR El equipo de biblioteca del CEIP Los Jarales est\u00e1 trabajando para volver a poner en funcionamiento la biblioteca del cole. Durante el curso escolar 2022\/23 se volver\u00e1n&#46;&#46;&#46;<\/p>\n","protected":false},"author":1,"featured_media":0,"parent":0,"menu_order":0,"comment_status":"closed","ping_status":"open","template":"page-cs.php","meta":{"ngg_post_thumbnail":0,"footnotes":"","_mc_calendar":[]},"aioseo_notices":[],"_links":{"self":[{"href":"https:\/\/blogsaverroes.juntadeandalucia.es\/ceiplosjarales\/wp-json\/wp\/v2\/pages\/113"}],"collection":[{"href":"https:\/\/blogsaverroes.juntadeandalucia.es\/ceiplosjarales\/wp-json\/wp\/v2\/pages"}],"about":[{"href":"https:\/\/blogsaverroes.juntadeandalucia.es\/ceiplosjarales\/wp-json\/wp\/v2\/types\/page"}],"author":[{"embeddable":true,"href":"https:\/\/blogsaverroes.juntadeandalucia.es\/ceiplosjarales\/wp-json\/wp\/v2\/users\/1"}],"replies":[{"embeddable":true,"href":"https:\/\/blogsaverroes.juntadeandalucia.es\/ceiplosjarales\/wp-json\/wp\/v2\/comments?post=113"}],"version-history":[{"count":15,"href":"https:\/\/blogsaverroes.juntadeandalucia.es\/ceiplosjarales\/wp-json\/wp\/v2\/pages\/113\/revisions"}],"predecessor-version":[{"id":3301,"href":"https:\/\/blogsaverroes.juntadeandalucia.es\/ceiplosjarales\/wp-json\/wp\/v2\/pages\/113\/revisions\/3301"}],"wp:attachment":[{"href":"https:\/\/blogsaverroes.juntadeandalucia.es\/ceiplosjarales\/wp-json\/wp\/v2\/media?parent=113"}],"curies":[{"name":"wp","href":"https:\/\/api.w.org\/{rel}","templated":true}]}}