{"id":35,"date":"2015-03-13T08:21:43","date_gmt":"2015-03-13T08:21:43","guid":{"rendered":"http:\/\/blogsaverroes.juntadeandalucia.es\/pre\/ceip\/?page_id=35"},"modified":"2025-07-09T13:23:16","modified_gmt":"2025-07-09T11:23:16","slug":"el-centro-2","status":"publish","type":"page","link":"https:\/\/blogsaverroes.juntadeandalucia.es\/ceiplosjarales\/centro\/el-centro-2\/","title":{"rendered":"CENTRO"},"content":{"rendered":"<h2><strong>BIENVENIDOS AL CEIP LOS JARALES<\/strong><\/h2>\n<p>&nbsp;<\/p>\n<p style=\"text-align: center\">JORNADA DE PUERTAS ABIERTAS<\/p>\n<p style=\"text-align: center\"><iframe src=\"\/\/www.youtube.com\/embed\/5CvawL_cNzM\" width=\"560\" height=\"314\"><\/iframe><\/p>\n<p style=\"text-align: center\"><strong>JORNADAS DE PUERTAS ABIERTAS CURSO 2022\/23<\/strong><\/p>\n<p><img fetchpriority=\"high\" decoding=\"async\" class=\"aligncenter wp-image-3683 size-medium\" src=\"https:\/\/blogsaverroes.juntadeandalucia.es\/ceiplosjarales\/files\/2024\/02\/IMG_1461-300x300.jpg\" alt=\"\" width=\"300\" height=\"300\" srcset=\"https:\/\/blogsaverroes.juntadeandalucia.es\/ceiplosjarales\/files\/2024\/02\/IMG_1461-300x300.jpg 300w, https:\/\/blogsaverroes.juntadeandalucia.es\/ceiplosjarales\/files\/2024\/02\/IMG_1461-150x150.jpg 150w, https:\/\/blogsaverroes.juntadeandalucia.es\/ceiplosjarales\/files\/2024\/02\/IMG_1461-768x770.jpg 768w, https:\/\/blogsaverroes.juntadeandalucia.es\/ceiplosjarales\/files\/2024\/02\/IMG_1461.jpg 944w\" sizes=\"(max-width: 300px) 100vw, 300px\" \/><\/p>\n<p>Las familias de nueva admisi\u00f3n para el curso 2024\/25 podr\u00e1n visitar el centro los pr\u00f3ximos d\u00edas 4 y 11 de marzo a partir de las 16:15 horas.<\/p>\n<p>Os esperamos!!<\/p>\n<p>&nbsp;<\/p>\n<p>&nbsp;<\/p>\n<p style=\"text-align: center\">NUESTRA UBICACI\u00d3N<\/p>\n<p><iframe src=\"https:\/\/www.google.com\/maps\/embed?pb=!1m14!1m12!1m3!1d642.1613215608734!2d-4.2655860817420175!3d36.722115471243754!2m3!1f0!2f0!3f0!3m2!1i1024!2i768!4f13.1!5e1!3m2!1ses!2ses!4v1659602728919!5m2!1ses!2ses\" width=\"600\" height=\"450\"><\/iframe><\/p>\n<h4 style=\"text-align: center\"><span style=\"color: #800080\"><em>Datos de contacto<\/em><\/span><\/h4>\n<p style=\"padding-left: 40px\"><strong>Direcci\u00f3n:<\/strong>&nbsp;<\/p>\n<p style=\"padding-left: 40px\">C\/ Torrox 2. 29738. Torre de Benagalb\u00f3n. Rinc\u00f3n de la Victoria. M\u00e1laga<\/p>\n<p style=\"padding-left: 40px\"><strong>Tel\u00e9fonos:<\/strong>&nbsp;<\/p>\n<blockquote><p>Fijo: 951 29 43 83<\/p>\n<p>M\u00f3vil 1: 671 599 194 (TEL\u00c9FONO DE EMERGENCIA 7:30 A 17:00)<\/p>\n<p>M\u00f3vil 2: 671 599 760<\/p><\/blockquote>\n<p style=\"text-align: center\"><span style=\"color: #800080\"><strong>Emails de contacto<\/strong><\/span><\/p>\n<blockquote><p><strong>Email general:<\/strong><\/p>\n<p><span style=\"color: #0000ff\">29016963.edu@juntadeandalucia.es<\/span><\/p>\n<p><strong>Email incidencias Ipasen ,Classroom y libros digitales<\/strong>:<\/p>\n<p><span style=\"color: #0000ff\">TIC@ceiplosjarales.com<\/span><\/p><\/blockquote>\n<h4 style=\"text-align: center\"><span style=\"color: #800080\"><strong>Horarios<\/strong><\/span><\/h4>\n<blockquote><p>Horario de Secretar\u00eda: De lunes a viernes de 9.00 a 10.30<\/p><\/blockquote>\n<h4 style=\"text-align: center\"><span style=\"color: #800080\"><strong>Oferta educativa<\/strong><\/span><\/h4>\n<blockquote><p>El CEIP Los Jarales es un colegio biling\u00fce (espa\u00f1ol-ingl\u00e9s) aplic\u00e1ndose el biling\u00fcismo en las \u00e1reas de Ciencias Naturales, Ciencias Sociales, M\u00fasica y Educaci\u00f3n F\u00edsica.<\/p>\n<p>Nuestro Centro cuenta con las siguientes etapas educativas:<\/p>\n<p style=\"text-align: center\"><span style=\"color: #333300\">2\u00ba Ciclo de Educaci\u00f3n Infantil (3-5 a\u00f1os)<\/span><\/p>\n<p style=\"text-align: center\"><span style=\"color: #333300\">Educaci\u00f3n Primaria (1\u00ba a 6\u00ba Primaria)<\/span><\/p>\n<\/blockquote>\n<p style=\"text-align: center\"><span style=\"color: #800080\"><strong>Servicios complementarios<\/strong><\/span><\/p>\n<blockquote><p><strong><em>Comedor escolar<\/em> <\/strong>( Catering Hermanos Gonz\u00e1lez)<\/p>\n<p><em><strong>Aula matinal<\/strong>:<\/em> Horario de 7.30 a 8.50<\/p>\n<p><strong><em>Transporte escolar<\/em><\/strong><\/p>\n<p><em>L\u00ednea 1<\/em> ( Esquina colegio Novaschool\/ residencial Echevarr\u00eda\/ Cuartel)<\/p>\n<p><em>L\u00ednea 2<\/em> ( Papeler\u00eda Cela \/ Cuartel Guardia Civil)<\/p>\n<p><em>L\u00ednea 3<\/em> ( Los Rubios \/ Edificio Los \u00c1ngeles)<\/p>\n<p><em>L\u00ednea 4<\/em> ( Iglesia Rinc\u00f3n \/ Hotel Elimar \/ Gasolinera Repsol)<\/p><\/blockquote>\n<p style=\"text-align: center\"><strong><span style=\"color: #800080\"><em>Recursos humanos<\/em><\/span><\/strong><\/p>\n<blockquote><p>El centro cuenta con:<\/p>\n<p>Especialista en Pedagog\u00eda Terape\u00fatica ( 20 horas\/semana)<\/p>\n<p>Especialista en Audici\u00f3n y Lenguaje<\/p>\n<p>Orientadora ( dos d\u00edas a la semana)<\/p><\/blockquote>\n<p>&nbsp;<\/p>\n","protected":false},"excerpt":{"rendered":"<p>BIENVENIDOS AL CEIP LOS JARALES &nbsp; JORNADA DE PUERTAS ABIERTAS JORNADAS DE PUERTAS ABIERTAS CURSO 2022\/23 Las familias de nueva admisi\u00f3n para el curso 2024\/25 podr\u00e1n visitar el centro los pr\u00f3ximos d\u00edas 4 y&#46;&#46;&#46;<\/p>\n","protected":false},"author":1,"featured_media":0,"parent":2229,"menu_order":0,"comment_status":"closed","ping_status":"open","template":"","meta":{"ngg_post_thumbnail":0,"footnotes":"","_mc_calendar":[]},"aioseo_notices":[],"_links":{"self":[{"href":"https:\/\/blogsaverroes.juntadeandalucia.es\/ceiplosjarales\/wp-json\/wp\/v2\/pages\/35"}],"collection":[{"href":"https:\/\/blogsaverroes.juntadeandalucia.es\/ceiplosjarales\/wp-json\/wp\/v2\/pages"}],"about":[{"href":"https:\/\/blogsaverroes.juntadeandalucia.es\/ceiplosjarales\/wp-json\/wp\/v2\/types\/page"}],"author":[{"embeddable":true,"href":"https:\/\/blogsaverroes.juntadeandalucia.es\/ceiplosjarales\/wp-json\/wp\/v2\/users\/1"}],"replies":[{"embeddable":true,"href":"https:\/\/blogsaverroes.juntadeandalucia.es\/ceiplosjarales\/wp-json\/wp\/v2\/comments?post=35"}],"version-history":[{"count":37,"href":"https:\/\/blogsaverroes.juntadeandalucia.es\/ceiplosjarales\/wp-json\/wp\/v2\/pages\/35\/revisions"}],"predecessor-version":[{"id":3943,"href":"https:\/\/blogsaverroes.juntadeandalucia.es\/ceiplosjarales\/wp-json\/wp\/v2\/pages\/35\/revisions\/3943"}],"up":[{"embeddable":true,"href":"https:\/\/blogsaverroes.juntadeandalucia.es\/ceiplosjarales\/wp-json\/wp\/v2\/pages\/2229"}],"wp:attachment":[{"href":"https:\/\/blogsaverroes.juntadeandalucia.es\/ceiplosjarales\/wp-json\/wp\/v2\/media?parent=35"}],"curies":[{"name":"wp","href":"https:\/\/api.w.org\/{rel}","templated":true}]}}