{"id":872,"date":"2015-03-16T12:50:42","date_gmt":"2015-03-16T12:50:42","guid":{"rendered":"http:\/\/blogsaverroes.juntadeandalucia.es\/pre\/ceip\/?page_id=120"},"modified":"2022-01-27T17:26:08","modified_gmt":"2022-01-27T17:26:08","slug":"contactar","status":"publish","type":"page","link":"https:\/\/blogsaverroes.juntadeandalucia.es\/ceiplosjarales\/contactar\/","title":{"rendered":"IPASEN-CLASSROOM"},"content":{"rendered":"<p style=\"text-align: center\"><span style=\"color: #800000\"><strong>IPASEN<\/strong><\/span><\/p>\n<p style=\"text-align: center\"><span style=\"color: #000080\"><strong>CLAVE IANDE<\/strong><\/span><\/p>\n<blockquote><p>Para obtener su clave IANDE:<\/p>\n<p>1.Acceda a Ipasen.<\/p>\n<p>2.Pinche en el icono de la casa ( abajo a la izquierda).<\/p>\n<p>3.Arriba pondr\u00e1 \u00abbuenos d\u00edas&#8230;\u00bb. Pinche en el icono del bocadillo. En recibidos, el primer mensaje contiene la clave IANDE.&nbsp;&nbsp;<\/p>\n<p>Esta clave es necesaria para entrar en la <strong>Secretar\u00eda Virtual de la Junta de Andaluc\u00eda<\/strong> para realizar las matr\u00edculas anuales y bonificaciones de servicios complementarios.<\/p><\/blockquote>\n<p style=\"text-align: center\"><span style=\"color: #000080\"><strong>PROBLEMAS ACCESO IPASEN<\/strong><\/span><\/p>\n<blockquote><p>Si tiene alg\u00fan problema para <em><strong>acceder<\/strong> <\/em>a Ipasen:&nbsp;<\/p>\n<p>1.<span style=\"color: #ff0000\"><strong>Vea el<\/strong><\/span> siguiente <span style=\"color: #ff0000\"><strong>v\u00eddeo<\/strong><\/span>.&nbsp;<\/p><\/blockquote>\n<p><iframe title=\"iPASEN 2: Recuperar Acceso\" width=\"500\" height=\"281\" src=\"https:\/\/www.youtube.com\/embed\/OR7r9OcG8sE?feature=oembed&#038;wmode=opaque\" frameborder=\"0\" allow=\"accelerometer; autoplay; clipboard-write; encrypted-media; gyroscope; picture-in-picture; web-share\" referrerpolicy=\"strict-origin-when-cross-origin\" allowfullscreen><\/iframe><\/p>\n<blockquote><p>2. Si no consigue resolver el problema, <span style=\"color: #ff0000\"><em><strong>p\u00f3ngase en contacto con el colegio<\/strong><\/em><\/span> a trav\u00e9s del siguiente correo: <a href=\"mailto:TIC@ceiplosjarales.com\">TIC@ceiplosjarales.com<\/a><\/p>\n<p>IMPORTANTE: Incluya en el correo la siguiente informaci\u00f3n:<\/p>\n<p><span style=\"color: #000080\">Nombre del tutor legal que no puede acceder<\/span><\/p>\n<p><span style=\"color: #000080\">Nombre del alumno\/os y curso<\/span><\/p>\n<p><span style=\"color: #000080\">Tel\u00e9fono de contacto<\/span><\/p>\n<p><span style=\"color: #000080\">Descripci\u00f3n de la incidencia<\/span><\/p><\/blockquote>\n<blockquote><p>3. En caso de que el Centro no pueda solucionar el problema, <span style=\"color: #ff0000\"><strong>p\u00f3ngase en contacto con el CAUCE&nbsp;<\/strong><span style=\"color: #000000\">de la Junta de Andaluc\u00eda.<\/span><\/span><\/p>\n<div class=\"tituloCajaColor\"><strong>CANAL Tel\u00e9fono&nbsp;<\/strong>en horario de 8:00 a 19:00 de lunes a viernes, excepto festivos nacionales y auton\u00f3micos. Tel\u00e9fono : 955 06 10 71<\/div>\n<\/blockquote>\n<p>&nbsp;<\/p>\n<p style=\"text-align: center\"><span style=\"color: #0000ff\"><strong>REGISTRO AUTORIZADOS PARA RECOGER A LOS ALUMNOS<\/strong><\/span><\/p>\n<blockquote><p><span style=\"color: #000000\">Ruta de Ipasen para a\u00f1adir o actualizar autorizados para recoger a los alumnos.<\/span><\/p>\n<p><span style=\"color: #ff0000\"><strong>Abrir app Ipasen\/ pinchar ficha alumno\/ tr\u00e1mites\/ autorizaciones recogida\/a\u00f1adir.<\/strong><\/span><\/p>\n<p>&nbsp;<\/p><\/blockquote>\n<p style=\"text-align: center\"><span style=\"color: #0000ff\"><strong>CAMBIAR DATOS PERSONALES<\/strong><\/span><\/p>\n<blockquote><p>1. Acceda a Ipasen<\/p>\n<p>2. En la barra de la parte inferior pinchar en la <span style=\"color: #ff0000\"><strong>rueda dentada<\/strong><\/span>.<\/p>\n<p>2. <span style=\"color: #ff0000\"><strong>Mis datos<\/strong><\/span> . Se puede editar el tel\u00e9fono y el correo electr\u00f3nico.<\/p><\/blockquote>\n<p style=\"text-align: center\"><span style=\"color: #0000ff\"><strong>NOTIFICACIONES<\/strong><\/span><\/p>\n<blockquote>\n<p style=\"text-align: center\"><strong>IMPORTANTE<\/strong><\/p>\n<p>Compruebe en su tel\u00e9fono que ha dado permiso a la aplicaci\u00f3n para enviar notificaciones.<\/p>\n<p style=\"text-align: justify\"><strong><span style=\"color: #ff0000\">Ajustes del tel\u00e9fono (rueda dentada) \/ aplicaciones \/ administrar aplicaciones \/ buscar app Ipasen \/ permisos de la aplicaci\u00f3n \/ notificaciones \u00absi\u00bb<\/span><\/strong><\/p>\n<p style=\"text-align: justify\">Si tiene alg\u00fan problema con las notificaciones, haga una prueba en Ipasen, en la siguiente ruta:&nbsp;<\/p>\n<p>1.Abrir Ipasen<\/p>\n<p>2.Pinchar abajo en la ruleta\/ probar notificaciones<\/p>\n<p>3. Al probar notificaciones le debe aparecer un aviso como que ha llegado un mensaje.&nbsp;<\/p><\/blockquote>\n<p style=\"text-align: center\"><span style=\"color: #800000\"><strong>CLASSROOM<\/strong><\/span><\/p>\n<blockquote>\n<p style=\"text-align: justify\">Es muy importante que una vez que el Centro le facilite el correo del alumno y la clave para acceder a Classroom, <strong>anoten los datos<\/strong> para que no se pierdan, esta informaci\u00f3n le ser\u00e1 \u00fatil durante toda la escolarizaci\u00f3n de su hijo\/a.&nbsp;<\/p>\n<p style=\"text-align: justify\">Tambi\u00e9n es muy importante que a medida que los ni\u00f1os vayan siendo m\u00e1s aut\u00f3nomos, sean ellos los responsables de consultar Classroom y llevar al d\u00eda sus tareas. La labor de las familias ha de ser de supervisi\u00f3n, pero <strong>la responsabilidad es del ni\u00f1o<\/strong>.&nbsp;<\/p>\n<\/blockquote>\n<p style=\"text-align: center\"><span style=\"color: #0000ff\"><strong>ACCESO<\/strong><\/span><\/p>\n<blockquote>\n<p style=\"text-align: justify\"><span style=\"color: #000000\">Cada alumno contar\u00e1 con una cuenta de Classroom con dominio \u00abceiplosjarales.com\u00bb&nbsp; para registrarse en las clases ( ser\u00e1 la misma todos los cursos). No se podr\u00e1 acceder con otra cuenta que no sea la del alumno\/a. <\/span><\/p>\n<p style=\"text-align: justify\"><span style=\"color: #000000\">Para el acceso siga los siguientes pasos:<\/span><\/p>\n<p style=\"text-align: justify\">1.<strong><em>Inicie sesi\u00f3n en Google<\/em><\/strong> con la cuenta del alumno ( si tiene otra cuenta abierta cierre sesi\u00f3n o no podr\u00e1 acceder).<\/p>\n<p style=\"text-align: justify\">2. <strong>Acceda a Classroom<\/strong>. Pinche en el s\u00edmbolo <strong>+<\/strong> e inserte los <strong>c\u00f3digos<\/strong> de las diferentes asignaturas que le ha facilitado el tutor\/a.<\/p>\n<\/blockquote>\n<p style=\"text-align: center\"><span style=\"color: #0000ff\"><strong>CUENTAS PARA ALUMNADO NUEVA INCORPORACI\u00d3N<\/strong><\/span><\/p>\n<blockquote>\n<p style=\"text-align: justify\"><span style=\"color: #000000\">Si el <strong>alumno\/a es nuevo en el centro<\/strong>, necesita que se le cree una cuenta de Classroom, para ello, contacte con el coordinador TIC e indique:<\/span><\/p>\n<ul>\n<li>Nombre y apellidos del alumno\/a.<\/li>\n<li>Curso<\/li>\n<li>Un correo electr\u00f3nico para enviarles el nuevo correo y la clave.&nbsp;<\/li>\n<\/ul>\n<p style=\"text-align: center\"><a title=\"TIC@ceiplosjarales.com\" href=\"mailto:TIC@ceiplosjarales.com\" target=\"_blank\" rel=\"noopener noreferrer\">TIC@ceiplosjarales.com<\/a>&nbsp;&nbsp;<\/p>\n<p style=\"text-align: justify\"><span style=\"color: #008000\"><strong>Al alumnado de 3 a\u00f1os se le facilitar\u00e1 a principio de curso sin tener que hacer ninguna gesti\u00f3n.<\/strong><\/span><\/p>\n<p style=\"text-align: center\">&nbsp;<\/p>\n<\/blockquote>\n","protected":false},"excerpt":{"rendered":"<p>IPASEN CLAVE IANDE Para obtener su clave IANDE: 1.Acceda a Ipasen. 2.Pinche en el icono de la casa ( abajo a la izquierda). 3.Arriba pondr\u00e1 \u00abbuenos d\u00edas&#8230;\u00bb. Pinche en el icono del bocadillo. En&#46;&#46;&#46;<\/p>\n","protected":false},"author":1,"featured_media":0,"parent":0,"menu_order":0,"comment_status":"closed","ping_status":"open","template":"page-cs.php","meta":{"ngg_post_thumbnail":0,"footnotes":"","_mc_calendar":[]},"aioseo_notices":[],"_links":{"self":[{"href":"https:\/\/blogsaverroes.juntadeandalucia.es\/ceiplosjarales\/wp-json\/wp\/v2\/pages\/872"}],"collection":[{"href":"https:\/\/blogsaverroes.juntadeandalucia.es\/ceiplosjarales\/wp-json\/wp\/v2\/pages"}],"about":[{"href":"https:\/\/blogsaverroes.juntadeandalucia.es\/ceiplosjarales\/wp-json\/wp\/v2\/types\/page"}],"author":[{"embeddable":true,"href":"https:\/\/blogsaverroes.juntadeandalucia.es\/ceiplosjarales\/wp-json\/wp\/v2\/users\/1"}],"replies":[{"embeddable":true,"href":"https:\/\/blogsaverroes.juntadeandalucia.es\/ceiplosjarales\/wp-json\/wp\/v2\/comments?post=872"}],"version-history":[{"count":42,"href":"https:\/\/blogsaverroes.juntadeandalucia.es\/ceiplosjarales\/wp-json\/wp\/v2\/pages\/872\/revisions"}],"predecessor-version":[{"id":2790,"href":"https:\/\/blogsaverroes.juntadeandalucia.es\/ceiplosjarales\/wp-json\/wp\/v2\/pages\/872\/revisions\/2790"}],"wp:attachment":[{"href":"https:\/\/blogsaverroes.juntadeandalucia.es\/ceiplosjarales\/wp-json\/wp\/v2\/media?parent=872"}],"curies":[{"name":"wp","href":"https:\/\/api.w.org\/{rel}","templated":true}]}}