{"id":206,"date":"2020-02-12T08:09:58","date_gmt":"2020-02-12T07:09:58","guid":{"rendered":"http:\/\/blogsaverroes.juntadeandalucia.es\/pre\/nuevoceip2v2\/?page_id=206"},"modified":"2025-11-04T20:02:06","modified_gmt":"2025-11-04T19:02:06","slug":"inicio-2","status":"publish","type":"page","link":"https:\/\/blogsaverroes.juntadeandalucia.es\/ceiplosmolinos\/","title":{"rendered":"Novedades"},"content":{"rendered":"<div class=\"pt-cv-wrapper\"><div class=\"pt-cv-view pt-cv-grid pt-cv-colsys\" id=\"pt-cv-view-6ff817bh92\"><div data-id=\"pt-cv-page-1\" class=\"pt-cv-page\" data-cvc=\"3\"><div class=\"col-md-4 col-sm-6 col-xs-12 pt-cv-content-item pt-cv-1-col\" ><div class='pt-cv-ifield'><a href=\"https:\/\/blogsaverroes.juntadeandalucia.es\/ceiplosmolinos\/nuestras-familias-nos-leen-un-cuento\/\" class=\"_self pt-cv-href-thumbnail pt-cv-thumb-default\" target=\"_self\" ><img loading=\"lazy\" decoding=\"async\" width=\"1970\" height=\"1825\" src=\"https:\/\/blogsaverroes.juntadeandalucia.es\/ceiplosmolinos\/files\/2026\/04\/Portada-3.jpg\" class=\"pt-cv-thumbnail\" alt=\"\" srcset=\"https:\/\/blogsaverroes.juntadeandalucia.es\/ceiplosmolinos\/files\/2026\/04\/Portada-3.jpg 1970w, https:\/\/blogsaverroes.juntadeandalucia.es\/ceiplosmolinos\/files\/2026\/04\/Portada-3-300x278.jpg 300w, https:\/\/blogsaverroes.juntadeandalucia.es\/ceiplosmolinos\/files\/2026\/04\/Portada-3-1024x949.jpg 1024w, https:\/\/blogsaverroes.juntadeandalucia.es\/ceiplosmolinos\/files\/2026\/04\/Portada-3-768x711.jpg 768w, https:\/\/blogsaverroes.juntadeandalucia.es\/ceiplosmolinos\/files\/2026\/04\/Portada-3-1536x1423.jpg 1536w\" sizes=\"(max-width: 1970px) 100vw, 1970px\" \/><\/a>\n<h4 class=\"pt-cv-title\"><a href=\"https:\/\/blogsaverroes.juntadeandalucia.es\/ceiplosmolinos\/nuestras-familias-nos-leen-un-cuento\/\" class=\"_self\" target=\"_self\" >Lectura de un cuento compartido<\/a><\/h4>\n<div class=\"pt-cv-content\">El CEIP Los Molinos, en una de sus acciones encaminadas a la celebraci\u00f3n del D\u00eda ...<br \/><div class=\"pt-cv-rmwrap\"><a href=\"https:\/\/blogsaverroes.juntadeandalucia.es\/ceiplosmolinos\/nuestras-familias-nos-leen-un-cuento\/\" class=\"_self pt-cv-readmore btn btn-success\" target=\"_self\">Leer M\u00e1s<\/a><\/div><\/div><\/div><\/div>\n<div class=\"col-md-4 col-sm-6 col-xs-12 pt-cv-content-item pt-cv-1-col\" ><div class='pt-cv-ifield'><a href=\"https:\/\/blogsaverroes.juntadeandalucia.es\/ceiplosmolinos\/1oep-poyecto-podcast-temp-1-cap-6-%f0%9f%8e%99%ef%b8%8f%f0%9f%8e%a7%f0%9f%8e%99%ef%b8%8f\/\" class=\"_self pt-cv-href-thumbnail pt-cv-thumb-default\" target=\"_self\" ><img loading=\"lazy\" decoding=\"async\" width=\"3825\" height=\"2149\" src=\"https:\/\/blogsaverroes.juntadeandalucia.es\/ceiplosmolinos\/files\/2026\/04\/portada.png\" class=\"pt-cv-thumbnail\" alt=\"\" srcset=\"https:\/\/blogsaverroes.juntadeandalucia.es\/ceiplosmolinos\/files\/2026\/04\/portada.png 3825w, https:\/\/blogsaverroes.juntadeandalucia.es\/ceiplosmolinos\/files\/2026\/04\/portada-300x169.png 300w, https:\/\/blogsaverroes.juntadeandalucia.es\/ceiplosmolinos\/files\/2026\/04\/portada-1024x575.png 1024w, https:\/\/blogsaverroes.juntadeandalucia.es\/ceiplosmolinos\/files\/2026\/04\/portada-768x431.png 768w, https:\/\/blogsaverroes.juntadeandalucia.es\/ceiplosmolinos\/files\/2026\/04\/portada-1536x863.png 1536w, https:\/\/blogsaverroes.juntadeandalucia.es\/ceiplosmolinos\/files\/2026\/04\/portada-2048x1151.png 2048w\" sizes=\"(max-width: 3825px) 100vw, 3825px\" \/><\/a>\n<h4 class=\"pt-cv-title\"><a href=\"https:\/\/blogsaverroes.juntadeandalucia.es\/ceiplosmolinos\/1oep-poyecto-podcast-temp-1-cap-6-%f0%9f%8e%99%ef%b8%8f%f0%9f%8e%a7%f0%9f%8e%99%ef%b8%8f\/\" class=\"_self\" target=\"_self\" >1\u00baEP : \u201cPoyecto Podcast\u201d Temp.1 Cap.6 \ud83c\udf99\ufe0f\ud83c\udfa7\ud83c\udf99\ufe0f<\/a><\/h4>\n<div class=\"pt-cv-content\">Volvemos con un nuevo episodio y \"v\u00edctima\" por sexta vez. En esta ocasi\u00f3n contamos con ...<br \/><div class=\"pt-cv-rmwrap\"><a href=\"https:\/\/blogsaverroes.juntadeandalucia.es\/ceiplosmolinos\/1oep-poyecto-podcast-temp-1-cap-6-%f0%9f%8e%99%ef%b8%8f%f0%9f%8e%a7%f0%9f%8e%99%ef%b8%8f\/\" class=\"_self pt-cv-readmore btn btn-success\" target=\"_self\">Leer M\u00e1s<\/a><\/div><\/div><\/div><\/div>\n<div class=\"col-md-4 col-sm-6 col-xs-12 pt-cv-content-item pt-cv-1-col\" ><div class='pt-cv-ifield'><a href=\"https:\/\/blogsaverroes.juntadeandalucia.es\/ceiplosmolinos\/el-ceip-los-molinos-disfruta-del-musical-el-gato-con-botas-en-el-teatro-municipal\/\" class=\"_self pt-cv-href-thumbnail pt-cv-thumb-default\" target=\"_self\" ><img loading=\"lazy\" decoding=\"async\" width=\"1131\" height=\"1631\" src=\"https:\/\/blogsaverroes.juntadeandalucia.es\/ceiplosmolinos\/files\/2026\/04\/cartel-el-gato-con-Botas.jpg\" class=\"pt-cv-thumbnail\" alt=\"\" srcset=\"https:\/\/blogsaverroes.juntadeandalucia.es\/ceiplosmolinos\/files\/2026\/04\/cartel-el-gato-con-Botas.jpg 1131w, https:\/\/blogsaverroes.juntadeandalucia.es\/ceiplosmolinos\/files\/2026\/04\/cartel-el-gato-con-Botas-208x300.jpg 208w, https:\/\/blogsaverroes.juntadeandalucia.es\/ceiplosmolinos\/files\/2026\/04\/cartel-el-gato-con-Botas-710x1024.jpg 710w, https:\/\/blogsaverroes.juntadeandalucia.es\/ceiplosmolinos\/files\/2026\/04\/cartel-el-gato-con-Botas-768x1108.jpg 768w, https:\/\/blogsaverroes.juntadeandalucia.es\/ceiplosmolinos\/files\/2026\/04\/cartel-el-gato-con-Botas-1065x1536.jpg 1065w\" sizes=\"(max-width: 1131px) 100vw, 1131px\" \/><\/a>\n<h4 class=\"pt-cv-title\"><a href=\"https:\/\/blogsaverroes.juntadeandalucia.es\/ceiplosmolinos\/el-ceip-los-molinos-disfruta-del-musical-el-gato-con-botas-en-el-teatro-municipal\/\" class=\"_self\" target=\"_self\" >El CEIP Los Molinos disfruta del musical \u201cEl Gato con Botas\u201d en el Teatro Municipal<\/a><\/h4>\n<div class=\"pt-cv-content\">Dentro de las actividades organizadas por el Conservatorio de M\u00fasica con motivo de su Jornada ...<br \/><div class=\"pt-cv-rmwrap\"><a href=\"https:\/\/blogsaverroes.juntadeandalucia.es\/ceiplosmolinos\/el-ceip-los-molinos-disfruta-del-musical-el-gato-con-botas-en-el-teatro-municipal\/\" class=\"_self pt-cv-readmore btn btn-success\" target=\"_self\">Leer M\u00e1s<\/a><\/div><\/div><\/div><\/div>\n<div class=\"col-md-4 col-sm-6 col-xs-12 pt-cv-content-item pt-cv-1-col\" ><div class='pt-cv-ifield'><a href=\"https:\/\/blogsaverroes.juntadeandalucia.es\/ceiplosmolinos\/proyecto-de-el-bosque-vista-de-un-bombero-forestal\/\" class=\"_self pt-cv-href-thumbnail pt-cv-thumb-default\" target=\"_self\" ><img loading=\"lazy\" decoding=\"async\" width=\"1424\" height=\"1496\" src=\"https:\/\/blogsaverroes.juntadeandalucia.es\/ceiplosmolinos\/files\/2026\/04\/Portada-2.jpg\" class=\"pt-cv-thumbnail\" alt=\"\" srcset=\"https:\/\/blogsaverroes.juntadeandalucia.es\/ceiplosmolinos\/files\/2026\/04\/Portada-2.jpg 1424w, https:\/\/blogsaverroes.juntadeandalucia.es\/ceiplosmolinos\/files\/2026\/04\/Portada-2-286x300.jpg 286w, https:\/\/blogsaverroes.juntadeandalucia.es\/ceiplosmolinos\/files\/2026\/04\/Portada-2-975x1024.jpg 975w, https:\/\/blogsaverroes.juntadeandalucia.es\/ceiplosmolinos\/files\/2026\/04\/Portada-2-768x807.jpg 768w\" sizes=\"(max-width: 1424px) 100vw, 1424px\" \/><\/a>\n<h4 class=\"pt-cv-title\"><a href=\"https:\/\/blogsaverroes.juntadeandalucia.es\/ceiplosmolinos\/proyecto-de-el-bosque-vista-de-un-bombero-forestal\/\" class=\"_self\" target=\"_self\" >Proyecto de &#8220;El Bosque&#8221;: Nos visita un bombero forestal<\/a><\/h4>\n<div class=\"pt-cv-content\">Este martes, 21 de abril, el alumnado de Educaci\u00f3n Infantil del CEIP Los Molinos ha ...<br \/><div class=\"pt-cv-rmwrap\"><a href=\"https:\/\/blogsaverroes.juntadeandalucia.es\/ceiplosmolinos\/proyecto-de-el-bosque-vista-de-un-bombero-forestal\/\" class=\"_self pt-cv-readmore btn btn-success\" target=\"_self\">Leer M\u00e1s<\/a><\/div><\/div><\/div><\/div>\n<div class=\"col-md-4 col-sm-6 col-xs-12 pt-cv-content-item pt-cv-1-col\" ><div class='pt-cv-ifield'><a href=\"https:\/\/blogsaverroes.juntadeandalucia.es\/ceiplosmolinos\/1oep-poyecto-podcast-temp-1-cap-5-%f0%9f%8e%99%ef%b8%8f%f0%9f%8e%a7%f0%9f%8e%99%ef%b8%8f\/\" class=\"_self pt-cv-href-thumbnail pt-cv-thumb-default\" target=\"_self\" ><img loading=\"lazy\" decoding=\"async\" width=\"3839\" height=\"2089\" src=\"https:\/\/blogsaverroes.juntadeandalucia.es\/ceiplosmolinos\/files\/2026\/04\/Portada-Ana.png\" class=\"pt-cv-thumbnail\" alt=\"\" srcset=\"https:\/\/blogsaverroes.juntadeandalucia.es\/ceiplosmolinos\/files\/2026\/04\/Portada-Ana.png 3839w, https:\/\/blogsaverroes.juntadeandalucia.es\/ceiplosmolinos\/files\/2026\/04\/Portada-Ana-300x163.png 300w, https:\/\/blogsaverroes.juntadeandalucia.es\/ceiplosmolinos\/files\/2026\/04\/Portada-Ana-1024x557.png 1024w, https:\/\/blogsaverroes.juntadeandalucia.es\/ceiplosmolinos\/files\/2026\/04\/Portada-Ana-768x418.png 768w, https:\/\/blogsaverroes.juntadeandalucia.es\/ceiplosmolinos\/files\/2026\/04\/Portada-Ana-1536x836.png 1536w, https:\/\/blogsaverroes.juntadeandalucia.es\/ceiplosmolinos\/files\/2026\/04\/Portada-Ana-2048x1114.png 2048w\" sizes=\"(max-width: 3839px) 100vw, 3839px\" \/><\/a>\n<h4 class=\"pt-cv-title\"><a href=\"https:\/\/blogsaverroes.juntadeandalucia.es\/ceiplosmolinos\/1oep-poyecto-podcast-temp-1-cap-5-%f0%9f%8e%99%ef%b8%8f%f0%9f%8e%a7%f0%9f%8e%99%ef%b8%8f\/\" class=\"_self\" target=\"_self\" >1\u00baEP : \u201cPoyecto Podcast\u201d Temp.1 Cap.5 \ud83c\udf99\ufe0f\ud83c\udfa7\ud83c\udf99\ufe0f<\/a><\/h4>\n<div class=\"pt-cv-content\">Quinto episodio de nuestra Primera Temporada del \u201cProyecto Podcast\u201d de 1\u00ba EP. Hoy nuestra \u201cv\u00edctima\u201d ...<br \/><div class=\"pt-cv-rmwrap\"><a href=\"https:\/\/blogsaverroes.juntadeandalucia.es\/ceiplosmolinos\/1oep-poyecto-podcast-temp-1-cap-5-%f0%9f%8e%99%ef%b8%8f%f0%9f%8e%a7%f0%9f%8e%99%ef%b8%8f\/\" class=\"_self pt-cv-readmore btn btn-success\" target=\"_self\">Leer M\u00e1s<\/a><\/div><\/div><\/div><\/div>\n<div class=\"col-md-4 col-sm-6 col-xs-12 pt-cv-content-item pt-cv-1-col\" ><div class='pt-cv-ifield'><a href=\"https:\/\/blogsaverroes.juntadeandalucia.es\/ceiplosmolinos\/dia-internacional-de-la-salud-la-actividad-fisica\/\" class=\"_self pt-cv-href-thumbnail pt-cv-thumb-default\" target=\"_self\" ><img loading=\"lazy\" decoding=\"async\" width=\"1034\" height=\"1036\" src=\"https:\/\/blogsaverroes.juntadeandalucia.es\/ceiplosmolinos\/files\/2026\/04\/IMG-20260417-WA0084.jpg\" class=\"pt-cv-thumbnail\" alt=\"\" srcset=\"https:\/\/blogsaverroes.juntadeandalucia.es\/ceiplosmolinos\/files\/2026\/04\/IMG-20260417-WA0084.jpg 1034w, https:\/\/blogsaverroes.juntadeandalucia.es\/ceiplosmolinos\/files\/2026\/04\/IMG-20260417-WA0084-300x300.jpg 300w, https:\/\/blogsaverroes.juntadeandalucia.es\/ceiplosmolinos\/files\/2026\/04\/IMG-20260417-WA0084-1022x1024.jpg 1022w, https:\/\/blogsaverroes.juntadeandalucia.es\/ceiplosmolinos\/files\/2026\/04\/IMG-20260417-WA0084-150x150.jpg 150w, https:\/\/blogsaverroes.juntadeandalucia.es\/ceiplosmolinos\/files\/2026\/04\/IMG-20260417-WA0084-768x769.jpg 768w, https:\/\/blogsaverroes.juntadeandalucia.es\/ceiplosmolinos\/files\/2026\/04\/IMG-20260417-WA0084-80x80.jpg 80w, https:\/\/blogsaverroes.juntadeandalucia.es\/ceiplosmolinos\/files\/2026\/04\/IMG-20260417-WA0084-320x320.jpg 320w\" sizes=\"(max-width: 1034px) 100vw, 1034px\" \/><\/a>\n<h4 class=\"pt-cv-title\"><a href=\"https:\/\/blogsaverroes.juntadeandalucia.es\/ceiplosmolinos\/dia-internacional-de-la-salud-la-actividad-fisica\/\" class=\"_self\" target=\"_self\" >D\u00eda Internacional de la Salud: La Salud F\u00edsica<\/a><\/h4>\n<div class=\"pt-cv-content\">En otra ocasi\u00f3n m\u00e1s, hemos tenido la suerte de contar con la colaboraci\u00f3n del voluntariado ...<br \/><div class=\"pt-cv-rmwrap\"><a href=\"https:\/\/blogsaverroes.juntadeandalucia.es\/ceiplosmolinos\/dia-internacional-de-la-salud-la-actividad-fisica\/\" class=\"_self pt-cv-readmore btn btn-success\" target=\"_self\">Leer M\u00e1s<\/a><\/div><\/div><\/div><\/div><\/div><\/div>\n<div class=\" pt-cv-pagination-wrapper\"><ul class=\"pt-cv-pagination pt-cv-ajax pagination\" data-totalpages=\"13\" data-currentpage=\"1\" data-sid=\"6ff817bh92\" data-unid=\"\" data-isblock=\"\" data-postid=\"\"><li class=\"active\"><a href=\"#\">1<\/a><\/li>\n\t<li ><a class=\"\" href=\"https:\/\/blogsaverroes.juntadeandalucia.es\/ceiplosmolinos\/wp-json\/wp\/v2\/pages\/206\/?_page=2\">2<\/a><\/li>\n\t<li ><a class=\"\" href=\"https:\/\/blogsaverroes.juntadeandalucia.es\/ceiplosmolinos\/wp-json\/wp\/v2\/pages\/206\/?_page=3\">3<\/a><\/li>\n\t<li ><a href=\"#\">&hellip;<\/a><\/li>\n\t<li ><a class=\"\" href=\"https:\/\/blogsaverroes.juntadeandalucia.es\/ceiplosmolinos\/wp-json\/wp\/v2\/pages\/206\/?_page=13\">13<\/a><\/li>\n\t<li ><a class=\" \" href=\"https:\/\/blogsaverroes.juntadeandalucia.es\/ceiplosmolinos\/wp-json\/wp\/v2\/pages\/206\/?_page=2\">&rsaquo;<\/a><\/li>\n\t<\/ul><img loading=\"lazy\" decoding=\"async\" width=\"15\" height=\"15\" class=\"pt-cv-spinner\" alt=\"Cargando...\" src=\"data:image\/gif;base64,R0lGODlhDwAPALMPAMrKygwMDJOTkz09PZWVla+vr3p6euTk5M7OzuXl5TMzMwAAAJmZmWZmZszMzP\/\/\/yH\/C05FVFNDQVBFMi4wAwEAAAAh+QQFCgAPACwAAAAADwAPAAAEQvDJaZaZOIcV8iQK8VRX4iTYoAwZ4iCYoAjZ4RxejhVNoT+mRGP4cyF4Pp0N98sBGIBMEMOotl6YZ3S61Bmbkm4mAgAh+QQFCgAPACwAAAAADQANAAAENPDJSRSZeA418itN8QiK8BiLITVsFiyBBIoYqnoewAD4xPw9iY4XLGYSjkQR4UAUD45DLwIAIfkEBQoADwAsAAAAAA8ACQAABC\/wyVlamTi3nSdgwFNdhEJgTJoNyoB9ISYoQmdjiZPcj7EYCAeCF1gEDo4Dz2eIAAAh+QQFCgAPACwCAAAADQANAAAEM\/DJBxiYeLKdX3IJZT1FU0iIg2RNKx3OkZVnZ98ToRD4MyiDnkAh6BkNC0MvsAj0kMpHBAAh+QQFCgAPACwGAAAACQAPAAAEMDC59KpFDll73HkAA2wVY5KgiK5b0RRoI6MuzG6EQqCDMlSGheEhUAgqgUUAFRySIgAh+QQFCgAPACwCAAIADQANAAAEM\/DJKZNLND\/kkKaHc3xk+QAMYDKsiaqmZCxGVjSFFCxB1vwy2oOgIDxuucxAMTAJFAJNBAAh+QQFCgAPACwAAAYADwAJAAAEMNAs86q1yaWwwv2Ig0jUZx3OYa4XoRAfwADXoAwfo1+CIjyFRuEho60aSNYlOPxEAAAh+QQFCgAPACwAAAIADQANAAAENPA9s4y8+IUVcqaWJ4qEQozSoAzoIyhCK2NFU2SJk0hNnyEOhKR2AzAAj4Pj4GE4W0bkJQIAOw==\" \/><div class=\"clear pt-cv-clear-pagination\"><\/div><\/div><\/div>\n","protected":false},"excerpt":{"rendered":"","protected":false},"author":7051,"featured_media":0,"parent":0,"menu_order":0,"comment_status":"closed","ping_status":"closed","template":"","meta":{"ngg_post_thumbnail":0,"footnotes":""},"aioseo_notices":[],"_links":{"self":[{"href":"https:\/\/blogsaverroes.juntadeandalucia.es\/ceiplosmolinos\/wp-json\/wp\/v2\/pages\/206"}],"collection":[{"href":"https:\/\/blogsaverroes.juntadeandalucia.es\/ceiplosmolinos\/wp-json\/wp\/v2\/pages"}],"about":[{"href":"https:\/\/blogsaverroes.juntadeandalucia.es\/ceiplosmolinos\/wp-json\/wp\/v2\/types\/page"}],"author":[{"embeddable":true,"href":"https:\/\/blogsaverroes.juntadeandalucia.es\/ceiplosmolinos\/wp-json\/wp\/v2\/users\/7051"}],"replies":[{"embeddable":true,"href":"https:\/\/blogsaverroes.juntadeandalucia.es\/ceiplosmolinos\/wp-json\/wp\/v2\/comments?post=206"}],"version-history":[{"count":1,"href":"https:\/\/blogsaverroes.juntadeandalucia.es\/ceiplosmolinos\/wp-json\/wp\/v2\/pages\/206\/revisions"}],"predecessor-version":[{"id":808,"href":"https:\/\/blogsaverroes.juntadeandalucia.es\/ceiplosmolinos\/wp-json\/wp\/v2\/pages\/206\/revisions\/808"}],"wp:attachment":[{"href":"https:\/\/blogsaverroes.juntadeandalucia.es\/ceiplosmolinos\/wp-json\/wp\/v2\/media?parent=206"}],"curies":[{"name":"wp","href":"https:\/\/api.w.org\/{rel}","templated":true}]}}