{"id":30,"date":"2020-01-09T12:41:20","date_gmt":"2020-01-09T11:41:20","guid":{"rendered":"http:\/\/blogsaverroes.juntadeandalucia.es\/pre\/nuevoceip2v2\/?page_id=30"},"modified":"2026-01-18T16:44:12","modified_gmt":"2026-01-18T15:44:12","slug":"ampa","status":"publish","type":"page","link":"https:\/\/blogsaverroes.juntadeandalucia.es\/ceiplosmolinos\/ampa\/","title":{"rendered":"AMPA Poeta Juanma"},"content":{"rendered":"<p style=\"text-align: center\"><span style=\"font-size: 18pt\"><strong>AMPA POETA JUANMA<\/strong><\/span><\/p>\n<p><img loading=\"lazy\" decoding=\"async\" class=\" wp-image-1316 aligncenter\" src=\"https:\/\/blogsaverroes.juntadeandalucia.es\/ceiplosmolinos\/files\/2026\/01\/Poeta-Juanma-226x300.png\" alt=\"\" width=\"263\" height=\"349\" srcset=\"https:\/\/blogsaverroes.juntadeandalucia.es\/ceiplosmolinos\/files\/2026\/01\/Poeta-Juanma-226x300.png 226w, https:\/\/blogsaverroes.juntadeandalucia.es\/ceiplosmolinos\/files\/2026\/01\/Poeta-Juanma.png 739w\" sizes=\"(max-width: 263px) 100vw, 263px\" \/><\/p>\n<p>La AMPA Poeta Juanma es la Asociaci\u00f3n de Madres y Padres del Alumnado del CEIP Los Molinos, integrada plenamente en su comunidad educativa y constituida como una entidad sin \u00e1nimo de lucro al servicio de las familias y del centro escolar.<\/p>\n<p>Su finalidad principal es representar, apoyar y canalizar la participaci\u00f3n de las familias en la vida del colegio, colaborando de manera activa con el equipo directivo y el profesorado en todo aquello que contribuya a mejorar la calidad educativa y el desarrollo integral del alumnado.<\/p>\n<p>Desde la AMPA Poeta Juanma se promueven actividades educativas, culturales, deportivas y sociales que complementan la formaci\u00f3n acad\u00e9mica, fomentan la convivencia y refuerzan valores como la igualdad, la inclusi\u00f3n, el respeto, la solidaridad y la participaci\u00f3n democr\u00e1tica. Asimismo, la asociaci\u00f3n act\u00faa como interlocutora entre las familias y el centro, trasladando propuestas, inquietudes y necesidades de la comunidad educativa.<\/p>\n<p>Comprometida con la defensa de la escuela p\u00fablica y con una educaci\u00f3n adaptada a los retos sociales y tecnol\u00f3gicos actuales, la AMPA Poeta Juanma trabaja para fortalecer la implicaci\u00f3n de las familias y contribuir a un entorno educativo cercano, participativo y cohesionador.<\/p>\n<p style=\"text-align: center\">&nbsp;<\/p>\n<p style=\"text-align: center\"><span style=\"font-size: 14pt\"><strong>ACTIVIDADES CURSO 25\/26<\/strong><\/span><\/p>\n<p><img loading=\"lazy\" decoding=\"async\" class=\"aligncenter\" src=\"https:\/\/scontent.fsvq4-1.fna.fbcdn.net\/v\/t39.30808-6\/541636023_743363365192556_96839814794550908_n.jpg?_nc_cat=110&amp;ccb=1-7&amp;_nc_sid=833d8c&amp;_nc_ohc=kBFt4ursqssQ7kNvwGj8-1H&amp;_nc_oc=AdnD3pG8LFAvFNBSgkQL4VWNREsLMyxkaNluhbcTXNV12XBCWP2Rq5szlAeaWqNCvK4&amp;_nc_zt=23&amp;_nc_ht=scontent.fsvq4-1.fna&amp;_nc_gid=HEmw5KnvIRJarweqlLIDrg&amp;oh=00_Afr3-xfeQ21pcIOtj6qv-0z524qbMMZBono83sckg5O20Q&amp;oe=696ECEB2\" alt=\"No photo description available.\" width=\"479\" height=\"254\"><\/p>\n<p><strong>1. Concurso de Halloween<\/strong><\/p>\n<p>Cada a\u00f1o, la AMPA Poeta Juanma, en colaboraci\u00f3n con el CEIP Los Molinos, organiza el Concurso de Dibujo de Halloween, una iniciativa dirigida al alumnado de Educaci\u00f3n Infantil y Primaria con el objetivo de fomentar la creatividad, la expresi\u00f3n art\u00edstica y la participaci\u00f3n en la vida del centro.<\/p>\n<p>El certamen invita a los ni\u00f1os y ni\u00f1as a plasmar, a trav\u00e9s de dibujos realizados de forma manual, la tem\u00e1tica \u201cHalloween en Los Molinos\u201d, combinando elementos propios del colegio con motivos caracter\u00edsticos de esta celebraci\u00f3n. Los trabajos se presentan en formato DIN-A4 y se desarrollan con total libertad t\u00e9cnica.<\/p>\n<p>Un jurado compuesto por el profesorado de Educaci\u00f3n Art\u00edstica y miembros de la Junta Directiva del AMPA selecciona los dibujos ganadores por ciclos educativos, valorando la originalidad y la calidad art\u00edstica. Todas las obras se exponen en el hall del centro, reforzando el car\u00e1cter participativo y comunitario de la actividad, mientras que los trabajos premiados se difunden a trav\u00e9s de los canales del AMPA.<\/p>\n<p>Las personas ganadoras reciben un detalle adaptado a su edad y un diploma, en reconocimiento a su esfuerzo y creatividad, consolidando este concurso como una cita anual ya integrada en la programaci\u00f3n cultural del centro.<\/p>\n<p><img loading=\"lazy\" decoding=\"async\" class=\"wp-image-1313 alignleft\" src=\"https:\/\/blogsaverroes.juntadeandalucia.es\/ceiplosmolinos\/files\/2026\/01\/HALLO-300x216.jpg\" alt=\"\" width=\"286\" height=\"206\" srcset=\"https:\/\/blogsaverroes.juntadeandalucia.es\/ceiplosmolinos\/files\/2026\/01\/HALLO-300x216.jpg 300w, https:\/\/blogsaverroes.juntadeandalucia.es\/ceiplosmolinos\/files\/2026\/01\/HALLO.jpg 669w\" sizes=\"(max-width: 286px) 100vw, 286px\" \/><\/p>\n<p><img loading=\"lazy\" decoding=\"async\" class=\"wp-image-1318 alignleft\" src=\"https:\/\/blogsaverroes.juntadeandalucia.es\/ceiplosmolinos\/files\/2026\/01\/Dibujos-Hallo-300x127.png\" alt=\"\" width=\"496\" height=\"210\" srcset=\"https:\/\/blogsaverroes.juntadeandalucia.es\/ceiplosmolinos\/files\/2026\/01\/Dibujos-Hallo-300x127.png 300w, https:\/\/blogsaverroes.juntadeandalucia.es\/ceiplosmolinos\/files\/2026\/01\/Dibujos-Hallo-1024x432.png 1024w, https:\/\/blogsaverroes.juntadeandalucia.es\/ceiplosmolinos\/files\/2026\/01\/Dibujos-Hallo-768x324.png 768w, https:\/\/blogsaverroes.juntadeandalucia.es\/ceiplosmolinos\/files\/2026\/01\/Dibujos-Hallo.png 1423w\" sizes=\"(max-width: 496px) 100vw, 496px\" \/><\/p>\n<p>&nbsp;<\/p>\n<p>&nbsp;<\/p>\n<p>&nbsp;<\/p>\n<p>&nbsp;<\/p>\n<p>&nbsp;<\/p>\n<p>&nbsp;<\/p>\n<p><strong>2.<\/strong> <strong>Autob\u00fas de visita al Pinar<\/strong><\/p>\n<p>AMPA Poeta Juanma asume cada a\u00f1o los gastos del desplazamiento del alumnado desde el CEIP Los Molinos hasta el Pinar con motivo de la jornada de convivencia del centro. Esta aportaci\u00f3n facilita el desarrollo de una actividad clave para la cohesi\u00f3n de la comunidad educativa, garantizando la participaci\u00f3n de todo el alumnado en un entorno natural que favorece la convivencia, el compa\u00f1erismo y el aprendizaje fuera del aula.<\/p>\n<p><img loading=\"lazy\" decoding=\"async\" class=\" wp-image-1310 aligncenter\" src=\"https:\/\/blogsaverroes.juntadeandalucia.es\/ceiplosmolinos\/files\/2026\/01\/Convivencia-pinar-300x108.jpg\" alt=\"\" width=\"362\" height=\"130\" srcset=\"https:\/\/blogsaverroes.juntadeandalucia.es\/ceiplosmolinos\/files\/2026\/01\/Convivencia-pinar-300x108.jpg 300w, https:\/\/blogsaverroes.juntadeandalucia.es\/ceiplosmolinos\/files\/2026\/01\/Convivencia-pinar-1024x370.jpg 1024w, https:\/\/blogsaverroes.juntadeandalucia.es\/ceiplosmolinos\/files\/2026\/01\/Convivencia-pinar-768x277.jpg 768w, https:\/\/blogsaverroes.juntadeandalucia.es\/ceiplosmolinos\/files\/2026\/01\/Convivencia-pinar-1536x555.jpg 1536w, https:\/\/blogsaverroes.juntadeandalucia.es\/ceiplosmolinos\/files\/2026\/01\/Convivencia-pinar.jpg 1600w\" sizes=\"(max-width: 362px) 100vw, 362px\" \/><\/p>\n<p><strong>3.<\/strong> <strong>Cajonada Flamenca<\/strong><\/p>\n<p>AMPA Poeta Juanma financia la actividad Cajonada Flamenca, dirigida al alumnado de quinto y sexto de Primaria y organizada por la Pe\u00f1a Flamenca &#8220;El Gatillo&#8221;. Esta iniciativa acerca al alumnado al flamenco como patrimonio cultural andaluz, a trav\u00e9s de una experiencia participativa y musical que combina tradici\u00f3n, educaci\u00f3n art\u00edstica y trabajo en grupo, reforzando el v\u00ednculo entre cultura y escuela.<\/p>\n<p><img loading=\"lazy\" decoding=\"async\" class=\" wp-image-1311 aligncenter\" src=\"https:\/\/blogsaverroes.juntadeandalucia.es\/ceiplosmolinos\/files\/2026\/01\/IMG-20251110-WA0042-300x108.jpg\" alt=\"\" width=\"372\" height=\"134\" srcset=\"https:\/\/blogsaverroes.juntadeandalucia.es\/ceiplosmolinos\/files\/2026\/01\/IMG-20251110-WA0042-300x108.jpg 300w, https:\/\/blogsaverroes.juntadeandalucia.es\/ceiplosmolinos\/files\/2026\/01\/IMG-20251110-WA0042-1024x368.jpg 1024w, https:\/\/blogsaverroes.juntadeandalucia.es\/ceiplosmolinos\/files\/2026\/01\/IMG-20251110-WA0042-768x276.jpg 768w, https:\/\/blogsaverroes.juntadeandalucia.es\/ceiplosmolinos\/files\/2026\/01\/IMG-20251110-WA0042-1536x552.jpg 1536w, https:\/\/blogsaverroes.juntadeandalucia.es\/ceiplosmolinos\/files\/2026\/01\/IMG-20251110-WA0042.jpg 1600w\" sizes=\"(max-width: 372px) 100vw, 372px\" \/><\/p>\n<p><strong>4<\/strong>. <strong>Decora el \u00e1rbol de Navidad del cole<\/strong><\/p>\n<p>Por cuarto a\u00f1o consecutivo, AMPA Poeta Juanma impulsa la iniciativa \u201cDecora el \u00e1rbol de Navidad del cole\u201d, una actividad participativa en la que cada familia colabora aportando un adorno navide\u00f1o personalizado para el \u00e1rbol del AMPA. La propuesta fomenta la implicaci\u00f3n de las familias en la vida del centro, refuerza el sentimiento de pertenencia y convierte la decoraci\u00f3n navide\u00f1a en una expresi\u00f3n colectiva de creatividad y comunidad.<\/p>\n<p><img loading=\"lazy\" decoding=\"async\" class=\"size-medium wp-image-1321 aligncenter\" src=\"https:\/\/blogsaverroes.juntadeandalucia.es\/ceiplosmolinos\/files\/2026\/01\/Arbol-143x300.png\" alt=\"\" width=\"143\" height=\"300\" srcset=\"https:\/\/blogsaverroes.juntadeandalucia.es\/ceiplosmolinos\/files\/2026\/01\/Arbol-143x300.png 143w, https:\/\/blogsaverroes.juntadeandalucia.es\/ceiplosmolinos\/files\/2026\/01\/Arbol-487x1024.png 487w, https:\/\/blogsaverroes.juntadeandalucia.es\/ceiplosmolinos\/files\/2026\/01\/Arbol-731x1536.png 731w, https:\/\/blogsaverroes.juntadeandalucia.es\/ceiplosmolinos\/files\/2026\/01\/Arbol.png 765w\" sizes=\"(max-width: 143px) 100vw, 143px\" \/><\/p>\n<p>&nbsp;<\/p>\n","protected":false},"excerpt":{"rendered":"<p>AMPA POETA JUANMA La AMPA Poeta Juanma es la Asociaci\u00f3n de Madres y Padres del Alumnado del CEIP Los Molinos, integrada plenamente en su comunidad educativa y constituida como una entidad sin \u00e1nimo de lucro al servicio de las familias&#46;&#46;&#46;<\/p>\n","protected":false},"author":7051,"featured_media":0,"parent":0,"menu_order":0,"comment_status":"closed","ping_status":"closed","template":"","meta":{"ngg_post_thumbnail":0,"footnotes":""},"aioseo_notices":[],"_links":{"self":[{"href":"https:\/\/blogsaverroes.juntadeandalucia.es\/ceiplosmolinos\/wp-json\/wp\/v2\/pages\/30"}],"collection":[{"href":"https:\/\/blogsaverroes.juntadeandalucia.es\/ceiplosmolinos\/wp-json\/wp\/v2\/pages"}],"about":[{"href":"https:\/\/blogsaverroes.juntadeandalucia.es\/ceiplosmolinos\/wp-json\/wp\/v2\/types\/page"}],"author":[{"embeddable":true,"href":"https:\/\/blogsaverroes.juntadeandalucia.es\/ceiplosmolinos\/wp-json\/wp\/v2\/users\/7051"}],"replies":[{"embeddable":true,"href":"https:\/\/blogsaverroes.juntadeandalucia.es\/ceiplosmolinos\/wp-json\/wp\/v2\/comments?post=30"}],"version-history":[{"count":15,"href":"https:\/\/blogsaverroes.juntadeandalucia.es\/ceiplosmolinos\/wp-json\/wp\/v2\/pages\/30\/revisions"}],"predecessor-version":[{"id":1322,"href":"https:\/\/blogsaverroes.juntadeandalucia.es\/ceiplosmolinos\/wp-json\/wp\/v2\/pages\/30\/revisions\/1322"}],"wp:attachment":[{"href":"https:\/\/blogsaverroes.juntadeandalucia.es\/ceiplosmolinos\/wp-json\/wp\/v2\/media?parent=30"}],"curies":[{"name":"wp","href":"https:\/\/api.w.org\/{rel}","templated":true}]}}