{"id":2176,"date":"2017-03-02T12:47:13","date_gmt":"2017-03-02T12:47:13","guid":{"rendered":"http:\/\/blogsaverroes.juntadeandalucia.es\/ceiplosperales\/?page_id=2176"},"modified":"2017-11-02T12:31:21","modified_gmt":"2017-11-02T12:31:21","slug":"plan-de-igualdad","status":"publish","type":"page","link":"https:\/\/blogsaverroes.juntadeandalucia.es\/ceiplosperales\/plan-de-igualdad\/","title":{"rendered":"Plan de Igualdad"},"content":{"rendered":"<p>El logro de conseguir la igualdad entre hombres y mujeres sigue siendo un objetivo que se enmarca dentro del reto de ofrecer una educaci\u00f3n que oferte a nuestro alumnado las capacidades b\u00e1sicas de tipo cognitivo, emocional y \u00e9tico que le permitan obtener una educaci\u00f3n integra a lo largo de su estancia en la escuela.<\/p>\n<p>Por ello, el CEIP Los Perales, se encuentra comprometido e inmerso en el desarrollo de un nuevo Plan de Igualdad, despu\u00e9s de la publicaci\u00f3n del II Plan Estrat\u00e9gico de Igualdad de G\u00e9nero en Educaci\u00f3n (2016- 2021) en Andaluc\u00eda. Dicho Plan propone una nueva estrategia que refuerza las medidas orientadas a la prevenci\u00f3n y erredicaci\u00f3n de la violencia hacia la mujer y a evitar discriminaci\u00f3n por identidad y orientaci\u00f3n sexual, modelo de familia o forma de convivir.<\/p>\n<p>Dicho Plan, constituye el marco global de intervenci\u00f3n en el contexto escolar para posibilitar la consolidaci\u00f3n de la igualdad entre los sexos. Se dirige e implica a toda la Comunidad Educativa, teniendo en cuenta que la educaci\u00f3n de las nuevas generaciones constituye el motor de cambio entre las relaciones entre ni\u00f1os y ni\u00f1as as\u00ed como entre hombres y mujeres. En definitiva, constituye un paso m\u00e1s haciala consecuci\u00f3n de una sociedad m\u00e1s equilibrada y justa.<\/p>\n<p style=\"text-align: right\"><a href=\"http:\/\/blogsaverroes.juntadeandalucia.es\/ceiplosperales\/files\/2017\/03\/Plan-de-igualdad-.doc\">Actividades&nbsp; Plan de igualdad<\/a><\/p>\n","protected":false},"excerpt":{"rendered":"<p>El logro de conseguir la igualdad entre hombres y mujeres sigue siendo un objetivo que se enmarca dentro del reto de ofrecer una educaci\u00f3n que&hellip;<\/p>\n","protected":false},"author":3579,"featured_media":0,"parent":0,"menu_order":0,"comment_status":"closed","ping_status":"closed","template":"","meta":{"ngg_post_thumbnail":0,"footnotes":"","_mc_calendar":[]},"aioseo_notices":[],"_links":{"self":[{"href":"https:\/\/blogsaverroes.juntadeandalucia.es\/ceiplosperales\/wp-json\/wp\/v2\/pages\/2176"}],"collection":[{"href":"https:\/\/blogsaverroes.juntadeandalucia.es\/ceiplosperales\/wp-json\/wp\/v2\/pages"}],"about":[{"href":"https:\/\/blogsaverroes.juntadeandalucia.es\/ceiplosperales\/wp-json\/wp\/v2\/types\/page"}],"author":[{"embeddable":true,"href":"https:\/\/blogsaverroes.juntadeandalucia.es\/ceiplosperales\/wp-json\/wp\/v2\/users\/3579"}],"replies":[{"embeddable":true,"href":"https:\/\/blogsaverroes.juntadeandalucia.es\/ceiplosperales\/wp-json\/wp\/v2\/comments?post=2176"}],"version-history":[{"count":6,"href":"https:\/\/blogsaverroes.juntadeandalucia.es\/ceiplosperales\/wp-json\/wp\/v2\/pages\/2176\/revisions"}],"predecessor-version":[{"id":2469,"href":"https:\/\/blogsaverroes.juntadeandalucia.es\/ceiplosperales\/wp-json\/wp\/v2\/pages\/2176\/revisions\/2469"}],"wp:attachment":[{"href":"https:\/\/blogsaverroes.juntadeandalucia.es\/ceiplosperales\/wp-json\/wp\/v2\/media?parent=2176"}],"curies":[{"name":"wp","href":"https:\/\/api.w.org\/{rel}","templated":true}]}}