{"id":2184,"date":"2017-03-02T12:52:07","date_gmt":"2017-03-02T12:52:07","guid":{"rendered":"http:\/\/blogsaverroes.juntadeandalucia.es\/ceiplosperales\/?page_id=2184"},"modified":"2017-11-02T12:53:52","modified_gmt":"2017-11-02T12:53:52","slug":"programa-aldea","status":"publish","type":"page","link":"https:\/\/blogsaverroes.juntadeandalucia.es\/ceiplosperales\/programa-aldea\/","title":{"rendered":"Programa ALDEA"},"content":{"rendered":"<p style=\"text-align: justify\"><a href=\"https:\/\/blogsaverroes.juntadeandalucia.es\/ceiplosperales\/files\/2017\/03\/mundo_aldea-1.gif\"><img loading=\"lazy\" decoding=\"async\" class=\"wp-image-2204 alignleft\" src=\"https:\/\/blogsaverroes.juntadeandalucia.es\/ceiplosperales\/files\/2017\/03\/mundo_aldea-1.gif\" alt=\"\" height=\"312\" width=\"303\"><\/a><\/p>\n<p style=\"text-align: justify\">El programa ALDEA, Educaci\u00f3n Ambiental para la Comunidad Educativa constituye una herramienta para el desarrollo de las competencias del alumnado en materia de Educaci\u00f3n Ambiental, mediante la introducci\u00f3n y desarrollo de contenidos relacionados con el cambio clim\u00e1tico, el medio forestal y litoral, la gesti\u00f3n de residuos y su reciclaje, la conservaci\u00f3n de la biodiversidad o el conocimiento de los Espacios Naturales Protegidos de Andaluc\u00eda en el Proyecto de Centro, y en el que el profesorado, partiendo del an\u00e1lisis del entorno y a trav\u00e9s de una metodolog\u00eda democr\u00e1tica y participativa en la que el alumnado tiene un papel protagonista en su proceso de ense\u00f1anza aprendizaje, enfatiza los aspectos positivos de preservar nuestro medio ambiente.<\/p>\n<p style=\"text-align: justify\">Ahora, con este programa, nos sumergimos en una nueva etapa cuyo objetivo ser\u00e1 la promoci\u00f3n de la ecoeficiencia en el dise\u00f1o de las infraestructuras y en la gesti\u00f3n de los centros educativos, posibilitando la reducci\u00f3n del consumo de recursos y del gasto energ\u00e9tico, la reutilizaci\u00f3n y el reciclaje de materiales, la minimizaci\u00f3n del impacto ambiental, el uso de materiales reciclados y productos ecol\u00f3gicos, el uso responsable del agua y el impulso de las compras verdes, el transporte sostenible y las energ\u00edas alternativas, as\u00ed como el dise\u00f1o de edificaciones sostenibles con un impacto positivo en el paisaje urbano.<\/p>\n<p style=\"text-align: justify\">En este sentido, la escuela tiene una importante responsabilidad con respecto a la formaci\u00f3n de los ciudadanos y ciudadanas del ma\u00f1ana. Por ello resulta imprescindible su compromiso por este cambio de perspectiva, de h\u00e1bitos y de comportamientos encaminados a la consecuci\u00f3n de una sociedad m\u00e1s justa, solidaria y sostenible.<\/p>\n<p style=\"text-align: right\"><a href=\"https:\/\/blogsaverroes.juntadeandalucia.es\/ceiplosperales\/files\/2015\/05\/01.-PLAN-DE-ACTUACI\u00d3N_CEIP-LOS-PERALES.pdf\">PLAN DE ACTUACI\u00d3N_CEIP LOS PERALES<\/a><\/p>\n<p style=\"text-align: right\"><a href=\"https:\/\/blogsaverroes.juntadeandalucia.es\/ceiplosperales\/files\/2017\/03\/ACTIVIDADES-17_18.pdf\">ACTIVIDADES 17\/18<\/a><\/p>\n","protected":false},"excerpt":{"rendered":"<p>El programa ALDEA, Educaci\u00f3n Ambiental para la Comunidad Educativa constituye una herramienta para el desarrollo de las competencias del alumnado en materia de Educaci\u00f3n Ambiental,&hellip;<\/p>\n","protected":false},"author":3579,"featured_media":0,"parent":0,"menu_order":0,"comment_status":"closed","ping_status":"closed","template":"","meta":{"ngg_post_thumbnail":0,"footnotes":"","_mc_calendar":[]},"aioseo_notices":[],"_links":{"self":[{"href":"https:\/\/blogsaverroes.juntadeandalucia.es\/ceiplosperales\/wp-json\/wp\/v2\/pages\/2184"}],"collection":[{"href":"https:\/\/blogsaverroes.juntadeandalucia.es\/ceiplosperales\/wp-json\/wp\/v2\/pages"}],"about":[{"href":"https:\/\/blogsaverroes.juntadeandalucia.es\/ceiplosperales\/wp-json\/wp\/v2\/types\/page"}],"author":[{"embeddable":true,"href":"https:\/\/blogsaverroes.juntadeandalucia.es\/ceiplosperales\/wp-json\/wp\/v2\/users\/3579"}],"replies":[{"embeddable":true,"href":"https:\/\/blogsaverroes.juntadeandalucia.es\/ceiplosperales\/wp-json\/wp\/v2\/comments?post=2184"}],"version-history":[{"count":6,"href":"https:\/\/blogsaverroes.juntadeandalucia.es\/ceiplosperales\/wp-json\/wp\/v2\/pages\/2184\/revisions"}],"predecessor-version":[{"id":2472,"href":"https:\/\/blogsaverroes.juntadeandalucia.es\/ceiplosperales\/wp-json\/wp\/v2\/pages\/2184\/revisions\/2472"}],"wp:attachment":[{"href":"https:\/\/blogsaverroes.juntadeandalucia.es\/ceiplosperales\/wp-json\/wp\/v2\/media?parent=2184"}],"curies":[{"name":"wp","href":"https:\/\/api.w.org\/{rel}","templated":true}]}}